{"id":171,"date":"2019-10-16T13:42:54","date_gmt":"2019-10-16T11:42:54","guid":{"rendered":"https:\/\/www.sinn-schaffen.de\/agrar\/?page_id=171"},"modified":"2020-09-06T13:37:53","modified_gmt":"2020-09-06T11:37:53","slug":"welternaehrungstag-diskriminierung-von-frauen-bremst-ueberwindung-des-hungers","status":"publish","type":"page","link":"https:\/\/www.sinn-schaffen.de\/agrar\/welternaehrungstag-diskriminierung-von-frauen-bremst-ueberwindung-des-hungers\/","title":{"rendered":"Weltern\u00e4hrungstag: Diskriminierung von Frauen bremst \u00dcberwindung des Hungers."},"content":{"rendered":"\n<p><em>Brot f\u00fcr die Welt und die Menschenrechtsorganisation FIAN betonen in ihrem aktuellen &#8222;Jahrbuch zum Recht auf Nahrung&#8220;, dass Frauen eine Schl\u00fcsselrolle bei der \u00dcberwindung von Hunger und bei der Ern\u00e4hrungssicherheit zukommt. Weltweit lebt nach Angaben der Weltern\u00e4hrungsorganisation FAO beinahe jeder vierte Mensch in der Ungewissheit, ob es am n\u00e4chsten Tag ausreichend und qualitativ gute Nahrung gibt. Frauen und M\u00e4dchen sind st\u00e4rker betroffen als M\u00e4nner; verantwortlich daf\u00fcr sind vor allem ihre fehlende rechtliche Gleichstellung und Diskriminierung beim Zugang zu Land.<\/em><\/p>\n\n\n\n<p><strong>(Berlin\/K\u00f6ln, 15. Oktober 2019)<\/strong> Die Zahl der Menschen, die unter Hunger und \u201emittlerer oder schwerer Ern\u00e4hrungsunsicherheit\u201c leiden, ist zwischen 2014 und 2018 um 300 Millionen auf \u00fcber zwei Milliarden angestiegen. Weltweit lebt nach Angaben der Weltern\u00e4hrungsorganisation FAO beinahe jeder vierte Mensch in der Ungewissheit, ob es am n\u00e4chsten Tag ausreichend und qualitativ gute Nahrung gibt. Frauen und M\u00e4dchen sind st\u00e4rker betroffen als M\u00e4nner. Verantwortlich daf\u00fcr sind vor allem ihre fehlende rechtliche Gleichstellung und Diskriminierung beim Zugang zu Land, hei\u00dft es in der neuen Ausgabe des Jahrbuchs zum Recht auf Nahrung. Das evangelische Hilfswerk Brot f\u00fcr die Welt und die Menschenrechtsorganisation FIAN sind Mitherausgeber des Jahrbuchs, das zum Weltern\u00e4hrungstag am 16. Oktober ver\u00f6ffentlicht wird. <\/p>\n\n\n\n<div class=\"wp-block-image\"><figure class=\"alignright is-resized\"><a href=\"https:\/\/www.righttofoodandnutrition.org\/files\/rtfn-watch11-2019_eng.pdf\" target=\"_blank\" rel=\"noreferrer noopener\"><img decoding=\"async\" src=\"https:\/\/www.sinn-schaffen.de\/agrar\/wp-content\/uploads\/sites\/15\/2019\/10\/rtfn-watch11-2019_eng-1.jpg\" alt=\"\" class=\"wp-image-167\" width=\"320\"\/><\/a><\/figure><\/div>\n\n\n\n<p>Frauen kommt eine Schl\u00fcsselrolle bei der \u00dcberwindung von\nHunger und bei der Ern\u00e4hrungssicherheit zu, denn sie \u00fcbernehmen beim Anbau, der\nErnte und der Zubereitung von Nahrungsmitteln zentrale Aufgaben. Trotzdem ist\ndie Mehrheit der Hunger leidenden Menschen weiterhin weiblich. Bernhard Walter,\nErn\u00e4hrungsexperte von Brot f\u00fcr die Welt, sagt: \u201eWegen mangelnder politischer\nTeilhabe, fehlender rechtlicher Gleichstellung und Diskriminierung beim Zugang\nzu Land und anderen Ressourcen sind Frauen viel st\u00e4rker von\nErn\u00e4hrungsunsicherheit betroffen als M\u00e4nner. Doch Frauen organisieren sich in\nvielen L\u00e4ndern gegen alle Widerst\u00e4nde.\u201c<\/p>\n\n\n\n<p>Philipp Mimkes, Gesch\u00e4ftsf\u00fchrer von FIAN Deutschland\nerg\u00e4nzt: \u201eFrauen werden in vielen L\u00e4ndern in Bezug auf Bildung, Landrechte,\nEinkommen oder politische Teilhabe diskriminiert. Ihre tragende Rolle in den\nErn\u00e4hrungssystemen bleibt in der Regel im Hintergrund. Zudem sind Frauen\noftmals systemischer Gewalt ausgesetzt \u2013 insbesondere, wenn sie Unternehmensinteressen\noder autorit\u00e4ren Regierungen in die Quere kommen. Die Fallbeispiele im neuen\nJahrbuch zeigen jedoch eindr\u00fccklich die politische Handlungsf\u00e4higkeit von\nFrauen \u2013 selbst gegen\u00fcber repressiven oder neoliberalen Regierungen.\u201c<\/p>\n\n\n\n<figure class=\"wp-block-table\"><table class=\"has-subtle-light-gray-background-color has-background\"><tbody><tr><td width=\"25%\"><a rel=\"noopener noreferrer\" href=\"https:\/\/www.fian.de\/wer-wir-sind\/fian-deutschland\/geschaeftsstelle\/\" target=\"_blank\"><img decoding=\"async\" width=\"180\" class=\"aligncenter wp-image-313\" title=\"Foto: FIAN.\" src=\"https:\/\/www.sinn-schaffen.de\/agrar\/wp-content\/uploads\/sites\/15\/2019\/10\/Philipp-Mimkes-K.jpg\" alt=\"\"><\/a><\/td><td width=\"75%\">Philipp Mimkes ist Gesch\u00e4ftsf\u00fchrer bei <a href=\"https:\/\/www.fian.de\/\" target=\"_blank\" rel=\"noopener noreferrer\">FIAN<\/a>.<\/td><\/tr><tr><td><\/td><td><a href=\"https:\/\/www.fian.de\/\" target=\"_blank\" rel=\"noopener noreferrer\"><img decoding=\"async\" class=\"aligncenter wp-image-313\" title=\" \" src=\"https:\/\/www.sinn-schaffen.de\/agrar\/wp-content\/uploads\/sites\/15\/2019\/03\/FIAN.png\" alt=\"\" width=\"150\"><\/a><\/td><\/tr><\/tbody><\/table><\/figure>\n\n\n\n<p>Das Recht auf Nahrung ist als Menschenrecht verankert in Artikel 11 des Internationalen Pakts \u00fcber wirtschaftliche, soziale und kulturelle Rechte, dem UN-Sozialpakt. Es ist eines der am h\u00e4ufigsten verletzten Menschenrechte. In den Nachhaltigen Entwicklungszielen haben sich die Vereinten Nationen verpflichtet, bis 2030 das Recht auf Nahrung f\u00fcr alle Menschen zu verwirklichen.<\/p>\n\n\n\n<p>Das diesj\u00e4hrige Jahrbuch zum Recht auf Nahrung \u2013 der Right to Food and Nutrition Watch \u2013\u00a0 erscheint in englischer, spanischer, franz\u00f6sischer und portugiesischer Sprache und wird am 16. Oktober im UN-Committee on World Food Security (CFS) in Rom vorgestellt. Die Autorinnen und Autoren sind Teil vom Global Network for the Right to Food and Nutrition.<\/p>\n\n\n\n<figure class=\"wp-block-table\"><table class=\"has-subtle-light-gray-background-color has-background\"><tbody><tr><td width=\"25%\"><a rel=\"noopener noreferrer\" href=\"https:\/\/www.righttofoodandnutrition.org\/files\/rtfn-watch11-2019_eng.pdf\" target=\"_blank\"><img decoding=\"async\" title=\" \" width=\"180\" class=\"aligncenter wp-image-313\" src=\"https:\/\/www.sinn-schaffen.de\/agrar\/wp-content\/uploads\/sites\/15\/2019\/10\/rtfn-watch11-2019_eng-1.jpg\" alt=\"\"><\/a><\/td><td width=\"75%\">Das &#8222;Jahrbuch zum Recht auf Nahrung&#8220; steht <a href=\"https:\/\/www.righttofoodandnutrition.org\/files\/rtfn-watch11-2019_eng.pdf\" target=\"_blank\" rel=\"noopener noreferrer\">\u00fcber diesen Link zum Download<\/a> bereit.<\/td><\/tr><\/tbody><\/table><\/figure>\n","protected":false},"excerpt":{"rendered":"<p>Brot f\u00fcr die Welt und die Menschenrechtsorganisation FIAN betonen in ihrem aktuellen &#8222;Jahrbuch zum Recht auf Nahrung&#8220;, dass Frauen eine Schl\u00fcsselrolle bei der \u00dcberwindung von Hunger und bei der Ern\u00e4hrungssicherheit zukommt. Weltweit lebt nach Angaben der Weltern\u00e4hrungsorganisation FAO beinahe jeder vierte Mensch in der Ungewissheit, ob es am n\u00e4chsten Tag ausreichend und qualitativ gute Nahrung &hellip; <\/p>\n<p class=\"link-more\"><a href=\"https:\/\/www.sinn-schaffen.de\/agrar\/welternaehrungstag-diskriminierung-von-frauen-bremst-ueberwindung-des-hungers\/\" class=\"more-link\"><span class=\"screen-reader-text\">\u201eWeltern\u00e4hrungstag: Diskriminierung von Frauen bremst \u00dcberwindung des Hungers.\u201c<\/span> weiterlesen<\/a><\/p>\n","protected":false},"author":1,"featured_media":0,"parent":0,"menu_order":61,"comment_status":"closed","ping_status":"closed","template":"","meta":{"footnotes":""},"class_list":["post-171","page","type-page","status-publish","hentry"],"_links":{"self":[{"href":"https:\/\/www.sinn-schaffen.de\/agrar\/wp-json\/wp\/v2\/pages\/171","targetHints":{"allow":["GET"]}}],"collection":[{"href":"https:\/\/www.sinn-schaffen.de\/agrar\/wp-json\/wp\/v2\/pages"}],"about":[{"href":"https:\/\/www.sinn-schaffen.de\/agrar\/wp-json\/wp\/v2\/types\/page"}],"author":[{"embeddable":true,"href":"https:\/\/www.sinn-schaffen.de\/agrar\/wp-json\/wp\/v2\/users\/1"}],"replies":[{"embeddable":true,"href":"https:\/\/www.sinn-schaffen.de\/agrar\/wp-json\/wp\/v2\/comments?post=171"}],"version-history":[{"count":4,"href":"https:\/\/www.sinn-schaffen.de\/agrar\/wp-json\/wp\/v2\/pages\/171\/revisions"}],"predecessor-version":[{"id":348,"href":"https:\/\/www.sinn-schaffen.de\/agrar\/wp-json\/wp\/v2\/pages\/171\/revisions\/348"}],"wp:attachment":[{"href":"https:\/\/www.sinn-schaffen.de\/agrar\/wp-json\/wp\/v2\/media?parent=171"}],"curies":[{"name":"wp","href":"https:\/\/api.w.org\/{rel}","templated":true}]}}