{"id":249,"date":"2020-06-29T16:12:50","date_gmt":"2020-06-29T14:12:50","guid":{"rendered":"https:\/\/www.sinn-schaffen.de\/agrar\/?page_id=249"},"modified":"2020-09-06T12:57:24","modified_gmt":"2020-09-06T10:57:24","slug":"die-wirklichen-kosten-von-lebensmitteln","status":"publish","type":"page","link":"https:\/\/www.sinn-schaffen.de\/agrar\/die-wirklichen-kosten-von-lebensmitteln\/","title":{"rendered":"Die wirklichen Kosten von Lebensmitteln"},"content":{"rendered":"\n<p><em>Viele Preise im Supermarkt spiegeln nicht die \u00f6kologischen und sozialen Folgekosten wider, etwa ob Lebensmittel durch Kinderarbeit hergestellt, unfaire L\u00f6hne gezahlt oder unter welchem Umweltverbrauch die Produkte hergestellt werden. Das Bekanntwerden der Probleme in Schlachth\u00f6fen im Zusammenhang mit der Corona-Pandemie ist nur ein Ausschnitt, der den dringenden Handlungsbedarf aufzeigt. Wir alle zahlen die Rechnung f\u00fcr eine solche Art des Wirtschaftens; vor allem jedoch Menschen, die unter den Folgen des Klimawandels, wie D\u00fcrren oder \u00dcberschwemmungen, leiden oder B\u00e4uerinnen und Bauern weltweit, deren Trinkwasser mit Pestiziden belastet ist, und die k\u00fcnftigen Generationen.<\/em><\/p>\n\n\n\n<hr>\n<img decoding=\"async\" class=\"alignleft wp-image-313\" title=\"Grafik: Nata Uchava, Michael Wildberger.\" src=\"https:\/\/www.sinn-schaffen.de\/agrar\/wp-content\/uploads\/sites\/15\/2020\/06\/200629-NU-misereor-lebensmittel.jpg\" alt=\"\" width=\"1024\">\n<hr>\n&nbsp;\n\n\n\n<p><strong>(Aachen\/Berlin, 29. Juni 2020)<\/strong> Angesichts der Klimakrise, der fortschreitenden Degradierung von B\u00f6den und j\u00fcngster Nachrichten zu unhaltbaren Zust\u00e4nden in der Fleischbranche fordert MISEREOR, das Werk f\u00fcr Entwicklungszusammenarbeit, gemeinsam mit Wissenschaftler*innen und Unternehmer*innen ein neues, integriertes Bilanzierungsverfahren f\u00fcr Unternehmen. Anders als bislang \u00fcblich sollten in diese Bilanz entlang der Wertsch\u00f6pfungskette die Auswirkungen auf die Umwelt mit aufgenommen werden. Ebenso m\u00fcssen Leistungen zugunsten des \u00f6kologischen Gleichgewichts, f\u00fcr Gesundheit und soziale Kosten mit bilanziert sein.<\/p>\n\n\n\n<div class=\"wp-block-image\"><figure class=\"alignright size-large is-resized\"><a href=\"https:\/\/www.misereor.de\/fileadmin\/publikationen\/die-wirklichen-kosten-unserer-lebensmittel.pdf\" target=\"_blank\" rel=\"noopener noreferrer\"><img decoding=\"async\" src=\"https:\/\/www.sinn-schaffen.de\/agrar\/wp-content\/uploads\/sites\/15\/2020\/06\/die-wirklichen-kosten-unserer-lebensmittel-T.jpg\" alt=\"\" class=\"wp-image-246\" width=\"320\"\/><\/a><\/figure><\/div>\n\n\n\n<p>\u201eViele Preise im Supermarkt spiegeln nicht die \u00f6kologischen und sozialen Folgekosten wider\u201c, erkl\u00e4rt MISEREOR-Gesch\u00e4ftsf\u00fchrer Thomas Antkowiak. \u201eDerzeit bildet der Preis nicht ab, ob Lebensmittel zum Beispiel durch Kinderarbeit hergestellt, unfaire L\u00f6hne gezahlt oder unter welchen Umst\u00e4nden die Produkte hergestellt werden.\u201c Die scheinbar g\u00fcnstigen Preise h\u00e4tten zur Folge, dass immer mehr Produkte erzeugt werden, die f\u00fcr das Gemeinwohl und die Umwelt sch\u00e4dlich sind. Das Bekanntwerden der Probleme in Schlachth\u00f6fen im Zusammenhang mit der Corona-Pandemie sei nur ein Beispiel, das zeige, dass dringender Handlungsbedarf besteht. \u201eUmgekehrt haben biologisch und fair produzierte Waren, die viel weniger Folgekosten mit sich bringen, einen h\u00f6heren Preis. Das ist ein Fall von Marktverzerrung, der uns alle letztlich teuer zu stehen kommt\u201c, so Antkowiak. \u201eWir alle zahlen die Rechnung f\u00fcr diese Art des Wirtschaftens. Vor allem jedoch Menschen, die unter den Folgen des Klimawandels, wie D\u00fcrren oder \u00dcberschwemmungen leiden oder B\u00e4uerinnen und Bauern weltweit, deren Trinkwasser mit Pestiziden belastet ist. Und: Die k\u00fcnftigen Generationen!\u201c<\/p>\n\n\n\n<p>Zum Thema \u201eDie wirklichen Kosten unserer Lebensmittel \u2011 Eine zukunftstaugliche Bilanz\u201c hat MISEREOR aktuell <a href=\"https:\/\/www.misereor.de\/fileadmin\/publikationen\/die-wirklichen-kosten-unserer-lebensmittel.pdf\" target=\"_blank\" aria-label=\"ein Dossier mit Zahlen, Fakten, Meinungen und Hintergr\u00fcnden zum Thema (opens in a new tab)\" rel=\"noreferrer noopener\" class=\"rank-math-link\">ein Dossier mit Zahlen, Fakten, Meinungen und Hintergr\u00fcnden zum Thema<\/a> herausgegeben.<\/p>\n\n\n\n<figure class=\"wp-block-table\"><table class=\"has-subtle-light-gray-background-color has-background\"><tbody><tr><td width=\"25%\"><a rel=\"noopener noreferrer\" href=\"https:\/\/www.misereor.de\/ueber-uns\/geschaeftsfuehrung\" target=\"_blank\"><img decoding=\"async\" width=\"180\" class=\"aligncenter wp-image-313\" title=\"Foto: MISEREOR\" src=\"https:\/\/www.sinn-schaffen.de\/agrar\/wp-content\/uploads\/sites\/15\/2020\/06\/Antkowiak_Thomas.jpg\" alt=\"\"><\/a><\/td><td width=\"75%\">Thomas Antkowiak ist Gesch\u00e4ftsf\u00fchrer des <a href=\"https:\/\/www.misereor.de\/\" target=\"_blank\" rel=\"noopener noreferrer\">Bisch\u00f6flichen Hilfswerkes MISEREOR<\/a>.<tr><td><\/td><td><a href=\"https:\/\/www.misereor.de\/\" target=\"_blank\" rel=\"noopener noreferrer\"><img decoding=\"async\" class=\"aligncenter wp-image-313\" title=\" \" src=\"https:\/\/www.sinn-schaffen.de\/agrar\/wp-content\/uploads\/sites\/15\/2018\/05\/misereor_logo.png\" alt=\"\" width=\"180\"><\/a><\/td><\/tr><\/tbody><\/table><\/figure>\n\n\n\n<p>Die GLS-Bank hat in einer Studie die Erfolgsrechnung von drei Bio-H\u00f6fen mit drei konventionellen Betrieben verglichen. Das Besondere: Hier wurden die sozialen und \u00f6kologischen Kosten mit eingerechnet und die Ertr\u00e4ge miteinander verglichen. Das Ergebnis:<\/p>\n\n\n\n<ul class=\"wp-block-list\"><li>Die konventionelle Produktion verursacht Sch\u00e4den in H\u00f6he von durchschnittlich \u00fcber 3.500 Euro pro Hektar und Jahr. Hochgerechnet auf die Zahl der H\u00f6fe und genutzten Fl\u00e4che der derzeit vorherrschenden konventionellen Landwirtschaft in Deutschland entspricht dies Kosten in H\u00f6he von rund 61 Milliarden Euro pro Jahr.<\/li><li>Hingegen erzeugt die Bio-Landwirtschaft einen Nettogewinn in H\u00f6he von durchschnittlich 885 Euro pro Hektar und Jahr, weil sie unter anderem die Artenvielfalt sichert, die Bodenfruchtbarkeit erh\u00f6ht und CO2-Emissionen verringert.<\/li><\/ul>\n\n\n\n<p><strong>\u00d6kologisch unbedenkliche Produkte k\u00f6nnten g\u00fcnstiger werden<\/strong><\/p>\n\n\n\n<p>\u201eEs gilt also, Folgekosten aus der Produktion von Lebensmitteln nach dem Verursacherprinzip zu errechnen und auf deren Preis aufzuschlagen\u201c, erl\u00e4utert Dr. Tobias Gaugler von der Universit\u00e4t Augsburg: Das bedeutet, dass Lebensmittel, die dem Klima, der Biodiversit\u00e4t und der Gesundheit schaden, aktuell zu billig sind. \u00d6kologisch unbedenkliche Produkte hingegen k\u00f6nnten in einer solchen \u201efairen\u201c Bilanz sogar g\u00fcnstiger werden, weil ihre Leistungen verg\u00fcnstigend wirken wie zum Beispiel der Humusaufbau oder der Schutz der Artenvielfalt. Erst wenn Kostenwahrheit herrscht, ist ein fairer Wettbewerb m\u00f6glich\u201c, so Gaugler.<\/p>\n\n\n\n<p>\u201eNur wenn vergleichbare Akteure am Markt mit gleichem Ma\u00dfstab gemessen werden, erreichen wir hinsichtlich der Preisgestaltung eine gerechtere Basis\u201c, erkl\u00e4rt auch der Gesellschafter der HiPP Gruppe, Stefan Hipp: \u201eDerzeit tragen die Gesellschaft und wenige Unternehmen die Kosten f\u00fcr Sch\u00e4den, die sie nicht verursacht haben. \u00dcber den Ansatz der wirklichen Kostenberechnung (<a href=\"https:\/\/www.misereor.de\/informieren\/fairer-handel\/wahre-kosten\" target=\"_blank\" aria-label=\"\u201eTrue Cost Accounting\u201c (opens in a new tab)\" rel=\"noreferrer noopener\" class=\"rank-math-link\">\u201eTrue Cost Accounting\u201c<\/a>) w\u00fcrden nachhaltiges Wirtschaften und nachhaltige Investitionen gef\u00f6rdert und belohnt.\u201c<\/p>\n\n\n\n<p>MISEREOR ist Gesellschafter des Fair Handelshaus Gepa und Mitglied bei der <a aria-label=\"\u201eTrue Cost Initiative\u201c (opens in a new tab)\" rel=\"noreferrer noopener\" href=\"https:\/\/www.misereor.de\/informieren\/fairer-handel\/wahre-kosten\" target=\"_blank\" class=\"rank-math-link\">\u201eTrue Cost Initiative\u201c<\/a>, zu der auch Unternehmen wie HiPP, der Bio-Teehersteller Lebensbaum und die GLS-Bank geh\u00f6ren. Die Initiative wird koordiniert vom Beratungsunternehmen Soil&amp;More. Gemeinsam fordern die Mitglieder der \u201eTrue Cost Initiative\u201c, dass die Bilanzierung der wirklichen Kosten k\u00fcnftig nicht nur in der Lebensmittelwirtschaft, sondern in allen Wirtschaftsbereichen verbindlich angewandt werden. Nur so k\u00f6nne eine grundlegende Transformation unseres Wirtschaftssystems zu mehr Nachhaltigkeit und Gerechtigkeit erzielt werden.<\/p>\n\n\n\n<figure class=\"wp-block-table\"><table class=\"has-subtle-light-gray-background-color has-background\"><tbody><tr><td width=\"25%\"><a rel=\"noopener noreferrer\" href=\"https:\/\/www.misereor.de\/fileadmin\/publikationen\/die-wirklichen-kosten-unserer-lebensmittel.pdf\" target=\"_blank\"><img decoding=\"async\" title=\" \" width=\"180\" class=\"aligncenter wp-image-313\" src=\"https:\/\/www.sinn-schaffen.de\/agrar\/wp-content\/uploads\/sites\/15\/2020\/06\/die-wirklichen-kosten-unserer-lebensmittel-T.jpg\" alt=\"\"><\/a><\/td><td width=\"75%\">Zum Thema &#8222;Die wirklichen Kosten unserer Lebensmittel &#8211; Eine zukunftstaugliche Bilanz&#8220; hat MISEREOR aktuell ein Dossier mit Zahlen, Fakten, Meinungen und Hintergr\u00fcnden zum Thema herausgegeben. Es steht <a href=\"https:\/\/www.misereor.de\/fileadmin\/publikationen\/die-wirklichen-kosten-unserer-lebensmittel.pdf\" target=\"_blank\" rel=\"noopener noreferrer\">\u00fcber diesen Link zum Download als PDF<\/a> zur Verf\u00fcgung.<\/td><\/tr><\/tbody><\/table><\/figure>\n","protected":false},"excerpt":{"rendered":"<p>Viele Preise im Supermarkt spiegeln nicht die \u00f6kologischen und sozialen Folgekosten wider, etwa ob Lebensmittel durch Kinderarbeit hergestellt, unfaire L\u00f6hne gezahlt oder unter welchem Umweltverbrauch die Produkte hergestellt werden. Das Bekanntwerden der Probleme in Schlachth\u00f6fen im Zusammenhang mit der Corona-Pandemie ist nur ein Ausschnitt, der den dringenden Handlungsbedarf aufzeigt. Wir alle zahlen die Rechnung f\u00fcr &hellip; <\/p>\n<p class=\"link-more\"><a href=\"https:\/\/www.sinn-schaffen.de\/agrar\/die-wirklichen-kosten-von-lebensmitteln\/\" class=\"more-link\"><span class=\"screen-reader-text\">\u201eDie wirklichen Kosten von Lebensmitteln\u201c<\/span> weiterlesen<\/a><\/p>\n","protected":false},"author":1,"featured_media":0,"parent":0,"menu_order":50,"comment_status":"closed","ping_status":"closed","template":"","meta":{"footnotes":""},"class_list":["post-249","page","type-page","status-publish","hentry"],"_links":{"self":[{"href":"https:\/\/www.sinn-schaffen.de\/agrar\/wp-json\/wp\/v2\/pages\/249","targetHints":{"allow":["GET"]}}],"collection":[{"href":"https:\/\/www.sinn-schaffen.de\/agrar\/wp-json\/wp\/v2\/pages"}],"about":[{"href":"https:\/\/www.sinn-schaffen.de\/agrar\/wp-json\/wp\/v2\/types\/page"}],"author":[{"embeddable":true,"href":"https:\/\/www.sinn-schaffen.de\/agrar\/wp-json\/wp\/v2\/users\/1"}],"replies":[{"embeddable":true,"href":"https:\/\/www.sinn-schaffen.de\/agrar\/wp-json\/wp\/v2\/comments?post=249"}],"version-history":[{"count":4,"href":"https:\/\/www.sinn-schaffen.de\/agrar\/wp-json\/wp\/v2\/pages\/249\/revisions"}],"predecessor-version":[{"id":328,"href":"https:\/\/www.sinn-schaffen.de\/agrar\/wp-json\/wp\/v2\/pages\/249\/revisions\/328"}],"wp:attachment":[{"href":"https:\/\/www.sinn-schaffen.de\/agrar\/wp-json\/wp\/v2\/media?parent=249"}],"curies":[{"name":"wp","href":"https:\/\/api.w.org\/{rel}","templated":true}]}}