{"id":476,"date":"2021-04-19T18:33:05","date_gmt":"2021-04-19T16:33:05","guid":{"rendered":"https:\/\/www.sinn-schaffen.de\/agrar\/?page_id=476"},"modified":"2021-04-19T18:33:06","modified_gmt":"2021-04-19T16:33:06","slug":"der-internationale-tag-des-baeuerlichen-widerstands-am-17-april","status":"publish","type":"page","link":"https:\/\/www.sinn-schaffen.de\/agrar\/der-internationale-tag-des-baeuerlichen-widerstands-am-17-april\/","title":{"rendered":"Der Internationale Tag des b\u00e4uerlichen Widerstands am 17. April"},"content":{"rendered":"\n<p><em>Am 17. April 1996 fand in Brasilien ein brutales Massaker an 21 landlosen Bauern und B\u00e4uerinnen statt, die sich f\u00fcr eine solidarische und faire Agrarreform eingesetzt hatten. F\u00fcr Bauern und B\u00e4uerinnen weltweit ist das Recht auf selbstbestimmte Ern\u00e4hrung und der Zugang zu Land und regional angepasstem Saatgut ein existentieller und leider auch allt\u00e4glicher Kampf. Unbeirrt versuchen Agrarkonzerne aus dem vorgelagerten Bereich (Landmaschinen, D\u00fcngemittel, Saatgut, Pflanzenschutz) sowie dem nachgelagerten Bereich (ALDI, LIDL, Nestl\u00e9, T\u00f6nnies \u2026) durch Freihandelsabkommen ihre Interessen am globalen Agrarmarkt durch die Hintert\u00fcr einzuschleusen.<\/em><\/p>\n\n\n\n<hr>\n<img decoding=\"async\" class=\"alignleft wp-image-313\" title=\"Grafik: La Via Campesina.\" src=\"https:\/\/www.sinn-schaffen.de\/agrar\/wp-content\/uploads\/sites\/15\/2021\/04\/Tag-der-Landlosen-Grafik-von-La-Via-Campesina.png\" alt=\"\" width=\"1024\">\n<hr>\n&nbsp;\n\n\n\n<p><strong>(Magdeburg, 16. April 2021)<\/strong> Am 17 April 2021 j\u00e4hrt sich zum 25. Mal der Internationale Tag des b\u00e4uerlichen Widerstands! An diesem Tag gedenken wir an das brutale Massaker an 21 landlosen Bauern und B\u00e4uerinnen, die sich am 17. April 1996 in Brasilien f\u00fcr eine solidarische und faire Agrarreform eingesetzt hatten. In Solidarit\u00e4t mit diesen Ermordeten und allen anderen enteigneten B\u00e4uerinnen, vertriebenen Nomaden und Leidtragenden ausbeuterischer und ungerechter Agrarpolitiken, die es leider \u00fcberall auf der Welt zahlreich gibt, setzen wir uns heute einmal mehr f\u00fcr die Wahrung b\u00e4uerlicher Rechte und den b\u00e4uerlichen Widerstand ein!<\/p>\n\n\n\n<p><strong>Wieso brauchen wir b\u00e4uerliche Betriebe?<\/strong><\/p>\n\n\n\n<p>70 Prozent der Weltbev\u00f6lkerung wird von (klein-)b\u00e4uerlichen Betrieben ern\u00e4hrt, gleichzeitig verbrauchen diese Betriebe nur 25 Prozent der in der Landwirtschaft eingesetzten Ressourcen. Selbst in der EU sind 97 Prozent der landwirtschaftlichen Betriebe unter 100 ha gro\u00df, sie besitzen aber nur 50 Prozent der Fl\u00e4che. Die andere H\u00e4lfte der Fl\u00e4che ist extrem ungleich an nur 3 Prozent der besonders gro\u00dfen, oftmals industriell arbeitenden Betriebe verteilt. Doch es sind die b\u00e4uerlichen Betriebe, die in Generationen denken, in Kreislaufen arbeiten, vielseitig aufgestellt und regional eingebunden sind. Sie sind der Schl\u00fcssel um klimafreundliche, ressourcenschonende Landwirtschaft entgegen der Logik der Profitmaximierung und des endlosen Wachstums zu realisieren. Die Corona-Pandemie hat uns einmal mehr vor Augen gef\u00fchrt, wie fragil globale Lieferketten industrieller Lebensmittel und wie wichtig hingegen b\u00e4uerliche, regionale Betriebe f\u00fcr eine widerstandsf\u00e4hige Versorgung sind.<\/p>\n\n\n\n<p><strong>Widerstand wogegen?<\/strong><\/p>\n\n\n\n<p>F\u00fcr Bauern und B\u00e4uerinnen weltweit ist das Recht auf selbstbestimmte Ern\u00e4hrung und der Zugang zu Land und regional angepasstem Saatgut ein existentieller und leider auch allt\u00e4glicher Kampf. Obwohl diese Rechte durch die UN-Kleinbauernerkl\u00e4rung (UNDROP) eigentlich gesch\u00fctzt werden sollten, besteht bei dessen Umsetzung gro\u00dfer Handlungsbedarf. Unbeirrt davon versuchen Agrarkonzerne aus dem vorgelagerten Bereich (Landmaschinen, D\u00fcngemittel, Saatgut, Pflanzenschutz) sowie dem nachgelagerten Bereich (ALDI, LIDL, Nestl\u00e9, T\u00f6nnies &#8230;) durch Freihandelsabkommen ihre Interessen am globalen Agrarmarkt durch die Hintert\u00fcr einzuschleusen. Die weltweite Gier nach landwirtschaftlichen Fl\u00e4chen ist unbegrenzt. Investor:innen greifen r\u00fccksichtslos nach kostbaren Ackerfl\u00e4chen in Brandenburg, ebenso wie in Rum\u00e4nien oder Tansania \u2212 auf Kosten der Ern\u00e4hrungssicherheit und Rechte der lokalen Landwirt:innen.<\/p>\n\n\n\n<figure class=\"wp-block-table\"><table class=\"has-subtle-light-gray-background-color has-background\"><tbody><tr><td width=\"25%\"><a rel=\"noopener noreferrer\" href=\"https:\/\/www.aktion-agrar.de\/das-team\/\" target=\"_blank\"><img decoding=\"async\" class=\"aligncenter wp-image-313\" title=\"Foto: aktion agrar.\" src=\"https:\/\/www.sinn-schaffen.de\/agrar\/wp-content\/uploads\/sites\/15\/2021\/04\/Leonie-Steinherr-K.jpg\" alt=\"\" width=\"180\"><\/a><\/td><td width=\"75%\">Leonie Steinherr ist Mitglied im Team von <a href=\"https:\/\/www.aktion-agrar.de\/\" target=\"_blank\" rel=\"noopener noreferrer\">aktion agrar<\/a>.<\/td><\/tr><tr><td><\/td><td><a href=\"https:\/\/www.aktion-agrar.de\/\" target=\"_blank\" rel=\"noopener noreferrer\"><img decoding=\"async\" class=\"aligncenter wp-image-313\" title=\" \" src=\"https:\/\/www.sinn-schaffen.de\/agrar\/wp-content\/uploads\/sites\/15\/2018\/05\/Logoaktionagrar.png\" alt=\"\" width=\"150\"><\/a><\/td><\/tr><\/tbody><\/table><\/figure>\n\n\n\n<figure class=\"wp-block-table\"><table class=\"has-subtle-light-gray-background-color has-background\"><tbody><tr><td width=\"25%\"><a rel=\"noopener noreferrer\" href=\"https:\/\/www.aktion-agrar.de\/das-team\/\" target=\"_blank\"><img decoding=\"async\" class=\"aligncenter wp-image-313\" title=\"Foto: aktion agrar.\" src=\"https:\/\/www.sinn-schaffen.de\/agrar\/wp-content\/uploads\/sites\/15\/2021\/04\/Michael-Krack.jpg\" alt=\"\" width=\"180\"><\/a><\/td><td width=\"75%\">Michael Krack ist Mitglied im Team von <a href=\"https:\/\/www.aktion-agrar.de\/\" target=\"_blank\" rel=\"noopener noreferrer\">aktion agrar<\/a>.<\/td><\/tr><tr><td><\/td><td><a href=\"https:\/\/www.aktion-agrar.de\/\" target=\"_blank\" rel=\"noopener noreferrer\"><img decoding=\"async\" class=\"aligncenter wp-image-313\" title=\" \" src=\"https:\/\/www.sinn-schaffen.de\/agrar\/wp-content\/uploads\/sites\/15\/2018\/05\/Logoaktionagrar.png\" alt=\"\" width=\"150\"><\/a><\/td><\/tr><\/tbody><\/table><\/figure>\n\n\n\n<figure class=\"wp-block-table\"><table class=\"has-subtle-light-gray-background-color has-background\"><tbody><tr><td width=\"25%\"><a href=\"https:\/\/www.aktion-agrar.de\/aktionsheft\/\" target=\"_blank\" rel=\"noopener noreferrer\"><img decoding=\"async\" class=\"aligncenter wp-image-313\" title=\" \" src=\"https:\/\/www.sinn-schaffen.de\/agrar\/wp-content\/uploads\/sites\/15\/2021\/01\/Aktionsheft_Agrarwende_2021_Inhalt_web-T.jpg\" alt=\"\" width=\"180\"><\/a><\/td><td width=\"75%\">Das Aktionsheft 2021 f\u00fcr die Agrarwende l\u00e4sst sich <a href=\"https:\/\/www.aktion-agrar.de\/aktionsheft\/\" target=\"_blank\" rel=\"noopener noreferrer\">\u00fcber diesen Link<\/a> bestellen.<\/td><\/tr><\/tbody><\/table><\/figure>\n","protected":false},"excerpt":{"rendered":"<p>Am 17. April 1996 fand in Brasilien ein brutales Massaker an 21 landlosen Bauern und B\u00e4uerinnen statt, die sich f\u00fcr eine solidarische und faire Agrarreform eingesetzt hatten. F\u00fcr Bauern und B\u00e4uerinnen weltweit ist das Recht auf selbstbestimmte Ern\u00e4hrung und der Zugang zu Land und regional angepasstem Saatgut ein existentieller und leider auch allt\u00e4glicher Kampf. Unbeirrt &hellip; <\/p>\n<p class=\"link-more\"><a href=\"https:\/\/www.sinn-schaffen.de\/agrar\/der-internationale-tag-des-baeuerlichen-widerstands-am-17-april\/\" class=\"more-link\"><span class=\"screen-reader-text\">\u201eDer Internationale Tag des b\u00e4uerlichen Widerstands am 17. April\u201c<\/span> weiterlesen<\/a><\/p>\n","protected":false},"author":1,"featured_media":0,"parent":0,"menu_order":36,"comment_status":"closed","ping_status":"closed","template":"","meta":{"footnotes":""},"class_list":["post-476","page","type-page","status-publish","hentry"],"_links":{"self":[{"href":"https:\/\/www.sinn-schaffen.de\/agrar\/wp-json\/wp\/v2\/pages\/476","targetHints":{"allow":["GET"]}}],"collection":[{"href":"https:\/\/www.sinn-schaffen.de\/agrar\/wp-json\/wp\/v2\/pages"}],"about":[{"href":"https:\/\/www.sinn-schaffen.de\/agrar\/wp-json\/wp\/v2\/types\/page"}],"author":[{"embeddable":true,"href":"https:\/\/www.sinn-schaffen.de\/agrar\/wp-json\/wp\/v2\/users\/1"}],"replies":[{"embeddable":true,"href":"https:\/\/www.sinn-schaffen.de\/agrar\/wp-json\/wp\/v2\/comments?post=476"}],"version-history":[{"count":1,"href":"https:\/\/www.sinn-schaffen.de\/agrar\/wp-json\/wp\/v2\/pages\/476\/revisions"}],"predecessor-version":[{"id":477,"href":"https:\/\/www.sinn-schaffen.de\/agrar\/wp-json\/wp\/v2\/pages\/476\/revisions\/477"}],"wp:attachment":[{"href":"https:\/\/www.sinn-schaffen.de\/agrar\/wp-json\/wp\/v2\/media?parent=476"}],"curies":[{"name":"wp","href":"https:\/\/api.w.org\/{rel}","templated":true}]}}