{"id":49,"date":"2018-09-12T13:48:57","date_gmt":"2018-09-12T11:48:57","guid":{"rendered":"https:\/\/www.sinn-schaffen.de\/agrar\/?page_id=49"},"modified":"2020-09-06T14:36:58","modified_gmt":"2020-09-06T12:36:58","slug":"un-welternaehrungsbericht-inkohaerente-politik-deutschlands-traegt-zum-hunger-in-der-welt-bei","status":"publish","type":"page","link":"https:\/\/www.sinn-schaffen.de\/agrar\/un-welternaehrungsbericht-inkohaerente-politik-deutschlands-traegt-zum-hunger-in-der-welt-bei\/","title":{"rendered":"Oxfam zum UN Weltern\u00e4hrungsbericht: Inkoh\u00e4rente Politik Deutschlands tr\u00e4gt zum Hunger in der Welt bei"},"content":{"rendered":"<p><em>Laut Weltern\u00e4hrungsbericht 2018 der Vereinten Nationen sind Armut, Umweltzerst\u00f6rung sowie Krisen und Konflikte die Haupttreiber von Hunger. Sie sind menschengemacht, fehlgeleitete Politiken wie die Kohle- und Handelspolitik auch in Europa tragen zum Hunger in armen L\u00e4ndern bei.<\/em><\/p>\n<p><strong>(Berlin, 11. September 2018)<\/strong> Am 11. September 2018 haben die Vereinten Nationen den Weltern\u00e4hrungsbericht 2018 vorgestellt. Armut, Umweltzerst\u00f6rung sowie Krisen und Konflikte sind die Haupttreiber von Hunger. Sie sind menschengemacht, fehlgeleitete Politiken wie die Kohle- und Handelspolitik tragen zum Hunger in armen L\u00e4ndern bei.<\/p>\n<p>Nach Angaben der Vereinten Nationen ist die Zahl der Hungernden im Jahr 2017 im zweiten Jahr in Folge gestiegen. Mit 821 Millionen Menschen ist die Zahl der Hungernden fast so hoch wie vor zehn Jahren. Als eine der Hauptursachen f\u00fcr die Nahrungsmittelkrisen nennt der UN-Weltern\u00e4hrungsbericht die \u201ekomplexeren, h\u00e4ufigeren und st\u00e4rkeren Klimaextreme\u201c:<\/p>\n<p><em><a href=\"http:\/\/www.fao.org\/publications\/sofi\/en\/\" target=\"_blank\" rel=\"noopener noreferrer\"><img loading=\"lazy\" decoding=\"async\" class=\"wp-image-52 alignleft\" src=\"https:\/\/www.sinn-schaffen.de\/agrar\/wp-content\/uploads\/sites\/15\/2018\/09\/FOOD-SECURITY-2018-1.jpg\" alt=\"\" width=\"320\" height=\"453\"><\/a>\u201cIn addition to conflict and violence in many parts of the world, the gains made in ending hunger and malnutrition are being eroded by climate variability and exposure to more complex, frequent and intense climate extremes, [\u2026]. Hunger is significantly worse in countries with agricultural systems that are highly sensitive to rainfall and temperature variability and severe drought, and where the livelihood of a high proportion of the population depends on agriculture. If we are to achieve a world without hunger and malnutrition in all its forms by 2030, it is imperative that we accelerate and scale up actions to strengthen the resilience and adaptive capacity of food systems and people\u2019s livelihoods in response to climate variability and extremes. Building climate resilience will require climate change adaptation and disaster risk reduction and management to be integrated into short-, medium- and long-term policies, programmes and practices.\u201d<\/em><\/p>\n<p>Marita Wiggerthale, Agrarexpertin der Nothilfe- und Entwicklungsorganisation Oxfam, nimmt dazu Stellung: \u201eB\u00e4uerinnen verlieren aufgrund von Klimaextremen ihre Ernte, Viehhalter ihre Tiere. Wir m\u00fcssen die Ursachen von Hunger und Elend angehen.\u201c Oxfam fordert die Bundesregierung auf, die Auswirkung deutscher beziehungsweise europ\u00e4ischer Politiken auf Hunger in armen L\u00e4ndern zu analysieren, Koh\u00e4renz zu gew\u00e4hrleisten und die daf\u00fcr notwendigen Kurskorrekturen einzuleiten.<\/p>\n<p>\u201eBei der politischen Diskussion ger\u00e4t aus dem Blick, dass Deutschland zur Entstehung von Hunger beitr\u00e4gt\u201c, so Wiggerthale. Dies geschehe auf mehreren Ebenen, beispielsweise mit einer Agrar- und Handelspolitik, die kleinb\u00e4uerliche Produzenten in armen L\u00e4ndern vom Markt dr\u00e4ngt und ihre Lebensgrundlagen bedroht; mit einer Agrospritpolitik, die zu Landgrabbing f\u00fchrt und die verf\u00fcgbare Fl\u00e4che f\u00fcr die Nahrungsmittelproduktion verringert und mit einer Kohlepolitik, die den Klimawandel anheizt und zu Ernte- und Einkommensverlusten von kleinb\u00e4uerlichen Betrieben in armen L\u00e4ndern f\u00fchrt.<\/p>\n<figure class=\"wp-block-table\">\n<table class=\"has-subtle-light-gray-background-color has-background\">\n<tbody>\n<tr>\n<td width=\"25%\"><a rel=\"noopener noreferrer\" href=\"https:\/\/www.oxfam.de\/kontakt\/marita-wiggerthale\" target=\"_blank\"><img decoding=\"async\" class=\"aligncenter wp-image-313\" title=\"Foto: oxfam, Henning L\u00fcders.\" src=\"https:\/\/www.sinn-schaffen.de\/agrar\/wp-content\/uploads\/sites\/15\/2018\/09\/marita-wiggerthale.jpeg\" alt=\"\" width=\"180\"><\/a><\/td>\n<td width=\"75%\">Marita Wiggerthale ist Referentin f\u00fcr Weltern\u00e4hrung und globale Agrarfragen bei <a href=\"https:\/\/www.oxfam.de\/\" target=\"_blank\" rel=\"noopener noreferrer\">OXFAM Deutschland<\/a>.<\/td>\n<\/tr>\n<tr>\n<td><\/td>\n<td><a href=\"https:\/\/www.oxfam.de\/\" target=\"_blank\" rel=\"noopener noreferrer\"><img decoding=\"async\" class=\"aligncenter wp-image-313\" title=\" \" src=\"https:\/\/www.sinn-schaffen.de\/agrar\/wp-content\/uploads\/sites\/15\/2018\/09\/OXFAM.png\" alt=\"\" width=\"180\"><\/a><\/td>\n<\/tr>\n<\/tbody>\n<\/table>\n<\/figure>\n<p>\u201eDie Bundesregierung missachtet systematisch das Gebot, mit den eigenen Politiken nicht die Ziele der Entwicklungszusammenarbeit zu untergraben\u201c, kritisiert Wiggerthale. \u201eDieses Gebot der Politikkoh\u00e4renz ist in den Europ\u00e4ischen Vertr\u00e4gen verankert, die Bundesregierung ist damit verpflichtet, das Recht auf Nahrung zu gew\u00e4hrleisten und ihre Politiken konsequent an der Hungerbek\u00e4mpfung auszurichten. Nur so kann der Hunger bis 2030 beendet werden.\u201c<\/p>\n<figure class=\"wp-block-table\">\n<table class=\"has-subtle-light-gray-background-color has-background\">\n<tbody>\n<tr>\n<td width=\"25%\"><a rel=\"noopener noreferrer\" href=\"http:\/\/www.fao.org\/publications\/sofi\/en\/\" target=\"_blank\"><img decoding=\"async\" title=\" \" class=\"aligncenter wp-image-313\" src=\"https:\/\/www.sinn-schaffen.de\/agrar\/wp-content\/uploads\/sites\/15\/2018\/09\/FOOD-SECURITY-2018-1.jpg\" alt=\"\" width=\"180\"><\/a><\/td>\n<td width=\"75%\">Der UN-Weltern\u00e4hrungsbericht 2018 l\u00e4sst sich <a href=\"http:\/\/www.fao.org\/publications\/sofi\/en\/\" target=\"_blank\" rel=\"noopener noreferrer\">\u00fcber diesen Link als PDF<\/a> laden.<\/td>\n<\/tr>\n<\/tbody>\n<\/table>\n<\/figure>\n","protected":false},"excerpt":{"rendered":"<p>Laut Weltern\u00e4hrungsbericht 2018 der Vereinten Nationen sind Armut, Umweltzerst\u00f6rung sowie Krisen und Konflikte die Haupttreiber von Hunger. Sie sind menschengemacht, fehlgeleitete Politiken wie die Kohle- und Handelspolitik auch in Europa tragen zum Hunger in armen L\u00e4ndern bei. (Berlin, 11. September 2018) Am 11. September 2018 haben die Vereinten Nationen den Weltern\u00e4hrungsbericht 2018 vorgestellt. Armut, Umweltzerst\u00f6rung &hellip; <\/p>\n<p class=\"link-more\"><a href=\"https:\/\/www.sinn-schaffen.de\/agrar\/un-welternaehrungsbericht-inkohaerente-politik-deutschlands-traegt-zum-hunger-in-der-welt-bei\/\" class=\"more-link\"><span class=\"screen-reader-text\">\u201eOxfam zum UN Weltern\u00e4hrungsbericht: Inkoh\u00e4rente Politik Deutschlands tr\u00e4gt zum Hunger in der Welt bei\u201c<\/span> weiterlesen<\/a><\/p>\n","protected":false},"author":1,"featured_media":0,"parent":0,"menu_order":76,"comment_status":"closed","ping_status":"closed","template":"","meta":{"footnotes":""},"class_list":["post-49","page","type-page","status-publish","hentry"],"_links":{"self":[{"href":"https:\/\/www.sinn-schaffen.de\/agrar\/wp-json\/wp\/v2\/pages\/49","targetHints":{"allow":["GET"]}}],"collection":[{"href":"https:\/\/www.sinn-schaffen.de\/agrar\/wp-json\/wp\/v2\/pages"}],"about":[{"href":"https:\/\/www.sinn-schaffen.de\/agrar\/wp-json\/wp\/v2\/types\/page"}],"author":[{"embeddable":true,"href":"https:\/\/www.sinn-schaffen.de\/agrar\/wp-json\/wp\/v2\/users\/1"}],"replies":[{"embeddable":true,"href":"https:\/\/www.sinn-schaffen.de\/agrar\/wp-json\/wp\/v2\/comments?post=49"}],"version-history":[{"count":5,"href":"https:\/\/www.sinn-schaffen.de\/agrar\/wp-json\/wp\/v2\/pages\/49\/revisions"}],"predecessor-version":[{"id":379,"href":"https:\/\/www.sinn-schaffen.de\/agrar\/wp-json\/wp\/v2\/pages\/49\/revisions\/379"}],"wp:attachment":[{"href":"https:\/\/www.sinn-schaffen.de\/agrar\/wp-json\/wp\/v2\/media?parent=49"}],"curies":[{"name":"wp","href":"https:\/\/api.w.org\/{rel}","templated":true}]}}