{"id":494,"date":"2021-10-28T17:29:10","date_gmt":"2021-10-28T15:29:10","guid":{"rendered":"https:\/\/www.sinn-schaffen.de\/agrar\/?page_id=494"},"modified":"2021-10-28T18:13:38","modified_gmt":"2021-10-28T16:13:38","slug":"foodwatch-zum-food-environment-policy-index-2021-miserable-bilanz-der-deutschen-ernaehrungspolitik","status":"publish","type":"page","link":"https:\/\/www.sinn-schaffen.de\/agrar\/foodwatch-zum-food-environment-policy-index-2021-miserable-bilanz-der-deutschen-ernaehrungspolitik\/","title":{"rendered":"foodwatch zum Food Environment Policy Index 2021: &#8222;Miserable Bilanz der deutschen Ern\u00e4hrungspolitik&#8220;"},"content":{"rendered":"\n<p><em>Der Food Environment Policy Index bewertet die politischen Ma\u00dfnahmen Deutschlands zur F\u00f6rderung einer gesunden Ern\u00e4hrung. Deutschland bleibt aktuell weit hinter internationalen Best Practices zur\u00fcck: Dringender Handlungsbedarf besteht etwa bei der Umsetzung einer qualitativ hochwertigen, geb\u00fchrenfreien Schul- und Kitaverpflegung und der gesetzlichen Regulierung von Lebensmittelwerbung, die sich an Kinder richtet. Die Vers\u00e4umnisse von Julia Kl\u00f6ckner und ihren Vorg\u00e4nger:innen haben schwerwiegende Folgen f\u00fcr die Gesundheit der Menschen und kosten die Gesellschaft Milliarden; jahrelang hat sich die Bundesregierung mit wirkungslosen freiwilligen Selbstverpflichtungen der Industrie abspeisen lassen.<\/em><\/p>\n\n\n\n<hr>\n<img decoding=\"async\" class=\"alignleft wp-image-313\" title=\"Foto: Nata Uchava, Freiburg.\" src=\"https:\/\/www.sinn-schaffen.de\/agrar\/wp-content\/uploads\/sites\/15\/2021\/10\/NU-211028-foodwatch.jpg\" alt=\"\" width=\"1024\">\n<hr>\n&nbsp;\n\n\n\n<p><strong>(Berlin, 19. Oktober 2021)<\/strong> Deutschlands Ern\u00e4hrungspolitik schneidet im internationalen Vergleich schlecht ab \u2013 das ist das Ergebnis eines Forschungsprojekts der Ludwig-Maximilian-Universit\u00e4t M\u00fcnchen und des Leibniz-Instituts f\u00fcr Pr\u00e4ventionsforschung und Epidemiologie. Die Wissenschaftler:innen ver\u00f6ffentlichten heute den sogenannten Food Environment Policy Index, der die politischen Ma\u00dfnahmen Deutschlands zur F\u00f6rderung einer gesunden Ern\u00e4hrung bewertet. Die Bilanz f\u00e4llt negativ aus: Deutschland bleibe aktuell weit hinter internationalen Best Practices zur\u00fcck. Dringender Handlungsbedarf bestehe etwa bei der Umsetzung einer qualitativ hochwertigen, geb\u00fchrenfreien Schul- und Kitaverpflegung und der gesetzlichen Regulierung von Lebensmittelwerbung, die sich an Kinder richtet.<\/p>\n\n\n\n<p>Dazu kommentiert Saskia Reinbeck von foodwatch: \u201eDie Bilanz der deutschen Ern\u00e4hrungspolitik ist ein Armutszeugnis. Die Vers\u00e4umnisse von Julia Kl\u00f6ckner und ihren Vorg\u00e4nger:innen haben schwerwiegende Folgen f\u00fcr die Gesundheit der Menschen und kosten die Gesellschaft Milliarden. Kein Wunder: Die Bundesregierung hat sich jahrelang mit wirkungslosen freiwilligen Selbstverpflichtungen der Industrie abspeisen lassen. Die Ampel-Koalition muss eine Kehrtwende vollziehen und auf die Empfehlungen aus der \u00c4rzteschaft h\u00f6ren: Wir brauchen endlich wirksame politische Ma\u00dfnahmen zur F\u00f6rderung gesunder Ern\u00e4hrung wie Werbeverbote f\u00fcr ungesunde Kinder-Lebensmittel!\u201c<\/p>\n\n\n\n<p>Hinweis im Sinne der Transparenz: Zur Erstellung des Food-EPI Deutschland wurden 55 Expert:innen in Deutschland befragt. Darunter war auch Oliver Huizinga, Leiter Recherche und Kampagnen bei foodwatch Deutschland.<\/p>\n\n\n\n<figure class=\"wp-block-table is-style-regular\"><table><tbody><tr><td><a rel=\"noopener noreferrer\" href=\"https:\/\/www.foodwatch.org\/de\/ueber-uns\/team\/saskia-reinbeck\/\" target=\"_blank\"><img decoding=\"async\" class=\"aligncenter wp-image-313\" title=\"Foto: foodwatch.\" src=\"https:\/\/www.sinn-schaffen.de\/agrar\/wp-content\/uploads\/sites\/15\/2021\/10\/Saskia_Reinbeck_foodwatch-K.jpg\" alt=\"\" width=\"180\"><\/a><\/td><td>Saskia Reinbeck ist im Kampagnen-Team bei <a href=\"https:\/\/www.foodwatch.org\/de\/startseite\/\" target=\"_blank\" rel=\"noopener noreferrer\">foodwatch Deutschland<\/a>.<\/td><\/tr><tr><td><\/td><td><a href=\"https:\/\/www.foodwatch.org\/de\" target=\"_blank\" rel=\"noopener noreferrer\"><img decoding=\"async\" class=\"aligncenter wp-image-313\" title=\" \" src=\"https:\/\/www.sinn-schaffen.de\/agrar\/wp-content\/uploads\/sites\/15\/2019\/09\/foodwatch-logo.jpg\" alt=\"\" width=\"180\"><\/a><\/td><\/tr><\/tbody><\/table><\/figure>\n\n\n\n<figure class=\"wp-block-table\"><table class=\"has-subtle-light-gray-background-color has-background\"><tbody><tr><td width=\"25%\"><a href=\"https:\/\/www.jpi-pen.eu\/images\/reports\/Food-EPI_Ergebnisbericht_V11.pdf\" target=\"_blank\" rel=\"noopener noreferrer\"><img decoding=\"async\" class=\"aligncenter wp-image-313\" title=\" \" src=\"https:\/\/www.sinn-schaffen.de\/agrar\/wp-content\/uploads\/sites\/15\/2021\/10\/Food-EPI_Ergebnisbericht_V11-T.jpg\" alt=\"\" width=\"180\"><\/a><\/td><td width=\"75%\">Der &#8222;Food Environment Policy Index 2021 f\u00fcr Deutschland&#8220; steht <a href=\"https:\/\/www.jpi-pen.eu\/images\/reports\/Food-EPI_Ergebnisbericht_V11.pdf\" target=\"_blank\" rel=\"noopener noreferrer\">\u00fcber diesen Link zum Download als PDF<\/a> bereit.<\/td><\/tr><\/tbody><\/table><\/figure>\n","protected":false},"excerpt":{"rendered":"<p>Der Food Environment Policy Index bewertet die politischen Ma\u00dfnahmen Deutschlands zur F\u00f6rderung einer gesunden Ern\u00e4hrung. Deutschland bleibt aktuell weit hinter internationalen Best Practices zur\u00fcck: Dringender Handlungsbedarf besteht etwa bei der Umsetzung einer qualitativ hochwertigen, geb\u00fchrenfreien Schul- und Kitaverpflegung und der gesetzlichen Regulierung von Lebensmittelwerbung, die sich an Kinder richtet. Die Vers\u00e4umnisse von Julia Kl\u00f6ckner und &hellip; <\/p>\n<p class=\"link-more\"><a href=\"https:\/\/www.sinn-schaffen.de\/agrar\/foodwatch-zum-food-environment-policy-index-2021-miserable-bilanz-der-deutschen-ernaehrungspolitik\/\" class=\"more-link\"><span class=\"screen-reader-text\">\u201efoodwatch zum Food Environment Policy Index 2021: &#8222;Miserable Bilanz der deutschen Ern\u00e4hrungspolitik&#8220;\u201c<\/span> weiterlesen<\/a><\/p>\n","protected":false},"author":1,"featured_media":0,"parent":0,"menu_order":34,"comment_status":"closed","ping_status":"closed","template":"","meta":{"footnotes":""},"class_list":["post-494","page","type-page","status-publish","hentry"],"_links":{"self":[{"href":"https:\/\/www.sinn-schaffen.de\/agrar\/wp-json\/wp\/v2\/pages\/494","targetHints":{"allow":["GET"]}}],"collection":[{"href":"https:\/\/www.sinn-schaffen.de\/agrar\/wp-json\/wp\/v2\/pages"}],"about":[{"href":"https:\/\/www.sinn-schaffen.de\/agrar\/wp-json\/wp\/v2\/types\/page"}],"author":[{"embeddable":true,"href":"https:\/\/www.sinn-schaffen.de\/agrar\/wp-json\/wp\/v2\/users\/1"}],"replies":[{"embeddable":true,"href":"https:\/\/www.sinn-schaffen.de\/agrar\/wp-json\/wp\/v2\/comments?post=494"}],"version-history":[{"count":2,"href":"https:\/\/www.sinn-schaffen.de\/agrar\/wp-json\/wp\/v2\/pages\/494\/revisions"}],"predecessor-version":[{"id":496,"href":"https:\/\/www.sinn-schaffen.de\/agrar\/wp-json\/wp\/v2\/pages\/494\/revisions\/496"}],"wp:attachment":[{"href":"https:\/\/www.sinn-schaffen.de\/agrar\/wp-json\/wp\/v2\/media?parent=494"}],"curies":[{"name":"wp","href":"https:\/\/api.w.org\/{rel}","templated":true}]}}