{"id":611,"date":"2022-07-05T19:02:27","date_gmt":"2022-07-05T17:02:27","guid":{"rendered":"https:\/\/www.sinn-schaffen.de\/agrar\/?page_id=611"},"modified":"2022-07-05T19:02:28","modified_gmt":"2022-07-05T17:02:28","slug":"foodwatch-stellt-strategie-fuer-pestizid-ausstieg-bis-2035-vor-eu-weite-pestizidsteuer-als-erster-schritt","status":"publish","type":"page","link":"https:\/\/www.sinn-schaffen.de\/agrar\/foodwatch-stellt-strategie-fuer-pestizid-ausstieg-bis-2035-vor-eu-weite-pestizidsteuer-als-erster-schritt\/","title":{"rendered":"foodwatch stellt Strategie f\u00fcr Pestizid-Ausstieg bis 2035 vor: EU-weite Pestizidsteuer als erster Schritt"},"content":{"rendered":"\n<p><em>Die EU-Landwirtschaft h\u00e4ngt am Tropf der Pestizid-Industrie: Landwirt*innen sind im heutigen Agrarsystem wirtschaftlich abh\u00e4ngig von Pestiziden, um immer h\u00f6here Ertr\u00e4ge zu erzielen. Neben einer EU-weiten Pestizidsteuer fordert foodwatch eine Reform der Zulassungspraxis f\u00fcr Pestizide und eine Umverteilung der EU-Agrarsubventionen: Zum Beispiel m\u00fcsste die Auszahlung von EU-Agrarsubventionen daran gekn\u00fcpft sein, dass Betriebe auf Pestizide verzichten. Es gebe keine technischen Hindernisse, sondern nur politische Ignoranz, so der Autor des foodwatch-Reports.<\/em><\/p>\n\n\n\n<hr class=\"wp-block-separator has-alpha-channel-opacity\"\/>\n\n\n\n<figure class=\"wp-block-image size-full\"><img loading=\"lazy\" decoding=\"async\" width=\"1024\" height=\"413\" src=\"https:\/\/www.sinn-schaffen.de\/agrar\/wp-content\/uploads\/sites\/15\/2022\/07\/NU-220705-foodwatch-pestizide.jpg\" alt=\"\" class=\"wp-image-605\" title=\"Foto: Nata Uchava, Freiburg\"\/><\/figure>\n\n\n\n<hr class=\"wp-block-separator has-alpha-channel-opacity\"\/>\n\n\n\n<p><strong>(Br\u00fcssel\/Amsterdam\/Berlin\/Paris\/Wien, 30. Juni 2022)<\/strong> foodwatch hat eine konkrete Strategie f\u00fcr eine pestizidfreie EU-Landwirtschaft bis 2035 vorgelegt. Der erste Schritt dazu w\u00e4re die Einf\u00fchrung einer EU-weiten Pestizidsteuer, erkl\u00e4rte die internationale Verbraucherorganisation. Der Einsatz von Pestiziden sei in der EU heute deutlich h\u00f6her als in den 1990er Jahren \u2013 mit fatalen Folgen f\u00fcr Artenvielfalt, Klimaschutz, Bodenqualit\u00e4t und Gesundheit.<\/p>\n\n\n\n<p>\u201eDie EU-Landwirtschaft h\u00e4ngt am Tropf der Pestizid-Industrie. Landwirt:innen sind im heutigen Agrarsystem wirtschaftlich abh\u00e4ngig von Pestiziden, um immer h\u00f6here Ertr\u00e4ge zu erzielen \u2013 doch die enormen Sch\u00e4den und Kosten, die mit dem Pestizid-Einsatz verbunden sind, m\u00fcssen wir alle bezahlen. So l\u00e4sst sich kein widerstandsf\u00e4higes und nachhaltiges EU-Ern\u00e4hrungssystem aufbauen. Eine pestizidfreie EU-Landwirtschaft bis 2035 w\u00e4re m\u00f6glich und absolut realistisch \u2013 wenn die notwendigen politischen Entscheidungen getroffen w\u00fcrden. Der Einsatz von Pestiziden muss durch eine Steuer deutlich teurer werden, ein Verzicht auf Pestizide muss honoriert werden\u201c, sagte Matthias Wolfschmidt, Strategiedirektor von foodwatch International, bei der Vorstellung des neuen foodwatch-Reports \u201eLocked-in Pesticides\u201c.<\/p>\n\n\n\n<p>Neben einer EU-weiten Pestizidsteuer forderte foodwatch eine Reform der Zulassungspraxis f\u00fcr Pestizide und eine Umverteilung der EU-Agrarsubventionen. Pestizidanwendungen m\u00fcssten auf ihre absolute Notwendigkeit hin \u00fcberpr\u00fcft werden. Pestizide d\u00fcrften nur noch als letztes Mittel in Notf\u00e4llen eingesetzt werden. Landwirt:innen m\u00fcssten zudem in die Lage versetzt werden, aus dem Teufelskreis immer h\u00f6herer Ertr\u00e4ge zu immer niedrigeren Preisen auszusteigen. Denn im Moment ist eine Produktion ohne Pestizide f\u00fcr sie wirtschaftlich kaum m\u00f6glich. Deshalb m\u00fcsste zum Beispiel die Auszahlung von EU-Agrarsubventionen daran gekn\u00fcpft sein, dass Betriebe auf Pestizide verzichten.<\/p>\n\n\n\n<p>Lars Neumeister, unabh\u00e4ngiger Experte f\u00fcr Pestizide und Autor des foodwatch-Reports, sagte: \u201eWir befinden uns in einer Klimakrise und einer Krise der biologischen Vielfalt. Wenn wir die Abh\u00e4ngigkeit Europas von Pestiziden bek\u00e4mpfen, k\u00f6nnen wir gleichzeitig mehrere landwirtschaftliche Probleme l\u00f6sen. Es gibt keine technischen Hindernisse, sondern nur politische Ignoranz.\u201c<\/p>\n\n\n\n<p>Die EU-Kommission hatte in ihrer im Mai 2020 vorgestellten \u201eFarm-to-Fork\u201c-Strategie zwar erstmals Ziele f\u00fcr die Pestizidreduktion formuliert \u2013 die im k\u00fcrzlich vorgelegten Entwurf der\u00a0 Verordnung zur \u201eNachhaltigen Verwendung von Pestiziden\u201c vorgeschlagenen Ma\u00dfnahmen seien jedoch nicht geeignet, die EU-Landwirte aus der Pestizidfalle zu befreien, kritisierte foodwatch. Lediglich Zielvorgaben zu machen, reiche nicht aus. Das gesamte EU-Agrarsystem sei heute massiv abh\u00e4ngig von Pestiziden, Minerald\u00fcnger und fossiler Energie und sei einseitig darauf ausgerichtet, m\u00f6glichst viel und billig Fleisch und Milchprodukte zu erzeugen. Ein solches Agrarsystem sei nicht zukunftsf\u00e4hig, so foodwatch.<\/p>\n\n\n\n<div class=\"wp-block-columns is-layout-flex wp-container-core-columns-is-layout-9d6595d7 wp-block-columns-is-layout-flex\">\n<div class=\"wp-block-column is-layout-flow wp-block-column-is-layout-flow\" style=\"flex-basis:33.33%\">\n<figure class=\"wp-block-image size-full\"><a href=\"https:\/\/www.foodwatch.org\/en\/about-us\/our-team\/matthias-wolfschmidt\/\" target=\"_blank\" rel=\"noreferrer noopener\"><img loading=\"lazy\" decoding=\"async\" width=\"184\" height=\"184\" src=\"https:\/\/www.sinn-schaffen.de\/agrar\/wp-content\/uploads\/sites\/15\/2019\/09\/Matthias-Wolfschmidt-1x1.jpg\" alt=\"\" class=\"wp-image-153\" title=\"Foto: foodwatch\"\/><\/a><\/figure>\n<\/div>\n\n\n\n<div class=\"wp-block-column is-layout-flow wp-block-column-is-layout-flow\" style=\"flex-basis:66.66%\">\n<p><a href=\"https:\/\/www.foodwatch.org\/en\/about-us\/our-team\/matthias-wolfschmidt\/\" target=\"_blank\" rel=\"noreferrer noopener\">Matthias Wolfschmidt<\/a> ist Strategiedirektor von <a href=\"https:\/\/www.foodwatch.org\/en\/foodwatch-international\/\" target=\"_blank\" rel=\"noreferrer noopener\">foodwatch International<\/a>.<\/p>\n\n\n\n<figure class=\"wp-block-image size-full\"><a href=\"https:\/\/www.foodwatch.org\/en\/foodwatch-international\/\" target=\"_blank\" rel=\"noreferrer noopener\"><img loading=\"lazy\" decoding=\"async\" width=\"311\" height=\"162\" src=\"https:\/\/www.sinn-schaffen.de\/agrar\/wp-content\/uploads\/sites\/15\/2019\/09\/foodwatch-logo.jpg\" alt=\"\" class=\"wp-image-154\"\/><\/a><\/figure>\n<\/div>\n<\/div>\n\n\n\n<div class=\"wp-block-columns is-layout-flex wp-container-core-columns-is-layout-9d6595d7 wp-block-columns-is-layout-flex\">\n<div class=\"wp-block-column is-layout-flow wp-block-column-is-layout-flow\" style=\"flex-basis:33.33%\">\n<figure class=\"wp-block-image size-full\"><a href=\"https:\/\/www.foodwatch.org\/fileadmin\/-INT\/pesticides\/2022-06-30_Pesticides_Report_foodwatch.pdf\" target=\"_blank\" rel=\"noreferrer noopener\"><img loading=\"lazy\" decoding=\"async\" width=\"595\" height=\"842\" src=\"https:\/\/www.sinn-schaffen.de\/agrar\/wp-content\/uploads\/sites\/15\/2022\/07\/2022-06-30_Pesticides_Report_foodwatch-1.jpg\" alt=\"\" class=\"wp-image-606\"\/><\/a><\/figure>\n<\/div>\n\n\n\n<div class=\"wp-block-column is-layout-flow wp-block-column-is-layout-flow\" style=\"flex-basis:66.66%\">\n<p>Der foodwatch-Report &#8222;Locked-in Pesticides&#8220; steht <a href=\"https:\/\/www.foodwatch.org\/fileadmin\/-INT\/pesticides\/2022-06-30_Pesticides_Report_foodwatch.pdf\" target=\"_blank\" rel=\"noreferrer noopener\">\u00fcber diesen Link zum Download als PDF<\/a> bereit.<\/p>\n<\/div>\n<\/div>\n\n\n\n<div class=\"wp-block-columns is-layout-flex wp-container-core-columns-is-layout-9d6595d7 wp-block-columns-is-layout-flex\">\n<div class=\"wp-block-column is-layout-flow wp-block-column-is-layout-flow\" style=\"flex-basis:33.33%\">\n<figure class=\"wp-block-image size-full\"><a href=\"https:\/\/www.foodwatch.org\/fileadmin\/-DE\/Themen\/Pestizide\/Dokumente\/2022-06-30_Kurzfassung_Pestizid-Report.pdf\" target=\"_blank\" rel=\"noreferrer noopener\"><img loading=\"lazy\" decoding=\"async\" width=\"599\" height=\"846\" src=\"https:\/\/www.sinn-schaffen.de\/agrar\/wp-content\/uploads\/sites\/15\/2022\/07\/2022-06-30_Kurzfassung_Pestizid-Report-T.jpg\" alt=\"\" class=\"wp-image-608\"\/><\/a><\/figure>\n<\/div>\n\n\n\n<div class=\"wp-block-column is-layout-flow wp-block-column-is-layout-flow\" style=\"flex-basis:66.66%\">\n<p>Eine Kurzfassung des foodwatch-Reports &#8222;Locked-in Pesticides&#8220; in deutscher Sprache steht <a href=\"https:\/\/www.foodwatch.org\/fileadmin\/-DE\/Themen\/Pestizide\/Dokumente\/2022-06-30_Kurzfassung_Pestizid-Report.pdf\" target=\"_blank\" rel=\"noreferrer noopener\">\u00fcber diesen Link zum Download als PDF<\/a> bereit.<\/p>\n<\/div>\n<\/div>\n","protected":false},"excerpt":{"rendered":"<p>Die EU-Landwirtschaft h\u00e4ngt am Tropf der Pestizid-Industrie: Landwirt*innen sind im heutigen Agrarsystem wirtschaftlich abh\u00e4ngig von Pestiziden, um immer h\u00f6here Ertr\u00e4ge zu erzielen. Neben einer EU-weiten Pestizidsteuer fordert foodwatch eine Reform der Zulassungspraxis f\u00fcr Pestizide und eine Umverteilung der EU-Agrarsubventionen: Zum Beispiel m\u00fcsste die Auszahlung von EU-Agrarsubventionen daran gekn\u00fcpft sein, dass Betriebe auf Pestizide verzichten. Es &hellip; <\/p>\n<p class=\"link-more\"><a href=\"https:\/\/www.sinn-schaffen.de\/agrar\/foodwatch-stellt-strategie-fuer-pestizid-ausstieg-bis-2035-vor-eu-weite-pestizidsteuer-als-erster-schritt\/\" class=\"more-link\"><span class=\"screen-reader-text\">\u201efoodwatch stellt Strategie f\u00fcr Pestizid-Ausstieg bis 2035 vor: EU-weite Pestizidsteuer als erster Schritt\u201c<\/span> weiterlesen<\/a><\/p>\n","protected":false},"author":1,"featured_media":0,"parent":0,"menu_order":27,"comment_status":"closed","ping_status":"closed","template":"","meta":{"footnotes":""},"class_list":["post-611","page","type-page","status-publish","hentry"],"_links":{"self":[{"href":"https:\/\/www.sinn-schaffen.de\/agrar\/wp-json\/wp\/v2\/pages\/611","targetHints":{"allow":["GET"]}}],"collection":[{"href":"https:\/\/www.sinn-schaffen.de\/agrar\/wp-json\/wp\/v2\/pages"}],"about":[{"href":"https:\/\/www.sinn-schaffen.de\/agrar\/wp-json\/wp\/v2\/types\/page"}],"author":[{"embeddable":true,"href":"https:\/\/www.sinn-schaffen.de\/agrar\/wp-json\/wp\/v2\/users\/1"}],"replies":[{"embeddable":true,"href":"https:\/\/www.sinn-schaffen.de\/agrar\/wp-json\/wp\/v2\/comments?post=611"}],"version-history":[{"count":1,"href":"https:\/\/www.sinn-schaffen.de\/agrar\/wp-json\/wp\/v2\/pages\/611\/revisions"}],"predecessor-version":[{"id":612,"href":"https:\/\/www.sinn-schaffen.de\/agrar\/wp-json\/wp\/v2\/pages\/611\/revisions\/612"}],"wp:attachment":[{"href":"https:\/\/www.sinn-schaffen.de\/agrar\/wp-json\/wp\/v2\/media?parent=611"}],"curies":[{"name":"wp","href":"https:\/\/api.w.org\/{rel}","templated":true}]}}