{"id":637,"date":"2022-11-24T18:23:44","date_gmt":"2022-11-24T17:23:44","guid":{"rendered":"https:\/\/www.sinn-schaffen.de\/agrar\/?page_id=637"},"modified":"2022-11-24T18:23:45","modified_gmt":"2022-11-24T17:23:45","slug":"umweltverbaende-rechnen-nach-anbauflaechen-fuer-agrokraftstoffe-koennten-kalorienbedarf-von-bis-zu-35-millionen-menschen-decken","status":"publish","type":"page","link":"https:\/\/www.sinn-schaffen.de\/agrar\/umweltverbaende-rechnen-nach-anbauflaechen-fuer-agrokraftstoffe-koennten-kalorienbedarf-von-bis-zu-35-millionen-menschen-decken\/","title":{"rendered":"Umweltverb\u00e4nde rechnen nach: Anbaufl\u00e4chen f\u00fcr Agrokraftstoffe k\u00f6nnten Kalorienbedarf von bis zu 35 Millionen Menschen decken"},"content":{"rendered":"\n<p><em>Anbaufl\u00e4chen, die heute der Produktion von Agrokraftstoff f\u00fcr den deutschen Markt dienen, k\u00f6nnten Kalorien f\u00fcr bis zu 35 Millionen Menschen produzieren. Trotz dramatischer globaler Ern\u00e4hrungskrise und stark gestiegener Lebensmittelpreise landet 2022 in Deutschland noch mehr Essen im Tank als im Vorjahr. Gr\u00fcne und SPD d\u00fcrfen die monatelange Blockade des Verkehrsministers nicht l\u00e4nger akzeptieren: Eine Kabinettsentscheidung zum Ausstieg aus Agrosprit muss am 30. November 2022 fallen, fordern mehrere Umweltverb\u00e4nde.<\/em><\/p>\n\n\n\n<figure class=\"wp-block-image size-full\"><img loading=\"lazy\" decoding=\"async\" width=\"1024\" height=\"413\" src=\"https:\/\/www.sinn-schaffen.de\/agrar\/wp-content\/uploads\/sites\/15\/2022\/11\/NU-221124-biokraftstoffe.jpg\" alt=\"\" class=\"wp-image-633\" title=\"Foto: Nata Uchava, Freiburg\"\/><\/figure>\n\n\n\n<p><strong>(Berlin, 23. November 2022)<\/strong> Neue Berechnungen von Deutsche Umwelthilfe, foodwatch, Greenpeace, NABU, Robin Wood und Transport &amp; Environment illustrieren, in welch gewaltigem Umfang Deutschland wertvolle Nahrungsmittel als Kraftstoff verbrennt. Demnach k\u00f6nnte mit den Anbaufl\u00e4chen, auf denen derzeit Getreide, Raps und andere Pflanzen zur Produktion von Agrokraftstoff f\u00fcr den deutschen Markt wachsen, der Kalorienbedarf von bis zu 35 Millionen Menschen gedeckt werden. Weltweit sind derzeit 49 Millionen Menschen akut von Hungersnot bedroht.<\/p>\n\n\n\n<p>Noch im Fr\u00fchjahr 2022 hatte die Industrie beteuert, dass die stark gestiegenen Preise f\u00fcr Agrarrohstoffe die Produktion von Agrokraftstoff automatisch drosseln w\u00fcrden. Tats\u00e4chlich ist der Verbrauch von Agrosprit im laufenden Jahr jedoch angestiegen. Das unterstreicht, wie dringend es ist, die staatlichen Fehlanreize zu beenden.<\/p>\n\n\n\n<p>Ein Vorschlag der Bundesumweltministerin Steffi Lemke f\u00fcr den Ausstieg aus Agrokraftstoff liegt bereits seit einem halben Jahr vor, wird aber von Verkehrsminister Volker Wissing blockiert. Die Umweltverb\u00e4nde dr\u00e4ngen nun auf einen Beschluss am 30. November 2022, wenn das Thema im Kabinett besprochen werden soll.<\/p>\n\n\n\n<p>Dr. Johanna B\u00fcchler, Expertin f\u00fcr Klimaschutz im Verkehr bei der Deutschen Umwelthilfe: \u201cW\u00e4hrend sich die globale Hungerkrise zuspitzt, verheizt Deutschland faktisch Nahrungsmittel f\u00fcr bis zu 35 Millionen Menschen in Verbrennerautos \u2011 nur um sich die miserable Treibhausgas-Statistik im Verkehr sch\u00f6ner zu rechnen. Das ist skandal\u00f6s. Wir brauchen jetzt den Ausstieg aus Agrosprit und den Einstieg in eine konsequente Mobilit\u00e4tswende.\u201d<\/p>\n\n\n\n<p>Maik Marahrens, Kampaigner bei Transport &amp; Environment: \u201cAngesichts der globalen Ern\u00e4hrungskrise hat die EU-Kommission schon fr\u00fch nach Beginn des Krieges den Mitgliedsstaaten ihre Unterst\u00fctzung bei der Reduzierung von Agrotreibstoffen zugesagt. Die europ\u00e4ischen Rahmenbedingungen geben den L\u00e4ndern hierzu volle Freiheit \u2011 es gibt keinen vertretbaren Grund, diese nicht zu nutzen.\u201d<\/p>\n\n\n\n<p>Matthias Lambrecht, Landwirtschaftsexperte bei Greenpeace: \u201cWissing sollte die zynische Schummelei mit dem Biosprit in der Klimabilanz beenden und endlich intelligente und wirksame Ma\u00dfnahmen ergreifen, damit er als Verkehrsminister die Vorgaben des Klimaschutzgesetzes erf\u00fcllt. Die Ampel-Koalition muss die Blockade der FDP \u00fcberwinden. Deren \u00fcberkommenes Bekenntnis zur Raserei ohne Tempolimit ist eine fragw\u00fcrdige Klientelpolitik, f\u00fcr die weiter wertvolle Lebensmittel als Agrokraftstoff verschwendet werden sollen, w\u00e4hrend Millionen Menschen hungern. Das ist unsolidarisch und unverantwortlich.\u201d<\/p>\n\n\n\n<p>Leif Miller, Bundesgesch\u00e4ftsf\u00fchrer des NABU: \u201cLebensmittel in den Tanks unserer Autos zu verbrennen, ist unverantwortlich. Die Bundesregierung muss endlich die F\u00f6rderung von Agrokraftstoffen beenden. Es ist anachronistisch, auf Kosten von Mensch und Natur den Verbrennungsmotor auf Biegen und Brechen am Laufen halten zu wollen, anstatt Ma\u00dfnahmen f\u00fcr echten Klimaschutz zu ergreifen.\u201d<\/p>\n\n\n\n<p>Rauna Bindewald, Campaignerin bei foodwatch: \u201cWertvolle Ackerfl\u00e4chen d\u00fcrfen nicht f\u00fcr die Produktion von Agrokraftstoffen oder Tierfutter verschwendet werden. Unsere Agrarfl\u00e4chen m\u00fcssen wir f\u00fcr den Anbau von Nahrungsmitteln nutzen \u2013 nicht, um Autotanks zu bef\u00fcllen.\u201d<\/p>\n\n\n\n<p>Fenna Otten, Fachreferentin Tropenwald bei ROBIN WOOD: \u201dDie weitere F\u00f6rderung von Agrokraftstoffen f\u00fchrt zur Vertiefung der globalen Umwelt- und Klimaungerechtigkeit. Die Bundesregierung nimmt offenbar auch eine sich versch\u00e4rfende Hungerkrise billigend in Kauf, um die Klimabilanz sch\u00f6nzurechnen.\u201d<\/p>\n\n\n\n<p><strong>Hintergrund<\/strong><\/p>\n\n\n\n<p>Der Vorschlag des Umweltministeriums sieht vor, den Einsatz von Agrosprit ab 2023 deutlich zu reduzieren und bis 2030 ganz zu beenden. Das Verkehrsministerium beharrt jedoch bisher auf der Nutzung von Agrokraftstoffen und begr\u00fcndet dies mit ihrem vermeintlichen Klimaschutzbeitrag. Dieser existiert jedoch nur auf dem Papier. Aufgrund des immensen Fl\u00e4chenverbrauchs und der zus\u00e4tzlichen intensiven Landwirtschaft sind Agrokraftstoffe tats\u00e4chlich enorm klima- und umweltsch\u00e4dlich. Ihre staatliche F\u00f6rderung als \u201cerneuerbare Energie\u201d im Verkehr stuft das Umweltbundesamt bereits seit 2008 als klima- und umweltsch\u00e4dliche Subvention ein.<\/p>\n\n\n\n<div class=\"wp-block-columns is-layout-flex wp-container-core-columns-is-layout-9d6595d7 wp-block-columns-is-layout-flex\">\n<div class=\"wp-block-column is-layout-flow wp-block-column-is-layout-flow\" style=\"flex-basis:33.33%\">\n<figure class=\"wp-block-image size-full\"><a href=\"https:\/\/www.duh.de\/fileadmin\/user_upload\/download\/Projektinformation\/Naturschutz\/Agrokraftstoffe\/Nahrung_statt_Agrosprit_final.pdf\" target=\"_blank\" rel=\"noreferrer noopener\"><img loading=\"lazy\" decoding=\"async\" width=\"599\" height=\"846\" src=\"https:\/\/www.sinn-schaffen.de\/agrar\/wp-content\/uploads\/sites\/15\/2022\/11\/Nahrung_statt_Agrosprit_final-T.jpg\" alt=\"\" class=\"wp-image-634\"\/><\/a><\/figure>\n<\/div>\n\n\n\n<div class=\"wp-block-column is-layout-flow wp-block-column-is-layout-flow\" style=\"flex-basis:66.66%\">\n<p>Die Berechnung des m\u00f6glichen Kalorienertrags auf Anbaufl\u00e4chen f\u00fcr Agrokraftstoff sowie den Faktencheck der Umweltverb\u00e4nde zu Agrokraftstoffen vom Juli 2022 steht <a href=\"https:\/\/www.duh.de\/fileadmin\/user_upload\/download\/Projektinformation\/Naturschutz\/Agrokraftstoffe\/Nahrung_statt_Agrosprit_final.pdf\" target=\"_blank\" rel=\"noreferrer noopener\">\u00fcber diesen Link zum Download als PDF<\/a> bereit.<\/p>\n<\/div>\n<\/div>\n","protected":false},"excerpt":{"rendered":"<p>Anbaufl\u00e4chen, die heute der Produktion von Agrokraftstoff f\u00fcr den deutschen Markt dienen, k\u00f6nnten Kalorien f\u00fcr bis zu 35 Millionen Menschen produzieren. Trotz dramatischer globaler Ern\u00e4hrungskrise und stark gestiegener Lebensmittelpreise landet 2022 in Deutschland noch mehr Essen im Tank als im Vorjahr. Gr\u00fcne und SPD d\u00fcrfen die monatelange Blockade des Verkehrsministers nicht l\u00e4nger akzeptieren: Eine Kabinettsentscheidung &hellip; <\/p>\n<p class=\"link-more\"><a href=\"https:\/\/www.sinn-schaffen.de\/agrar\/umweltverbaende-rechnen-nach-anbauflaechen-fuer-agrokraftstoffe-koennten-kalorienbedarf-von-bis-zu-35-millionen-menschen-decken\/\" class=\"more-link\"><span class=\"screen-reader-text\">\u201eUmweltverb\u00e4nde rechnen nach: Anbaufl\u00e4chen f\u00fcr Agrokraftstoffe k\u00f6nnten Kalorienbedarf von bis zu 35 Millionen Menschen decken\u201c<\/span> weiterlesen<\/a><\/p>\n","protected":false},"author":1,"featured_media":0,"parent":0,"menu_order":24,"comment_status":"closed","ping_status":"closed","template":"","meta":{"footnotes":""},"class_list":["post-637","page","type-page","status-publish","hentry"],"_links":{"self":[{"href":"https:\/\/www.sinn-schaffen.de\/agrar\/wp-json\/wp\/v2\/pages\/637","targetHints":{"allow":["GET"]}}],"collection":[{"href":"https:\/\/www.sinn-schaffen.de\/agrar\/wp-json\/wp\/v2\/pages"}],"about":[{"href":"https:\/\/www.sinn-schaffen.de\/agrar\/wp-json\/wp\/v2\/types\/page"}],"author":[{"embeddable":true,"href":"https:\/\/www.sinn-schaffen.de\/agrar\/wp-json\/wp\/v2\/users\/1"}],"replies":[{"embeddable":true,"href":"https:\/\/www.sinn-schaffen.de\/agrar\/wp-json\/wp\/v2\/comments?post=637"}],"version-history":[{"count":1,"href":"https:\/\/www.sinn-schaffen.de\/agrar\/wp-json\/wp\/v2\/pages\/637\/revisions"}],"predecessor-version":[{"id":638,"href":"https:\/\/www.sinn-schaffen.de\/agrar\/wp-json\/wp\/v2\/pages\/637\/revisions\/638"}],"wp:attachment":[{"href":"https:\/\/www.sinn-schaffen.de\/agrar\/wp-json\/wp\/v2\/media?parent=637"}],"curies":[{"name":"wp","href":"https:\/\/api.w.org\/{rel}","templated":true}]}}