{"id":678,"date":"2023-07-26T16:58:44","date_gmt":"2023-07-26T14:58:44","guid":{"rendered":"https:\/\/www.sinn-schaffen.de\/agrar\/?page_id=678"},"modified":"2023-07-26T16:58:45","modified_gmt":"2023-07-26T14:58:45","slug":"die-weltweite-wasserkrise-spitzt-sich-zu-in-millionenstaedten-der-suedlichen-hemisphaere-steht-die-wasserversorgung-vor-dem-kollaps","status":"publish","type":"page","link":"https:\/\/www.sinn-schaffen.de\/agrar\/die-weltweite-wasserkrise-spitzt-sich-zu-in-millionenstaedten-der-suedlichen-hemisphaere-steht-die-wasserversorgung-vor-dem-kollaps\/","title":{"rendered":"Die weltweite Wasserkrise spitzt sich zu: In Millionenst\u00e4dten der s\u00fcdlichen Hemisph\u00e4re steht die Wasserversorgung vor dem Kollaps"},"content":{"rendered":"\n<p><em>Das von den Vereinten Nationen gesetzte Ziel, bis 2030 alle Menschen mit Zugang zu Trinkwasser und sanit\u00e4ren Einrichtungen zu versorgen, r\u00fcckt immer weiter in die Ferne: Weltweit haben immer noch mehr als 2,2 Milliarden Menschen keinen Zugang zu Trinkwasser, 3,5 Milliarden Menschen haben keinen Zugang zu sanit\u00e4ren Anlagen. Gr\u00fcnde f\u00fcr die Wasserknappheit sind schlechte Wasserinfrastruktur und die weiterhin ungebremste Ausbeutung bestehender Wasserreserven etwa durch industrielle Landwirtschaft, Bergbau und Industrieproduktion. Ohne Wasser k\u00f6nnen weniger Nahrungsmittel produziert werden, Hygiene und Gesundheitsversorgung sind gef\u00e4hrdet, und auch der Erhalt von \u00d6kosystemen und Biodiversit\u00e4t ist an eine ausreichende und gleichm\u00e4\u00dfige Wasserversorgung gebunden.<\/em><\/p>\n\n\n\n<figure class=\"wp-block-image size-full\"><img loading=\"lazy\" decoding=\"async\" width=\"1024\" height=\"413\" src=\"https:\/\/www.sinn-schaffen.de\/agrar\/wp-content\/uploads\/sites\/15\/2023\/07\/230726-NU-brot-wasser.jpg\" alt=\"\" class=\"wp-image-674\" title=\"Foto: Nata Uchava, Freiburg\"\/><\/figure>\n\n\n\n<p><strong>(Berlin, 19. Juli 2023)<\/strong> Die Vereinten Nationen (UN) schlagen Alarm: Das von der Staatengemeinschaft gesetzte Ziel, bis 2030 alle Menschen mit Zugang zu Trinkwasser und sanit\u00e4ren Einrichtungen zu versorgen, r\u00fcckt in immer weitere Ferne. Weltweit haben immer noch mehr als 2,2 Milliarden Menschen keinen Zugang zu Trinkwasser, fast die H\u00e4lfte der Menschheit (3,5 Milliarden Menschen) hat keinen Zugang zu sanit\u00e4ren Anlagen. \u201eDabei ist das international verbrieftes Menschenrecht\u201c, erinnert Dagmar Pruin, Pr\u00e4sidentin von Brot f\u00fcr die Welt: \u201eWasser ist ein Gemeingut und keine Ware. Die Wasserversorgung f\u00fcr Menschen muss Vorrang vor Profitinteressen haben.\u201c<\/p>\n\n\n\n<p>Auf dem <a href=\"https:\/\/www.unep.org\/high-level-political-forum-2023\" target=\"_blank\" rel=\"noreferrer noopener\">\u201eHigh Level Political Forum 2023\u201c vom 10. bis 19. Juli 2023 in New York<\/a> vorgestellte aktuelle Statistiken zeigen eindeutig: Die Staatengemeinschaft muss den Ausbau der Wasserinfrastruktur massiv beschleunigen. Besonders Menschen in abgelegenen l\u00e4ndlichen Gebieten oder in informellen Siedlungen ohne Wasseranschluss leiden unter der Wasserknappheit. Dies gilt ebenso f\u00fcr Gefl\u00fcchtete und unter ihnen speziell f\u00fcr Frauen, Kinder, alte und kranke Menschen.<\/p>\n\n\n\n<p>Gr\u00fcnde f\u00fcr die Knappheit sind schlechte Wasserinfrastruktur und die weiterhin ungebremste Ausbeutung bestehender Wasserreserven \u2013 etwa durch industrielle Landwirtschaft, Bergbau und Industrieproduktion. Auch Wasserverschmutzung durch Schwermetalle, Bakterien und Pestizide bringt die Trinkwasser-Reserven in vielen Regionen an ihr Limit. Hinzu kommen langanhaltenden D\u00fcrren, wie etwa in Ostafrika oder auch Uruguay. \u201eDie Klimakrise versch\u00e4rft die Situation schon heute. D\u00fcrren nehmen zu, \u00dcberschwemmungen zerst\u00f6ren wichtige Infrastruktur\u201c, sagt Pruin. \u201eDie Politik muss dem Schutz der Grundwassersysteme Vorrang vor wirtschaftlichen Aktivit\u00e4ten einr\u00e4umen und den Klimaschutz endlich intensivieren.\u201c<\/p>\n\n\n\n<p>Eine unzureichende Wasserversorgung gef\u00e4hrdet die menschliche Entwicklung insgesamt: Ohne Wasser k\u00f6nnen weniger Nahrungsmittel produziert werden, Hygiene und Gesundheitsversorgung sind gef\u00e4hrdet. Auch der Erhalt von \u00d6kosystemen und Biodiversit\u00e4t ist an eine ausreichende und gleichm\u00e4\u00dfige Wasserversorgung gebunden.<\/p>\n\n\n\n<p><strong>Hintergrund<\/strong><\/p>\n\n\n\n<p>2015 haben die UN die Agenda 2030 ins Leben gerufen. Sie enth\u00e4lt 17 Entwicklungsziele, die bis 2030 das Leben der Menschen auf nachhaltige Weise verbessern sollen. Zur \u00dcberpr\u00fcfung dieser Ziele werden jedes Jahr auf dem High Level Political Forum (HLPF) der UN jeweils f\u00fcnf dieser Ziele genauer untersucht. Dieses Jahr geht es unter anderem um die Verbesserung der Wasserversorgung, um eine nachhaltige Stadtentwicklung und den Ausbau erneuerbarer Energien.<\/p>\n\n\n\n<div class=\"wp-block-columns is-layout-flex wp-container-core-columns-is-layout-9d6595d7 wp-block-columns-is-layout-flex\">\n<div class=\"wp-block-column is-layout-flow wp-block-column-is-layout-flow\" style=\"flex-basis:33.33%\">\n<figure class=\"wp-block-image size-full\"><a href=\"https:\/\/www.brot-fuer-die-welt.de\/ueber-uns\/personen\/dagmar-pruin\/\" target=\"_blank\" rel=\"noreferrer noopener\"><img loading=\"lazy\" decoding=\"async\" width=\"700\" height=\"417\" src=\"https:\/\/www.sinn-schaffen.de\/agrar\/wp-content\/uploads\/sites\/15\/2022\/07\/Dagmar-Pruin-Hermann-Bredehorst-Brot-fuer-die-Welt-q.jpg\" alt=\"\" class=\"wp-image-617\" title=\"Foto: Brot f\u00fcr die Welt\"\/><\/a><\/figure>\n<\/div>\n\n\n\n<div class=\"wp-block-column is-layout-flow wp-block-column-is-layout-flow\" style=\"flex-basis:66.66%\">\n<p><a href=\"https:\/\/www.brot-fuer-die-welt.de\/ueber-uns\/personen\/dagmar-pruin\/\" target=\"_blank\" rel=\"noreferrer noopener\">Dagmar Pruin<\/a> ist Pr\u00e4sidentin von <a href=\"https:\/\/www.brot-fuer-die-welt.de\/\" target=\"_blank\" rel=\"noreferrer noopener\">Brot f\u00fcr die Welt<\/a>.<\/p>\n\n\n\n<figure class=\"wp-block-image size-full is-resized\"><a href=\"https:\/\/www.brot-fuer-die-welt.de\/\" target=\"_blank\" rel=\"noreferrer noopener\"><img loading=\"lazy\" decoding=\"async\" src=\"https:\/\/www.sinn-schaffen.de\/agrar\/wp-content\/uploads\/sites\/15\/2018\/10\/BrotFuerDieWeltLogo.gif\" alt=\"\" class=\"wp-image-60\" width=\"197\" height=\"101\"\/><\/a><\/figure>\n<\/div>\n<\/div>\n\n\n\n<div class=\"wp-block-columns is-layout-flex wp-container-core-columns-is-layout-9d6595d7 wp-block-columns-is-layout-flex\">\n<div class=\"wp-block-column is-layout-flow wp-block-column-is-layout-flow\" style=\"flex-basis:33.33%\">\n<figure class=\"wp-block-image size-full\"><a href=\"https:\/\/www.unwater.org\/sites\/default\/files\/2023-07\/blueprint_for_acceleration_sdg_6_synthesis_report_on_water_and_sanitation_2023_web_version.pdf\" target=\"_blank\" rel=\"noreferrer noopener\"><img loading=\"lazy\" decoding=\"async\" width=\"616\" height=\"796\" src=\"https:\/\/www.sinn-schaffen.de\/agrar\/wp-content\/uploads\/sites\/15\/2023\/07\/blueprint_for_acceleration_sdg_6_synthesis_report_on_water_and_sanitation_2023-T.jpg\" alt=\"\" class=\"wp-image-675\"\/><\/a><\/figure>\n<\/div>\n\n\n\n<div class=\"wp-block-column is-layout-flow wp-block-column-is-layout-flow\" style=\"flex-basis:66.66%\">\n<p>Der UN-Statusbericht 2023 zum Nachhaltigen Entwicklungsziel Wasser und Verbesserung der Hygiene steht <a href=\"https:\/\/www.unwater.org\/sites\/default\/files\/2023-07\/blueprint_for_acceleration_sdg_6_synthesis_report_on_water_and_sanitation_2023_web_version.pdf\" target=\"_blank\" rel=\"noreferrer noopener\">\u00fcber diesen Link zum Download als PDF<\/a> bereit.<\/p>\n<\/div>\n<\/div>\n","protected":false},"excerpt":{"rendered":"<p>Das von den Vereinten Nationen gesetzte Ziel, bis 2030 alle Menschen mit Zugang zu Trinkwasser und sanit\u00e4ren Einrichtungen zu versorgen, r\u00fcckt immer weiter in die Ferne: Weltweit haben immer noch mehr als 2,2 Milliarden Menschen keinen Zugang zu Trinkwasser, 3,5 Milliarden Menschen haben keinen Zugang zu sanit\u00e4ren Anlagen. Gr\u00fcnde f\u00fcr die Wasserknappheit sind schlechte Wasserinfrastruktur &hellip; <\/p>\n<p class=\"link-more\"><a href=\"https:\/\/www.sinn-schaffen.de\/agrar\/die-weltweite-wasserkrise-spitzt-sich-zu-in-millionenstaedten-der-suedlichen-hemisphaere-steht-die-wasserversorgung-vor-dem-kollaps\/\" class=\"more-link\"><span class=\"screen-reader-text\">\u201eDie weltweite Wasserkrise spitzt sich zu: In Millionenst\u00e4dten der s\u00fcdlichen Hemisph\u00e4re steht die Wasserversorgung vor dem Kollaps\u201c<\/span> weiterlesen<\/a><\/p>\n","protected":false},"author":1,"featured_media":0,"parent":0,"menu_order":18,"comment_status":"closed","ping_status":"closed","template":"","meta":{"footnotes":""},"class_list":["post-678","page","type-page","status-publish","hentry"],"_links":{"self":[{"href":"https:\/\/www.sinn-schaffen.de\/agrar\/wp-json\/wp\/v2\/pages\/678","targetHints":{"allow":["GET"]}}],"collection":[{"href":"https:\/\/www.sinn-schaffen.de\/agrar\/wp-json\/wp\/v2\/pages"}],"about":[{"href":"https:\/\/www.sinn-schaffen.de\/agrar\/wp-json\/wp\/v2\/types\/page"}],"author":[{"embeddable":true,"href":"https:\/\/www.sinn-schaffen.de\/agrar\/wp-json\/wp\/v2\/users\/1"}],"replies":[{"embeddable":true,"href":"https:\/\/www.sinn-schaffen.de\/agrar\/wp-json\/wp\/v2\/comments?post=678"}],"version-history":[{"count":1,"href":"https:\/\/www.sinn-schaffen.de\/agrar\/wp-json\/wp\/v2\/pages\/678\/revisions"}],"predecessor-version":[{"id":679,"href":"https:\/\/www.sinn-schaffen.de\/agrar\/wp-json\/wp\/v2\/pages\/678\/revisions\/679"}],"wp:attachment":[{"href":"https:\/\/www.sinn-schaffen.de\/agrar\/wp-json\/wp\/v2\/media?parent=678"}],"curies":[{"name":"wp","href":"https:\/\/api.w.org\/{rel}","templated":true}]}}