{"id":697,"date":"2023-08-23T15:32:02","date_gmt":"2023-08-23T13:32:02","guid":{"rendered":"https:\/\/www.sinn-schaffen.de\/agrar\/?page_id=697"},"modified":"2023-08-23T15:35:31","modified_gmt":"2023-08-23T13:35:31","slug":"werbeschranken-fuer-ungesunde-lebensmittel-mehr-als-60-organisationen-appellieren-an-fdp-parteichef-christian-lindner-fuer-schutz-von-kindern","status":"publish","type":"page","link":"https:\/\/www.sinn-schaffen.de\/agrar\/werbeschranken-fuer-ungesunde-lebensmittel-mehr-als-60-organisationen-appellieren-an-fdp-parteichef-christian-lindner-fuer-schutz-von-kindern\/","title":{"rendered":"Werbeschranken f\u00fcr ungesunde Lebensmittel: Mehr als 60 Organisationen appellieren an FDP-Parteichef Christian Lindner f\u00fcr Schutz von Kindern"},"content":{"rendered":"\n<p><em>Mediennutzende Kinder zwischen drei und 13 Jahren sehen pro Tag im Schnitt 15 Werbespots f\u00fcr ungesunde Lebensmittel; 92 Prozent der gesamten Werbung, die Kinder wahrnehmen, vermarktet ungesunde Lebensmittel wie Fast Food, Snacks oder S\u00fc\u00dfigkeiten. Anders als FDP-Vertreter:innen es darstellen, sind Werbeschranken f\u00fcr ungesunde Lebensmittel weder eine Beschneidung der pers\u00f6nlichen Freiheit noch staatliche Bevormundung. Die Weltgesundheitsorganisation (WHO) empfiehlt, Junkfood-Werbung gesetzlich einzuschr\u00e4nken; Werbeschranken m\u00fcssten verbindlich sein, Kinder aller Altersgruppen sch\u00fctzen und auf konkreten Grenzwerten f\u00fcr Zucker, Fett und Salz basieren.<\/em><\/p>\n\n\n\n<figure class=\"wp-block-image size-full\"><img loading=\"lazy\" decoding=\"async\" width=\"1024\" height=\"413\" src=\"https:\/\/www.sinn-schaffen.de\/agrar\/wp-content\/uploads\/sites\/15\/2023\/08\/230823-NU-foodwatch-Zucker.jpg\" alt=\"\" class=\"wp-image-691\" title=\"Foto: Nata Uchava, Freiburg\"\/><\/figure>\n\n\n\n<p><strong>(Berlin, 21. August 2023)<\/strong> Mehr als 60 Organisationen appellieren an FDP-Parteichef Christian Lindner, die von Bundesern\u00e4hrungsminister Cem \u00d6zdemir geplanten Werbeschranken f\u00fcr Lebensmittel mit einem hohen Zucker-, Fett- oder Salzgehalt zu unterst\u00fctzen. Mit \u201egro\u00dfer Sorge\u201c blicke man auf die ablehnenden \u00c4u\u00dferungen von Parteivertreter:innen der FDP zu den Pl\u00e4nen f\u00fcr Kinderschutz, hei\u00dft es in dem offenen Brief an die Parteispitze, den zahlreiche Verb\u00e4nde, wie medizinisch-wissenschaftliche Fachgesellschaften, Kinderrechtsorganisationen, Eltern- und P\u00e4dagogikverb\u00e4nde, Verbraucherschutz- und Ern\u00e4hrungsorganisationen sowie \u00c4rzteverb\u00e4nde und Krankenkassen unterzeichnet haben. Umfassende Werbeschranken f\u00fcr unausgewogene Lebensmittel seien ein wichtiges Instrument zur F\u00f6rderung einer gesunden Ern\u00e4hrung bei Kindern, mahnt das B\u00fcndnis. Mit ihrer Blockadehaltung stelle sich die FDP gegen den einhelligen Konsens in der Wissenschaft und Zivilgesellschaft.<\/p>\n\n\n\n<p>\u201eDie Blockadehaltung der FDP beim Kinderschutz wirft kein gutes Licht auf die Partei und steht im Widerspruch zum liberalen Leitbild der Chancengerechtigkeit\u201c, erkl\u00e4rt Barbara Bitzer, Gesch\u00e4ftsf\u00fchrerin der Deutschen Diabetes Gesellschaft (DDG) und Sprecherin der Deutschen Allianz Nicht\u00fcbertragbare Krankheiten (DANK). \u201eM\u00f6glichst allen Kindern ein gesundes Aufwachsen zu erm\u00f6glichen und ern\u00e4hrungsbedingte Krankheiten zu verhindern, muss im ureigenen Interesse einer Wirtschaftspartei liegen. Werbeschranken f\u00fcr Ungesundes k\u00f6nnten einen Beitrag daf\u00fcr leisten, wenn die FDP nicht l\u00e4nger auf der Bremse steht\u201c, fordert Bitzer.<\/p>\n\n\n\n<p>Anders als FDP-Vertreter:innen es darstellten, seien Werbeschranken f\u00fcr ungesunde Lebensmittel weder eine Beschneidung der pers\u00f6nlichen Freiheit noch staatliche Bevormundung. Vielmehr beeinflusse Werbung f\u00fcr unausgewogene Produkte \u201enachweislich die Pr\u00e4ferenzen, das Kaufverhalten und das Essverhalten von Kindern in negativer Weise\u201c, schreiben die Organisationen in dem offenen Brief. \u201eWenn Kinder und Jugendliche \u2013 in Folge einer Regulierung \u2013 weniger Werbung f\u00fcr ungesunde Lebensmittel ausgesetzt werden, st\u00e4rkt das die souver\u00e4ne und freie Entscheidung der Familien \u00fcber die Ern\u00e4hrungsweise ihrer Kinder\u201c, so das B\u00fcndnis. Die FDP-gef\u00fchrten Ministerien blockieren seit Monaten das im Koalitionsvertrag vereinbarte Gesetzesvorhaben von Bundesern\u00e4hrungsminister Cem \u00d6zdemir in der Ressortabstimmung. F\u00fchrende FDP-Vertreter:innen machen zudem \u00f6ffentlich Stimmung gegen die Pl\u00e4ne.<\/p>\n\n\n\n<p>\u201eDeutschland hat mit der UN-Kinderrechtskonvention das Recht des Kindes auf das erreichbare H\u00f6chstma\u00df an Gesundheit anerkannt \u2013 es ist an der Zeit, auch im Bereich der Lebensmittelwerbung danach zu handeln. Die Ampel-Koalition sollte Kinder umfassend vor sch\u00e4dlichen werblichen Einfl\u00fcssen sch\u00fctzen. Das ist keine Frage der Eigenverantwortung, Kinder sind schlie\u00dflich keine kleinen Erwachsenen\u201c, erg\u00e4nzt Oliver Huizinga, Politischer Gesch\u00e4ftsf\u00fchrer der Deutschen Adipositas-Gesellschaft (DAG).<\/p>\n\n\n\n<p>Mit ihrer Blockade haben die Liberalen dem Ern\u00e4hrungsminister bereits Zugest\u00e4ndnisse abgerungen: Eigentlich hatte \u00d6zdemir geplant, die Werbung f\u00fcr unausgewogene Lebensmittel im TV und H\u00f6rfunk tags\u00fcber zwischen 6 und 23 Uhr grunds\u00e4tzlich zu untersagen. Auf Druck der FDP beschr\u00e4nkt sich die Regelung nun wochentags nur noch auf die Abendstunden, wenn besonders viele Kinder Medien nutzen. Auch f\u00fcr Plakatwerbung soll es nun lediglich eine 100-Meter-Bannmeile um Kitas und Schulen, nicht aber um Spielpl\u00e4tze und Freizeiteinrichtungen geben. Die FDP will jedoch auch den Kompromissvorschlag \u00d6zdemirs nicht unterst\u00fctzen.<\/p>\n\n\n\n<p>\u201eEin Gro\u00dfteil der Verbraucher:innen bef\u00fcrwortet umfangreiche Regelungen zum Schutz der Kinder. Eine umfassende\u202fRegulierung von Werbung f\u00fcr Ungesundes ist \u00fcberf\u00e4llig, die Zeit der wirkungslosen freiwilligen Selbstverpflichtungen ist vorbei.\u202fGesunde Ern\u00e4hrungsumgebungen sind ein wichtiger Beitrag zum Kinderschutz. Daf\u00fcr muss die Koalition den Weg freimachen\u201c, sagt Ramona Pop, Vorst\u00e4ndin des Verbraucherzentrale Bundesverbands (vzbv).<\/p>\n\n\n\n<p>Laut einer Studie der Universit\u00e4t Hamburg sehen mediennutzende Kinder zwischen drei und 13 Jahren pro Tag im Schnitt 15 Werbespots f\u00fcr ungesunde Lebensmittel. 92 Prozent der gesamten Werbung, die Kinder wahrnehmen, vermarktet ungesunde Lebensmittel wie Fast Food, Snacks oder S\u00fc\u00dfigkeiten. Allein die S\u00fc\u00dfwarenindustrie in Deutschland hat 2022 knapp eine Milliarde Euro f\u00fcr Werbung ausgegeben. Um Fehlern\u00e4hrung bei Kindern zu bek\u00e4mpfen, empfahl die Weltgesundheitsorganisation (WHO) erst k\u00fcrzlich, Junkfood-Werbung gesetzlich einzuschr\u00e4nken. Der WHO zufolge m\u00fcssen Werbeschranken verbindlich sein, Kinder aller Altersgruppen sch\u00fctzen und auf konkreten Grenzwerten f\u00fcr Zucker, Fett und Salz basieren. Die Beschr\u00e4nkungen sollten die Exposition von Kindern gegen\u00fcber Werbung f\u00fcr Ungesundes verringern und d\u00fcrften nicht allein im Umfeld von Kindersendungen greifen.<\/p>\n\n\n\n<p>\u201eKinder leben nicht in einer Blase. Etwa jede Dritte der bei Kindern unter 14 Jahren beliebtesten Sendungen ist keine klassische Kindersendung, sondern ein Familienfilm, eine Castingshow oder eine Sport\u00fcbertragung. Gerade in der abendlichen Primetime \u00fcbersch\u00fcttet die Lebensmittelindustrie Kinder mit Junkfood-Werbung \u2013 genau hier m\u00fcssen die Werbeschranken greifen, sonst ist nichts gewonnen\u201c, erg\u00e4nzt Luise Molling von foodwatch.<\/p>\n\n\n\n<p>Kinder essen mehr als doppelt so viel S\u00fc\u00dfigkeiten, aber nur halb so viel Obst und Gem\u00fcse wie empfohlen. Den letzten repr\u00e4sentativen Messungen zufolge sind etwa 15 Prozent der Kinder und Jugendlichen von \u00dcbergewicht und sechs Prozent sogar von starkem \u00dcbergewicht (Adipositas) betroffen. Ihnen drohen im sp\u00e4teren Leben Krankheiten wie Typ-2-Diabetes, Gelenkprobleme, Bluthochdruck und Herzerkrankungen. Jeder siebte Todesfall in Deutschland ist laut Daten der Organisation f\u00fcr wirtschaftliche Zusammenarbeit und Entwicklung (OECD) auf ungesunde Ern\u00e4hrung zur\u00fcckzuf\u00fchren.<\/p>\n\n\n\n<div class=\"wp-block-columns is-layout-flex wp-container-core-columns-is-layout-9d6595d7 wp-block-columns-is-layout-flex\">\n<div class=\"wp-block-column is-layout-flow wp-block-column-is-layout-flow\" style=\"flex-basis:33.33%\">\n<figure class=\"wp-block-image size-full\"><a href=\"https:\/\/www.foodwatch.org\/de\/ueber-uns\/team\/luise-molling?cookieLevel=not-set&amp;cHash=7f2309bd0436db038bdd8fe3a4055fdf\" target=\"_blank\" rel=\"noreferrer noopener\"><img loading=\"lazy\" decoding=\"async\" width=\"450\" height=\"323\" src=\"https:\/\/www.sinn-schaffen.de\/agrar\/wp-content\/uploads\/sites\/15\/2020\/06\/foodwatch_Luise_Molling-quer.jpg\" alt=\"\" class=\"wp-image-230\" title=\"Foto: foodwatch\"\/><\/a><\/figure>\n<\/div>\n\n\n\n<div class=\"wp-block-column is-layout-flow wp-block-column-is-layout-flow\" style=\"flex-basis:66.66%\">\n<p><\/p>\n\n\n\n<p><a href=\"https:\/\/www.foodwatch.org\/de\/ueber-uns\/team\/luise-molling?cookieLevel=not-set&amp;cHash=7f2309bd0436db038bdd8fe3a4055fdf\" data-type=\"link\" data-id=\"https:\/\/www.foodwatch.org\/de\/ueber-uns\/team\/luise-molling?cookieLevel=not-set&amp;cHash=7f2309bd0436db038bdd8fe3a4055fdf\" target=\"_blank\" rel=\"noreferrer noopener\">Luise Molling<\/a> verantwortet Kampagnen zu den Themen \u00dcbergewichtspr\u00e4vention und Kindermarketing im Lebensmittelbereich bei <a href=\"https:\/\/www.foodwatch.org\/de\/startseite\" target=\"_blank\" data-type=\"link\" data-id=\"https:\/\/www.foodwatch.org\/de\/startseite\" rel=\"noreferrer noopener\">foodwatch<\/a>.<\/p>\n\n\n\n<figure class=\"wp-block-image size-full is-resized\"><a href=\"https:\/\/www.foodwatch.org\/de\/startseite\" target=\"_blank\" rel=\"noreferrer noopener\"><img loading=\"lazy\" decoding=\"async\" src=\"https:\/\/www.sinn-schaffen.de\/agrar\/wp-content\/uploads\/sites\/15\/2019\/09\/foodwatch-logo.jpg\" alt=\"\" class=\"wp-image-154\" style=\"width:342px;height:178px\" width=\"342\" height=\"178\"\/><\/a><\/figure>\n<\/div>\n<\/div>\n\n\n\n<div class=\"wp-block-columns is-layout-flex wp-container-core-columns-is-layout-9d6595d7 wp-block-columns-is-layout-flex\">\n<div class=\"wp-block-column is-layout-flow wp-block-column-is-layout-flow\" style=\"flex-basis:33.33%\">\n<figure class=\"wp-block-image size-full\"><a href=\"https:\/\/apps.who.int\/iris\/rest\/bitstreams\/1514114\/retrieve\" target=\"_blank\" rel=\"noreferrer noopener\"><img loading=\"lazy\" decoding=\"async\" width=\"599\" height=\"846\" src=\"https:\/\/www.sinn-schaffen.de\/agrar\/wp-content\/uploads\/sites\/15\/2023\/08\/WHO-Guileline-230822-T.jpg\" alt=\"\" class=\"wp-image-694\"\/><\/a><\/figure>\n<\/div>\n\n\n\n<div class=\"wp-block-column is-layout-flow wp-block-column-is-layout-flow\" style=\"flex-basis:66.66%\">\n<p><\/p>\n\n\n\n<p>Die WHO-Empfehlungen f\u00fcr Werbeschranken zum Schutz von Kindern stehen <a href=\"https:\/\/apps.who.int\/iris\/rest\/bitstreams\/1514114\/retrieve\" data-type=\"link\" data-id=\"https:\/\/apps.who.int\/iris\/rest\/bitstreams\/1514114\/retrieve\" target=\"_blank\" rel=\"noopener\">\u00fcber diesen Link zum Download als PDF<\/a> bereit.<\/p>\n<\/div>\n<\/div>\n\n\n\n<div class=\"wp-block-columns is-layout-flex wp-container-core-columns-is-layout-9d6595d7 wp-block-columns-is-layout-flex\">\n<div class=\"wp-block-column is-layout-flow wp-block-column-is-layout-flow\" style=\"flex-basis:33.33%\">\n<figure class=\"wp-block-image size-full\"><a href=\"https:\/\/www.foodwatch.org\/fileadmin\/-DE\/Themen\/Kinderernaehrung\/Dokumente\/Offener_Brief_an_die_FDP_Kinderschutz_in_der_Lebensmittelwerbung.pdf\" target=\"_blank\" rel=\"noreferrer noopener\"><img loading=\"lazy\" decoding=\"async\" width=\"599\" height=\"846\" src=\"https:\/\/www.sinn-schaffen.de\/agrar\/wp-content\/uploads\/sites\/15\/2023\/08\/Offener_Brief_an_die_FDP_Kinderschutz_in_der_Lebensmittelwerbung-T.jpg\" alt=\"\" class=\"wp-image-692\"\/><\/a><\/figure>\n<\/div>\n\n\n\n<div class=\"wp-block-column is-layout-flow wp-block-column-is-layout-flow\" style=\"flex-basis:66.66%\">\n<p><\/p>\n\n\n\n<p>Der Offene Brief an Christian Lindner steht <a href=\"https:\/\/www.foodwatch.org\/fileadmin\/-DE\/Themen\/Kinderernaehrung\/Dokumente\/Offener_Brief_an_die_FDP_Kinderschutz_in_der_Lebensmittelwerbung.pdf\" target=\"_blank\" data-type=\"link\" data-id=\"https:\/\/apps.who.int\/iris\/rest\/bitstreams\/1514114\/retrieve\" rel=\"noreferrer noopener\">\u00fcber diesen Link zum Download als PDF<\/a> bereit.<\/p>\n<\/div>\n<\/div>\n\n\n\n<p><strong>Den offenen Brief an die FDP-Parteispitze unterzeichneten:<\/strong><\/p>\n\n\n\n<ul class=\"wp-block-list\">\n<li>AOK-Bundesverband<\/li>\n\n\n\n<li>Aktion gegen den Hunger<\/li>\n\n\n\n<li>Arbeitsgemeinschaft Adipositas im Kindes- und Jugendalter (AGA) der DAG<\/li>\n\n\n\n<li>Arbeiterwohlfahrt Bundesverband (AWO)<\/li>\n\n\n\n<li>Berliner Landesarbeitsgemeinschaft Umwelt und Entwicklung (BLUE 21)<\/li>\n\n\n\n<li>Berufsverband der Kinder- und Jugend\u00e4rzte (BVKJ)<\/li>\n\n\n\n<li>Berufsverband Deutscher Psychologinnen und Psychologen (BDP)<\/li>\n\n\n\n<li>Bundesarbeitsgemeinschaft Kommunale Kinderinteressenvertretungen (BAG Kinderinteressen)<\/li>\n\n\n\n<li>Bundeselternvertretung der Kinder in Kindertageseinrichtungen und Kindertagespflege (BEVKi)<\/li>\n\n\n\n<li>Bundeselternnetzwerk der Migrantenorganisationen f\u00fcr Bildung &amp; Teilhabe (bbt)<\/li>\n\n\n\n<li>Bundesvertretung der Medizinstudierenden in Deutschland (bvmd)<\/li>\n\n\n\n<li>Bundeszahn\u00e4rztekammer (BZ\u00c4K)<\/li>\n\n\n\n<li>D\u2022A\u2022CH-Gesellschaft Pr\u00e4vention von Herz-Kreislauf-Erkrankungen<\/li>\n\n\n\n<li>Deutsche Adipositas-Gesellschaft (DAG)<\/li>\n\n\n\n<li>Deutsche Allianz Nicht\u00fcbertragbare Krankheiten (DANK)<\/li>\n\n\n\n<li>Deutsche Diabetes Gesellschaft (DDG)<\/li>\n\n\n\n<li>Deutsche Diabetes Stiftung (DDS)<\/li>\n\n\n\n<li>Deutsche Gesellschaft f\u00fcr Demokratiep\u00e4dagogik (DeGeDe)<\/li>\n\n\n\n<li>Deutsche Gesellschaft f\u00fcr Epidemiologie (DGEpi)<\/li>\n\n\n\n<li>Deutsche Gesellschaft f\u00fcr Ern\u00e4hrungsmedizin (DGEM)<\/li>\n\n\n\n<li>Deutsche Gesellschaft f\u00fcr Gastroenterologie, Verdauungs- und Stoffwechselkrankheiten (DGVS)<\/li>\n\n\n\n<li>Deutsche Gesellschaft f\u00fcr Hauswirtschaft (dgh)<\/li>\n\n\n\n<li>Deusche Gesellschaft f\u00fcr Kardiologie (DGK)<\/li>\n\n\n\n<li>Deutsche Gesellschaft f\u00fcr Kinder- und Jugendmedizin (DGKJ)<\/li>\n\n\n\n<li>Deutsche Gesellschaft f\u00fcr Medizinische Soziologie (DGMS)<\/li>\n\n\n\n<li>Deutsche Gesellschaft f\u00fcr Nephrologie (DGfN)<\/li>\n\n\n\n<li>Deutsche Gesellschaft f\u00fcr Sozialmedizin und Pr\u00e4vention (DGSMP)<\/li>\n\n\n\n<li>Deutsche Krebshilfe<\/li>\n\n\n\n<li>Deutsche Liga f\u00fcr das Kind<\/li>\n\n\n\n<li>Deutsche Umwelthilfe (DUH)<\/li>\n\n\n\n<li>Deutsches Krebsforschungszentrum (DKFZ)<\/li>\n\n\n\n<li>Deutsches Kinderhilfswerk (DKHW)<\/li>\n\n\n\n<li>Deutsches Netzwerk Schulverpflegung (DNSV)<\/li>\n\n\n\n<li>Deutsches Netzwerk Versorgungsforschung (DNVF)<\/li>\n\n\n\n<li>Deutscher Frauenring (DFR)<\/li>\n\n\n\n<li>diabetesDE \u2013 Deutsche Diabetes-Hilfe<\/li>\n\n\n\n<li>Die Freien B\u00e4cker<\/li>\n\n\n\n<li>FIAN Deutschland<\/li>\n\n\n\n<li>foodwatch Deutschland<\/li>\n\n\n\n<li>Forum \u00d6kologie &amp; Papier<\/li>\n\n\n\n<li>Gesellschaft f\u00fcr P\u00e4diatrische Gastroenterologie und Ern\u00e4hrung (GPGE)<\/li>\n\n\n\n<li>Institut f\u00fcr Urban Public Health, Universit\u00e4tsklinikum Essen<\/li>\n\n\n\n<li>Institut f\u00fcr Weltern\u00e4hrung<\/li>\n\n\n\n<li>Internationaler Bund (IB)<\/li>\n\n\n\n<li>Jugend der Deutschen Lebens-Rettungs-Gesellschaft (DLRG-Jugend)<\/li>\n\n\n\n<li>Katholische Erziehergemeinschaft (KEG) Deutschlands<\/li>\n\n\n\n<li>Kompetenznetz Adipositas<\/li>\n\n\n\n<li>National Coalition Deutschland \u2013 Netzwerk zur Umsetzung der UN-Kinderrechtskonvention<\/li>\n\n\n\n<li>PAN International &#8211; Physicians Association for Nutrition<\/li>\n\n\n\n<li>Sarah Wiener Stiftung<\/li>\n\n\n\n<li>Slow Food Deutschland<\/li>\n\n\n\n<li>Spielmobile \u2013 Bundesarbeitsgemeinschaft der mobilen kulturellen Projekte<\/li>\n\n\n\n<li>Stiftung Bildung<\/li>\n\n\n\n<li>Stiftung Kindergesundheit<\/li>\n\n\n\n<li>Verband der Diabetes-Beratungs- und Schulungsberufe in Deutschland (VDBD)<\/li>\n\n\n\n<li>Verband der Di\u00e4tassistenten (VDD)<\/li>\n\n\n\n<li>Verband Wohneigentum (VWE)<\/li>\n\n\n\n<li>VerbraucherService Bundesverband im Katholischen Deutschen Frauenbund<\/li>\n\n\n\n<li>Verbraucherzentrale Bundesverband (vzbv)<\/li>\n\n\n\n<li>WWF Deutschland<\/li>\n\n\n\n<li>Zentrum f\u00fcr Ern\u00e4hrungsmedizin und Pr\u00e4vention \u2013 ZEP, Krankenhaus Barmherzige Br\u00fcder M\u00fcnchen<\/li>\n<\/ul>\n","protected":false},"excerpt":{"rendered":"<p>Mediennutzende Kinder zwischen drei und 13 Jahren sehen pro Tag im Schnitt 15 Werbespots f\u00fcr ungesunde Lebensmittel; 92 Prozent der gesamten Werbung, die Kinder wahrnehmen, vermarktet ungesunde Lebensmittel wie Fast Food, Snacks oder S\u00fc\u00dfigkeiten. Anders als FDP-Vertreter:innen es darstellen, sind Werbeschranken f\u00fcr ungesunde Lebensmittel weder eine Beschneidung der pers\u00f6nlichen Freiheit noch staatliche Bevormundung. Die Weltgesundheitsorganisation &hellip; <\/p>\n<p class=\"link-more\"><a href=\"https:\/\/www.sinn-schaffen.de\/agrar\/werbeschranken-fuer-ungesunde-lebensmittel-mehr-als-60-organisationen-appellieren-an-fdp-parteichef-christian-lindner-fuer-schutz-von-kindern\/\" class=\"more-link\"><span class=\"screen-reader-text\">\u201eWerbeschranken f\u00fcr ungesunde Lebensmittel: Mehr als 60 Organisationen appellieren an FDP-Parteichef Christian Lindner f\u00fcr Schutz von Kindern\u201c<\/span> weiterlesen<\/a><\/p>\n","protected":false},"author":1,"featured_media":0,"parent":0,"menu_order":15,"comment_status":"closed","ping_status":"closed","template":"","meta":{"footnotes":""},"class_list":["post-697","page","type-page","status-publish","hentry"],"_links":{"self":[{"href":"https:\/\/www.sinn-schaffen.de\/agrar\/wp-json\/wp\/v2\/pages\/697","targetHints":{"allow":["GET"]}}],"collection":[{"href":"https:\/\/www.sinn-schaffen.de\/agrar\/wp-json\/wp\/v2\/pages"}],"about":[{"href":"https:\/\/www.sinn-schaffen.de\/agrar\/wp-json\/wp\/v2\/types\/page"}],"author":[{"embeddable":true,"href":"https:\/\/www.sinn-schaffen.de\/agrar\/wp-json\/wp\/v2\/users\/1"}],"replies":[{"embeddable":true,"href":"https:\/\/www.sinn-schaffen.de\/agrar\/wp-json\/wp\/v2\/comments?post=697"}],"version-history":[{"count":5,"href":"https:\/\/www.sinn-schaffen.de\/agrar\/wp-json\/wp\/v2\/pages\/697\/revisions"}],"predecessor-version":[{"id":702,"href":"https:\/\/www.sinn-schaffen.de\/agrar\/wp-json\/wp\/v2\/pages\/697\/revisions\/702"}],"wp:attachment":[{"href":"https:\/\/www.sinn-schaffen.de\/agrar\/wp-json\/wp\/v2\/media?parent=697"}],"curies":[{"name":"wp","href":"https:\/\/api.w.org\/{rel}","templated":true}]}}