{"id":708,"date":"2023-08-25T17:17:33","date_gmt":"2023-08-25T15:17:33","guid":{"rendered":"https:\/\/www.sinn-schaffen.de\/agrar\/?page_id=708"},"modified":"2023-08-25T17:17:34","modified_gmt":"2023-08-25T15:17:34","slug":"klimabedingte-wasserunsicherheit-wird-global-zu-mehr-hunger-krankheiten-und-vertreibung-fuehren","status":"publish","type":"page","link":"https:\/\/www.sinn-schaffen.de\/agrar\/klimabedingte-wasserunsicherheit-wird-global-zu-mehr-hunger-krankheiten-und-vertreibung-fuehren\/","title":{"rendered":"Klimabedingte Wasserunsicherheit wird global zu mehr Hunger, Krankheiten und Vertreibung f\u00fchren"},"content":{"rendered":"\n<p><em>Die durch \u00d6l, Kohle und Gas befeuerte Klimakatastrophe kommt bei den Menschen global als Wasserkrise an; bereits jetzt f\u00fchrt die weltweite \u00dcberhitzung sichtbar zu mehr \u00dcberschwemmungen und D\u00fcrren. Oxfam fordert, dass Regierungen ihre Aufmerksamkeit grundlegend neu ausrichten und Investitionen in Wassersysteme als politische Priorit\u00e4t betrachten. Der enorme Mangel an Investitionen in Wasserinfrastruktur macht viele L\u00e4nder anf\u00e4lliger f\u00fcr humanit\u00e4re Katastrophen.<\/em><\/p>\n\n\n\n<figure class=\"wp-block-image size-full\"><img loading=\"lazy\" decoding=\"async\" width=\"1024\" height=\"413\" src=\"https:\/\/www.sinn-schaffen.de\/agrar\/wp-content\/uploads\/sites\/15\/2023\/08\/230825-NU-oxfam.jpg\" alt=\"\" class=\"wp-image-703\" title=\"Foto: Nata Uchava, Freiburg\"\/><\/figure>\n\n\n\n<p><strong>(Berlin, 24.08.2023)<\/strong> Mehr \u00dcberflutungen, mehr D\u00fcrren, mehr Malaria \u2013 die Welt steht vor einer globalen Wasserkrise. Verursacht wird sie zu einem gro\u00dfen Teil durch die menschengemachte Klimakatastrophe. Das diagnostiziert der neue Oxfam-Bericht \u201eWater Dilemmas\u201c und zeigt auf, wie sich die globale \u00dcberhitzung in verschiedenen Regionen auf die Wasserversorgung auswirken wird. Gleichzeitig gibt es immer weniger Gelder f\u00fcr Hilfsma\u00dfnahmen.<\/p>\n\n\n\n<p>Der Oxfam-Bericht \u201eWater Dilemmas\u201c untersucht die Auswirkungen der klimabedingten Wasserverknappung in verschiedenen Regionen (Asien, Naher Osten, Westafrika sowie Horn, Ost- und Zentralafrika).<\/p>\n\n\n\n<p><strong>Ostafrika: Hitzewellen und \u00dcberschwemmungen<\/strong><\/p>\n\n\n\n<ul class=\"wp-block-list\">\n<li>Demnach k\u00f6nnten Hitzeperioden in Ostafrika bis 2040 um bis zu 15 Prozent intensiver ausfallen. Gleichzeitig k\u00f6nnten Niederschl\u00e4ge in der Region um acht Prozent steigen, was zu einem fatalen Zyklus von \u00dcberschwemmungen und D\u00fcrren f\u00fchren w\u00fcrde.<\/li>\n\n\n\n<li>Durch den Wechsel von Trockenheit und extremen Wassermassen k\u00f6nnen B\u00f6den die Feuchtigkeit nicht halten, stattdessen werden N\u00e4hrstoffe aus den bereits ausgelaugten B\u00f6den gesp\u00fclt und Infrastruktur zerst\u00f6rt.<\/li>\n\n\n\n<li>Aufgrund dieser Faktoren k\u00f6nnten bis 2030 50-60 Millionen Menschen mehr von Malaria bedroht sein.<\/li>\n<\/ul>\n\n\n\n<p>Die problematischen Prognosen betreffen eine Region, in der die Bev\u00f6lkerung schon jetzt unter Armut und Hunger leidet und in der wasserbedingte Konflikte und Massenmigration zunehmen. Serap Altinisik, Gesch\u00e4ftsf\u00fchrerin von Oxfam Deutschland: \u201eDie Klimakatastrophe, die durch \u00d6l, Kohle und Gas befeuert wird, kommt bei den Menschen als globale Wasserkrise an. Bereits jetzt sehen wir, dass die weltweite \u00dcberhitzung zu mehr \u00dcberschwemmungen und D\u00fcrren f\u00fchrt. Regionen wie Ostafrika werden in den kommenden Jahren noch h\u00e4rter und h\u00e4ufiger davon getroffen werden. Dazu macht der enorme Mangel an Investitionen in Wasserinfrastruktur diese L\u00e4nder anf\u00e4lliger f\u00fcr humanit\u00e4re Katastrophen.\u201c<\/p>\n\n\n\n<p><strong>Nothilfema\u00dfnahmen werden schwieriger<\/strong><\/p>\n\n\n\n<p>Um die Menschen in den betroffenen Regionen mit Wasser zu versorgen, stehen auch Nothilfeorganisationen wie Oxfam vor Herausforderungen. \u201eEines von f\u00fcnf Bohrl\u00f6chern, das wir graben, ist ausgetrocknet oder ergibt nur verschmutztes Wasser, das f\u00fcr Menschen nicht trinkbar ist. Wir m\u00fcssen immer tiefere Brunnen graben und komplizierte Bodenstrukturen bew\u00e4ltigen. Die Lage ist so schwierig, dass wir Entsalzungstechnologien einsetzen, die manchmal fehleranf\u00e4llig sind. Das ist aufw\u00e4ndig und teuer, dabei nehmen die Gelder der Geber f\u00fcr Wasserversorgung ab\u201c, berichtet Betty Ojeny von Oxfam Afrika.<\/p>\n\n\n\n<p><strong>D\u00fcrren im Nahen Osten, Anstieg des Meeresspiegels in Asien<\/strong><\/p>\n\n\n\n<p>Nicht nur Ostafrika ist betroffen. Laut dem Bericht k\u00f6nnten im Nahen Osten bis 2040 Hitzewellen um bis zu 16 Prozent zunehmen, w\u00e4hrend Niederschl\u00e4ge deutlich abnehmen werden. Viele asiatische L\u00e4nder werden unterdessen st\u00e4rker vom Anstieg des Meeresspiegels betroffen sein, der bis 2100 mehr als einen halben Meter zunehmen k\u00f6nnte. Zusammen mit der Gletscherschmelze wird sich dies auf die Grundwasserspeicher auswirken, insbesondere in den K\u00fcstengebieten, in denen Millionen Menschen leben. Dem Bericht zufolge k\u00f6nnten Krankheiten wie Malaria und Dengue-Fieber in Asien um 183 Prozent ansteigen.<\/p>\n\n\n\n<p>Allein in zehn der schlimmsten Klimahotspots der Welt wird laut Oxfam der chronische Hunger infolge der Klimakatastrophe bis 2050 um knapp ein Drittel anschwellen. \u201eDie schlimmsten Szenarien, die die Welt vermeiden wollte, haben bereits begonnen. Unter den heutigen Emissionsprognosen haben Milliarden von Menschen keine sichere Zukunft. Die Wasserkrise ist eine der gr\u00f6\u00dften Bedrohungen f\u00fcr die Menschheit, sie wird zu mehr Hunger, mehr Krankheiten und mehr Vertreibung f\u00fchren \u2011 insbesondere f\u00fcr die L\u00e4nder und Menschen, die am wenigsten vorbereitet sind&#8220;, sagt Serap Altinisik.<\/p>\n\n\n\n<p><strong>Hilfsma\u00dfnahmen sind massiv unterfinanziert<\/strong><\/p>\n\n\n\n<p>Nur 32 Prozent der 3,8 Milliarden Dollar des humanit\u00e4ren Hilfsaufrufs den die Vereinten Nationen im vergangenen Jahr weltweit f\u00fcr die Wasserversorgung und Abwasserentsorgung veranschlagt haben, wurden finanziert. Zudem investieren die L\u00e4nder, die am st\u00e4rksten von Wasserverknappung bedroht sind, nicht in die Wasserinfrastruktur. \u201eDie sich st\u00e4ndig versch\u00e4rfende Wasserkrise wird von der Politik mit schockierender Nonchalance behandelt\u201c, sagt Serap Altinisik. \u201eDie reichen L\u00e4nder m\u00fcssen ihre Emissionen drastisch senken und die Wasserinfrastruktur in wirtschaftlich benachteiligten Regionen finanzieren. Wir k\u00f6nnen noch immer den Kurs \u00e4ndern, aber wir m\u00fcssen schnell handeln.\u201c<\/p>\n\n\n\n<p>Oxfam fordert, dass die Regierungen ihre Aufmerksamkeit grundlegend neu ausrichten und Investitionen in Wassersysteme als politische Priorit\u00e4t betrachten. Sie m\u00fcssen dringend die von den Vereinten Nationen angestrebten 114 Milliarden Dollar pro Jahr f\u00fcr den Wasser-, Sanit\u00e4r- und Hygienesektor bereitstellen, die heute Leben retten und sich auf praktisch jedes andere UN-Ziel f\u00fcr 2030 auswirken werden.<\/p>\n\n\n\n<div class=\"wp-block-columns is-layout-flex wp-container-core-columns-is-layout-9d6595d7 wp-block-columns-is-layout-flex\">\n<div class=\"wp-block-column is-layout-flow wp-block-column-is-layout-flow\" style=\"flex-basis:33.33%\">\n<figure class=\"wp-block-image size-full\"><a href=\"https:\/\/www.oxfam.de\/ueber-uns\/aktuelles\/frauenrechte-gegen-ungleichheit-serap-altinisik-neue-frau-oxfam-deutschlands\" target=\"_blank\" rel=\"noreferrer noopener\"><img loading=\"lazy\" decoding=\"async\" width=\"455\" height=\"606\" src=\"https:\/\/www.sinn-schaffen.de\/agrar\/wp-content\/uploads\/sites\/15\/2023\/08\/serap_altinisik_vorstandsvorsitzende_oxfam_mike_auerbach.png\" alt=\"\" class=\"wp-image-704\" title=\"Foto: oxfam\/Mike Auerbach\"\/><\/a><\/figure>\n<\/div>\n\n\n\n<div class=\"wp-block-column is-layout-flow wp-block-column-is-layout-flow\" style=\"flex-basis:66.66%\">\n<p><\/p>\n\n\n\n<p><\/p>\n\n\n\n<p><a href=\"https:\/\/www.oxfam.de\/ueber-uns\/aktuelles\/frauenrechte-gegen-ungleichheit-serap-altinisik-neue-frau-oxfam-deutschlands\" target=\"_blank\" data-type=\"link\" data-id=\"https:\/\/www.oxfam.de\/ueber-uns\/aktuelles\/frauenrechte-gegen-ungleichheit-serap-altinisik-neue-frau-oxfam-deutschlands\" rel=\"noreferrer noopener\">Serap Altinisik<\/a> ist Gesch\u00e4ftsf\u00fchrerin von <a href=\"https:\/\/www.oxfam.de\/\" target=\"_blank\" data-type=\"link\" data-id=\"https:\/\/www.oxfam.de\/\" rel=\"noreferrer noopener\">Oxfam Deutschland<\/a>.<\/p>\n\n\n\n<figure class=\"wp-block-image size-full is-resized\"><a href=\"https:\/\/www.oxfam.de\/\" target=\"_blank\" rel=\"noreferrer noopener\"><img loading=\"lazy\" decoding=\"async\" src=\"https:\/\/www.sinn-schaffen.de\/agrar\/wp-content\/uploads\/sites\/15\/2018\/09\/OXFAM.png\" alt=\"\" class=\"wp-image-51\" style=\"width:307px;height:113px\" width=\"307\" height=\"113\"\/><\/a><\/figure>\n<\/div>\n<\/div>\n\n\n\n<div class=\"wp-block-columns is-layout-flex wp-container-core-columns-is-layout-9d6595d7 wp-block-columns-is-layout-flex\">\n<div class=\"wp-block-column is-layout-flow wp-block-column-is-layout-flow\" style=\"flex-basis:33.33%\">\n<figure class=\"wp-block-image size-full\"><a href=\"https:\/\/www.oxfam.org.nz\/wp-content\/uploads\/2023\/08\/Briefing-Paper-Water-Insecurity.pdf\" target=\"_blank\" rel=\"noreferrer noopener\"><img loading=\"lazy\" decoding=\"async\" width=\"599\" height=\"846\" src=\"https:\/\/www.sinn-schaffen.de\/agrar\/wp-content\/uploads\/sites\/15\/2023\/08\/Briefing-Paper-Water-Insecurity-T.jpg\" alt=\"\" class=\"wp-image-705\"\/><\/a><\/figure>\n<\/div>\n\n\n\n<div class=\"wp-block-column is-layout-flow wp-block-column-is-layout-flow\" style=\"flex-basis:66.66%\">\n<p><\/p>\n\n\n\n<p><\/p>\n\n\n\n<p>Der Oxfam-Bericht &#8222;Water Dilemmas&#8220; steht <a href=\"https:\/\/www.oxfam.org.nz\/wp-content\/uploads\/2023\/08\/Briefing-Paper-Water-Insecurity.pdf\" target=\"_blank\" data-type=\"link\" data-id=\"https:\/\/www.oxfam.org.nz\/wp-content\/uploads\/2023\/08\/Briefing-Paper-Water-Insecurity.pdf\" rel=\"noreferrer noopener\">\u00fcber diesen Link zum Download als PDF<\/a> bereit.<\/p>\n<\/div>\n<\/div>\n","protected":false},"excerpt":{"rendered":"<p>Die durch \u00d6l, Kohle und Gas befeuerte Klimakatastrophe kommt bei den Menschen global als Wasserkrise an; bereits jetzt f\u00fchrt die weltweite \u00dcberhitzung sichtbar zu mehr \u00dcberschwemmungen und D\u00fcrren. Oxfam fordert, dass Regierungen ihre Aufmerksamkeit grundlegend neu ausrichten und Investitionen in Wassersysteme als politische Priorit\u00e4t betrachten. Der enorme Mangel an Investitionen in Wasserinfrastruktur macht viele L\u00e4nder &hellip; <\/p>\n<p class=\"link-more\"><a href=\"https:\/\/www.sinn-schaffen.de\/agrar\/klimabedingte-wasserunsicherheit-wird-global-zu-mehr-hunger-krankheiten-und-vertreibung-fuehren\/\" class=\"more-link\"><span class=\"screen-reader-text\">\u201eKlimabedingte Wasserunsicherheit wird global zu mehr Hunger, Krankheiten und Vertreibung f\u00fchren\u201c<\/span> weiterlesen<\/a><\/p>\n","protected":false},"author":1,"featured_media":0,"parent":0,"menu_order":14,"comment_status":"closed","ping_status":"closed","template":"","meta":{"footnotes":""},"class_list":["post-708","page","type-page","status-publish","hentry"],"_links":{"self":[{"href":"https:\/\/www.sinn-schaffen.de\/agrar\/wp-json\/wp\/v2\/pages\/708","targetHints":{"allow":["GET"]}}],"collection":[{"href":"https:\/\/www.sinn-schaffen.de\/agrar\/wp-json\/wp\/v2\/pages"}],"about":[{"href":"https:\/\/www.sinn-schaffen.de\/agrar\/wp-json\/wp\/v2\/types\/page"}],"author":[{"embeddable":true,"href":"https:\/\/www.sinn-schaffen.de\/agrar\/wp-json\/wp\/v2\/users\/1"}],"replies":[{"embeddable":true,"href":"https:\/\/www.sinn-schaffen.de\/agrar\/wp-json\/wp\/v2\/comments?post=708"}],"version-history":[{"count":1,"href":"https:\/\/www.sinn-schaffen.de\/agrar\/wp-json\/wp\/v2\/pages\/708\/revisions"}],"predecessor-version":[{"id":709,"href":"https:\/\/www.sinn-schaffen.de\/agrar\/wp-json\/wp\/v2\/pages\/708\/revisions\/709"}],"wp:attachment":[{"href":"https:\/\/www.sinn-schaffen.de\/agrar\/wp-json\/wp\/v2\/media?parent=708"}],"curies":[{"name":"wp","href":"https:\/\/api.w.org\/{rel}","templated":true}]}}