{"id":71,"date":"2019-01-24T15:00:05","date_gmt":"2019-01-24T14:00:05","guid":{"rendered":"https:\/\/www.sinn-schaffen.de\/agrar\/?page_id=71"},"modified":"2020-09-06T14:26:58","modified_gmt":"2020-09-06T12:26:58","slug":"internationaler-aufruf-an-den-praesidenten-des-europaeischen-patentamtes-sofortiges-moratorium-bei-patentierung-von-pflanzen-und-tieren","status":"publish","type":"page","link":"https:\/\/www.sinn-schaffen.de\/agrar\/internationaler-aufruf-an-den-praesidenten-des-europaeischen-patentamtes-sofortiges-moratorium-bei-patentierung-von-pflanzen-und-tieren\/","title":{"rendered":"Internationaler Aufruf an den Pr\u00e4sidenten des Europ\u00e4ischen Patentamtes: sofortiges Moratorium bei Patentierung von Pflanzen und Tieren!"},"content":{"rendered":"\n<p><em>Das B\u00fcndnis &#8222;Keine Patente auf Saatgut!&#8220; fordert den Pr\u00e4sidenten des Europ\u00e4ischen Patentamtes (EPA) auf, alle Verfahren zur Patentierung von Pflanzen und Tieren aus herk\u00f6mmlicher Z\u00fcchtung auszusetzen. Es geht unter anderem um Patente auf Gem\u00fcse wie Brokkoli und Tomaten. Konzerne wie Bayer oder Syngenta wollen die Zucht der Pflanzen und von ihnen stammende Lebensmittel durch die Patentierung monopolisieren, so &#8222;Keine Patente auf Saatgut!&#8220;.<\/em><\/p>\n\n\n\n<hr>\n<img decoding=\"async\" class=\"alignleft wp-image-313\" title=\"Foto: Nata Uchava, Freiburg.\" src=\"https:\/\/www.sinn-schaffen.de\/agrar\/wp-content\/uploads\/sites\/15\/2019\/01\/NU-Keine-Patente-f%C3%BCr-Saatgut.jpg\" alt=\"\" width=\"1024\">\n<hr>\n&nbsp;\n\n\n\n<p><strong>(K\u00f6ln, 24. Januar 2019)<\/strong> \u201eKeine Patente auf Saatgut!\u201c ver\u00f6ffentlicht heute zusammen mit rund 40 weiteren Organisationen einen internationalen Aufruf an den Pr\u00e4sidenten des Europ\u00e4ischen Patentamtes (EPA), den Portugiesen Ant\u00f3nio Campinos. Er wird aufgefordert, alle Verfahren auszusetzen, die die Patentierung von Pflanzen und Tieren aus herk\u00f6mmlicher Z\u00fcchtung betreffen. Es geht unter anderem um Patente auf Gem\u00fcse wie Brokkoli und Tomaten. Konzerne wie Bayer oder Syngenta wollen die Zucht der Pflanzen und von ihnen stammende Lebensmittel durch die Patentierung monopolisieren. Im Dezember 2018 hatte das EPA derartige Patente f\u00fcr zul\u00e4ssig erkl\u00e4rt. Damit stellt sich das Patentamt gegen die Entscheidung seiner 38 Vertragsstaaten, die 2017 ein Verbot derartiger Patente beschlossen hatten.<\/p>\n\n\n\n<div class=\"wp-block-image\"><figure class=\"alignright is-resized\"><a href=\"https:\/\/www.sinn-schaffen.de\/agrar\/wp-content\/uploads\/sites\/15\/2019\/01\/Aufruf_an_Antonio_Campinos_EPA.pdf\" target=\"_blank\" rel=\"noreferrer noopener\"><img decoding=\"async\" src=\"https:\/\/www.sinn-schaffen.de\/agrar\/wp-content\/uploads\/sites\/15\/2019\/01\/Aufruf_an_Antonio_Campinos_EPA-2-T.jpg\" alt=\"\" class=\"wp-image-68\" width=\"320\"\/><\/a><\/figure><\/div>\n\n\n\n<p>In den letzten Jahren hatte das EPA rund 200 Patente auf Nahrungspflanzen wie Tomaten, Brokkoli, Paprika und Salat erteilt, die konventionell und ohne Einsatz von Gentechnik gez\u00fcchtet sind. Nach \u00f6ffentlichen Protesten wurden derartige Patente im Juni 2017 durch einen Beschluss der 38 Vertragsstaaten des EPA verboten, der auch von der EU Kommission und dem EU Parlament unterst\u00fctzt wurde. <a href=\"https:\/\/www.no-patents-on-seeds.org\/de\/node\/525\" target=\"_blank\" rel=\"noreferrer noopener\" aria-label=\"Jetzt steht dieses Verbot auf der Kippe, nachdem der Konzern Syngenta im Dezember 2018 \u00fcberraschend in einer Verhandlung um ein Patent auf Paprika gewonnen hatte (\u00f6ffnet in neuem Tab)\">Jetzt steht dieses Verbot auf der Kippe, nachdem der Konzern Syngenta im Dezember 2018 \u00fcberraschend in einer Verhandlung um ein Patent auf Paprika gewonnen hatte<\/a>.<\/p>\n\n\n\n<p>\u201eJetzt haben wir ein rechtliches Chaos, das insbesondere von\ngro\u00dfen Konzernen wie Bayer, Syngenta und BASF missbraucht werden kann, um die\nGrundlagen der Ern\u00e4hrung zu monopolisieren. Vor diesem Hintergrund m\u00fcssen die\nlaufenden Patentantr\u00e4ge sofort ausgesetzt werden\u201c, sagt Christoph Then f\u00fcr\nKeine Patente auf Saatgut!. \u201eAnt\u00f3nio Campinos steht in der Pflicht, jetzt\nweiteren Schaden von der Allgemeinheit abzuwenden.\u201c<\/p>\n\n\n\n<p>Der Pr\u00e4sident des EPA hat die Kompetenz einen derartigen\nSchritt anzuordnen und seine Vorg\u00e4nger haben in \u00e4hnlichen Situation tats\u00e4chlich\nauch entsprechende Entscheidungen getroffen. Das Moratorium soll den\nVertragsstaaten des EPA ausreichend Zeit geben, um Beschl\u00fcsse zu fassen, mit\ndenen die festgelegten Verbote durchgesetzt werden k\u00f6nnen.<\/p>\n\n\n\n<p><a href=\"https:\/\/www.no-patents-on-seeds.org\/de\/node\/519\" target=\"_blank\" rel=\"noreferrer noopener\" aria-label=\"Laut \u201eKeine Patente auf Saatgut!\u201c hat die Industrie bereits begonnen, das rechtliche Chaos f\u00fcr ihre Zwecke zu nutzen: Ende Oktober 2018 hatte das EPA ein Patent (EP1597965) auf herk\u00f6mmlich gez\u00fcchteten Brokkoli widerrufen, der etwas h\u00f6her w\u00e4chst und deswegen leichter geerntet werden kann (\u00f6ffnet in neuem Tab)\">Laut \u201eKeine Patente auf Saatgut!\u201c hat die Industrie bereits begonnen, das rechtliche Chaos f\u00fcr ihre Zwecke zu nutzen: Ende Oktober 2018 hatte das EPA ein Patent (EP1597965) auf herk\u00f6mmlich gez\u00fcchteten Brokkoli widerrufen, der etwas h\u00f6her w\u00e4chst und deswegen leichter geerntet werden kann<\/a>. Das Patent war 2013 f\u00fcr den US-Konzern Monsanto erteilt worden, der inzwischen von Bayer aufgekauft wurde. 2014 hatte ein breites B\u00fcndnis von Organisationen dagegen Einspruch eingelegt und gewonnen. Jetzt hat die Firma Bayer eine Beschwerde gegen den Widerruf eingereicht. Wird Ant\u00f3nio Campinos nicht aktiv, k\u00f6nnte das Patent wieder in Kraft gesetzt werden.<\/p>\n\n\n\n<p><strong>UnterzeichnerInnen:<\/strong><\/p>\n\n\n\n<p>Arbeitsgemeinschaft b\u00e4uerliche Landwirtschaft (AbL);\nArbeitsgemeinschaft der Umweltbeauftragten der Gliedkirchen der Evangelischen\nKirche in Deutschland (AGU); Arche Noah; B\u00e4uerliche Erzeugergemeinschaft\nSchw\u00e4bisch Hall (BESH); B\u00e4uerliche Gesellschaft Demeter im Norden; Bingenheimer\nSaatgut; Bioland; Bund \u00d6kologische Lebensmittelwirtschaft (B\u00d6LW); Bundesverband\nDeutscher Milchviehhalter; Bundesverband Naturkost Naturwaren (BNN);\nBundesstelle Katholische Landvolkbewegung (KLB); BUND Naturschutz in Bayern\ne.V.; Bund f\u00fcr Umwelt und Naturschutz Deutschland (BUND); Brot f\u00fcr die Welt;\nCultivari Getreidez\u00fcchtung Darzau; Die freien B\u00e4cker; Evangelischer Dienst auf\ndem Land (EDL); FIAN; Forschung und Z\u00fcchtung in der Landbauschule Dottenfelder\nHof;Fr\u00f8samlerne; G\u00e4a e.V.- Vereinigung \u00f6kologischer Landbau; Gen-ethisches\nNetzwerk; GLOBAL 2000; Gesellschaft f\u00fcr \u00f6kologische Forschung; Getreidez\u00fcchtung\nPeter Kunz; IG Nachbau \u2013 Gegen NachbauGeb\u00fchren; IG Saatgut; Katholische\nLandvolk Bewegung Freiburg; Kein Patent auf Leben!; Keine Patente auf Saatgut!;\nKeyserlingk-Institut; Kultursaat e.V.; Sambucus; Sativa; Verband Katholisches\nLandvolk (VKL); Plataforma Transg\u00e9nicos Fora; ProSpecieRara; Public Eye; Save\nour Seeds!; Slow Food Deutschland; Swissaid; Umweltinstitut M\u00fcnchen; WeMove\nEurope; Zivilcourage Miesbach; Zukunftsstiftung Landwirtschaft.<\/p>\n","protected":false},"excerpt":{"rendered":"<p>Das B\u00fcndnis &#8222;Keine Patente auf Saatgut!&#8220; fordert den Pr\u00e4sidenten des Europ\u00e4ischen Patentamtes (EPA) auf, alle Verfahren zur Patentierung von Pflanzen und Tieren aus herk\u00f6mmlicher Z\u00fcchtung auszusetzen. Es geht unter anderem um Patente auf Gem\u00fcse wie Brokkoli und Tomaten. Konzerne wie Bayer oder Syngenta wollen die Zucht der Pflanzen und von ihnen stammende Lebensmittel durch die &hellip; <\/p>\n<p class=\"link-more\"><a href=\"https:\/\/www.sinn-schaffen.de\/agrar\/internationaler-aufruf-an-den-praesidenten-des-europaeischen-patentamtes-sofortiges-moratorium-bei-patentierung-von-pflanzen-und-tieren\/\" class=\"more-link\"><span class=\"screen-reader-text\">\u201eInternationaler Aufruf an den Pr\u00e4sidenten des Europ\u00e4ischen Patentamtes: sofortiges Moratorium bei Patentierung von Pflanzen und Tieren!\u201c<\/span> weiterlesen<\/a><\/p>\n","protected":false},"author":1,"featured_media":0,"parent":0,"menu_order":74,"comment_status":"closed","ping_status":"closed","template":"","meta":{"footnotes":""},"class_list":["post-71","page","type-page","status-publish","hentry"],"_links":{"self":[{"href":"https:\/\/www.sinn-schaffen.de\/agrar\/wp-json\/wp\/v2\/pages\/71","targetHints":{"allow":["GET"]}}],"collection":[{"href":"https:\/\/www.sinn-schaffen.de\/agrar\/wp-json\/wp\/v2\/pages"}],"about":[{"href":"https:\/\/www.sinn-schaffen.de\/agrar\/wp-json\/wp\/v2\/types\/page"}],"author":[{"embeddable":true,"href":"https:\/\/www.sinn-schaffen.de\/agrar\/wp-json\/wp\/v2\/users\/1"}],"replies":[{"embeddable":true,"href":"https:\/\/www.sinn-schaffen.de\/agrar\/wp-json\/wp\/v2\/comments?post=71"}],"version-history":[{"count":8,"href":"https:\/\/www.sinn-schaffen.de\/agrar\/wp-json\/wp\/v2\/pages\/71\/revisions"}],"predecessor-version":[{"id":374,"href":"https:\/\/www.sinn-schaffen.de\/agrar\/wp-json\/wp\/v2\/pages\/71\/revisions\/374"}],"wp:attachment":[{"href":"https:\/\/www.sinn-schaffen.de\/agrar\/wp-json\/wp\/v2\/media?parent=71"}],"curies":[{"name":"wp","href":"https:\/\/api.w.org\/{rel}","templated":true}]}}