{"id":722,"date":"2024-01-09T15:04:31","date_gmt":"2024-01-09T14:04:31","guid":{"rendered":"https:\/\/www.sinn-schaffen.de\/agrar\/?page_id=722"},"modified":"2024-01-10T15:50:35","modified_gmt":"2024-01-10T14:50:35","slug":"bodenatlas-2024-boden-schuetzen-ernaehrungssicherheit-klima-und-naturschutz-zusammen-denken","status":"publish","type":"page","link":"https:\/\/www.sinn-schaffen.de\/agrar\/bodenatlas-2024-boden-schuetzen-ernaehrungssicherheit-klima-und-naturschutz-zusammen-denken\/","title":{"rendered":"Bodenatlas 2024: Boden sch\u00fctzen \u2013 Ern\u00e4hrungssicherheit, Klima- und Naturschutz zusammen denken"},"content":{"rendered":"\n<p><em>In der Europ\u00e4ischen Union sind mittlerweile mehr als 60 Prozent der B\u00f6den gesch\u00e4digt, verursacht unter anderem durch industrielle Landwirtschaft und die Auswirkungen der Klimakrise. Landwirt*innen sollten besser beim Bodenschutz unterst\u00fctzt werden, die Gemeinsame Agrarpolitik als F\u00f6rderinstrument der EU muss \u00d6kosystemleistungen auch f\u00fcr den Boden zuk\u00fcnftig st\u00e4rker honorieren.<\/em><\/p>\n\n\n\n<figure class=\"wp-block-image size-full\"><img loading=\"lazy\" decoding=\"async\" width=\"1024\" height=\"413\" src=\"https:\/\/www.sinn-schaffen.de\/agrar\/wp-content\/uploads\/sites\/15\/2024\/01\/240109-NU-Bodenatlas.jpg\" alt=\"\" class=\"wp-image-717\" title=\"Foto: Nata Uchava, Freiburg\"\/><\/figure>\n\n\n\n<p><strong>(Berlin, 9. Januar 2024)<\/strong> Intakte B\u00f6den sind eine Grundvoraussetzung, um gesunde, vielf\u00e4ltige Lebensmittel zu erzeugen, das Klima zu sch\u00fctzen und die Artenvielfalt zu erhalten. Allerdings ist der Zustand der B\u00f6den schlecht, mehr als ein Drittel der landwirtschaftlich genutzten Fl\u00e4chen weltweit gelten als degradiert. In der Europ\u00e4ischen Union sind mittlerweile mehr als 60 Prozent der B\u00f6den gesch\u00e4digt \u2013 verursacht unter anderem durch industrielle Landwirtschaft und die Auswirkungen der Klimakrise wie Trockenheit und Bodenverluste.<\/p>\n\n\n\n<p>Gleichzeitig kommt B\u00f6den eine immer gr\u00f6\u00dfere Bedeutung in der internationalen Klimadebatte zu, was die Verteilungskonflikte um Land massiv versch\u00e4rft. Was dringend gebraucht wird, sind abgestimmte politische Anstrengungen zum Bodenschutz, die die verschiedenen Nutzungsformen zusammen denken und sich an Menschenrechten orientieren. Wie diese aussehen k\u00f6nnten, darauf gibt der Bodenatlas 2024 erste Antworten, herausgegeben von der Heinrich-B\u00f6ll-Stiftung, dem Bund f\u00fcr Umwelt und Naturschutz Deutschland e. V. (BUND) und <a href=\"https:\/\/www.tmg-thinktank.com\/about\" target=\"_blank\" data-type=\"link\" data-id=\"https:\/\/www.tmg-thinktank.com\/about\" rel=\"noreferrer noopener\">TMG Think Tank for Sustainability<\/a>.<\/p>\n\n\n\n<p>Dr. Imme Scholz, Vorstand der Heinrich-B\u00f6ll-Stiftung: \u201eWir brauchen gesunde B\u00f6den, um uns an die Klimakrise anzupassen: Sie k\u00f6nnen bis zu 3.750 Tonnen Wasser pro Hektar speichern und dieses nach Bedarf wieder abgeben. Durch Versiegelung, aber auch industrielle Formen der Landwirtschaft geht die F\u00e4higkeit von B\u00f6den, Wasser aufzunehmen, zur\u00fcck \u2013 mit verheerenden Folgen, wie wir aktuell an der Hochwasserkatastrophe in Niedersachsen, Sachsen-Anhalt und Th\u00fcringen sehen. Gleichzeitig nimmt die W\u00fcstenbildung durch intensive Landwirtschaft und Klimakrise zu \u2013 auch in Europa: Dreizehn EU-Mitgliedstaaten sind mittlerweile betroffen. Und zwar nicht nur S\u00fcdeuropa, sondern auch L\u00e4nder mit gem\u00e4\u00dfigtem und feuchtem Klima wie Ungarn und Bulgarien. In Deutschland weist mindestens ein F\u00fcnftel der landwirtschaftlichen Fl\u00e4chen sehr starke Bodenerosion auf.<\/p>\n\n\n\n<p>Ein Konzept, um auf die multiplen Krisen zu reagieren \u2013 von Hunger \u00fcber Klimakrise und Artensterben bis hin zu volatilen Preisen und Armut \u2013 ist die Agrar\u00f6kologie. Agrar\u00f6kologische Methoden der Landwirtschaft f\u00f6rdern nachhaltig die Bodenfruchtbarkeit. Agrar\u00f6kologische Betriebe \u2013 auch Projekte unserer Partnerorganisationen \u2013 haben zudem eins gemeinsam: Sie erh\u00f6hen die Unabh\u00e4ngigkeit und Resilienz der Betriebe.\u201c<\/p>\n\n\n\n<p>Olaf Bandt, BUND-Vorsitzender: \u201ePolitik muss B\u00f6den besser sch\u00fctzen, auch mit Blick auf die enorme Artenvielfalt: Denn unter einem Hektar Land leben 15 Tonnen Bodenlebewesen \u2013 das entspricht dem Gewicht von 20 K\u00fchen. Eine Handvoll Boden kann mehr Lebewesen enthalten, als Menschen auf der Erde leben. Doch aktuell sind B\u00f6den bedroht \u2013 in Deutschland vor allem durch eine zu intensive Landwirtschaft mit \u00fcberm\u00e4\u00dfigem Einsatz von Minerald\u00fcnger und chemischen Pestiziden sowie durch Versiegelung. Denn t\u00e4glich gehen 55 Hektar Land f\u00fcr Siedlungsbau oder Verkehrsfl\u00e4chen verloren. Diese Fl\u00e4chen fehlen dann f\u00fcr die Landwirtschaft und den Artenschutz.<\/p>\n\n\n\n<p>Landwirt*innen sollten besser beim Bodenschutz unterst\u00fctzt werden: Die Novellierung des Bundesbodenschutzgesetzes muss den vorsorgenden Bodenschutz deutlich hervorheben, die Gemeinsame Agrarpolitik als F\u00f6rderinstrument der EU muss \u00d6kosystemleistungen auch f\u00fcr den Boden zuk\u00fcnftig st\u00e4rker honorieren. Nachhaltige Fl\u00e4chennutzung kommt nicht nur der Natur zu Gute, sondern sch\u00fctzt unsere Lebensgrundlage Boden und erh\u00f6ht die Resilienz gegen\u00fcber Auswirkungen der Klima- und Biodiversit\u00e4tskrise.\u201c<\/p>\n\n\n\n<p>Dr. Jes Weigelt, stellvertretender Gesch\u00e4ftsf\u00fchrer TMG: \u201eAufgrund der F\u00e4higkeit von B\u00f6den, das Klimagas CO2 zu speichern, und des Fl\u00e4chenbedarfs f\u00fcr Klimaschutzma\u00dfnahmen wie etwa Aufforstung erlangen B\u00f6den eine immer gr\u00f6\u00dfere Bedeutung in der internationalen Klimadebatte. Denn B\u00f6den sind die gr\u00f6\u00dften CO2-Speicher an Land. Gleichzeitig ben\u00f6tigen die geplanten Klimaschutzma\u00dfnahmen aller L\u00e4nder rechnerisch 1,2 Milliarden Hektar Land \u2013 eine Fl\u00e4che dreimal so gro\u00df wie die EU. Eine Zunahme an Konflikten um Land und Boden ist vorprogrammiert. Verlierer werden die Schw\u00e4chsten sein, die Kleinb\u00e4uerinnen und Kleinbauern und die indigenen Bev\u00f6lkerungsgruppen. Nur wenn politisch koh\u00e4rente, auf den Menschenrechten basierende Ma\u00dfnahmen zu Nutzung und Erhalt der B\u00f6den entwickelt werden, k\u00f6nnen wir diese Konflikte verhindern und gleichzeitig die Klimaziele erreichen.\u201c<\/p>\n\n\n\n<p>Der Bodenatlas 2024 beleuchtet auf 50 Seiten und mit 53 Illustrationen, wieso gesunde B\u00f6den f\u00fcr Mensch und Natur \u00fcberlebenswichtig und zugleich umk\u00e4mpft sind. Er erkl\u00e4rt auch, warum intakte B\u00f6den f\u00fcr den Klimaschutz und die Anpassung an die Klimakrise essenziell sind. Er zeigt, wie ein langfristiger Bodenschutz in der Landwirtschaft gelingen kann und welche politischen Rahmenbedingungen es daf\u00fcr braucht.<\/p>\n\n\n\n<div class=\"wp-block-columns is-layout-flex wp-container-core-columns-is-layout-9d6595d7 wp-block-columns-is-layout-flex\">\n<div class=\"wp-block-column is-layout-flow wp-block-column-is-layout-flow\" style=\"flex-basis:33.33%\">\n<figure class=\"wp-block-image size-large\"><a href=\"https:\/\/www.boell.de\/de\/person\/dr-imme-scholz\" target=\"_blank\" rel=\"noreferrer noopener\"><img loading=\"lazy\" decoding=\"async\" width=\"1024\" height=\"756\" src=\"https:\/\/www.sinn-schaffen.de\/agrar\/wp-content\/uploads\/sites\/15\/2024\/01\/Imme-Scholz-Foto-Sibylle-Fendt-Heinrich-Boell-Stiftung-1200-1024x756.jpg\" alt=\"\" class=\"wp-image-718\" title=\"Foto: Sibylle Fendt, Heinrich-B\u00f6ll-Stiftung\"\/><\/a><\/figure>\n<\/div>\n\n\n\n<div class=\"wp-block-column is-layout-flow wp-block-column-is-layout-flow\" style=\"flex-basis:66.66%\">\n<p><\/p>\n\n\n\n<p>Dr. Imme Scholz ist Vorstand der <a href=\"https:\/\/www.boell.de\/de\" target=\"_blank\" data-type=\"link\" data-id=\"https:\/\/www.boell.de\/de\" rel=\"noreferrer noopener\">Heinrich-B\u00f6ll-Stiftung<\/a>.<\/p>\n\n\n\n<figure class=\"wp-block-image size-full is-resized\"><a href=\"https:\/\/www.boell.de\/de\" target=\"_blank\" rel=\"noreferrer noopener\"><img loading=\"lazy\" decoding=\"async\" width=\"541\" height=\"266\" src=\"https:\/\/www.sinn-schaffen.de\/agrar\/wp-content\/uploads\/sites\/15\/2021\/01\/LogoHBS.jpg\" alt=\"\" class=\"wp-image-417\" style=\"width:279px;height:auto\"\/><\/a><\/figure>\n<\/div>\n<\/div>\n\n\n\n<p><\/p>\n\n\n\n<div class=\"wp-block-columns is-layout-flex wp-container-core-columns-is-layout-9d6595d7 wp-block-columns-is-layout-flex\">\n<div class=\"wp-block-column is-layout-flow wp-block-column-is-layout-flow\" style=\"flex-basis:33.33%\">\n<figure class=\"wp-block-image size-full\"><a href=\"https:\/\/www.boell.de\/de\/bodenatlas\" target=\"_blank\" rel=\"noreferrer noopener\"><img loading=\"lazy\" decoding=\"async\" width=\"595\" height=\"842\" src=\"https:\/\/www.sinn-schaffen.de\/agrar\/wp-content\/uploads\/sites\/15\/2024\/01\/bodenatlas_2024-1.jpg\" alt=\"\" class=\"wp-image-719\"\/><\/a><\/figure>\n<\/div>\n\n\n\n<div class=\"wp-block-column is-layout-flow wp-block-column-is-layout-flow\" style=\"flex-basis:66.66%\">\n<p><\/p>\n\n\n\n<p>Der &#8222;Bodenatlas 2024&#8220; steht <a href=\"https:\/\/www.boell.de\/de\/bodenatlas\" data-type=\"link\" data-id=\"https:\/\/www.boell.de\/de\/bodenatlas\" target=\"_blank\" rel=\"noreferrer noopener\">\u00fcber diesen Link zum Download in den Formaten PDF, mobi und epub<\/a> bereit.<\/p>\n\n\n\n<p>Der Atlas kann f\u00fcr Unterrichtszwecke auch klassensatzweise bei der <a href=\"https:\/\/www.boell.de\/de\/bodenatlas\" target=\"_blank\" data-type=\"link\" data-id=\"https:\/\/www.boell.de\/de\/bodenatlas\" rel=\"noreferrer noopener\">Heinrich-B\u00f6ll-Stiftung<\/a> bestellt werden.<\/p>\n<\/div>\n<\/div>\n","protected":false},"excerpt":{"rendered":"<p>In der Europ\u00e4ischen Union sind mittlerweile mehr als 60 Prozent der B\u00f6den gesch\u00e4digt, verursacht unter anderem durch industrielle Landwirtschaft und die Auswirkungen der Klimakrise. Landwirt*innen sollten besser beim Bodenschutz unterst\u00fctzt werden, die Gemeinsame Agrarpolitik als F\u00f6rderinstrument der EU muss \u00d6kosystemleistungen auch f\u00fcr den Boden zuk\u00fcnftig st\u00e4rker honorieren. (Berlin, 9. Januar 2024) Intakte B\u00f6den sind eine &hellip; <\/p>\n<p class=\"link-more\"><a href=\"https:\/\/www.sinn-schaffen.de\/agrar\/bodenatlas-2024-boden-schuetzen-ernaehrungssicherheit-klima-und-naturschutz-zusammen-denken\/\" class=\"more-link\"><span class=\"screen-reader-text\">\u201eBodenatlas 2024: Boden sch\u00fctzen \u2013 Ern\u00e4hrungssicherheit, Klima- und Naturschutz zusammen denken\u201c<\/span> weiterlesen<\/a><\/p>\n","protected":false},"author":1,"featured_media":0,"parent":0,"menu_order":12,"comment_status":"closed","ping_status":"closed","template":"","meta":{"footnotes":""},"class_list":["post-722","page","type-page","status-publish","hentry"],"_links":{"self":[{"href":"https:\/\/www.sinn-schaffen.de\/agrar\/wp-json\/wp\/v2\/pages\/722","targetHints":{"allow":["GET"]}}],"collection":[{"href":"https:\/\/www.sinn-schaffen.de\/agrar\/wp-json\/wp\/v2\/pages"}],"about":[{"href":"https:\/\/www.sinn-schaffen.de\/agrar\/wp-json\/wp\/v2\/types\/page"}],"author":[{"embeddable":true,"href":"https:\/\/www.sinn-schaffen.de\/agrar\/wp-json\/wp\/v2\/users\/1"}],"replies":[{"embeddable":true,"href":"https:\/\/www.sinn-schaffen.de\/agrar\/wp-json\/wp\/v2\/comments?post=722"}],"version-history":[{"count":3,"href":"https:\/\/www.sinn-schaffen.de\/agrar\/wp-json\/wp\/v2\/pages\/722\/revisions"}],"predecessor-version":[{"id":725,"href":"https:\/\/www.sinn-schaffen.de\/agrar\/wp-json\/wp\/v2\/pages\/722\/revisions\/725"}],"wp:attachment":[{"href":"https:\/\/www.sinn-schaffen.de\/agrar\/wp-json\/wp\/v2\/media?parent=722"}],"curies":[{"name":"wp","href":"https:\/\/api.w.org\/{rel}","templated":true}]}}