{"id":754,"date":"2024-06-27T14:52:49","date_gmt":"2024-06-27T12:52:49","guid":{"rendered":"https:\/\/www.sinn-schaffen.de\/agrar\/?page_id=754"},"modified":"2024-06-27T14:52:50","modified_gmt":"2024-06-27T12:52:50","slug":"neuer-jahresbericht-zum-recht-auf-nahrung-reine-profitorientierung-traegt-nichts-zur-loesung-der-weltweiten-nahrungsmittel-klima-und-umweltkrise-bei","status":"publish","type":"page","link":"https:\/\/www.sinn-schaffen.de\/agrar\/neuer-jahresbericht-zum-recht-auf-nahrung-reine-profitorientierung-traegt-nichts-zur-loesung-der-weltweiten-nahrungsmittel-klima-und-umweltkrise-bei\/","title":{"rendered":"Neuer Jahresbericht zum Recht auf Nahrung: Reine Profitorientierung tr\u00e4gt nichts zur L\u00f6sung der weltweiten Nahrungsmittel-, Klima- und Umweltkrise bei"},"content":{"rendered":"\n<p><em>Industrielle Nahrungsmittelsysteme haben es nicht geschafft, den N\u00e4hrstoffbedarf der Bev\u00f6lkerung unseres Planeten zu decken. Fast 800 Millionen Menschen leiden heute Hunger, unsere Nahrungsmittelsysteme produzieren auch etwa ein Drittel der Treibhausgasemissionen, tragen massiv zur Klimakrise bei und erschweren den Zugang zu Nahrungsmitteln und N\u00e4hrstoffen. Mitglieder des Globalen Netzwerks f\u00fcr das Recht auf Nahrung und Ern\u00e4hrung, die Nahrungsmittelsysteme vor Ort transformieren und das Recht auf Nahrung und Ern\u00e4hrung f\u00f6rdern, praktizieren bereits funktionierende Alternativen.<\/em><\/p>\n\n\n\n<figure class=\"wp-block-image size-full\"><img loading=\"lazy\" decoding=\"async\" width=\"1024\" height=\"413\" src=\"https:\/\/www.sinn-schaffen.de\/agrar\/wp-content\/uploads\/sites\/15\/2024\/06\/240627-NU-Right-to-Food-and-Nutrition-Watch-2023.jpg\" alt=\"\" class=\"wp-image-750\" title=\"Foto: Nata Uchava, Freiburg\"\/><\/figure>\n\n\n\n<p><strong>(K\u00f6ln, 26. Juni 2024) <\/strong>Heute erscheint die neue Ausgabe des Right to Food and Nutrition Watch. Der Bericht untersucht die Ursachen der weltweiten Ern\u00e4hrungs-, Klima- und Umweltkrise. Er stellt gewinnorientierte \u201eL\u00f6sungen\u201c in Frage und schl\u00e4gt andere Wege vor. Diese beruhen auf dem Widerstand gegen Greenwashing, die Vereinnahmung durch Unternehmen und neokoloniale Praktiken. Der Bericht pr\u00e4sentiert Alternativen, die im Menschenrecht auf angemessene Ern\u00e4hrung, Agrar\u00f6kologie und Ern\u00e4hrungssouver\u00e4nit\u00e4t verankert sind und sich besonders f\u00fcr die Rechte von Menschen in l\u00e4ndlichen Gebieten einsetzen.<\/p>\n\n\n\n<p>Industrielle Nahrungsmittelsysteme haben es nicht geschafft, den N\u00e4hrstoffbedarf der Bev\u00f6lkerung unseres Planeten zu decken, legt der Bericht dar. Fast 800 Millionen Menschen leiden heute Hunger. Unsere Nahrungsmittelsysteme produzieren auch etwa ein Drittel der Treibhausgasemissionen, tragen massiv zur Klimakrise bei und erschweren den Zugang zu Nahrungsmitteln und N\u00e4hrstoffen. Das Massensterben von Arten, die Zerst\u00f6rung von \u00d6kosystemen und die St\u00f6rung der nat\u00fcrlichen Kreisl\u00e4ufe, die das Leben auf der Erde erhalten, wirken sich zus\u00e4tzlich auf die Nahrungsmittelsysteme aus.<\/p>\n\n\n\n<p>Extraktivismus, Kommerzialisierung und Finanzialisierung der Natur haben Ausbeutung, Enteignung und gewaltsame Vertreibungen versch\u00e4rft. Die zunehmende Kontrolle der nat\u00fcrlichen Ressourcen durch eine kleine Anzahl \u00fcberm\u00e4chtiger Unternehmen, Einzelpersonen und Staaten f\u00f6rdere auch geschlechtsspezifische Gewalt, sich \u00fcberschneidende Formen der Diskriminierung und zunehmende Ungleichheit, unterstreicht der Bericht und schl\u00e4gt einen anderen Weg vor \u2013 basierend auf dem Kampf von Menschen gegen Machtergreifung durch Konzerne, Greenwashing und neokoloniale Praktiken \u2013, der das Recht auf Nahrung f\u00f6rdert, die Menschenrechte in l\u00e4ndlichen Gebieten st\u00e4rkt und die Ern\u00e4hrungssouver\u00e4nit\u00e4t f\u00fcr alle garantiert. Der Bericht ist in vier Abschnitte unterteilt, die<\/p>\n\n\n\n<ul class=\"wp-block-list\">\n<li>internationale Entwicklungen,<\/li>\n\n\n\n<li>Ern\u00e4hrung und die dreifache \u00f6kologischen Krise (Klima, Artensterben und Umweltverschmutzung)<\/li>\n\n\n\n<li>den gr\u00fcnen Kolonialismus und die Dekarbonisierung sowie<\/li>\n\n\n\n<li>die K\u00e4mpfe an der Basis und L\u00f6sungen f\u00fcr die Klima- und Ern\u00e4hrungskrise<\/li>\n<\/ul>\n\n\n\n<p>untersuchen. W\u00e4hrend sich in den letzten Jahren die Dekarbonisierung und damit verbundene marktorientierte Ans\u00e4tze als Hauptparadigma zur Bew\u00e4ltigung der \u00f6kologischen und Klimakrisen durchgesetzt haben, argumentieren heute viele betroffene Kommunen vor Ort, zivilgesellschaftliche Organisationen und Wissenschaftler, dass diese Vorgehensweisen die Krisen eher versch\u00e4rfen als l\u00f6sen. Anstatt den Planeten und seine \u00d6kosysteme zu sch\u00fctzen, setzte dieser gr\u00fcne Kolonialismus lediglich seine Zerst\u00f6rung und die Kommerzialisierung der Natur fort, vertiefe bestehende Ungleichheiten und beschleunige die Ausbeutung nat\u00fcrlicher Ressourcen.<\/p>\n\n\n\n<p>Eine gerechte \u00f6kosoziale Transformation unserer Nahrungsmittelsysteme, die das Recht aller auf Nahrung und Ern\u00e4hrung sch\u00fctzen w\u00fcrde, erfordere globale Gerechtigkeit, die F\u00f6rderung von Ern\u00e4hrungssouver\u00e4nit\u00e4t und ein Gleichgewicht zwischen Mensch und Umwelt. Der abschlie\u00dfende Abschnitt des Right to Food and Nutrition Watch skizziert funktionierende Alternativen zu falschen L\u00f6sungen. Mitglieder des <a href=\"https:\/\/www.righttofoodandnutrition.org\/network\" data-type=\"link\" data-id=\"https:\/\/www.righttofoodandnutrition.org\/network\" target=\"_blank\" rel=\"noreferrer noopener\">Globalen Netzwerks f\u00fcr das Recht auf Nahrung und Ern\u00e4hrung<\/a>, die Nahrungsmittelsysteme vor Ort transformieren und das Recht auf Nahrung und Ern\u00e4hrung f\u00f6rdern, praktizieren diese Alternativen bereits.<\/p>\n\n\n\n<div class=\"wp-block-columns is-layout-flex wp-container-core-columns-is-layout-9d6595d7 wp-block-columns-is-layout-flex\">\n<div class=\"wp-block-column is-layout-flow wp-block-column-is-layout-flow\" style=\"flex-basis:33.33%\">\n<figure class=\"wp-block-image size-full\"><a href=\"https:\/\/www.fian.de\/wer-wir-sind\/fian-deutschland-geschaeftsstelle\/\" target=\"_blank\" rel=\"noreferrer noopener\"><img loading=\"lazy\" decoding=\"async\" width=\"100\" height=\"134\" src=\"https:\/\/www.sinn-schaffen.de\/agrar\/wp-content\/uploads\/sites\/15\/2019\/10\/Philipp-Mimkes-K.jpg\" alt=\"\" class=\"wp-image-166\" title=\"Foto: FIAN\"\/><\/a><\/figure>\n<\/div>\n\n\n\n<div class=\"wp-block-column is-layout-flow wp-block-column-is-layout-flow\" style=\"flex-basis:66.66%\">\n<p><\/p>\n\n\n\n<p>Philipp Mimkes ist Gesch\u00e4ftsf\u00fchrer von <a href=\"https:\/\/www.fian.de\/\" target=\"_blank\" data-type=\"link\" data-id=\"https:\/\/www.fian.de\/\" rel=\"noreferrer noopener\">FIAN Deutschland e.V.<\/a> FIAN steht f\u00fcr FoodFirst Informations- &amp; Aktions-Netzwerk und ist eine Internationale Menschenrechtsorganisation f\u00fcr das Recht auf Nahrung mit Mitgliedern in 60 L\u00e4ndern.<\/p>\n\n\n\n<figure class=\"wp-block-image size-full is-resized\"><a href=\"https:\/\/www.fian.de\/\" target=\"_blank\" rel=\"noreferrer noopener\"><img loading=\"lazy\" decoding=\"async\" width=\"1024\" height=\"1024\" src=\"https:\/\/www.sinn-schaffen.de\/agrar\/wp-content\/uploads\/sites\/15\/2019\/03\/FIAN.png\" alt=\"\" class=\"wp-image-83\" style=\"width:212px;height:auto\"\/><\/a><\/figure>\n<\/div>\n<\/div>\n\n\n\n<div class=\"wp-block-columns is-layout-flex wp-container-core-columns-is-layout-9d6595d7 wp-block-columns-is-layout-flex\">\n<div class=\"wp-block-column is-layout-flow wp-block-column-is-layout-flow\" style=\"flex-basis:33.33%\">\n<figure class=\"wp-block-image size-full\"><a href=\"https:\/\/www.fian.de\/wp-content\/uploads\/2024\/06\/Right-to-Food-and-Nutrition-Watch-2023.pdf\" target=\"_blank\" rel=\"noreferrer noopener\"><img loading=\"lazy\" decoding=\"async\" width=\"599\" height=\"846\" src=\"https:\/\/www.sinn-schaffen.de\/agrar\/wp-content\/uploads\/sites\/15\/2024\/06\/Right-to-Food-and-Nutrition-Watch-2023-T.jpg\" alt=\"\" class=\"wp-image-751\"\/><\/a><\/figure>\n<\/div>\n\n\n\n<div class=\"wp-block-column is-layout-flow wp-block-column-is-layout-flow\" style=\"flex-basis:66.66%\">\n<p><\/p>\n\n\n\n<p>Der Bericht &#8222;Right to Food and Nutrition Watch&#8220; steht <a href=\"https:\/\/www.fian.de\/wp-content\/uploads\/2024\/06\/Right-to-Food-and-Nutrition-Watch-2023.pdf\" target=\"_blank\" data-type=\"link\" data-id=\"https:\/\/www.fian.de\/wp-content\/uploads\/2024\/06\/Right-to-Food-and-Nutrition-Watch-2023.pdf\" rel=\"noreferrer noopener\">\u00fcber diesen Link zum Download als PDF-Datei<\/a> bereit.<\/p>\n<\/div>\n<\/div>\n","protected":false},"excerpt":{"rendered":"<p>Industrielle Nahrungsmittelsysteme haben es nicht geschafft, den N\u00e4hrstoffbedarf der Bev\u00f6lkerung unseres Planeten zu decken. Fast 800 Millionen Menschen leiden heute Hunger, unsere Nahrungsmittelsysteme produzieren auch etwa ein Drittel der Treibhausgasemissionen, tragen massiv zur Klimakrise bei und erschweren den Zugang zu Nahrungsmitteln und N\u00e4hrstoffen. Mitglieder des Globalen Netzwerks f\u00fcr das Recht auf Nahrung und Ern\u00e4hrung, die Nahrungsmittelsysteme vor Ort transformieren und das Recht auf Nahrung und Ern\u00e4hrung f\u00f6rdern, praktizieren bereits funktionierende Alternativen.<\/p>\n","protected":false},"author":1,"featured_media":0,"parent":0,"menu_order":8,"comment_status":"closed","ping_status":"closed","template":"","meta":{"footnotes":""},"class_list":["post-754","page","type-page","status-publish","hentry"],"_links":{"self":[{"href":"https:\/\/www.sinn-schaffen.de\/agrar\/wp-json\/wp\/v2\/pages\/754","targetHints":{"allow":["GET"]}}],"collection":[{"href":"https:\/\/www.sinn-schaffen.de\/agrar\/wp-json\/wp\/v2\/pages"}],"about":[{"href":"https:\/\/www.sinn-schaffen.de\/agrar\/wp-json\/wp\/v2\/types\/page"}],"author":[{"embeddable":true,"href":"https:\/\/www.sinn-schaffen.de\/agrar\/wp-json\/wp\/v2\/users\/1"}],"replies":[{"embeddable":true,"href":"https:\/\/www.sinn-schaffen.de\/agrar\/wp-json\/wp\/v2\/comments?post=754"}],"version-history":[{"count":1,"href":"https:\/\/www.sinn-schaffen.de\/agrar\/wp-json\/wp\/v2\/pages\/754\/revisions"}],"predecessor-version":[{"id":755,"href":"https:\/\/www.sinn-schaffen.de\/agrar\/wp-json\/wp\/v2\/pages\/754\/revisions\/755"}],"wp:attachment":[{"href":"https:\/\/www.sinn-schaffen.de\/agrar\/wp-json\/wp\/v2\/media?parent=754"}],"curies":[{"name":"wp","href":"https:\/\/api.w.org\/{rel}","templated":true}]}}