{"id":823,"date":"2025-06-10T17:43:36","date_gmt":"2025-06-10T15:43:36","guid":{"rendered":"https:\/\/www.sinn-schaffen.de\/agrar\/?page_id=823"},"modified":"2025-06-10T17:45:10","modified_gmt":"2025-06-10T15:45:10","slug":"transnationaler-landbesitz-nimmt-gewaltig-zu-und-bedroht-ernaehrung-und-menschenrechte-weltweit","status":"publish","type":"page","link":"https:\/\/www.sinn-schaffen.de\/agrar\/transnationaler-landbesitz-nimmt-gewaltig-zu-und-bedroht-ernaehrung-und-menschenrechte-weltweit\/","title":{"rendered":"Transnationaler Landbesitz nimmt gewaltig zu und bedroht Ern\u00e4hrung und Menschenrechte weltweit"},"content":{"rendered":"\n<p><em>Mehr als 70 Prozent der globalen landwirtschaftlichen Nutzfl\u00e4che befinden sich heute in den H\u00e4nden von nur einem Prozent aller Agrarbetriebe. Diese Landkonzentration ist Ausdruck eines globalen Trends: Verm\u00f6gen wird von der arbeitenden Bev\u00f6lkerung hin zu Eliten verlagert.<\/em><\/p>\n\n\n\n<figure class=\"wp-block-image size-large\"><img loading=\"lazy\" decoding=\"async\" width=\"1024\" height=\"524\" src=\"https:\/\/www.sinn-schaffen.de\/agrar\/wp-content\/uploads\/sites\/15\/2025\/06\/250610-NU-FIAN-1024x524.jpg\" alt=\"\" class=\"wp-image-819\" title=\"Foto: Nata Uchava, Magdeburg\"\/><\/figure>\n\n\n\n<p><strong>K\u00f6ln, 3. Juni 2025)<\/strong> Die Menschenrechtsorganisation FIAN und die NGO Focus on the Global South ver\u00f6ffentlichen heute ihren Bericht \u201eLords of the Land: Transnational Landowners, Inequality and the Case for Redistribution\u201c. Die Studie analysiert die Rolle der zehn gr\u00f6\u00dften privaten Landbesitzer weltweit. Diese kontrollieren zusammen \u00fcber 400.000 Quadratkilometer Land \u2013 eine Fl\u00e4che so gro\u00df wie Japan.<\/p>\n\n\n\n<p>\u201eInternationale Investoren und superreiche Unternehmen kaufen weltweit riesige Landfl\u00e4chen auf und befeuern damit die zunehmende soziale Ungleichheit\u201c, erkl\u00e4rt Roman Herre, Agrarreferent bei FIAN. Seit dem Jahr 2000 haben sich Unternehmen und Finanzakteure mehr als 650.000 Quadratkilometer Land angeeignet \u2013 das entspricht dem Doppelten der Fl\u00e4che Deutschlands. Mehr als 70 Prozent der globalen landwirtschaftlichen Nutzfl\u00e4che befinden sich heute in den H\u00e4nden von nur einem Prozent aller Agrarbetriebe. \u201eDiese extreme Landkonzentration ist Ausdruck eines globalen Trends: Verm\u00f6gen wird von der arbeitenden Bev\u00f6lkerung hin zu Eliten verlagert\u201c, so Herre weiter. Die Studie fordert eine Umverteilung von Land sowie internationale Steuerreformen, um dieser Entwicklung entgegenzuwirken.<\/p>\n\n\n\n<p>Denn die Folgen sind dramatisch: Die zunehmende Landkonzentration gef\u00e4hrdet die Ern\u00e4hrungssicherheit und bedroht die Existenz von rund 2,5 Milliarden Kleinb\u00e4uerinnen und Kleinbauern sowie von 1,4 Milliarden der \u00e4rmsten Menschen weltweit, die direkt von der Landwirtschaft leben. Landaneignung geht oft mit Gewalt, Zwangsr\u00e4umungen, Umweltzerst\u00f6rung und Klimaauswirkungen einher. Nahezu alle der gr\u00f6\u00dften Landbesitzer sind in Landkonflikte, Vertreibungen und Umweltvergehen involviert.<\/p>\n\n\n\n<p>Einer der gr\u00f6\u00dften Investoren ist der US-Pensionsfonds TIAA. Dieser hat seinen weltweiten Landbesitz zwischen 2012 und 2023 von 328.200 auf 1,2 Millionen Hektar fast vervierfacht. Allein in der brasilianischen Cerrado-Region, einem der artenreichsten Gebiete der Welt, h\u00e4lt er 61.000 Hektar. Auch deutsche Pensionsgelder der \u00c4rzteversorgung Westfalen-Lippe waren am Erwerb dort beteiligt. In der Region wurden riesige Landfl\u00e4chen in industrielle Baumplantagen, Monokulturen und Weideland umgewandelt \u2013 begleitet von Abholzung, gewaltsamen Landnahmen und massiver Umweltzerst\u00f6rung.<\/p>\n\n\n\n<p>Da Landkonzentration und Landraub grenz\u00fcberschreitend durch globales Kapital vorangetrieben werden, braucht es eine internationale Antwort. Die anstehende Internationale Konferenz \u00fcber Agrarreform und l\u00e4ndliche Entwicklung (ICARRD+20) Anfang kommenden Jahres in Kolumbien bietet eine wichtige Chance. \u201eDie Regierungen m\u00fcssen sich dort auf konkrete Schritte einigen, um Landkonzentration zu stoppen, Land gerechter zu verteilen und die Rechte l\u00e4ndlicher Bev\u00f6lkerungsgruppen zu st\u00e4rken\u201c, so Herre abschlie\u00dfend.<\/p>\n\n\n\n<div class=\"wp-block-columns is-layout-flex wp-container-core-columns-is-layout-9d6595d7 wp-block-columns-is-layout-flex\">\n<div class=\"wp-block-column is-layout-flow wp-block-column-is-layout-flow\" style=\"flex-basis:33.33%\">\n<figure class=\"wp-block-image size-full\"><a href=\"https:\/\/www.fian.de\/team\/almudena-abascal\/\" target=\"_blank\" rel=\" noreferrer noopener\"><img loading=\"lazy\" decoding=\"async\" width=\"100\" height=\"133\" src=\"https:\/\/www.sinn-schaffen.de\/agrar\/wp-content\/uploads\/sites\/15\/2020\/07\/RomanHerre-K.jpg\" alt=\"\" class=\"wp-image-255\" title=\"Foto: FIAN\"\/><\/a><\/figure>\n<\/div>\n\n\n\n<div class=\"wp-block-column is-layout-flow wp-block-column-is-layout-flow\" style=\"flex-basis:66.66%\">\n<p><\/p>\n\n\n\n<p>Roman Herre ist Agrarreferent bei der Menschenrechtsorganisation <a href=\"https:\/\/www.fian.de\/\" target=\"_blank\" rel=\"noreferrer noopener\">FIAN (FoodFirst Informations- und Aktions-Netzwerk)<\/a>.<\/p>\n\n\n\n<figure class=\"wp-block-image size-full is-resized\"><a href=\"https:\/\/www.fian.de\/\" target=\"_blank\" rel=\" noreferrer noopener\"><img loading=\"lazy\" decoding=\"async\" width=\"1024\" height=\"1024\" src=\"https:\/\/www.sinn-schaffen.de\/agrar\/wp-content\/uploads\/sites\/15\/2019\/03\/FIAN.png\" alt=\"\" class=\"wp-image-83\" style=\"width:135px;height:auto\"\/><\/a><\/figure>\n<\/div>\n<\/div>\n\n\n\n<div class=\"wp-block-columns is-layout-flex wp-container-core-columns-is-layout-9d6595d7 wp-block-columns-is-layout-flex\">\n<div class=\"wp-block-column is-layout-flow wp-block-column-is-layout-flow\" style=\"flex-basis:33.33%\">\n<figure class=\"wp-block-image size-full\"><a href=\"https:\/\/www.fian.org\/files\/is\/htdocs\/wp11102127_GNIAANVR7U\/www\/files\/Lords_Land_Fian_20250602_fin.pdf\" target=\"_blank\" rel=\" noreferrer noopener\"><img loading=\"lazy\" decoding=\"async\" width=\"595\" height=\"842\" src=\"https:\/\/www.sinn-schaffen.de\/agrar\/wp-content\/uploads\/sites\/15\/2025\/06\/Lords-of-the-Land-2506-1.jpg\" alt=\"\" class=\"wp-image-820\"\/><\/a><\/figure>\n<\/div>\n\n\n\n<div class=\"wp-block-column is-layout-flow wp-block-column-is-layout-flow\" style=\"flex-basis:66.66%\">\n<p><\/p>\n\n\n\n<p>Die Studie &#8222;Lords of the Land: Transnational Landowners, Inequality and the Case for Redistribution&#8220; steht <a href=\"https:\/\/www.fian.org\/files\/is\/htdocs\/wp11102127_GNIAANVR7U\/www\/files\/Lords_Land_Fian_20250602_fin.pdf\" target=\"_blank\" rel=\"noreferrer noopener\">\u00fcber diesen Link zum Download als PDF-Datei<\/a> bereit.<\/p>\n<\/div>\n<\/div>\n","protected":false},"excerpt":{"rendered":"<p>Mehr als 70 Prozent der globalen landwirtschaftlichen Nutzfl\u00e4che befinden sich heute in den H\u00e4nden von nur einem Prozent aller Agrarbetriebe. Diese Landkonzentration ist Ausdruck eines globalen Trends: Verm\u00f6gen wird von der arbeitenden Bev\u00f6lkerung hin zu Eliten verlagert. K\u00f6ln, 3. Juni 2025) Die Menschenrechtsorganisation FIAN und die NGO Focus on the Global South ver\u00f6ffentlichen heute ihren &hellip; <\/p>\n<p class=\"link-more\"><a href=\"https:\/\/www.sinn-schaffen.de\/agrar\/transnationaler-landbesitz-nimmt-gewaltig-zu-und-bedroht-ernaehrung-und-menschenrechte-weltweit\/\" class=\"more-link\"><span class=\"screen-reader-text\">\u201eTransnationaler Landbesitz nimmt gewaltig zu und bedroht Ern\u00e4hrung und Menschenrechte weltweit\u201c<\/span> weiterlesen<\/a><\/p>\n","protected":false},"author":1,"featured_media":0,"parent":0,"menu_order":0,"comment_status":"closed","ping_status":"closed","template":"","meta":{"footnotes":""},"class_list":["post-823","page","type-page","status-publish","hentry"],"_links":{"self":[{"href":"https:\/\/www.sinn-schaffen.de\/agrar\/wp-json\/wp\/v2\/pages\/823","targetHints":{"allow":["GET"]}}],"collection":[{"href":"https:\/\/www.sinn-schaffen.de\/agrar\/wp-json\/wp\/v2\/pages"}],"about":[{"href":"https:\/\/www.sinn-schaffen.de\/agrar\/wp-json\/wp\/v2\/types\/page"}],"author":[{"embeddable":true,"href":"https:\/\/www.sinn-schaffen.de\/agrar\/wp-json\/wp\/v2\/users\/1"}],"replies":[{"embeddable":true,"href":"https:\/\/www.sinn-schaffen.de\/agrar\/wp-json\/wp\/v2\/comments?post=823"}],"version-history":[{"count":1,"href":"https:\/\/www.sinn-schaffen.de\/agrar\/wp-json\/wp\/v2\/pages\/823\/revisions"}],"predecessor-version":[{"id":824,"href":"https:\/\/www.sinn-schaffen.de\/agrar\/wp-json\/wp\/v2\/pages\/823\/revisions\/824"}],"wp:attachment":[{"href":"https:\/\/www.sinn-schaffen.de\/agrar\/wp-json\/wp\/v2\/media?parent=823"}],"curies":[{"name":"wp","href":"https:\/\/api.w.org\/{rel}","templated":true}]}}