{"id":838,"date":"2025-10-05T17:16:13","date_gmt":"2025-10-05T15:16:13","guid":{"rendered":"https:\/\/www.sinn-schaffen.de\/agrar\/?page_id=838"},"modified":"2025-10-05T17:17:24","modified_gmt":"2025-10-05T15:17:24","slug":"buendnis-fordert-zu-erntedank-2025-den-schutz-gentechnikfreier-konventioneller-und-oekologischer-landwirtschaft-sowie-baeuerlicher-rechte","status":"publish","type":"page","link":"https:\/\/www.sinn-schaffen.de\/agrar\/buendnis-fordert-zu-erntedank-2025-den-schutz-gentechnikfreier-konventioneller-und-oekologischer-landwirtschaft-sowie-baeuerlicher-rechte\/","title":{"rendered":"B\u00fcndnis fordert zu Erntedank 2025 den Schutz gentechnikfreier konventioneller und \u00f6kologischer Landwirtschaft sowie b\u00e4uerlicher Rechte"},"content":{"rendered":"\n<p><em>Klimaver\u00e4nderungen bringen Wetterextreme, und gro\u00dfe Agrarkonzerne gewinnen durch Patente immer mehr Kontrolle \u00fcber den Saatgutmarkt. Vielf\u00e4ltiges, lokal angepasstes Saatgut steht immer weniger zur Verf\u00fcgung, und der Zugang wird immer mehr eingeschr\u00e4nkt.<\/em><\/p>\n\n\n\n<figure class=\"wp-block-image size-large\"><img loading=\"lazy\" decoding=\"async\" width=\"1024\" height=\"683\" src=\"https:\/\/www.sinn-schaffen.de\/agrar\/wp-content\/uploads\/sites\/15\/2025\/10\/251005-AbL-ErnteDankKrone-Berlin-Foto-Nick-Jaussi-1024x683.jpg\" alt=\"\" class=\"wp-image-832\" title=\"Foto: Nick Jaussi AbL\"\/><\/figure>\n\n\n\n<p><strong>(Berlin, 23. September 2025)<\/strong> Anl\u00e4sslich des Erntedankfestes am 5. Oktober 2025 hat bereits heute ein B\u00fcndnis aus kirchlichen Entwicklungsorganisationen und b\u00e4uerlichen Interessenvertretungen eine Erntekrone an B\u00e4rbel Kofler \u00fcbergeben. Die Parlamentarische Staatssekret\u00e4rin im Bundesministerium f\u00fcr wirtschaftliche Zusammenarbeit und Entwicklung erh\u00e4lt die Krone mit der Bitte, sich f\u00fcr den Schutz der Saatgutvielfalt einzusetzen. Das B\u00fcndnis fordert zudem, keine Patente auf Saatgut zuzulassen.<\/p>\n\n\n\n<p>Die Erntekrone steht f\u00fcr die Dankbarkeit gegen\u00fcber der Natur, f\u00fcr Wertsch\u00e4tzung b\u00e4uerlicher Arbeit und f\u00fcr eine gute Ernte. Diese ist f\u00fcr b\u00e4uerliche Betriebe in Deutschland und weltweit immer schwieriger zu erzielen. Klimaver\u00e4nderungen bringen Wetterextreme, und gro\u00dfe Agrarkonzerne gewinnen durch Patente immer mehr Kontrolle \u00fcber den Saatgutmarkt. Vielf\u00e4ltiges, lokal angepasstes Saatgut steht immer weniger zur Verf\u00fcgung, und der Zugang wird immer mehr eingeschr\u00e4nkt. Zudem plant die EU-Kommission, das EU-Gentechnikrecht erheblich aufzuweichen. Das erschwert eine gentechnikfreie Saatgut- und Lebensmittelerzeugung.<\/p>\n\n\n\n<p>\u201eWenn neue Gentechnik in der EU kaum noch gepr\u00fcft und gekennzeichnet wird, wenn Pflanzen patentiert werden k\u00f6nnen und wenige Konzerne das Saatgut kontrollieren, verlieren B\u00e4uerinnen und Bauern in Europa und weltweit die Kontrolle dar\u00fcber, was sie anbauen\u201c, beschreibt Kathrin Schroeder, Abteilungsleiterin Politik und globale Zukunftsfragen bei Misereor, die Situation. \u201eSie k\u00f6nnen dann nicht mehr frei entscheiden, ob eine Sorte zum Boden oder Klima passt. Weniger Auswahl auf dem Feld bedeutet weniger Sicherheit auf dem Teller: Wenn alle das Gleiche anbauen, kann eine Krankheit ganze Ernten vernichten \u2013 und das betrifft am Ende uns alle.\u201c<\/p>\n\n\n\n<p>In dieser Legislaturperiode stehen in der EU und im Bundestag wichtige Entscheidungen an. Es wird mit Hochdruck \u00fcber die Reform der EU-Saatgutverordnung und an einem Verordnungsentwurf zu neuen Gentechnik-Pflanzen verhandelt. Diese Prozesse entscheiden dar\u00fcber, ob b\u00e4uerliche Rechte gest\u00e4rkt oder weiter eingeschr\u00e4nkt werden. Das B\u00fcndnis fordert, die \u201eUN-Erkl\u00e4rung \u00fcber die Rechte von B\u00e4uerinnen und Bauern\u201c (UNDROP) von 2018 zur Grundlage der Gesetzgebungen zu machen und b\u00e4uerliche Rechte zu sch\u00fctzen.<\/p>\n\n\n\n<p>\u201eWir fordern die Bundesregierung auf, sich in Br\u00fcssel f\u00fcr klare Regeln einzusetzen: Saatgut muss f\u00fcr B\u00e4uerinnen und Bauern frei zug\u00e4nglich und tauschbar bleiben, nur so bleibt die Vielfalt erhalten,\u201c erkl\u00e4rt Claudia Gerster, Bundesvorsitzende der Arbeitsgemeinschaft b\u00e4uerliche Landwirtschaft (AbL) e.V. und B\u00e4uerin aus Sachsen-Anhalt. \u201eGentechnikfreie konventionelle und \u00f6kologische Landwirtschaft braucht Schutz durch verpflichtende, wirksame Koexistenz- und Haftungsregelungen. Das wertvolle EU-Vorsorgeprinzip und unsere Wahlfreiheit als B\u00e4uerinnen, Bauern und Verbraucher*innen muss gew\u00e4hrleistet werden.\u201c<\/p>\n\n\n\n<p>Wichtig sei es, dass regional und global zusammen gedacht wird, f\u00fcr Ern\u00e4hrungssouver\u00e4nit\u00e4t und Vielfalt weltweit. Dazu Martin Krieg, Direktor f\u00fcr Kommunikation und Engagement bei Brot f\u00fcr die Welt: \u201eSaatgut geh\u00f6rt allen \u2013 es ist nicht das Eigentum weniger. Wenn gro\u00dfe Konzerne Patente auf Pflanzen erteilt bekommen, d\u00fcrfen andere das Saatgut oft nicht mehr verwenden oder weiterentwickeln. Das ist, als w\u00fcrde jemand das Rezept f\u00fcr Brot patentieren und anderen verbieten, es zu backen.\u201c<\/p>\n\n\n\n<p>In einem gemeinsamen Papier, das die B\u00fcndnispartner Staatssekret\u00e4rin B\u00e4rbel Kofler \u00fcberreichten, haben die Arbeitsgemeinschaft b\u00e4uerliche Landwirtschaft, Brot f\u00fcr die Welt, Misereor, die Interessengemeinschaft Nachbau, die Katholische Landvolkbewegung Deutschland und die Arbeitsgemeinschaft der Umweltbeauftragten in den Gliedkirchen der EKD sieben zentrale Empfehlungen zusammengefasst. Diese zeigen, warum Saatgutpolitik heute \u00fcber Ern\u00e4hrungssicherheit entscheidet.<\/p>\n\n\n\n<div class=\"wp-block-columns is-layout-flex wp-container-core-columns-is-layout-9d6595d7 wp-block-columns-is-layout-flex\">\n<div class=\"wp-block-column is-layout-flow wp-block-column-is-layout-flow\" style=\"flex-basis:33.33%\">\n<figure class=\"wp-block-image size-full\"><a href=\"https:\/\/blog.misereor.de\/author\/kathrin-schroeder\/\" target=\"_blank\" rel=\" noreferrer noopener\"><img loading=\"lazy\" decoding=\"async\" width=\"1200\" height=\"920\" src=\"https:\/\/www.sinn-schaffen.de\/agrar\/wp-content\/uploads\/sites\/15\/2025\/10\/Schroeder-Kathrin-misereor-251005.jpg\" alt=\"\" class=\"wp-image-833\" title=\"Foto: misereor\"\/><\/a><\/figure>\n<\/div>\n\n\n\n<div class=\"wp-block-column is-layout-flow wp-block-column-is-layout-flow\" style=\"flex-basis:66.66%\">\n<p><\/p>\n\n\n\n<p>Kathrin Schroeder ist Abteilungsleiterin Politik und globale Zukunftsfragen bei <a href=\"https:\/\/www.misereor.de\/\" target=\"_blank\" rel=\"noreferrer noopener\">Misereor<\/a>.<\/p>\n\n\n\n<figure class=\"wp-block-image size-large is-resized\"><a href=\"https:\/\/www.misereor.de\/\" target=\"_blank\" rel=\" noreferrer noopener\"><img loading=\"lazy\" decoding=\"async\" width=\"1024\" height=\"262\" src=\"https:\/\/www.sinn-schaffen.de\/agrar\/wp-content\/uploads\/sites\/15\/2022\/05\/MISEREOR-LOGO_RGB-1024x262.jpg\" alt=\"\" class=\"wp-image-574\" style=\"width:184px;height:auto\"\/><\/a><\/figure>\n<\/div>\n<\/div>\n\n\n\n<div class=\"wp-block-columns is-layout-flex wp-container-core-columns-is-layout-9d6595d7 wp-block-columns-is-layout-flex\">\n<div class=\"wp-block-column is-layout-flow wp-block-column-is-layout-flow\" style=\"flex-basis:33.33%\">\n<figure class=\"wp-block-image size-full\"><a href=\"https:\/\/www.brot-fuer-die-welt.de\/ueber-uns\/personen\/martin-krieg\/\" target=\"_blank\" rel=\" noreferrer noopener\"><img loading=\"lazy\" decoding=\"async\" width=\"566\" height=\"496\" src=\"https:\/\/www.sinn-schaffen.de\/agrar\/wp-content\/uploads\/sites\/15\/2025\/10\/Martin-Krieg-Brot-fuer-die-Welt.jpg\" alt=\"\" class=\"wp-image-834\" title=\"Foto: Brot f\u00fcr die Welt\"\/><\/a><\/figure>\n<\/div>\n\n\n\n<div class=\"wp-block-column is-layout-flow wp-block-column-is-layout-flow\" style=\"flex-basis:66.66%\">\n<p><\/p>\n\n\n\n<p>Martin Krieg ist Direktor f\u00fcr Kommunikation und Engagement bei <a href=\"https:\/\/www.brot-fuer-die-welt.de\/\" target=\"_blank\" rel=\"noreferrer noopener\">Brot f\u00fcr die Welt<\/a>.<\/p>\n\n\n\n<figure class=\"wp-block-image size-full is-resized\"><a href=\"https:\/\/www.brot-fuer-die-welt.de\/\" target=\"_blank\" rel=\" noreferrer noopener\"><img loading=\"lazy\" decoding=\"async\" width=\"258\" height=\"132\" src=\"https:\/\/www.sinn-schaffen.de\/agrar\/wp-content\/uploads\/sites\/15\/2018\/10\/BrotFuerDieWeltLogo.gif\" alt=\"\" class=\"wp-image-60\" style=\"width:194px;height:auto\"\/><\/a><\/figure>\n<\/div>\n<\/div>\n\n\n\n<div class=\"wp-block-columns is-layout-flex wp-container-core-columns-is-layout-9d6595d7 wp-block-columns-is-layout-flex\">\n<div class=\"wp-block-column is-layout-flow wp-block-column-is-layout-flow\" style=\"flex-basis:33.33%\">\n<figure class=\"wp-block-image size-full\"><a href=\"https:\/\/www.abl-ev.de\/fileadmin\/Dokumente\/AbL_ev\/Gentechnikfrei\/20250923_B%C3%BCndnispapier_BMZ_%E2%80%9EErntedank_B%C3%A4uerliche_Saatgut-Vielfalt_bewahren_%E2%80%93_weltweit.pdf\" target=\"_blank\" rel=\" noreferrer noopener\"><img loading=\"lazy\" decoding=\"async\" width=\"599\" height=\"846\" src=\"https:\/\/www.sinn-schaffen.de\/agrar\/wp-content\/uploads\/sites\/15\/2025\/10\/20250923_Buendnispapier_BMZ_\u201eErntedank_Baeuerliche_Saatgut-Vielfalt_bewahren_\u2013_weltweit-T.jpg\" alt=\"\" class=\"wp-image-835\"\/><\/a><\/figure>\n<\/div>\n\n\n\n<div class=\"wp-block-column is-layout-flow wp-block-column-is-layout-flow\" style=\"flex-basis:66.66%\">\n<p><\/p>\n\n\n\n<p>Das gemeinsame Papier der B\u00fcndnispartner mit sieben zentralen Empfehlungen f\u00fcr einen gerechten und vielf\u00e4ltigen Saatgutmarkt steht <a href=\"https:\/\/www.abl-ev.de\/fileadmin\/Dokumente\/AbL_ev\/Gentechnikfrei\/20250923_B%C3%BCndnispapier_BMZ_%E2%80%9EErntedank_B%C3%A4uerliche_Saatgut-Vielfalt_bewahren_%E2%80%93_weltweit.pdf\" target=\"_blank\" rel=\"noreferrer noopener\">\u00fcber diesen Link zum Download als PDF-Datei<\/a> bereit.<\/p>\n<\/div>\n<\/div>\n\n\n\n<p><\/p>\n","protected":false},"excerpt":{"rendered":"<p>Klimaver\u00e4nderungen bringen Wetterextreme, und gro\u00dfe Agrarkonzerne gewinnen durch Patente immer mehr Kontrolle \u00fcber den Saatgutmarkt. Vielf\u00e4ltiges, lokal angepasstes Saatgut steht immer weniger zur Verf\u00fcgung, und der Zugang wird immer mehr eingeschr\u00e4nkt. (Berlin, 23. September 2025) Anl\u00e4sslich des Erntedankfestes am 5. Oktober 2025 hat bereits heute ein B\u00fcndnis aus kirchlichen Entwicklungsorganisationen und b\u00e4uerlichen Interessenvertretungen eine Erntekrone &hellip; <\/p>\n<p class=\"link-more\"><a href=\"https:\/\/www.sinn-schaffen.de\/agrar\/buendnis-fordert-zu-erntedank-2025-den-schutz-gentechnikfreier-konventioneller-und-oekologischer-landwirtschaft-sowie-baeuerlicher-rechte\/\" class=\"more-link\"><span class=\"screen-reader-text\">\u201eB\u00fcndnis fordert zu Erntedank 2025 den Schutz gentechnikfreier konventioneller und \u00f6kologischer Landwirtschaft sowie b\u00e4uerlicher Rechte\u201c<\/span> weiterlesen<\/a><\/p>\n","protected":false},"author":1,"featured_media":0,"parent":0,"menu_order":0,"comment_status":"closed","ping_status":"closed","template":"","meta":{"footnotes":""},"class_list":["post-838","page","type-page","status-publish","hentry"],"_links":{"self":[{"href":"https:\/\/www.sinn-schaffen.de\/agrar\/wp-json\/wp\/v2\/pages\/838","targetHints":{"allow":["GET"]}}],"collection":[{"href":"https:\/\/www.sinn-schaffen.de\/agrar\/wp-json\/wp\/v2\/pages"}],"about":[{"href":"https:\/\/www.sinn-schaffen.de\/agrar\/wp-json\/wp\/v2\/types\/page"}],"author":[{"embeddable":true,"href":"https:\/\/www.sinn-schaffen.de\/agrar\/wp-json\/wp\/v2\/users\/1"}],"replies":[{"embeddable":true,"href":"https:\/\/www.sinn-schaffen.de\/agrar\/wp-json\/wp\/v2\/comments?post=838"}],"version-history":[{"count":2,"href":"https:\/\/www.sinn-schaffen.de\/agrar\/wp-json\/wp\/v2\/pages\/838\/revisions"}],"predecessor-version":[{"id":841,"href":"https:\/\/www.sinn-schaffen.de\/agrar\/wp-json\/wp\/v2\/pages\/838\/revisions\/841"}],"wp:attachment":[{"href":"https:\/\/www.sinn-schaffen.de\/agrar\/wp-json\/wp\/v2\/media?parent=838"}],"curies":[{"name":"wp","href":"https:\/\/api.w.org\/{rel}","templated":true}]}}