{"id":850,"date":"2025-10-23T14:59:41","date_gmt":"2025-10-23T12:59:41","guid":{"rendered":"https:\/\/www.sinn-schaffen.de\/agrar\/?page_id=850"},"modified":"2025-10-23T15:01:51","modified_gmt":"2025-10-23T13:01:51","slug":"un-sonderberichterstatter-warnt-konzernmacht-gefaehrdet-das-recht-auf-nahrung","status":"publish","type":"page","link":"https:\/\/www.sinn-schaffen.de\/agrar\/un-sonderberichterstatter-warnt-konzernmacht-gefaehrdet-das-recht-auf-nahrung\/","title":{"rendered":"UN-Sonderberichterstatter warnt: Konzernmacht gef\u00e4hrdet das Recht auf Nahrung"},"content":{"rendered":"\n<p><em>Ein Prozent der industriellen Landwirtschaftsbetriebe verf\u00fcgen inzwischen \u00fcber 70 Prozent der landwirtschaftlichen Nutzfl\u00e4che, vier Unternehmen weltweit kontrollieren mehr als die H\u00e4lfte des kommerziellen Saatgutmarktes und \u00fcber 60 Prozent des Pestizidmarktes. Diese Oligopole treiben Preise nach oben, dr\u00fccken L\u00f6hne nach unten und schaffen Abh\u00e4ngigkeiten, die Kleinb\u00e4uerinnen und Verbraucherinnen weltweit gleicherma\u00dfen entrechten.<\/em><\/p>\n\n\n\n<figure class=\"wp-block-image size-large\"><img loading=\"lazy\" decoding=\"async\" width=\"1024\" height=\"683\" src=\"https:\/\/www.sinn-schaffen.de\/agrar\/wp-content\/uploads\/sites\/15\/2025\/10\/251023-NU-FIAN-1024x683.jpg\" alt=\"\" class=\"wp-image-843\" title=\"Foto: Nata Uchava, Magdeburg\"\/><\/figure>\n\n\n\n<p><strong>(K\u00f6ln, 17.Oktober 2025)<\/strong> Am heutigen 17. Oktober stellt der UN-Sonderberichterstatter f\u00fcr das Recht auf Nahrung, Michael Fakhri, seinen aktuellen Bericht der 80. Generalversammlung der Vereinten Nationen in New York vor. Der Report warnt vor der zunehmenden Konzentration von Marktmacht bei wenigen transnationalen Konzernen, die politisch immer gr\u00f6\u00dferen Einfluss haben und bestimmen, was an Lebensmitteln produziert und konsumiert wird. Er stellt klar, dass diese Machtf\u00fclle gravierende Folgen f\u00fcr Umwelt, Gesundheit und Menschenrechte hat und das Recht auf Nahrung systematisch untergr\u00e4bt. \u201eDie Macht der Unternehmen im Lebensmittelsektor ist stark konzentriert, sodass eine relativ kleine Gruppe von Menschen die Nahrungsmittelsysteme so gestalten kann, dass sie dem obersten Ziel der Gewinnmaximierung dienen und nicht dem Gemeinwohl\u201c, hei\u00dft es in dem Dokument.<\/p>\n\n\n\n<p>Der UN-Sonderberichterstatter f\u00fcr das Recht auf Nahrung untermauert diesen Befund mit Zahlen: Gerade einmal ein Prozent der industriellen Landwirtschaftsbetriebe verf\u00fcgen inzwischen \u00fcber 70 Prozent der landwirtschaftlichen Nutzfl\u00e4che. Gleichzeitig kontrollieren vier Unternehmen weltweit mehr als die H\u00e4lfte des kommerziellen Saatgutmarktes und \u00fcber 60 Prozent des Pestizidmarktes. \u00c4hnlich dominant ist eine kleine Zahl von Anbietern bei D\u00fcngemitteln, Landmaschinen und Tierarzneien. Der Sonderberichterstatter sieht darin eine Hauptursache f\u00fcr Hunger und Mangelern\u00e4hrung. \u201eDiese Oligopole treiben Preise nach oben, dr\u00fccken L\u00f6hne nach unten und schaffen Abh\u00e4ngigkeiten, welche Kleinb\u00e4uer*innen und Verbraucher*innen weltweit gleicherma\u00dfen entrechten\u201c, best\u00e4tigt Jan Pehrke von der Coordination gegen Bayer-Gefahren e. V.<\/p>\n\n\n\n<p>Der Bericht erw\u00e4hnt namentlich die beiden deutschen Konzerne Bayer und BASF, die gemeinsam mit Syngenta und Corteva den Saatgut- und Pestizid-Sektor dominieren. Die gro\u00dfe Marktmacht des Gefl\u00fcgel-Multis EW und der hiesigen Superm\u00e4rkte kritisiert er ebenfalls.<\/p>\n\n\n\n<p>Der Report beschreibt au\u00dferdem die gesundheitlichen Auswirkungen des aktuellen Ern\u00e4hrungssystems, die auch in Deutschland sp\u00fcrbar sind. Hochverarbeitete Produkte verdr\u00e4ngen vielerorts frische Lebensmittel, f\u00f6rdern \u00dcberkonsum und erh\u00f6hen das Risiko f\u00fcr nicht \u00fcbertragbare Krankheiten wie Diabetes. \u201eBesonders Kinder sind Ziel aggressiver Marketingstrategien, die ungesunde Ern\u00e4hrung f\u00f6rdern und langfristig zu gesundheitlichen Problemen f\u00fchren\u201c, sagt Jan Dreier von der Menschenrechtsorganisation FIAN Deutschland.<\/p>\n\n\n\n<p>Der Sonderberichterstatter zeigt auch klare Handlungsbereiche auf:<\/p>\n\n\n\n<ul class=\"wp-block-list\">\n<li>Monopole m\u00fcssen reguliert und Wettbewerbsrechte konsequent durchgesetzt werden.<\/li>\n\n\n\n<li>\u00dcberdies mahnt er ein strengeres Unternehmensrecht an. \u201eDas Unternehmensrecht fasst Unternehmen als juristische Personen mit einer \u00fcberm\u00e4\u00dfigen Anzahl von Rechten und nur sehr wenigen verbindlichen Pflichten\u201c, schreibt Fakhri.<\/li>\n\n\n\n<li>Zudem m\u00fcssten kollektive Rechte an Land und Saatgut rechtlich abgesichert werden, damit Gemeinschaften nicht von Konzernen verdr\u00e4ngt werden.<\/li>\n\n\n\n<li>\u00d6ffentliche Gelder sollten gezielt in agrar\u00f6kologische Programme flie\u00dfen und ungesunde Lebensmittel h\u00f6her besteuert werden, anstatt industrielle Gro\u00dfprojekte zu subventionieren.<\/li>\n\n\n\n<li>Auch st\u00e4dtische Ern\u00e4hrungspolitiken k\u00f6nnen so gestaltet werden, dass Verbraucher*innen Zugang zu gesunden und bezahlbaren Lebensmitteln erhalten.<\/li>\n<\/ul>\n\n\n\n<div class=\"wp-block-columns is-layout-flex wp-container-core-columns-is-layout-9d6595d7 wp-block-columns-is-layout-flex\">\n<div class=\"wp-block-column is-layout-flow wp-block-column-is-layout-flow\" style=\"flex-basis:33.33%\">\n<figure class=\"wp-block-image size-full\"><a href=\"https:\/\/www.fian.de\/team\/jan-dreier\/\" target=\"_blank\" rel=\" noreferrer noopener\"><img loading=\"lazy\" decoding=\"async\" width=\"960\" height=\"660\" src=\"https:\/\/www.sinn-schaffen.de\/agrar\/wp-content\/uploads\/sites\/15\/2025\/10\/Jan-Dreier-FIAN-2.jpg\" alt=\"\" class=\"wp-image-844\" title=\"Foto: FIAN\"\/><\/a><\/figure>\n<\/div>\n\n\n\n<div class=\"wp-block-column is-layout-flow wp-block-column-is-layout-flow\" style=\"flex-basis:66.66%\">\n<p><\/p>\n\n\n\n<p>Jan Dreier ist Referent Recht auf Nahrung in Deutschland &amp; Agrar\u00f6kologie bei <a href=\"https:\/\/www.fian.de\/\" target=\"_blank\" rel=\"noreferrer noopener\">FIAN Deutschland<\/a>.<\/p>\n\n\n\n<figure class=\"wp-block-image size-full is-resized\"><a href=\"https:\/\/www.fian.de\/\" target=\"_blank\" rel=\" noreferrer noopener\"><img loading=\"lazy\" decoding=\"async\" width=\"1024\" height=\"1024\" src=\"https:\/\/www.sinn-schaffen.de\/agrar\/wp-content\/uploads\/sites\/15\/2019\/03\/FIAN.png\" alt=\"\" class=\"wp-image-83\" style=\"width:155px;height:auto\"\/><\/a><\/figure>\n<\/div>\n<\/div>\n\n\n\n<div class=\"wp-block-columns is-layout-flex wp-container-core-columns-is-layout-9d6595d7 wp-block-columns-is-layout-flex\">\n<div class=\"wp-block-column is-layout-flow wp-block-column-is-layout-flow\" style=\"flex-basis:33.33%\">\n<figure class=\"wp-block-image size-full\"><a href=\"https:\/\/docs.un.org\/en\/A\/80\/213\" target=\"_blank\" rel=\" noreferrer noopener\"><img loading=\"lazy\" decoding=\"async\" width=\"616\" height=\"796\" src=\"https:\/\/www.sinn-schaffen.de\/agrar\/wp-content\/uploads\/sites\/15\/2025\/10\/n2519666-T.jpg\" alt=\"\" class=\"wp-image-845\"\/><\/a><\/figure>\n<\/div>\n\n\n\n<div class=\"wp-block-column is-layout-flow wp-block-column-is-layout-flow\" style=\"flex-basis:66.66%\">\n<p><\/p>\n\n\n\n<p>Der Bericht des UN-Sonderberichterstatters f\u00fcr das Recht auf Nahrung steht <a href=\"https:\/\/docs.un.org\/en\/A\/80\/213\" target=\"_blank\" rel=\"noreferrer noopener\">\u00fcber diesen Link zum Download als PDF-Datei<\/a> bereit.<\/p>\n<\/div>\n<\/div>\n\n\n\n<div class=\"wp-block-columns is-layout-flex wp-container-core-columns-is-layout-9d6595d7 wp-block-columns-is-layout-flex\">\n<div class=\"wp-block-column is-layout-flow wp-block-column-is-layout-flow\" style=\"flex-basis:33.33%\">\n<figure class=\"wp-block-image size-full\"><a href=\"https:\/\/www.fian.de\/wp-content\/uploads\/2025\/10\/25_06_12_Submission-SRFood-FIAN-CBG.pdf\" target=\"_blank\" rel=\" noreferrer noopener\"><img loading=\"lazy\" decoding=\"async\" width=\"599\" height=\"846\" src=\"https:\/\/www.sinn-schaffen.de\/agrar\/wp-content\/uploads\/sites\/15\/2025\/10\/25_06_12_Submission-SRFood-FIAN-CBG-T.jpg\" alt=\"\" class=\"wp-image-847\"\/><\/a><\/figure>\n<\/div>\n\n\n\n<div class=\"wp-block-column is-layout-flow wp-block-column-is-layout-flow\" style=\"flex-basis:66.66%\">\n<p><\/p>\n\n\n\n<p>FIAN und die Coordination gegen Bayer-Gefahren haben eine gemeinsame Eingabe f\u00fcr den Bericht des UN-Sonderberichterstatters gemacht. Sie steht <a href=\"https:\/\/www.fian.de\/wp-content\/uploads\/2025\/10\/25_06_12_Submission-SRFood-FIAN-CBG.pdf\" target=\"_blank\" rel=\"noreferrer noopener\">\u00fcber diesen Link zum Download als PDF-Datei<\/a> bereit.<\/p>\n<\/div>\n<\/div>\n","protected":false},"excerpt":{"rendered":"<p>Ein Prozent der industriellen Landwirtschaftsbetriebe verf\u00fcgen inzwischen \u00fcber 70 Prozent der landwirtschaftlichen Nutzfl\u00e4che, vier Unternehmen weltweit kontrollieren mehr als die H\u00e4lfte des kommerziellen Saatgutmarktes und \u00fcber 60 Prozent des Pestizidmarktes. Diese Oligopole treiben Preise nach oben, dr\u00fccken L\u00f6hne nach unten und schaffen Abh\u00e4ngigkeiten, die Kleinb\u00e4uerinnen und Verbraucherinnen weltweit gleicherma\u00dfen entrechten. (K\u00f6ln, 17.Oktober 2025) Am heutigen &hellip; <\/p>\n<p class=\"link-more\"><a href=\"https:\/\/www.sinn-schaffen.de\/agrar\/un-sonderberichterstatter-warnt-konzernmacht-gefaehrdet-das-recht-auf-nahrung\/\" class=\"more-link\"><span class=\"screen-reader-text\">\u201eUN-Sonderberichterstatter warnt: Konzernmacht gef\u00e4hrdet das Recht auf Nahrung\u201c<\/span> weiterlesen<\/a><\/p>\n","protected":false},"author":1,"featured_media":0,"parent":0,"menu_order":0,"comment_status":"closed","ping_status":"closed","template":"","meta":{"footnotes":""},"class_list":["post-850","page","type-page","status-publish","hentry"],"_links":{"self":[{"href":"https:\/\/www.sinn-schaffen.de\/agrar\/wp-json\/wp\/v2\/pages\/850","targetHints":{"allow":["GET"]}}],"collection":[{"href":"https:\/\/www.sinn-schaffen.de\/agrar\/wp-json\/wp\/v2\/pages"}],"about":[{"href":"https:\/\/www.sinn-schaffen.de\/agrar\/wp-json\/wp\/v2\/types\/page"}],"author":[{"embeddable":true,"href":"https:\/\/www.sinn-schaffen.de\/agrar\/wp-json\/wp\/v2\/users\/1"}],"replies":[{"embeddable":true,"href":"https:\/\/www.sinn-schaffen.de\/agrar\/wp-json\/wp\/v2\/comments?post=850"}],"version-history":[{"count":3,"href":"https:\/\/www.sinn-schaffen.de\/agrar\/wp-json\/wp\/v2\/pages\/850\/revisions"}],"predecessor-version":[{"id":853,"href":"https:\/\/www.sinn-schaffen.de\/agrar\/wp-json\/wp\/v2\/pages\/850\/revisions\/853"}],"wp:attachment":[{"href":"https:\/\/www.sinn-schaffen.de\/agrar\/wp-json\/wp\/v2\/media?parent=850"}],"curies":[{"name":"wp","href":"https:\/\/api.w.org\/{rel}","templated":true}]}}