{"id":1004,"date":"2024-12-04T19:00:36","date_gmt":"2024-12-04T18:00:36","guid":{"rendered":"https:\/\/www.sinn-schaffen.de\/buerger\/?page_id=1004"},"modified":"2024-12-04T19:00:37","modified_gmt":"2024-12-04T18:00:37","slug":"bundestagswahl-2025-das-mindeste-was-wir-erwarten","status":"publish","type":"page","link":"https:\/\/www.sinn-schaffen.de\/buerger\/bundestagswahl-2025-das-mindeste-was-wir-erwarten\/","title":{"rendered":"Bundestagswahl 2025 \u2013 Das Mindeste, was wir erwarten"},"content":{"rendered":"\n<p><em>Das Forum Menschenrechte, ein Netzwerk von mehr als 50 deutschen Nichtregierungsorganisationen, erinnert zur Bundestagswahl im Februar 2025 daran, dass Menschenrechte die unverzichtbare Grundlage unserer freiheitlichen und rechtsstaatlichen Ordnung sind. In einem Forderungskatalog zur Bundestagswahl betont das Netzwerk, dass in unserer Gesellschaft alle Menschen vor Diskriminierung, Hass und Gewalt gesch\u00fctzt werden m\u00fcssen, dass Armut und soziale Ungleichheit wirksam bek\u00e4mpft werden m\u00fcssen, und dass vor Gewalt und Krieg Fl\u00fcchtende menschenw\u00fcrdig aufgenommen werden m\u00fcssen.<\/em><\/p>\n\n\n\n<figure class=\"wp-block-image size-full\"><img loading=\"lazy\" decoding=\"async\" width=\"1024\" height=\"413\" src=\"https:\/\/www.sinn-schaffen.de\/buerger\/wp-content\/uploads\/sites\/18\/2024\/12\/241204-NU-forum-menschenrechte.jpg\" alt=\"\" class=\"wp-image-999\" title=\"Foto: Nata Uchava, Magdeburg\"\/><\/figure>\n\n\n\n<p><strong>(Berlin, 29. November 2024)<\/strong> Das Forum Menschenrechte, ein Netzwerk von mehr als 50 deutschen Nichtregierungsorganisationen mit dem Ziel, unter anderem die Menschenrechtspolitik der Bundesregierung kritisch zu begleiten, hat einen <a href=\"https:\/\/www.forum-menschenrechte.de\/wp-content\/uploads\/2024\/11\/FORUM-MENSCHENRECHTE-Forderungen-anlaesslich-der-Bundestagswahl-2025.pdf\" target=\"_blank\" data-type=\"link\" data-id=\"https:\/\/www.forum-menschenrechte.de\/wp-content\/uploads\/2024\/11\/FORUM-MENSCHENRECHTE-Forderungen-anlaesslich-der-Bundestagswahl-2025.pdf\" rel=\"noreferrer noopener\">Katalog von Forderungen zur Bundestagswahl im Februar 2025<\/a> vorgelegt. Das Netzwerk erinnert daran, dass Menschenrechte die unverzichtbare Grundlage unserer freiheitlichen und rechtsstaatlichen Ordnung sind. Mit dem Forderungskatalog betont das Netzwerk: \u201eWir wollen eine Gesellschaft, in der alle Menschen vor Diskriminierung, Hass und Gewalt gesch\u00fctzt werden, in der Armut und soziale Ungleichheit wirksam bek\u00e4mpft werden, und in der vor Gewalt und Krieg Fl\u00fcchtende menschenw\u00fcrdig aufgenommen werden. Wir wollen, dass Deutschland seine menschenrechtlichen Verpflichtungen im eigenen Land konsequent umsetzt und dies anderen Staaten gegen\u00fcber ebenso konsequent einfordert.\u201c<\/p>\n\n\n\n<p><strong>Ein Ausschnitt aus den Forderungen<\/strong><\/p>\n\n\n\n<p>Migration m\u00fcsse als Realit\u00e4t anerkannt werden, ohne menschenrechtliche Verpflichtungen zu vernachl\u00e4ssigen, so das Forum Menschenrechte. Zu den Forderungen geh\u00f6rt entsprechend eine menschenrechtsbasierte und solidarische Migrationspolitik. Gefl\u00fcchtete Menschen sollten dezentral untergebracht werden, Arbeitsverbote abgeschafft werden und Bleiberechtsregelungen verbessert und verstetigt werden.<\/p>\n\n\n\n<p>Engagement f\u00fcr Menschenrechte und Demokratie m\u00fcsse als gemeinn\u00fctzig anerkannt werden. Der Bund solle Kommunen und Zivilgesellschaft unvermindert bei der F\u00f6rderung von Begegnung und Gemeinwesenarbeit unterst\u00fctzen, um Rassismus und Diskriminierung effektiv entgegenzuwirken und gesellschaftlichen Zusammenhalt vor Ort zu st\u00e4rken.<\/p>\n\n\n\n<p>Um soziale Menschenrechte zu finanzieren und allen ein Leben in W\u00fcrde zu sichern, fordert das Forum Menschenrechte die Reform der Schuldenbremse und die gerechte und solidarische Besteuerung gro\u00dfer Privatverm\u00f6gen sowie Betriebsverm\u00f6gen. Bezahlbarer Wohnraum solle geschaffen werden.<\/p>\n\n\n\n<div class=\"wp-block-columns is-layout-flex wp-container-core-columns-is-layout-9d6595d7 wp-block-columns-is-layout-flex\">\n<div class=\"wp-block-column is-layout-flow wp-block-column-is-layout-flow\" style=\"flex-basis:33.33%\">\n<figure class=\"wp-block-image size-full\"><a href=\"https:\/\/www.forum-menschenrechte.de\/wp-content\/uploads\/2024\/11\/FORUM-MENSCHENRECHTE-Forderungen-anlaesslich-der-Bundestagswahl-2025.pdf\" target=\"_blank\" rel=\" noreferrer noopener\"><img loading=\"lazy\" decoding=\"async\" width=\"599\" height=\"846\" src=\"https:\/\/www.sinn-schaffen.de\/buerger\/wp-content\/uploads\/sites\/18\/2024\/12\/FORUM-MENSCHENRECHTE-Forderungen-anlaesslich-der-Bundestagswahl-2025-T.jpg\" alt=\"\" class=\"wp-image-1000\"\/><\/a><\/figure>\n<\/div>\n\n\n\n<div class=\"wp-block-column is-layout-flow wp-block-column-is-layout-flow\" style=\"flex-basis:66.66%\">\n<p><\/p>\n\n\n\n<p>Die &#8222;Kurzfassung der Wahlforderungen &#8222;Das Mindeste, was wir erwarten&#8220; steht <a href=\"https:\/\/www.forum-menschenrechte.de\/wp-content\/uploads\/2024\/11\/FORUM-MENSCHENRECHTE-Forderungen-anlaesslich-der-Bundestagswahl-2025.pdf\" target=\"_blank\" rel=\"noreferrer noopener\">\u00fcber diesen Link zum Download als PDF-Datei<\/a> bereit. Ausf\u00fchrliche Analysen und Empfehlungen zu den Wahlforderungen angesprochenen und weiteren Themen finden sich <a href=\"https:\/\/www.forum-menschenrechte.de\/wp-content\/uploads\/2024\/10\/01.10.-VER-Aide-Memoires-2024.pdf\" target=\"_blank\" data-type=\"link\" data-id=\"https:\/\/www.forum-menschenrechte.de\/wp-content\/uploads\/2024\/10\/01.10.-VER-Aide-Memoires-2024.pdf\" rel=\"noreferrer noopener\">\u00fcber diesen Link zum Download als PDF-Datei<\/a>.<\/p>\n<\/div>\n<\/div>\n\n\n\n<div class=\"wp-block-columns is-layout-flex wp-container-core-columns-is-layout-9d6595d7 wp-block-columns-is-layout-flex\">\n<div class=\"wp-block-column is-layout-flow wp-block-column-is-layout-flow\" style=\"flex-basis:33.33%\">\n<figure class=\"wp-block-image size-large\"><a href=\"https:\/\/www.forum-menschenrechte.de\/ueber-uns\/mitglieder\/\" target=\"_blank\" rel=\" noreferrer noopener\"><img loading=\"lazy\" decoding=\"async\" width=\"447\" height=\"1024\" src=\"https:\/\/www.sinn-schaffen.de\/buerger\/wp-content\/uploads\/sites\/18\/2024\/12\/Forum-MR-Flyer2019-Logos-447x1024.jpg\" alt=\"\" class=\"wp-image-1005\"\/><\/a><\/figure>\n<\/div>\n\n\n\n<div class=\"wp-block-column is-layout-flow wp-block-column-is-layout-flow\" style=\"flex-basis:66.66%\">\n<p><\/p>\n\n\n\n<p>Eine \u00dcbersicht \u00fcber die Mitgliedsorganisationen des Netzwerks Forum Menschenrechte (mit Links zu den Websites) <a href=\"https:\/\/www.forum-menschenrechte.de\/ueber-uns\/mitglieder\/\" target=\"_blank\" data-type=\"link\" data-id=\"https:\/\/www.forum-menschenrechte.de\/ueber-uns\/mitglieder\/\" rel=\"noreferrer noopener\">findet sich hier<\/a>.<\/p>\n<\/div>\n<\/div>\n","protected":false},"excerpt":{"rendered":"<p>Das Forum Menschenrechte, ein Netzwerk von mehr als 50 deutschen Nichtregierungsorganisationen, erinnert zur Bundestagswahl im Februar 2025 daran, dass Menschenrechte die unverzichtbare Grundlage unserer freiheitlichen und rechtsstaatlichen Ordnung sind. In einem Forderungskatalog zur Bundestagswahl betont das Netzwerk, dass in unserer Gesellschaft alle Menschen vor Diskriminierung, Hass und Gewalt gesch\u00fctzt werden m\u00fcssen, dass Armut und soziale Ungleichheit wirksam bek\u00e4mpft werden m\u00fcssen, und dass vor Gewalt und Krieg Fl\u00fcchtende menschenw\u00fcrdig aufgenommen werden m\u00fcssen.<\/p>\n","protected":false},"author":1,"featured_media":0,"parent":0,"menu_order":3,"comment_status":"closed","ping_status":"closed","template":"","meta":{"footnotes":""},"class_list":["post-1004","page","type-page","status-publish","hentry"],"_links":{"self":[{"href":"https:\/\/www.sinn-schaffen.de\/buerger\/wp-json\/wp\/v2\/pages\/1004","targetHints":{"allow":["GET"]}}],"collection":[{"href":"https:\/\/www.sinn-schaffen.de\/buerger\/wp-json\/wp\/v2\/pages"}],"about":[{"href":"https:\/\/www.sinn-schaffen.de\/buerger\/wp-json\/wp\/v2\/types\/page"}],"author":[{"embeddable":true,"href":"https:\/\/www.sinn-schaffen.de\/buerger\/wp-json\/wp\/v2\/users\/1"}],"replies":[{"embeddable":true,"href":"https:\/\/www.sinn-schaffen.de\/buerger\/wp-json\/wp\/v2\/comments?post=1004"}],"version-history":[{"count":1,"href":"https:\/\/www.sinn-schaffen.de\/buerger\/wp-json\/wp\/v2\/pages\/1004\/revisions"}],"predecessor-version":[{"id":1006,"href":"https:\/\/www.sinn-schaffen.de\/buerger\/wp-json\/wp\/v2\/pages\/1004\/revisions\/1006"}],"wp:attachment":[{"href":"https:\/\/www.sinn-schaffen.de\/buerger\/wp-json\/wp\/v2\/media?parent=1004"}],"curies":[{"name":"wp","href":"https:\/\/api.w.org\/{rel}","templated":true}]}}