{"id":1019,"date":"2025-03-20T18:15:58","date_gmt":"2025-03-20T17:15:58","guid":{"rendered":"https:\/\/www.sinn-schaffen.de\/buerger\/?page_id=1019"},"modified":"2025-03-20T18:15:59","modified_gmt":"2025-03-20T17:15:59","slug":"politik-muss-zivilgesellschaftliches-engagement-gegen-rassismus-hass-und-diskriminierung-staerken","status":"publish","type":"page","link":"https:\/\/www.sinn-schaffen.de\/buerger\/politik-muss-zivilgesellschaftliches-engagement-gegen-rassismus-hass-und-diskriminierung-staerken\/","title":{"rendered":"Politik muss zivilgesellschaftliches Engagement gegen Rassismus, Hass und Diskriminierung st\u00e4rken"},"content":{"rendered":"\n<p><em>Demokratische Werte wie Gleichheit, Gerechtigkeit und die allgemeine Achtung der Menschenrechte m\u00fcssen in der Mitte der Gesellschaft fest verankert sein, um eine vielf\u00e4ltige Kultur des Respekts und der gleichberechtigten Teilhabe zu erreichen. Diakonie Deutschland, Brot f\u00fcr die Welt und Diakonie Katastrophenhilfe fordern, dass die k\u00fcnftige Bundesregierung sich gegen den weltweiten nationalistischen Trend stellt und f\u00fcr universelle Werte, Internationale Zusammenarbeit und eine menschenw\u00fcrdige Migrationspolitik eintritt.<\/em><\/p>\n\n\n\n<figure class=\"wp-block-image size-full\"><img loading=\"lazy\" decoding=\"async\" width=\"1024\" height=\"413\" src=\"https:\/\/www.sinn-schaffen.de\/buerger\/wp-content\/uploads\/sites\/18\/2025\/03\/250320-NU-Rassismus.jpg\" alt=\"\" class=\"wp-image-1016\" title=\"Foto: Nata Uchava, Magdeburg\"\/><\/figure>\n\n\n\n<p><strong>(Berlin, 20. M\u00e4rz 2025)<\/strong> Die Zahl fremdenfeindlicher sowie rechtsextremer Straf- und Gewalttaten steigt in Deutschland seit Jahren an. Laut Antwort der Bundesregierung auf eine Anfrage im Bundestag vom Februar wurden f\u00fcr das Jahr 2024 vorl\u00e4ufig mehr als 41.400 F\u00e4lle registriert \u2013 ein sprunghafter Anstieg zu den 28.945 F\u00e4llen im Jahr 2023. Diakonie Deutschland, Brot f\u00fcr die Welt und Diakonie Katastrophenhilfe fordern politische Schritte, um das zivilgesellschaftliche Engagement gegen Rassismus, Hass und Diskriminierung in einer Zeit zu st\u00e4rken, in der nationalistische und menschenverachtende Rhetorik weltweit zunimmt.<\/p>\n\n\n\n<p>Diakonie-Pr\u00e4sident R\u00fcdiger Schuch: \u201eDas Demokratief\u00f6rdergesetz wurde in der zu Ende gehenden Legislaturperiode vom Deutschen Bundestag leider nicht mehr verabschiedet. Es w\u00e4re eine wesentliche Grundlage gewesen, um Ma\u00dfnahmen zur Extremismuspr\u00e4vention nachhaltig zu f\u00f6rdern und demokratische Werte wie Gleichheit, Gerechtigkeit und die allgemeine Achtung der Menschenrechte zu st\u00e4rken. Diese Aufgabe muss in der Mitte der Gesellschaft fest verankert sein, um eine vielf\u00e4ltige Kultur des Respekts und der gleichberechtigten Teilhabe zu erreichen. Die neue Bundesregierung sollte diese Gesetzesinitiative auf den Weg bringen, um demokratisches Engagement in unserem Land dauerhaft zu st\u00e4rken und so einen wirksamen Beitrag gegen Rassismus und Diskriminierung zu leisten.\u201c<\/p>\n\n\n\n<p>Dagmar Pruin, Pr\u00e4sidentin Brot f\u00fcr die Welt und Diakonie Katastrophenhilfe: \u201eWir treten gemeinsam daf\u00fcr ein, allen Menschen ein Leben in W\u00fcrde zu erm\u00f6glichen \u2013 hierzulande und weltweit. Deshalb erwarten wir, dass die k\u00fcnftige Bundesregierung sich gegen den weltweiten nationalistischen Trend stellt und f\u00fcr universelle Werte, Internationale Zusammenarbeit und eine menschenw\u00fcrdige Migrationspolitik eintritt. Deutschland hat eine historische Verantwortung, gegen Rassismus, Hass und Ausgrenzung einzutreten. Daher sollte sich die n\u00e4chste Regierung auch dem Schutz der weltweiten Zivilgesellschaft verschreiben. Wir m\u00fcssen international wieder st\u00e4rker aufeinander zugehen und voneinander lernen. Das ist der beste Weg f\u00fcr lebendige Demokratien und gegen rassistisches Gedankengut.\u201c<\/p>\n\n\n\n<div class=\"wp-block-columns is-layout-flex wp-container-core-columns-is-layout-9d6595d7 wp-block-columns-is-layout-flex\">\n<div class=\"wp-block-column is-layout-flow wp-block-column-is-layout-flow\" style=\"flex-basis:33.33%\">\n<figure class=\"wp-block-image size-large\"><a href=\"https:\/\/www.brot-fuer-die-welt.de\/ueber-uns\/#c641\" target=\"_blank\" rel=\" noreferrer noopener\"><img loading=\"lazy\" decoding=\"async\" width=\"1024\" height=\"777\" src=\"https:\/\/www.sinn-schaffen.de\/buerger\/wp-content\/uploads\/sites\/18\/2025\/03\/Dagmar-Pruin-copyright-Hermann-Bredehorst-Brot-fuer-die-Welt-1200-1024x777.jpg\" alt=\"\" class=\"wp-image-1017\" style=\"aspect-ratio:4\/3;object-fit:contain\" title=\"Foto: Hermann Bredehorst-Brot f\u00fcr die Welt\"\/><\/a><\/figure>\n<\/div>\n\n\n\n<div class=\"wp-block-column is-layout-flow wp-block-column-is-layout-flow\" style=\"flex-basis:66.66%\">\n<p><\/p>\n\n\n\n<p>Dagmar Pruin ist Pr\u00e4sidentin <a href=\"https:\/\/www.brot-fuer-die-welt.de\/\" target=\"_blank\" rel=\"noreferrer noopener\">Brot f\u00fcr die Welt<\/a>.<\/p>\n\n\n\n<figure class=\"wp-block-image size-full is-resized\"><a href=\"https:\/\/www.brot-fuer-die-welt.de\/\" target=\"_blank\" rel=\" noreferrer noopener\"><img loading=\"lazy\" decoding=\"async\" width=\"258\" height=\"132\" src=\"https:\/\/www.sinn-schaffen.de\/buerger\/wp-content\/uploads\/sites\/18\/2019\/02\/BrotFuerDieWeltLogo.gif\" alt=\"\" class=\"wp-image-123\" style=\"width:269px;height:auto\"\/><\/a><\/figure>\n<\/div>\n<\/div>\n","protected":false},"excerpt":{"rendered":"<p>Demokratische Werte wie Gleichheit, Gerechtigkeit und die allgemeine Achtung der Menschenrechte m\u00fcssen in der Mitte der Gesellschaft fest verankert sein, um eine vielf\u00e4ltige Kultur des Respekts und der gleichberechtigten Teilhabe zu erreichen. Diakonie Deutschland, Brot f\u00fcr die Welt und Diakonie Katastrophenhilfe fordern, dass die k\u00fcnftige Bundesregierung sich gegen den weltweiten nationalistischen Trend stellt und f\u00fcr universelle Werte, Internationale Zusammenarbeit und eine menschenw\u00fcrdige Migrationspolitik eintritt.<\/p>\n","protected":false},"author":1,"featured_media":0,"parent":0,"menu_order":1,"comment_status":"closed","ping_status":"closed","template":"","meta":{"footnotes":""},"class_list":["post-1019","page","type-page","status-publish","hentry"],"_links":{"self":[{"href":"https:\/\/www.sinn-schaffen.de\/buerger\/wp-json\/wp\/v2\/pages\/1019","targetHints":{"allow":["GET"]}}],"collection":[{"href":"https:\/\/www.sinn-schaffen.de\/buerger\/wp-json\/wp\/v2\/pages"}],"about":[{"href":"https:\/\/www.sinn-schaffen.de\/buerger\/wp-json\/wp\/v2\/types\/page"}],"author":[{"embeddable":true,"href":"https:\/\/www.sinn-schaffen.de\/buerger\/wp-json\/wp\/v2\/users\/1"}],"replies":[{"embeddable":true,"href":"https:\/\/www.sinn-schaffen.de\/buerger\/wp-json\/wp\/v2\/comments?post=1019"}],"version-history":[{"count":1,"href":"https:\/\/www.sinn-schaffen.de\/buerger\/wp-json\/wp\/v2\/pages\/1019\/revisions"}],"predecessor-version":[{"id":1020,"href":"https:\/\/www.sinn-schaffen.de\/buerger\/wp-json\/wp\/v2\/pages\/1019\/revisions\/1020"}],"wp:attachment":[{"href":"https:\/\/www.sinn-schaffen.de\/buerger\/wp-json\/wp\/v2\/media?parent=1019"}],"curies":[{"name":"wp","href":"https:\/\/api.w.org\/{rel}","templated":true}]}}