{"id":1068,"date":"2025-06-22T21:32:30","date_gmt":"2025-06-22T19:32:30","guid":{"rendered":"https:\/\/www.sinn-schaffen.de\/buerger\/?page_id=1068"},"modified":"2025-06-22T21:33:57","modified_gmt":"2025-06-22T19:33:57","slug":"solidaritaet-ist-etwas-woran-faschismus-zerschellt","status":"publish","type":"page","link":"https:\/\/www.sinn-schaffen.de\/buerger\/solidaritaet-ist-etwas-woran-faschismus-zerschellt\/","title":{"rendered":"&#8222;Solidarit\u00e4t ist etwas, woran Faschismus zerschellt&#8220;"},"content":{"rendered":"\n<p><em>Was kann die demokratische Zivilgesellschaft dem Erstarken der extremen Rechten entgegensetzen? Eine Antwort lieferte Keynote-Speakerin Natascha Strobl bei einer Attac-Veranstaltung in der Frankfurter Paulskirche: &#8222;Faschismus ist eine Folge davon, dass Krisen der Gegenwart nicht demokratisch gel\u00f6st werden. Wir m\u00fcssen unsere sozialen Strukturen, die uns der Neoliberalismus gestohlen hat, wieder aufbauen.&#8220;<\/em><\/p>\n\n\n\n<figure class=\"wp-block-image size-large\"><img loading=\"lazy\" decoding=\"async\" width=\"1024\" height=\"576\" src=\"https:\/\/www.sinn-schaffen.de\/buerger\/wp-content\/uploads\/sites\/18\/2025\/06\/250621-Attac-Paulskirche-Fotograf-Philip-Eichler-quer-1024x576.jpg\" alt=\"\" class=\"wp-image-1066\" title=\"Foto: attac, Philip Eichler\"\/><\/figure>\n\n\n\n<p><strong>(Frankfurt am Main, 21. Juni 2025)<\/strong> \u201eSolidarit\u00e4t ist etwas, woran Faschismus zerschellt. Seid laut, geht auf die Stra\u00dfe, lasst nicht zu, dass das Ohnmachtsgef\u00fchl \u00fcberhandnimmt.\u201c So lautet der zusammenfassende Appell von Annika Brockschmidt bei der <a href=\"https:\/\/www.attac.de\/zivilgesellschaft\" target=\"_blank\" rel=\"noreferrer noopener\">Veranstaltung \u201eDen Abstieg ins Autorit\u00e4re stoppen! Die Rolle der Zivilgesellschaft in einer lebendigen Demokratie\u201c<\/a>, zu der am heutigen Samstag mehr als 400 Menschen in der Frankfurter Paulskirche zusammengekommen sind. Brockschmidt war eine von neun Referent*innen aus den Bereichen Journalismus, Wissenschaft, Gewerkschaften und Aktivismus.<\/p>\n\n\n\n<p>Weltweit ist der Autoritarismus auf dem Vormarsch. Auch hierzulande steht die demokratische Zivilgesellschaft unter Druck. Das gef\u00e4hrdet b\u00fcrgerschaftliches Engagement f\u00fcr Klimaschutz und Umwelt, f\u00fcr soziale Gerechtigkeit und Vielfalt. L\u00e4ngst versuchen nicht nur Rechtsextreme ihre Gegner*innen zu diffamieren und einzusch\u00fcchtern. Mit ihrer kleinen Anfrage zur \u201epolitischen Neutralit\u00e4t\u201c von 17 NGOs \u2013 darunter Attac \u2013 ist auch die Union auf den Zug aufgesprungen.<\/p>\n\n\n\n<p>\u201eDass sich 400 Menschen trotz Hitze f\u00fcr sechs Stunden an den Diskussionen \u00fcber die Rolle einer kritischen Zivilgesellschaft im Kampf gegen Rechtsextremismus und Autoritarismus beteiligt haben, zeigt wie sehr das Thema den Menschen auf den N\u00e4geln brennt\u201c, sagt Julia Elwing aus dem Koordinierungskreis von Attac Deutschland.<\/p>\n\n\n\n<p>Im Zentrum der Diskussion stand Frage, was die demokratische Zivilgesellschaft dem Erstarken der extremen Rechten entgegensetzen kann. Eine Antwort hatte Keynote-Speakerin Natascha Strobl: \u201eFaschismus ist eine Folge davon, dass Krisen der Gegenwart nicht demokratisch gel\u00f6st werden. Wir m\u00fcssen unsere sozialen Strukturen, die uns der Neoliberalismus gestohlen hat, wieder aufbauen. Wir brauchen einander, wir haben einander, und wir sind miteinander solidarisch. Das ist unsere Waffe im Kampf gegen Faschismus und Neoliberalismus.\u201c<\/p>\n\n\n\n<p>Zu diesem Kampf um zivilgesellschaftliche R\u00e4ume geh\u00f6rt auch die politische und juristische Auseinandersetzung um die Gemeinn\u00fctzigkeit von NGOs. Bereits vor \u00fcber zehn Jahren wurde Attac die Gemeinn\u00fctzigkeit entzogen. \u201eEs kann und darf nicht sein, dass die Aberkennung der Gemeinn\u00fctzigkeit ein Hebel zur Einsch\u00fcchterung unbequemer Vereinigungen ist\u201c, sagte Heribert Prantl in seiner Keynote. \u201eEs ist h\u00f6chste Zeit, dass das Bundesverfassungsgericht gegensteuert und auf die Verfassungsbeschwerde von Attac hin den Ausschluss von Attac von der Gemeinn\u00fctzigkeit beendet.\u201c<\/p>\n","protected":false},"excerpt":{"rendered":"<p>Was kann die demokratische Zivilgesellschaft dem Erstarken der extremen Rechten entgegensetzen? Eine Antwort lieferte Keynote-Speakerin Natascha Strobl bei einer Attac-Veranstaltung in der Frankfurter Paulskirche: &#8222;Faschismus ist eine Folge davon, dass Krisen der Gegenwart nicht demokratisch gel\u00f6st werden. Wir m\u00fcssen unsere sozialen Strukturen, die uns der Neoliberalismus gestohlen hat, wieder aufbauen.&#8220; (Frankfurt am Main, 21. Juni &hellip; <\/p>\n<p class=\"link-more\"><a href=\"https:\/\/www.sinn-schaffen.de\/buerger\/solidaritaet-ist-etwas-woran-faschismus-zerschellt\/\" class=\"more-link\"><span class=\"screen-reader-text\">\u201e&#8222;Solidarit\u00e4t ist etwas, woran Faschismus zerschellt&#8220;\u201c<\/span> weiterlesen<\/a><\/p>\n","protected":false},"author":1,"featured_media":0,"parent":0,"menu_order":0,"comment_status":"closed","ping_status":"closed","template":"","meta":{"footnotes":""},"class_list":["post-1068","page","type-page","status-publish","hentry"],"_links":{"self":[{"href":"https:\/\/www.sinn-schaffen.de\/buerger\/wp-json\/wp\/v2\/pages\/1068","targetHints":{"allow":["GET"]}}],"collection":[{"href":"https:\/\/www.sinn-schaffen.de\/buerger\/wp-json\/wp\/v2\/pages"}],"about":[{"href":"https:\/\/www.sinn-schaffen.de\/buerger\/wp-json\/wp\/v2\/types\/page"}],"author":[{"embeddable":true,"href":"https:\/\/www.sinn-schaffen.de\/buerger\/wp-json\/wp\/v2\/users\/1"}],"replies":[{"embeddable":true,"href":"https:\/\/www.sinn-schaffen.de\/buerger\/wp-json\/wp\/v2\/comments?post=1068"}],"version-history":[{"count":2,"href":"https:\/\/www.sinn-schaffen.de\/buerger\/wp-json\/wp\/v2\/pages\/1068\/revisions"}],"predecessor-version":[{"id":1070,"href":"https:\/\/www.sinn-schaffen.de\/buerger\/wp-json\/wp\/v2\/pages\/1068\/revisions\/1070"}],"wp:attachment":[{"href":"https:\/\/www.sinn-schaffen.de\/buerger\/wp-json\/wp\/v2\/media?parent=1068"}],"curies":[{"name":"wp","href":"https:\/\/api.w.org\/{rel}","templated":true}]}}