{"id":1083,"date":"2025-08-13T15:44:38","date_gmt":"2025-08-13T13:44:38","guid":{"rendered":"https:\/\/www.sinn-schaffen.de\/buerger\/?page_id=1083"},"modified":"2025-08-13T15:45:40","modified_gmt":"2025-08-13T13:45:40","slug":"katholikentag-will-nicht-kommerzielle-digitale-kommunikationsraeume-staerken","status":"publish","type":"page","link":"https:\/\/www.sinn-schaffen.de\/buerger\/katholikentag-will-nicht-kommerzielle-digitale-kommunikationsraeume-staerken\/","title":{"rendered":"Katholikentag will nicht-kommerzielle digitale Kommunikationsr\u00e4ume st\u00e4rken"},"content":{"rendered":"\n<p><em>Zum Deutschen Katholikentag 2026 in W\u00fcrzburg werden der Katholikentag und das Katholische Datenschutzzentrum Bayern das sogenannte Fediverse als zukunftsweisenden, datenschutzfreundlichen Kommunikationsraum st\u00e4rken. Anders als bei kommerziellen Plattformen behalten Nutzer:innen im Fediverse ihre Datensouver\u00e4nit\u00e4t, denn es gibt keine personalisierte Werbung und keine versteckte Profilerstellung.<\/em><\/p>\n\n\n\n<figure class=\"wp-block-image size-large\"><img loading=\"lazy\" decoding=\"async\" width=\"1024\" height=\"683\" src=\"https:\/\/www.sinn-schaffen.de\/buerger\/wp-content\/uploads\/sites\/18\/2025\/08\/250813-NU-Katholikentag-1024x683.png\" alt=\"\" class=\"wp-image-1084\" title=\"Foto: Nata Uchava, Magdeburg\"\/><\/figure>\n\n\n\n<p><strong>(W\u00fcrzburg, 11. August 2025)<\/strong> Der 104. Deutsche Katholikentag findet vom 13. bis 17. Mai 2026 in W\u00fcrzburg statt. Anl\u00e4sslich dieses Gro\u00dfereignisses haben sich der Katholikentag und das Katholische Datenschutzzentrum Bayern zu einer besonderen Kooperation entschlossen. Gemeinsam m\u00f6chten sie das sogenannte Fediverse als zukunftsweisenden, datenschutzfreundlichen Kommunikationsraum st\u00e4rken.<\/p>\n\n\n\n<p>Der Begriff Fediverse setzt sich zusammen aus den W\u00f6rtern \u201eFederation\u201c und \u201eUniverse\u201c. Er bezeichnet einen Zusammenschluss dezentraler sozialer Netzwerke, auf dem Nutzer:innen wie auf einer einzigen Plattform miteinander agieren k\u00f6nnen. Anders als bei kommerziellen Plattformen behalten Nutzer:innen im Fediverse ihre Datensouver\u00e4nit\u00e4t, denn es gibt keine personalisierte Werbung und keine versteckte Profilerstellung.<\/p>\n\n\n\n<p>\u201eWir m\u00f6chten den Besucher:innen des Katholikentags sowie den christlichen Einrichtungen in Deutschland zeigen, dass es neben den bekannten sozialen Netzwerken auch andere Wege der digitalen Kommunikation gibt: datenschutzfreundlich und ohne kommerzielle Interessen. Das Fediverse ist f\u00fcr uns eine Einladung zu einem neuen digitalen Miteinander\u201c, sagt Roland Vilsmaier, Gesch\u00e4ftsf\u00fchrer des Deutschen Katholikentags.<\/p>\n\n\n\n<p>Die Kooperation soll ein Zeichen setzen. In den kommenden Monaten werden beide Partner regelm\u00e4\u00dfig Informationen zum Katholikentag im Fediverse teilen, <a href=\"https:\/\/katholisch.social\/@katholikentag\" target=\"_blank\" rel=\"noreferrer noopener\">konkret \u00fcber Mastodon<\/a> \u2013 begleitet von praktischen Tipps zum Einstieg.<\/p>\n\n\n\n<p>Dominikus Zettl, Leiter des Katholischen Datenschutzzentrums Bayern, freut sich \u00fcber die Kooperation mit dem Katholikentag: \u201eSie ist ein starkes Signal f\u00fcr digitale Verantwortung. Das Fediverse zeigt, dass Datenschutz und moderne Kommunikation kein Widerspruch sind, sondern sich hervorragend erg\u00e4nzen k\u00f6nnen.\u201c<\/p>\n\n\n\n<p><em>Katholikentage gibt es seit 1848. Sie werden vom Zentralkomitee der deutschen Katholiken (ZdK) veranstaltet. Alle zwei Jahre ist der Katholikentag in einem anderen deutschen Bistum zu Gast. Vom 13. bis 17. Mai 2026 findet der 104. Deutsche Katholikentag in W\u00fcrzburg mit rund 700 Einzelveranstaltungen in f\u00fcnf Tagen statt.<\/em><\/p>\n","protected":false},"excerpt":{"rendered":"<p>Zum Deutschen Katholikentag 2026 in W\u00fcrzburg werden der Katholikentag und das Katholische Datenschutzzentrum Bayern das sogenannte Fediverse als zukunftsweisenden, datenschutzfreundlichen Kommunikationsraum st\u00e4rken. Anders als bei kommerziellen Plattformen behalten Nutzer:innen im Fediverse ihre Datensouver\u00e4nit\u00e4t, denn es gibt keine personalisierte Werbung und keine versteckte Profilerstellung. (W\u00fcrzburg, 11. August 2025) Der 104. Deutsche Katholikentag findet vom 13. bis &hellip; <\/p>\n<p class=\"link-more\"><a href=\"https:\/\/www.sinn-schaffen.de\/buerger\/katholikentag-will-nicht-kommerzielle-digitale-kommunikationsraeume-staerken\/\" class=\"more-link\"><span class=\"screen-reader-text\">\u201eKatholikentag will nicht-kommerzielle digitale Kommunikationsr\u00e4ume st\u00e4rken\u201c<\/span> weiterlesen<\/a><\/p>\n","protected":false},"author":1,"featured_media":0,"parent":0,"menu_order":0,"comment_status":"closed","ping_status":"closed","template":"","meta":{"footnotes":""},"class_list":["post-1083","page","type-page","status-publish","hentry"],"_links":{"self":[{"href":"https:\/\/www.sinn-schaffen.de\/buerger\/wp-json\/wp\/v2\/pages\/1083","targetHints":{"allow":["GET"]}}],"collection":[{"href":"https:\/\/www.sinn-schaffen.de\/buerger\/wp-json\/wp\/v2\/pages"}],"about":[{"href":"https:\/\/www.sinn-schaffen.de\/buerger\/wp-json\/wp\/v2\/types\/page"}],"author":[{"embeddable":true,"href":"https:\/\/www.sinn-schaffen.de\/buerger\/wp-json\/wp\/v2\/users\/1"}],"replies":[{"embeddable":true,"href":"https:\/\/www.sinn-schaffen.de\/buerger\/wp-json\/wp\/v2\/comments?post=1083"}],"version-history":[{"count":1,"href":"https:\/\/www.sinn-schaffen.de\/buerger\/wp-json\/wp\/v2\/pages\/1083\/revisions"}],"predecessor-version":[{"id":1086,"href":"https:\/\/www.sinn-schaffen.de\/buerger\/wp-json\/wp\/v2\/pages\/1083\/revisions\/1086"}],"wp:attachment":[{"href":"https:\/\/www.sinn-schaffen.de\/buerger\/wp-json\/wp\/v2\/media?parent=1083"}],"curies":[{"name":"wp","href":"https:\/\/api.w.org\/{rel}","templated":true}]}}