{"id":1101,"date":"2025-10-16T13:55:04","date_gmt":"2025-10-16T11:55:04","guid":{"rendered":"https:\/\/www.sinn-schaffen.de\/buerger\/?page_id=1101"},"modified":"2025-10-16T14:12:56","modified_gmt":"2025-10-16T12:12:56","slug":"3-frankfurter-ki-symposium-daten-eigentum-und-die-zukunft-der-ki-gesellschaft","status":"publish","type":"page","link":"https:\/\/www.sinn-schaffen.de\/buerger\/3-frankfurter-ki-symposium-daten-eigentum-und-die-zukunft-der-ki-gesellschaft\/","title":{"rendered":"3. Frankfurter KI-Symposium: Daten, Eigentum und die Zukunft der KI-Gesellschaft"},"content":{"rendered":"\n<p>Unter der Leitung von Michael Detjen widmete sich das <a href=\"https:\/\/www.sinn-schaffen.de\/buerger\/daten-eigentum-und-die-zukunft-der-ki-gesellschaft\/\" target=\"_blank\" rel=\"noreferrer noopener\">3. Frankfurter KI-Symposium am 9. Oktober 2025 im Innovationszentrum <strong>42kaiserslautern<\/strong><\/a> der zentralen Frage europ\u00e4ischer Datensouver\u00e4nit\u00e4t. Die Diskussionen des Symposiums verdeutlichten, dass die Sicherung der Hoheit \u00fcber pers\u00f6nliche und industrielle Daten zur Grundvoraussetzung einer zukunftsf\u00e4higen europ\u00e4ischen Demokratie und Wirtschaft wird.<\/p>\n\n\n\n<p>Prof. Dieter Rombach (Fraunhofer IESE) machte deutlich, dass die Herausforderung nicht allein in der K\u00fcnstlichen Intelligenz liegt, sondern in der Digitalisierung selbst. Seine L\u00f6sung: dynamische Datennutzungskontrolle \u2013 also Regeln, die den Kontext der Datennutzung ber\u00fccksichtigen und so eine faire Balance zwischen Innovation und Schutz erm\u00f6glichen.<\/p>\n\n\n\n<p>Robin Brandst\u00e4dter (Fraunhofer IESE) erl\u00e4uterte, dass durch geeignete Datennutzungskontrolle sensible Informationen auch au\u00dferhalb der eigenen Infrastruktur sicher nutzbar seien. Er zeigte, wie sich Daten teilen lassen, ohne die Kontrolle \u00fcber deren Verwendung zu verlieren.<\/p>\n\n\n\n<p>Von politischer Seite forderte Bernd Lange (EU-Handelsausschuss) die Gleichstellung von Offline- und Onlinerecht. Dr. Paul R\u00fcbig (Europ\u00e4ischer Wirtschafts- und Sozialausschuss, EWSA) ging weiter: Er bezeichnete Dateneigentum als \u201ef\u00fcnfte Freiheit\u201c Europas und schlug konkrete Modelle zur gerechten Verg\u00fctung von Datennutzung vor \u2013 etwa \u00fcber Blockchain-basierte Lizenzsysteme.<\/p>\n\n\n\n<p>Das Start-up OWN GmbH pr\u00e4sentierte eine Plattform, die den Handel mit personenbezogenen Daten DSGVO-konform erm\u00f6glicht.<\/p>\n\n\n\n<p>Juristische und ethische Stimmen mahnten zur Balance zwischen Gestaltungsspielraum und Schutz: Dr. Michael Sciurba warnte vor einem \u00fcberregulierenden KI-Act, w\u00e4hrend Marc Hauer betonte, dass bewusste Datensouver\u00e4nit\u00e4t ein demokratischer Schutzmechanismus gegen \u00dcberwachung ist. Michael Detjen und Rudolf Tillig schlossen mit dem Appell, Dateneigentum als europ\u00e4ische Gestaltungsaufgabe zu begreifen \u2013 als Chance, technologische Innovation, gesellschaftliche Verantwortung und wirtschaftliche Teilhabe miteinander zu verbinden und verwiesen auf die Fortsetzung dieser Reihe am 22. Oktober 2026 wiederum in Frankfurt am Main als auch auf die mit dem EWSA geplanten Gespr\u00e4che in Br\u00fcssel.<\/p>\n\n\n\n<div class=\"alignnormal\"><div id=\"metaslider-id-1104\" style=\"width: 100%;\" class=\"ml-slider-3-98-0 metaslider metaslider-flex metaslider-1104 ml-slider ml-slider-lightbox-1-13-4 lightbox-disabled ms-theme-default-base has-carousel-mode has-dots-nav\" role=\"region\" aria-roledescription=\"Slideshow\" aria-label=\"3. Frankfurter KI-Symposium\" data-width=\"1200\">\n    <div id=\"metaslider_container_1104\">\n        <div id=\"metaslider_1104\">\n            <ul class='slides'>\n                <li style=\"display: none; width: 100%;\" class=\"slide-1105 ms-image \" aria-roledescription=\"slide\" aria-label=\"slide-1105\" data-date=\"2025-10-16 13:57:18\"><img loading=\"lazy\" decoding=\"async\" src=\"https:\/\/www.sinn-schaffen.de\/buerger\/wp-content\/uploads\/sites\/18\/2025\/10\/KI-Symposium-251009-1-900x900.jpg\" height=\"1200\" width=\"1200\" alt=\"\" class=\"slider-1104 slide-1105\" title=\"KI-Symposium 251009-1\" \/><div class=\"caption-wrap\"><div class=\"caption\"><div>Impressionen vom 3. Frankfurter KI-Symposium. Fotos: Michael Detjen.<\/div><\/div><\/div><\/li>\n                <li style=\"display: none; width: 100%;\" class=\"slide-1106 ms-image \" aria-roledescription=\"slide\" aria-label=\"slide-1106\" data-date=\"2025-10-16 13:57:24\"><img loading=\"lazy\" decoding=\"async\" src=\"https:\/\/www.sinn-schaffen.de\/buerger\/wp-content\/uploads\/sites\/18\/2025\/10\/KI-Symposium-251009-2-900x900.jpg\" height=\"1200\" width=\"1200\" alt=\"\" class=\"slider-1104 slide-1106\" title=\"KI-Symposium 251009-2\" \/><div class=\"caption-wrap\"><div class=\"caption\"><div>Impressionen vom 3. Frankfurter KI-Symposium. Fotos: Michael Detjen.<\/div><\/div><\/div><\/li>\n                <li style=\"display: none; width: 100%;\" class=\"slide-1107 ms-image \" aria-roledescription=\"slide\" aria-label=\"slide-1107\" data-date=\"2025-10-16 13:57:32\"><img loading=\"lazy\" decoding=\"async\" src=\"https:\/\/www.sinn-schaffen.de\/buerger\/wp-content\/uploads\/sites\/18\/2025\/10\/KI-Symposium-251009-3-900x900.jpg\" height=\"1200\" width=\"1200\" alt=\"\" class=\"slider-1104 slide-1107\" title=\"KI-Symposium 251009-3\" \/><div class=\"caption-wrap\"><div class=\"caption\"><div>Impressionen vom 3. Frankfurter KI-Symposium. Fotos: Michael Detjen.<\/div><\/div><\/div><\/li>\n                <li style=\"display: none; width: 100%;\" class=\"slide-1108 ms-image \" aria-roledescription=\"slide\" aria-label=\"slide-1108\" data-date=\"2025-10-16 13:57:39\"><img loading=\"lazy\" decoding=\"async\" src=\"https:\/\/www.sinn-schaffen.de\/buerger\/wp-content\/uploads\/sites\/18\/2025\/10\/KI-Symposium-251009-4-900x900.jpg\" height=\"1200\" width=\"1200\" alt=\"\" class=\"slider-1104 slide-1108\" title=\"KI-Symposium 251009-4\" \/><div class=\"caption-wrap\"><div class=\"caption\"><div>Impressionen vom 3. Frankfurter KI-Symposium. Fotos: Michael Detjen.<\/div><\/div><\/div><\/li>\n            <\/ul>\n        <\/div>\n        \n    <\/div>\n<\/div><\/div>\n","protected":false},"excerpt":{"rendered":"<p>Unter der Leitung von Michael Detjen widmete sich das 3. Frankfurter KI-Symposium am 9. Oktober 2025 im Innovationszentrum 42kaiserslautern der zentralen Frage europ\u00e4ischer Datensouver\u00e4nit\u00e4t. Die Diskussionen des Symposiums verdeutlichten, dass die Sicherung der Hoheit \u00fcber pers\u00f6nliche und industrielle Daten zur Grundvoraussetzung einer zukunftsf\u00e4higen europ\u00e4ischen Demokratie und Wirtschaft wird. Prof. Dieter Rombach (Fraunhofer IESE) machte deutlich, &hellip; <\/p>\n<p class=\"link-more\"><a href=\"https:\/\/www.sinn-schaffen.de\/buerger\/3-frankfurter-ki-symposium-daten-eigentum-und-die-zukunft-der-ki-gesellschaft\/\" class=\"more-link\"><span class=\"screen-reader-text\">\u201e3. Frankfurter KI-Symposium: Daten, Eigentum und die Zukunft der KI-Gesellschaft\u201c<\/span> weiterlesen<\/a><\/p>\n","protected":false},"author":1,"featured_media":0,"parent":0,"menu_order":0,"comment_status":"closed","ping_status":"closed","template":"","meta":{"footnotes":""},"class_list":["post-1101","page","type-page","status-publish","hentry"],"_links":{"self":[{"href":"https:\/\/www.sinn-schaffen.de\/buerger\/wp-json\/wp\/v2\/pages\/1101","targetHints":{"allow":["GET"]}}],"collection":[{"href":"https:\/\/www.sinn-schaffen.de\/buerger\/wp-json\/wp\/v2\/pages"}],"about":[{"href":"https:\/\/www.sinn-schaffen.de\/buerger\/wp-json\/wp\/v2\/types\/page"}],"author":[{"embeddable":true,"href":"https:\/\/www.sinn-schaffen.de\/buerger\/wp-json\/wp\/v2\/users\/1"}],"replies":[{"embeddable":true,"href":"https:\/\/www.sinn-schaffen.de\/buerger\/wp-json\/wp\/v2\/comments?post=1101"}],"version-history":[{"count":3,"href":"https:\/\/www.sinn-schaffen.de\/buerger\/wp-json\/wp\/v2\/pages\/1101\/revisions"}],"predecessor-version":[{"id":1111,"href":"https:\/\/www.sinn-schaffen.de\/buerger\/wp-json\/wp\/v2\/pages\/1101\/revisions\/1111"}],"wp:attachment":[{"href":"https:\/\/www.sinn-schaffen.de\/buerger\/wp-json\/wp\/v2\/media?parent=1101"}],"curies":[{"name":"wp","href":"https:\/\/api.w.org\/{rel}","templated":true}]}}