{"id":1114,"date":"2025-10-21T15:59:16","date_gmt":"2025-10-21T13:59:16","guid":{"rendered":"https:\/\/www.sinn-schaffen.de\/buerger\/?page_id=1114"},"modified":"2025-10-21T16:00:28","modified_gmt":"2025-10-21T14:00:28","slug":"konferenz-diakonie-und-entwicklung-migrationspolitische-herausforderungen-fair-und-zukunftsorientiert-loesen","status":"publish","type":"page","link":"https:\/\/www.sinn-schaffen.de\/buerger\/konferenz-diakonie-und-entwicklung-migrationspolitische-herausforderungen-fair-und-zukunftsorientiert-loesen\/","title":{"rendered":"Konferenz Diakonie und Entwicklung: Migrationspolitische Herausforderungen fair und zukunftsorientiert l\u00f6sen"},"content":{"rendered":"\n<p><em>Die Konferenz Diakonie und Entwicklung der Evangelischen Kirche in Deutschland stellt fest: Statt einer Migrationskrise gibt es eine Verwaltungskrise, die zu \u00dcberlastung, Unmut und polarisierenden Debatten f\u00fchrt. F\u00fcr alle Menschen im Land \u2013 unabh\u00e4ngig von ihrer Nationalit\u00e4t \u2013 m\u00fcssen Teilhabem\u00f6glichkeiten geschaffen und gesellschaftlich akzeptiert werden. Die Politik hat die Aufgabe, Engagement zu unterst\u00fctzen, die Grundlagen f\u00fcr eine funktionierende Verwaltung zu schaffen und gesellschaftliche Akzeptanz zu f\u00f6rdern.<\/em><\/p>\n\n\n\n<figure class=\"wp-block-image size-full\"><img loading=\"lazy\" decoding=\"async\" width=\"1200\" height=\"800\" src=\"https:\/\/www.sinn-schaffen.de\/buerger\/wp-content\/uploads\/sites\/18\/2025\/10\/251021-NU-Diakonie.jpg\" alt=\"\" class=\"wp-image-1112\" title=\"Foto: Nata Uchava, Magdeburg\"\/><\/figure>\n\n\n\n<p><strong>(Berlin\/Stuttgart, 16. Oktober 2025)<\/strong> Migration darf nicht per se zum Problem erkl\u00e4rt, sondern muss gesamtgesellschaftlich als Chance f\u00fcr die Zukunft verstanden werden. Das war ein Fazit der Delegierten der Konferenz Diakonie und Entwicklung am 15. und 16. Oktober in Stuttgart, bei der das Thema \u201eFlucht und Migration\u201c im Mittelpunkt stand. Schon heute \u00fcbernehmen mehr als f\u00fcnf Millionen ausl\u00e4ndische Besch\u00e4ftigte systemrelevante Aufgaben und Jobs in Deutschland. Insbesondere im Pflege- und Gesundheitssektor spielen sie eine wichtige Rolle. Die positiven Erfahrungen der vergangenen Jahre bei der Integration zum Beispiel ukrainischer Gefl\u00fcchteter in Deutschland m\u00fcssen st\u00e4rker ber\u00fccksichtigt werden.<\/p>\n\n\n\n<p>Fachkr\u00e4fte aus der kirchlichen Fl\u00fcchtlingsarbeit in Deutschland und Gefl\u00fcchtete machten bei der Diskussion auf den zunehmenden Druck aufmerksam, der auf der Fl\u00fcchtlings- und Migrationssozialarbeit in Deutschland lastet. Statt einer Migrationskrise gebe es eine Verwaltungskrise, die zu \u00dcberlastung, Unmut und polarisierenden Debatten f\u00fchre. Teilhabem\u00f6glichkeiten m\u00fcssten f\u00fcr alle Menschen im Land \u2013 unabh\u00e4ngig von ihrer Nationalit\u00e4t \u2013 geschaffen und gesellschaftlich akzeptiert werden. Die Politik hat die Aufgabe, das Engagement hunderttausender Freiwilliger in Deutschland zu unterst\u00fctzen, die Grundlagen f\u00fcr eine funktionierende Verwaltung zu schaffen und die gesellschaftliche Akzeptanz zu f\u00f6rdern.<\/p>\n\n\n\n<p>R\u00fcdiger Schuch, Vorstandsvorsitzender des Evangelischen Werk f\u00fcr Diakonie und Entwicklung e.V. und Pr\u00e4sident der Diakonie Deutschland:<\/p>\n\n\n\n<p>\u201eDie migrationspolitischen Herausforderungen sind uns seit vielen Jahren bewusst, aber auch die Chancen. Jetzt geht es darum, diese Herausforderungen fair und zukunftsorientiert zu l\u00f6sen und den ankommenden Menschen Teilhabe an unserer Gesellschaft zu erm\u00f6glichen. Wenn wir in Kitas, mehr Wohnraum und Gesundheitsversorgung investieren, profitieren wir alle davon. Statt auf Restriktionen zu setzen, brauchen wir eine gestaltende Politik, die nachhaltige Grundlagen f\u00fcr Fl\u00fcchtlingsschutz und Integration vor Ort schafft \u2013 und so unsere Gesellschaft st\u00e4rkt.\u201c<\/p>\n\n\n\n<p>Zwei Drittel aller Gefl\u00fcchteten weltweit sind Vertriebene im eigenen Land. Von denen, die ihre Heimat verlassen, finden rund drei Viertel Zuflucht in L\u00e4ndern des Globalen S\u00fcdens. Der Einblick von Partnern und Expert*innen von Brot f\u00fcr die Welt und Diakonie Katastrophenhilfe auf der Konferenz machte daher deutlich, dass Fl\u00fcchtlingsarbeit schon in den Herkunfts- und Nachbarl\u00e4ndern entscheidend sei, um Leid f\u00fcr Menschen auf der Flucht zu lindern und ihnen den Schutz und Zukunftsperspektiven zu bieten. Statt finanzielle Mittel zu k\u00fcrzen, m\u00fcsse diese Arbeit gest\u00e4rkt werden.<\/p>\n\n\n\n<p>Dr. Dagmar Pruin, stellvertretende Vorstandsvorsitzende des Evangelischen Werk f\u00fcr Diakonie und Entwicklung e.V. und Pr\u00e4sidentin Brot f\u00fcr die Welt und Diakonie Katastrophenhilfe:<\/p>\n\n\n\n<p>\u201eDeutschland ist in der Vergangenheit zu einer wichtigen S\u00e4ule des globalen Fl\u00fcchtlingsschutzes geworden \u2011 nicht nur durch die Aufnahme vieler Gefl\u00fcchteter in Deutschland, sondern auch durch die finanzielle Unterst\u00fctzung f\u00fcr \u00fcberlebenswichtige Hilfsprojekte in Krisen- und Konfliktregionen. Diese Unterst\u00fctzung droht nun massiv wegzubrechen. Die beschlossenen K\u00fcrzungen bei der humanit\u00e4ren Hilfe und der Entwicklungszusammenarbeit zeigen auf alarmierende Weise, dass die Solidarit\u00e4t f\u00fcr Schutzsuchende kaum noch eine Rolle spielt. Das ist grundlegend falsch und unmenschlich und schw\u00e4cht den globalen Fl\u00fcchtlingsschutz.\u201c<\/p>\n\n\n\n<p>Die Konferenz Diakonie und Entwicklung entscheidet als h\u00f6chstes Beschlussgremium \u00fcber Grundsatzfragen des Evangelischen Werks f\u00fcr Diakonie und Entwicklung (EWDE), welches die drei Marken Diakonie Deutschland, Brot f\u00fcr die Welt und Diakonie Katastrophenhilfe vereint.<\/p>\n\n\n\n<div class=\"wp-block-columns is-layout-flex wp-container-core-columns-is-layout-9d6595d7 wp-block-columns-is-layout-flex\">\n<div class=\"wp-block-column is-layout-flow wp-block-column-is-layout-flow\" style=\"flex-basis:33.33%\">\n<figure class=\"wp-block-image size-large\"><a href=\"https:\/\/www.diakonie.de\/informieren\/die-diakonie\/das-ist-die-diakonie\/das-evangelische-werk-fuer-diakonie-und-entwicklung\" target=\"_blank\" rel=\" noreferrer noopener\"><img loading=\"lazy\" decoding=\"async\" width=\"1024\" height=\"777\" src=\"https:\/\/www.sinn-schaffen.de\/buerger\/wp-content\/uploads\/sites\/18\/2025\/03\/Dagmar-Pruin-copyright-Hermann-Bredehorst-Brot-fuer-die-Welt-1200-1024x777.jpg\" alt=\"\" class=\"wp-image-1017\" title=\"Foto: Brot f\u00fcr die Welt\"\/><\/a><\/figure>\n<\/div>\n\n\n\n<div class=\"wp-block-column is-layout-flow wp-block-column-is-layout-flow\" style=\"flex-basis:66.66%\">\n<p><\/p>\n\n\n\n<p>Dr. Dagmar Pruin ist stellvertretende Vorstandsvorsitzende des Evangelischen Werk f\u00fcr Diakonie und Entwicklung e.V. und Pr\u00e4sidentin Brot f\u00fcr die Welt und Diakonie Katastrophenhilfe.<\/p>\n\n\n\n<figure class=\"wp-block-image size-full is-resized\"><a href=\"https:\/\/www.diakonie.de\/informieren\/die-diakonie\/das-ist-die-diakonie\/das-evangelische-werk-fuer-diakonie-und-entwicklung\" target=\"_blank\" rel=\" noreferrer noopener\"><img loading=\"lazy\" decoding=\"async\" width=\"283\" height=\"92\" src=\"https:\/\/www.sinn-schaffen.de\/buerger\/wp-content\/uploads\/sites\/18\/2020\/10\/Logo_Diakonie_Deutschland_RGB_cyan_violett.jpg\" alt=\"\" class=\"wp-image-580\" style=\"width:205px;height:auto\"\/><\/a><\/figure>\n<\/div>\n<\/div>\n","protected":false},"excerpt":{"rendered":"<p>Die Konferenz Diakonie und Entwicklung der Evangelischen Kirche in Deutschland stellt fest: Statt einer Migrationskrise gibt es eine Verwaltungskrise, die zu \u00dcberlastung, Unmut und polarisierenden Debatten f\u00fchrt. F\u00fcr alle Menschen im Land \u2013 unabh\u00e4ngig von ihrer Nationalit\u00e4t \u2013 m\u00fcssen Teilhabem\u00f6glichkeiten geschaffen und gesellschaftlich akzeptiert werden. Die Politik hat die Aufgabe, Engagement zu unterst\u00fctzen, die Grundlagen &hellip; <\/p>\n<p class=\"link-more\"><a href=\"https:\/\/www.sinn-schaffen.de\/buerger\/konferenz-diakonie-und-entwicklung-migrationspolitische-herausforderungen-fair-und-zukunftsorientiert-loesen\/\" class=\"more-link\"><span class=\"screen-reader-text\">\u201eKonferenz Diakonie und Entwicklung: Migrationspolitische Herausforderungen fair und zukunftsorientiert l\u00f6sen\u201c<\/span> weiterlesen<\/a><\/p>\n","protected":false},"author":1,"featured_media":0,"parent":0,"menu_order":0,"comment_status":"closed","ping_status":"closed","template":"","meta":{"footnotes":""},"class_list":["post-1114","page","type-page","status-publish","hentry"],"_links":{"self":[{"href":"https:\/\/www.sinn-schaffen.de\/buerger\/wp-json\/wp\/v2\/pages\/1114","targetHints":{"allow":["GET"]}}],"collection":[{"href":"https:\/\/www.sinn-schaffen.de\/buerger\/wp-json\/wp\/v2\/pages"}],"about":[{"href":"https:\/\/www.sinn-schaffen.de\/buerger\/wp-json\/wp\/v2\/types\/page"}],"author":[{"embeddable":true,"href":"https:\/\/www.sinn-schaffen.de\/buerger\/wp-json\/wp\/v2\/users\/1"}],"replies":[{"embeddable":true,"href":"https:\/\/www.sinn-schaffen.de\/buerger\/wp-json\/wp\/v2\/comments?post=1114"}],"version-history":[{"count":1,"href":"https:\/\/www.sinn-schaffen.de\/buerger\/wp-json\/wp\/v2\/pages\/1114\/revisions"}],"predecessor-version":[{"id":1115,"href":"https:\/\/www.sinn-schaffen.de\/buerger\/wp-json\/wp\/v2\/pages\/1114\/revisions\/1115"}],"wp:attachment":[{"href":"https:\/\/www.sinn-schaffen.de\/buerger\/wp-json\/wp\/v2\/media?parent=1114"}],"curies":[{"name":"wp","href":"https:\/\/api.w.org\/{rel}","templated":true}]}}