{"id":1145,"date":"2026-01-07T14:53:13","date_gmt":"2026-01-07T13:53:13","guid":{"rendered":"https:\/\/www.sinn-schaffen.de\/buerger\/?page_id=1145"},"modified":"2026-01-07T14:57:13","modified_gmt":"2026-01-07T13:57:13","slug":"bauruinen","status":"publish","type":"page","link":"https:\/\/www.sinn-schaffen.de\/buerger\/bauruinen\/","title":{"rendered":"Bauruinen"},"content":{"rendered":"\n<p>Gerne erinnere ich mich an die letzten Urlaube in den w\u00e4rmeren Regionen, im S\u00fcden Europas. Vieles ist dort anders als bei uns. Einmal ist das den Wetterverh\u00e4ltnissen und ein andermal der Kultur geschuldet.<\/p>\n\n\n\n<p>Eingepr\u00e4gt hat sich mir, dass bei einem Aufenthalt bei der evangelisch-deutschen Gemeinde in Rhodos die Menschen ausgangs des Sommers bei 20 Grad sich gegenseitig daran erinnerten, dass nun die Winterjacken rausgeholt werden m\u00fcssten.<\/p>\n\n\n\n<p>Auffallend waren f\u00fcr mich, diesmal beim Aufenthalt in Griechenland, die vielen H\u00e4user, die man angefangen hatte zu bauen und die augenscheinlich nicht weitergebaut wurden. Also, zum Teil waren das gro\u00dfe Geb\u00e4ude, Mehrfamilienh\u00e4user. Aber alles Bauruinen, nicht fertig gestellt. Bei den meisten fehlten die Fenster, und es stand nur ein Rohbau da. Diese Bilder kannte ich aus Deutschland nicht.<\/p>\n\n\n\n<p>Doch es gibt sie jetzt auch bei uns. Die ber\u00fchmteste Bauruine steht in Hamburg und ist dort inzwischen eine Touristenattraktion. Der sogenannte Elbtower. Soweit ich wei\u00df, sollte dieses Geb\u00e4ude das H\u00f6chste in Hamburg werden. Nun steht es verwaist und unfertig an den Elbbr\u00fccken. Wie soll es weitergehen? Fast t\u00e4glich gibt es Nachrichten, was man mit dem Geb\u00e4ude machen k\u00f6nnte und wer wohl investieren sollte. Aber es bleibt das Elbtower-Bauruinen-Denkmal, zumindest immer noch bis jetzt. Der Baugigantismus hat an diesem Geb\u00e4ude seine Grenzen gezeigt bekommen. Elbtower-Debakel anstelle Wahrzeichen der Stadt, titelte die Presse.<\/p>\n\n\n\n<p>Ich denke an die Elbphilharmonie, die wurde nicht fertig und kostete zu viel. Damals haderte ich auch mit diesem Bau. Heute bin ich froh, dass es sie so gibt, wie sie ist. Sie ist ein unverkennbares Wahrzeichen der Stadt Hamburg geworden, ein Kulturgut, baulich sowie auch inhaltlich.<\/p>\n\n\n\n<p>Gerade deshalb denke ich, muss es doch kein zweites neues so unglaubliches Geb\u00e4ude geben. Ich bin der Meinung, man sollte diesen Komplex nur notd\u00fcrftig fertigstellen und darin ein Museum \u00fcber gescheiterten und nicht gescheiterten Baugigantismus er\u00f6ffnen.<\/p>\n\n\n\n<p>Dr. Heiderose G\u00e4rtner-Schultz, <a href=\"http:\/\/www.gaertner-schultz.de\" target=\"_blank\" rel=\"noreferrer noopener\">www.gaertner-schultz.de<\/a><\/p>\n\n\n\n<figure class=\"wp-block-image size-large\"><img loading=\"lazy\" decoding=\"async\" width=\"1024\" height=\"768\" src=\"https:\/\/www.sinn-schaffen.de\/buerger\/wp-content\/uploads\/sites\/18\/2026\/01\/HG-260107-1024x768.jpeg\" alt=\"\" class=\"wp-image-1144\" title=\"Foto: Heiderose G\u00e4rtner-Schultz\"\/><\/figure>\n","protected":false},"excerpt":{"rendered":"<p>Gerne erinnere ich mich an die letzten Urlaube in den w\u00e4rmeren Regionen, im S\u00fcden Europas. Vieles ist dort anders als bei uns. Einmal ist das den Wetterverh\u00e4ltnissen und ein andermal der Kultur geschuldet. Eingepr\u00e4gt hat sich mir, dass bei einem Aufenthalt bei der evangelisch-deutschen Gemeinde in Rhodos die Menschen ausgangs des Sommers bei 20 Grad &hellip; <\/p>\n<p class=\"link-more\"><a href=\"https:\/\/www.sinn-schaffen.de\/buerger\/bauruinen\/\" class=\"more-link\"><span class=\"screen-reader-text\">\u201eBauruinen\u201c<\/span> weiterlesen<\/a><\/p>\n","protected":false},"author":1,"featured_media":0,"parent":0,"menu_order":0,"comment_status":"closed","ping_status":"closed","template":"","meta":{"footnotes":""},"class_list":["post-1145","page","type-page","status-publish","hentry"],"_links":{"self":[{"href":"https:\/\/www.sinn-schaffen.de\/buerger\/wp-json\/wp\/v2\/pages\/1145","targetHints":{"allow":["GET"]}}],"collection":[{"href":"https:\/\/www.sinn-schaffen.de\/buerger\/wp-json\/wp\/v2\/pages"}],"about":[{"href":"https:\/\/www.sinn-schaffen.de\/buerger\/wp-json\/wp\/v2\/types\/page"}],"author":[{"embeddable":true,"href":"https:\/\/www.sinn-schaffen.de\/buerger\/wp-json\/wp\/v2\/users\/1"}],"replies":[{"embeddable":true,"href":"https:\/\/www.sinn-schaffen.de\/buerger\/wp-json\/wp\/v2\/comments?post=1145"}],"version-history":[{"count":1,"href":"https:\/\/www.sinn-schaffen.de\/buerger\/wp-json\/wp\/v2\/pages\/1145\/revisions"}],"predecessor-version":[{"id":1146,"href":"https:\/\/www.sinn-schaffen.de\/buerger\/wp-json\/wp\/v2\/pages\/1145\/revisions\/1146"}],"wp:attachment":[{"href":"https:\/\/www.sinn-schaffen.de\/buerger\/wp-json\/wp\/v2\/media?parent=1145"}],"curies":[{"name":"wp","href":"https:\/\/api.w.org\/{rel}","templated":true}]}}