{"id":139,"date":"2019-03-05T13:50:47","date_gmt":"2019-03-05T12:50:47","guid":{"rendered":"https:\/\/www.sinn-schaffen.de\/buerger\/?page_id=139"},"modified":"2020-09-09T19:35:40","modified_gmt":"2020-09-09T17:35:40","slug":"attac-nach-urteil-zu-gemeinnuetzigkeit-jetzt-erst-recht-aktiv-fuer-globale-gerechtigkeit","status":"publish","type":"page","link":"https:\/\/www.sinn-schaffen.de\/buerger\/attac-nach-urteil-zu-gemeinnuetzigkeit-jetzt-erst-recht-aktiv-fuer-globale-gerechtigkeit\/","title":{"rendered":"Attac nach Urteil zu Gemeinn\u00fctzigkeit: Jetzt erst recht aktiv f\u00fcr globale Gerechtigkeit!"},"content":{"rendered":"\n<p><em>Nach dem Urteil des Bundesfinanzhofes, das Attac die Gemeinn\u00fctzigkeit abspricht, wird das globalisierungskritische Netzwerk sich noch st\u00e4rker dem Trend entgegenstemmen, das Kr\u00e4fteverh\u00e4ltnis zwischen Wirtschaftslobbys und kritischer B\u00fcrgerschaft weiter zugunsten finanzstarker Konzerne zu verschieben. In den kommenden Monaten wird Attac Druck f\u00fcr eine sozial-\u00f6kologische Wende machen. Zugleich widmet sich Attac vor den Europawahlen nochmals verst\u00e4rkt der konsequenten Bek\u00e4mpfung von Steuerflucht.<\/em><\/p>\n\n\n\n<p><strong>(Frankfurt am Main, 1. M\u00e4rz 2019)<\/strong> <a rel=\"noreferrer noopener\" aria-label=\"Das Urteil des Bundesfinanzhofes zur Gemeinn\u00fctzigkeit von Attac (\u00f6ffnet in neuem Tab)\" href=\"https:\/\/www.attac.de\/kampagnen\/jetzt-erst-recht\/jetzt-erst-recht\/\" target=\"_blank\">Das Urteil des Bundesfinanzhofes zur Gemeinn\u00fctzigkeit von Attac<\/a> droht, das Kr\u00e4fteverh\u00e4ltnis zwischen Wirtschaftslobbys und kritischer B\u00fcrgerschaft weiter zugunsten finanzstarker Konzerne zu verschieben, warnt das globalisierungskritische Netzwerk. \u201eDem werden wir uns mit aller Kraft entgegenstemmen. Das Urteil ist f\u00fcr uns Ansporn, uns mit noch mehr Energie f\u00fcr globale Gerechtigkeit und ein gutes Leben f\u00fcr alle Menschen einzusetzen\u201c, k\u00fcndigte Judith Amler vom bundesweiten Attac-Koordinierungskreis an.<\/p>\n\n\n\n<p><strong>Mobilit\u00e4t der Zukunft\nnicht den Autokonzernen \u00fcberlassen<\/strong><\/p>\n\n\n\n<p>In den kommenden Monaten wird Attac Druck f\u00fcr eine\nsozial-\u00f6kologische Wende machen. Im Zentrum der Kampagne unter dem Motto\n\u201eEinfach umsteigen \u2013 klimagerechte Mobilit\u00e4t f\u00fcr alle\u201c stehen vielf\u00e4ltige\nAktivit\u00e4ten f\u00fcr eine Verkehrswende.<\/p>\n\n\n\n<p>\u201eWir d\u00fcrfen die Mobilit\u00e4t der Zukunft nicht den\nAutokonzernen \u00fcberlassen. Nur ein radikaler Bruch mit der heutigen Produktions-\nund Konsumweise kann den Klimakollaps verhindern. Daf\u00fcr brauchen wir nicht zuletzt\neine andere Verkehrspolitik \u2013 weg vom Individualverkehr hin zu intelligenten\nressourcenschonenden&nbsp; Verkehrssystemen\u201c,\nsagte Thomas Eberhardt-K\u00f6ster, ebenfalls Mitglied im Attac-Koordinierungskreis.<\/p>\n\n\n\n<p>Der Verkehrssektor ist Deutschlands gr\u00f6\u00dfter\nEnergieverbraucher und mit 25 Prozent der zweitgr\u00f6\u00dfte Emittent von\nTreibhausgasen. Mit vielen Aktionen werden sich die Globalisierungskritiker f\u00fcr\neine Stadt der kurzen Wege und die \u00f6ffentliche Anbindung l\u00e4ndlicher Regionen stark\nmachen. Dazu fordern sie einen kostenfreien \u00d6ffentlichen Nahverkehr, flankiert\nvom Ausbau von Fu\u00df- und Radwegen sowie des \u00f6ffentlichen Schienenverkehrs.<\/p>\n\n\n\n<p><strong>Weiter aktiv f\u00fcr Steuergerechtigkeit\nund Menschenrechte<\/strong><\/p>\n\n\n\n<p>Zugleich widmet sich Attac vor den Europawahlen nochmals\nverst\u00e4rkt der konsequenten Bek\u00e4mpfung von Steuerflucht und der Einf\u00fchrung einer\nl\u00e4nder\u00fcbergreifenden Gesamtkonzernsteuer. Alfred Eibl vom Attac-Koordinierungskreis:\n\u201eEs ist ein Skandal, dass Bundesfinanzminister Olaf Scholz Steuertricks von\nKonzernen f\u00f6rdert, indem er \u00f6ffentliche Konzernberichte in der EU verhindert.\nDieser Politik im Interesse der Verm\u00f6genden setzen wir unser Engagement f\u00fcr Steuergerechtigkeit\nentgegen. Davon werden uns auch nicht durch den Versuch des\nBundesfinanzministeriums abhalten lassen, Attac durch den Entzug der\nGemeinn\u00fctzigkeit politisch zu schaden.\u201c<\/p>\n\n\n\n<p>Unter dem Motto \u201eMenschenrechte sch\u00fctzen \u2013 Konzernklagen\nstoppen!\u201c engagiert sich Attac zusammen mit vielen anderen Organisationen f\u00fcr verbindliche\nRegeln, mit denen Unternehmen weltweit f\u00fcr Menschenrechtsverletzungen zur\nRechenschaft gezogen werden k\u00f6nnen. Die Petition hat bereits mehr als eine\nhalbe Million Menschen unterzeichnet (www.attac.de\/menschenrechte-schuetzen).<\/p>\n\n\n\n<p>Auch gegen Menschenfeindlichkeit und Autoritarismus bleibt Attac aktiv. Judith Amler: \u201eWenn wegen des Erstarkens extrem rechter Kr\u00e4fte in ganz Europa zu Recht mehr zivilgesellschaftliches Engagement gefordert wird, darf dieses nicht zugleich behindert werden. Das Urteil des Bundesfinanzhofes gegen Attac geht auch deswegen in die vollkommen falsche Richtung.\u201c<\/p>\n\n\n\n<figure class=\"wp-block-table\"><table class=\"has-subtle-light-gray-background-color has-background\"><tbody><tr><td width=\"25%\"><a rel=\"noopener noreferrer\" href=\"http:\/\/www.attac.de\/startseite\/\" target=\"_blank\"><img decoding=\"async\" width=\"180\" class=\"aligncenter wp-image-313\" title=\"Foto: Attac.\" src=\"https:\/\/www.sinn-schaffen.de\/buerger\/wp-content\/uploads\/sites\/18\/2018\/05\/Judith-Amler-218x300.jpg\" alt=\"\"><\/a><\/td><td width=\"75%\">Judith Amler ist Mitglied im bundesweiten <a href=\"http:\/\/www.attac.de\/startseite\/\" target=\"_blank\" rel=\"noopener noreferrer\">Attac-Koordinierungskreis<\/a>.<\/td><\/tr><tr><td><\/td><td><a href=\"http:\/\/www.attac.de\/startseite\/\" target=\"_blank\" rel=\"noopener noreferrer\"><img decoding=\"async\" class=\"aligncenter wp-image-313\" title=\" \" src=\"https:\/\/www.sinn-schaffen.de\/buerger\/wp-content\/uploads\/sites\/18\/2018\/05\/Attac-Logo_rgb.jpg\" alt=\"\" width=\"180\"><\/a><\/td><\/tr><\/tbody><\/table><\/figure>\n","protected":false},"excerpt":{"rendered":"<p>Nach dem Urteil des Bundesfinanzhofes, das Attac die Gemeinn\u00fctzigkeit abspricht, wird das globalisierungskritische Netzwerk sich noch st\u00e4rker dem Trend entgegenstemmen, das Kr\u00e4fteverh\u00e4ltnis zwischen Wirtschaftslobbys und kritischer B\u00fcrgerschaft weiter zugunsten finanzstarker Konzerne zu verschieben. In den kommenden Monaten wird Attac Druck f\u00fcr eine sozial-\u00f6kologische Wende machen. Zugleich widmet sich Attac vor den Europawahlen nochmals verst\u00e4rkt der &hellip; <\/p>\n<p class=\"link-more\"><a href=\"https:\/\/www.sinn-schaffen.de\/buerger\/attac-nach-urteil-zu-gemeinnuetzigkeit-jetzt-erst-recht-aktiv-fuer-globale-gerechtigkeit\/\" class=\"more-link\"><span class=\"screen-reader-text\">\u201eAttac nach Urteil zu Gemeinn\u00fctzigkeit: Jetzt erst recht aktiv f\u00fcr globale Gerechtigkeit!\u201c<\/span> weiterlesen<\/a><\/p>\n","protected":false},"author":1,"featured_media":0,"parent":0,"menu_order":108,"comment_status":"closed","ping_status":"closed","template":"","meta":{"footnotes":""},"class_list":["post-139","page","type-page","status-publish","hentry"],"_links":{"self":[{"href":"https:\/\/www.sinn-schaffen.de\/buerger\/wp-json\/wp\/v2\/pages\/139","targetHints":{"allow":["GET"]}}],"collection":[{"href":"https:\/\/www.sinn-schaffen.de\/buerger\/wp-json\/wp\/v2\/pages"}],"about":[{"href":"https:\/\/www.sinn-schaffen.de\/buerger\/wp-json\/wp\/v2\/types\/page"}],"author":[{"embeddable":true,"href":"https:\/\/www.sinn-schaffen.de\/buerger\/wp-json\/wp\/v2\/users\/1"}],"replies":[{"embeddable":true,"href":"https:\/\/www.sinn-schaffen.de\/buerger\/wp-json\/wp\/v2\/comments?post=139"}],"version-history":[{"count":4,"href":"https:\/\/www.sinn-schaffen.de\/buerger\/wp-json\/wp\/v2\/pages\/139\/revisions"}],"predecessor-version":[{"id":534,"href":"https:\/\/www.sinn-schaffen.de\/buerger\/wp-json\/wp\/v2\/pages\/139\/revisions\/534"}],"wp:attachment":[{"href":"https:\/\/www.sinn-schaffen.de\/buerger\/wp-json\/wp\/v2\/media?parent=139"}],"curies":[{"name":"wp","href":"https:\/\/api.w.org\/{rel}","templated":true}]}}