{"id":237,"date":"2019-06-18T18:05:53","date_gmt":"2019-06-18T16:05:53","guid":{"rendered":"https:\/\/www.sinn-schaffen.de\/buerger\/?page_id=237"},"modified":"2020-09-09T19:26:30","modified_gmt":"2020-09-09T17:26:30","slug":"correctiv-startet-crowdrecherche-zur-aufklaerung-der-afd-spendenaffaere","status":"publish","type":"page","link":"https:\/\/www.sinn-schaffen.de\/buerger\/correctiv-startet-crowdrecherche-zur-aufklaerung-der-afd-spendenaffaere\/","title":{"rendered":"CORRECTIV startet Crowdrecherche zur Aufkl\u00e4rung der AfD-Spendenaff\u00e4re"},"content":{"rendered":"\n<p><em>Die beiden Zeitungen \u201cDeutschland-Kurier\u201d und \u201cExtrablatt\u201d riefen vor verschiedenen Wahlk\u00e4mpfen zur Wahl der AfD auf. Bisher bestreitet die Partei, in die Erstellung und Verteilung involviert gewesen zu sein. Recherchen von CORRECTIV und Frontal21 weisen jedoch darauf hin, dass Parteimitglieder in Absprache mit AfD-Funktion\u00e4ren den \u201cDeutschland-Kurier\u201d in Essen und Duisburg verteilten. CORRECTIV startet eine CrowdNewsroom-Recherche, B\u00fcrgerinnen und B\u00fcrger k\u00f6nnen auf der Plattform eintragen, wo und wann sie in den vergangenen Jahren die AfD-nahen Zeitungen \u201cDeutschland-Kurier\u201d und \u201cExtrablatt\u201d in ihrem Briefkasten fanden.<\/em><\/p>\n\n\n\n<p><strong>(Essen, 18. Juni 2019)<\/strong> Das gemeinn\u00fctzige Recherchezentrum CORRECTIV startet am Dienstag, 18. Juni 2019, eine CrowdNewsroom-Recherche zur Spendenaff\u00e4re der AfD: \u201eDeutschland sucht den Deutschland-Kurier\u201c. B\u00fcrgerinnen und B\u00fcrger k\u00f6nnen auf der Plattform eintragen, wo und wann sie in den vergangenen Jahren die AfD-nahen Zeitungen Deutschland-Kurier und Extrablatt in ihrem Briefkasten fanden.<\/p>\n\n\n\n<p>Der CrowdNewsroom ist unter <a href=\"https:\/\/correctiv.org\/crowdnewsroom\/deutschland-kurier\/\" target=\"_blank\" rel=\"noreferrer noopener\" aria-label=\"correctiv.org\/deutschlandkurier (\u00f6ffnet in neuem Tab)\">correctiv.org\/deutschlandkurier<\/a> zu erreichen.<\/p>\n\n\n\n<p>Die beiden Zeitungen riefen vor verschiedenen Wahlk\u00e4mpfen zur Wahl der AfD auf. Bisher bestreitet die Partei, in die Erstellung und Verteilung involviert gewesen zu sein. Aktuelle Recherchen von CORRECTIV und Frontal21 weisen jedoch darauf hin, dass Parteimitglieder in Absprache mit AfD-Funktion\u00e4ren den Deutschland-Kurier in Essen und Duisburg verteilten.<\/p>\n\n\n\n<p>\u201eMit den punktuellen Aufdeckungen kommen wir hier nicht\nweiter\u201c, sagte Publisher David Schraven, \u201eWir m\u00fcssen wissen, wie es\ndeutschlandweit ausschaut. Mit der Crowdrecherche wollen wir erfahren, wer den\nDeutschland-Kurier wo in die Briefk\u00e4sten steckte.\u201c<\/p>\n\n\n\n<p>Der CrowdNewsroom ist eine von CORRECTIV entwickelte\nPlattform, auf der Redaktionen gemeinsam mit B\u00fcrgerinnen und B\u00fcrgern\nrecherchieren k\u00f6nnen. CORRECTIV setzte die Plattform zuletzt in einer\nRecherche-Serie \u00fcber den deutschen Immobilienmarkt ein, etwa in den Projekten\n\u201eWem geh\u00f6rt Hamburg?\u201c oder \u201eWem geh\u00f6rt Berlin?\u201c.<\/p>\n\n\n\n<p>CORRECTIV recherchiert seit zwei Jahren \u00fcber die\nWerbekampagnen, mit denen der Verein zur Erhaltung der Rechtsstaatlichkeit und\ndie Schweizer Werbeagentur Goal AG die AfD unterst\u00fctzten. Dazu z\u00e4hlten\nPlakataktionen in Wahlk\u00e4mpfen sowie die massenhafte Verteilung\nDeutschland-Kurier und Extrablatt. Vereine d\u00fcrfen in Deutschland f\u00fcr Parteien\nwerben, jedoch darf dies nicht in Abstimmung mit der Partei geschehen. Sonst\nmuss eine Partei die Zuwendungen in ihren Rechenschaftsberichten angeben.<\/p>\n\n\n\n<p>Eine gemeinsame Recherche mit dem ZDF-Magazin Frontal21 \u00fcber Plakataktionen f\u00fcr zwei AfD-Politiker f\u00fchrte bereits zu einer Strafzahlung an die Bundestagsverwaltung in H\u00f6he von 400.000 Euro.<\/p>\n\n\n\n<figure class=\"wp-block-table\"><table class=\"has-subtle-light-gray-background-color has-background\"><tbody><tr><td width=\"25%\"><a rel=\"noopener noreferrer\" href=\"https:\/\/correctiv.org\/team\/david-schraven\/\" target=\"_blank\"><img decoding=\"async\" width=\"180\" class=\"aligncenter wp-image-313\" title=\"Foto: CORRECTIV.\" src=\"https:\/\/www.sinn-schaffen.de\/buerger\/wp-content\/uploads\/sites\/18\/2019\/06\/David-Schraven-K.jpg\" alt=\"\"><\/a><\/td><td width=\"75%\">David Schraven ist Gesch\u00e4ftsf\u00fchrer\/Publisher beim <a href=\"https:\/\/correctiv.org\/\" target=\"_blank\" rel=\"noopener noreferrer\">gemeinn\u00fctzigen Recherchezentrum CORRECTIV<\/a>.<\/td><\/tr><tr><td><\/td><td><a href=\"https:\/\/correctiv.org\/\" target=\"_blank\" rel=\"noopener noreferrer\"><img decoding=\"async\" class=\"aligncenter wp-image-313\" title=\" \" src=\"https:\/\/www.sinn-schaffen.de\/buerger\/wp-content\/uploads\/sites\/18\/2019\/06\/CORRECTIV-logo.jpg\" alt=\"\" width=\"180\"><\/a><\/td><\/tr><\/tbody><\/table><\/figure>\n","protected":false},"excerpt":{"rendered":"<p>Die beiden Zeitungen \u201cDeutschland-Kurier\u201d und \u201cExtrablatt\u201d riefen vor verschiedenen Wahlk\u00e4mpfen zur Wahl der AfD auf. Bisher bestreitet die Partei, in die Erstellung und Verteilung involviert gewesen zu sein. Recherchen von CORRECTIV und Frontal21 weisen jedoch darauf hin, dass Parteimitglieder in Absprache mit AfD-Funktion\u00e4ren den \u201cDeutschland-Kurier\u201d in Essen und Duisburg verteilten. CORRECTIV startet eine CrowdNewsroom-Recherche, B\u00fcrgerinnen &hellip; <\/p>\n<p class=\"link-more\"><a href=\"https:\/\/www.sinn-schaffen.de\/buerger\/correctiv-startet-crowdrecherche-zur-aufklaerung-der-afd-spendenaffaere\/\" class=\"more-link\"><span class=\"screen-reader-text\">\u201eCORRECTIV startet Crowdrecherche zur Aufkl\u00e4rung der AfD-Spendenaff\u00e4re\u201c<\/span> weiterlesen<\/a><\/p>\n","protected":false},"author":1,"featured_media":0,"parent":0,"menu_order":99,"comment_status":"closed","ping_status":"closed","template":"","meta":{"footnotes":""},"class_list":["post-237","page","type-page","status-publish","hentry"],"_links":{"self":[{"href":"https:\/\/www.sinn-schaffen.de\/buerger\/wp-json\/wp\/v2\/pages\/237","targetHints":{"allow":["GET"]}}],"collection":[{"href":"https:\/\/www.sinn-schaffen.de\/buerger\/wp-json\/wp\/v2\/pages"}],"about":[{"href":"https:\/\/www.sinn-schaffen.de\/buerger\/wp-json\/wp\/v2\/types\/page"}],"author":[{"embeddable":true,"href":"https:\/\/www.sinn-schaffen.de\/buerger\/wp-json\/wp\/v2\/users\/1"}],"replies":[{"embeddable":true,"href":"https:\/\/www.sinn-schaffen.de\/buerger\/wp-json\/wp\/v2\/comments?post=237"}],"version-history":[{"count":4,"href":"https:\/\/www.sinn-schaffen.de\/buerger\/wp-json\/wp\/v2\/pages\/237\/revisions"}],"predecessor-version":[{"id":516,"href":"https:\/\/www.sinn-schaffen.de\/buerger\/wp-json\/wp\/v2\/pages\/237\/revisions\/516"}],"wp:attachment":[{"href":"https:\/\/www.sinn-schaffen.de\/buerger\/wp-json\/wp\/v2\/media?parent=237"}],"curies":[{"name":"wp","href":"https:\/\/api.w.org\/{rel}","templated":true}]}}