{"id":409,"date":"2020-04-15T19:29:20","date_gmt":"2020-04-15T17:29:20","guid":{"rendered":"https:\/\/www.sinn-schaffen.de\/buerger\/?page_id=409"},"modified":"2020-09-09T18:53:38","modified_gmt":"2020-09-09T16:53:38","slug":"mehr-demokratie-fuer-buergerbeteiligung-an-entscheidungen-in-der-corona-debatte","status":"publish","type":"page","link":"https:\/\/www.sinn-schaffen.de\/buerger\/mehr-demokratie-fuer-buergerbeteiligung-an-entscheidungen-in-der-corona-debatte\/","title":{"rendered":"&#8222;Mehr Demokratie&#8220; f\u00fcr B\u00fcrgerbeteiligung an Entscheidungen in der Corona-Debatte"},"content":{"rendered":"\n<p><em>Die Empfehlungen der Deutschen Akademie der Naturforscher Leopoldina, einer Wissenschaftsgesellschaft, in der Debatte \u00fcber Ma\u00dfnahmen zur Bek\u00e4mpfung der Corona-Pandemie gehen laut der Initiative \u201cMehr Demokratie\u201d teilweise an den Lebensrealit\u00e4ten von Eltern, Kitas und Schulen vorbei. Daf\u00fcr mitverantwortlich sei die Zusammensetzung des Wissenschaftlergremiums: Es besteht nur aus Akademikern, von denen niemand j\u00fcnger als 50 ist, nur zwei von 26 Mitgliedern sind weiblich, Eltern kleiner Kinder und insbesondere Frauen, die einen Gro\u00dfteil der Sorgearbeit schultern, finden sich hier nicht wieder. \u201cMehr Demokratie\u201d pl\u00e4diert deshalb f\u00fcr die Bildung eines per gewichtetem Verfahren ausgelosten Gremiums von B\u00fcrgerinnen und B\u00fcrgern, das Empfehlungen und Ma\u00dfnahmen pr\u00fcfen und Stellungnahmen dazu abgeben k\u00f6nnte.<\/em><\/p>\n\n\n\n<hr>\n<img decoding=\"async\" class=\"alignleft wp-image-313\" title=\"Grafik: Nata Uchava, Michael Wildberger.\" src=\"https:\/\/www.sinn-schaffen.de\/buerger\/wp-content\/uploads\/sites\/18\/2020\/04\/200415-NU-Mehr-Demokratie.jpg\" alt=\"\" width=\"1024\">\n<hr>\n&nbsp;\n\n\n\n<p><strong>(Berlin, 15. April 2020<\/strong>) Der Debatte \u00fcber Ma\u00dfnahmen zur Bek\u00e4mpfung der Corona-Pandemie fehlt es nach Meinung der Initiative \u201eMehr Demokratie\u201c an Meinungsvielfalt. \u201eDie Debatte um die aktuellen Empfehlungen der Leopoldina macht das beispielhaft deutlich. Die Empfehlungen der Wissenschaftsgesellschaft gehen laut Kritikern teilweise an den Lebensrealit\u00e4ten von Eltern, Kitas und Schulen vorbei. Daf\u00fcr mitverantwortlich ist die Zusammensetzung des Wissenschaftlergremiums, das nur aus Akademikern besteht, von denen niemand j\u00fcnger als 50 ist. Nur zwei von 26 Mitgliedern sind weiblich. Eltern kleiner Kinder und insbesondere Frauen, die einen Gro\u00dfteil der Sorgearbeit schultern, finden sich hier nicht wieder\u201c, sagt Claudine Nierth, Bundesvorstandssprecherin von Mehr Demokratie.<\/p>\n\n\n\n<div class=\"wp-block-image\"><figure class=\"alignright size-large is-resized\"><a href=\"https:\/\/www.buergerrat.de\/fileadmin\/downloads\/buergergutachten.pdf\" target=\"_blank\" rel=\"noopener noreferrer\"><img decoding=\"async\" src=\"https:\/\/www.sinn-schaffen.de\/buerger\/wp-content\/uploads\/sites\/18\/2020\/04\/Buergergutachten-Demokratie-T.jpg\" alt=\"\" class=\"wp-image-406\" width=\"320\"\/><\/a><\/figure><\/div>\n\n\n\n<p>Der Verein pl\u00e4diert deshalb f\u00fcr die Bildung eines Beteiligungsgremiums aus zuf\u00e4llig ausgelosten B\u00fcrgerinnen und B\u00fcrgern. Ein gewichtetes Losverfahren soll dabei absichern, dass von Geschlecht, Alter, Wohnort, Bildung und Migrationshintergrund her alle Bev\u00f6lkerungsgruppen darin vertreten sind. \u201eEin solches Mini-Deutschland aus Menschen mit den verschiedensten Hintergr\u00fcnden k\u00f6nnte Empfehlungen und Ma\u00dfnahmen pr\u00fcfen und Stellungnahmen dazu abgeben\u201c, erkl\u00e4rt Nierth. Mitglieder f\u00fcr das Beteiligungsgremium lie\u00dfen sich schnell per zuf\u00e4lliger Telefonauswahl gewinnen. Das Gremium selbst k\u00f6nne per Videokonferenz tagen.<\/p>\n\n\n\n<p>\u201eJe vielf\u00e4ltiger die Meinungen und Perspektiven sind, die in Entscheidungen einflie\u00dfen, desto besser sind die Entscheidungen selbst. Au\u00dferdem f\u00e4nden mit Hilfe von Losb\u00fcrgern getroffene Entscheidungen in der Bev\u00f6lkerung einen gr\u00f6\u00dferen R\u00fcckhalt\u201c, meint Nierth.<\/p>\n\n\n\n<p>Mehr Demokratie hatte im vergangenen Jahr zusammen mit der Sch\u00f6pflin Stiftung und den Beteiligungsexperten von IFOK und Nexus den bundesweit ersten losbasierten B\u00fcrgerrat durchgef\u00fchrt. 160 aus dem ganzen Bundesgebiet ausgeloste Menschen hatten dabei 22 Empfehlungen zur Zukunft der Demokratie in Deutschland formuliert. Diese liegen seit November in Form eines B\u00fcrgergutachtens dem Bundestag zur Behandlung vor.<\/p>\n\n\n\n<p>Mehr Informationen: <a rel=\"noreferrer noopener\" href=\"http:\/\/www.buergerrat.de\" target=\"_blank\">www.buergerrat.de<\/a><\/p>\n\n\n\n<figure class=\"wp-block-table\"><table class=\"has-subtle-light-gray-background-color has-background\"><tbody><tr><td width=\"25%\"><a rel=\"noopener noreferrer\" href=\"https:\/\/www.mehr-demokratie.de\/ueber-uns\/organisation\/vorstand\/\" target=\"_blank\"><img decoding=\"async\" width=\"180\" class=\"aligncenter wp-image-313\" title=\"Foto: Mehr Demokratie e.V.\" src=\"https:\/\/www.sinn-schaffen.de\/buerger\/wp-content\/uploads\/sites\/18\/2020\/04\/Claudine-Nierth-q.jpg\" alt=\"\"><\/a><\/td><td width=\"75%\">Claudine Nierth ist Bundesvorstandssprecherin von <a href=\"https:\/\/www.mehr-demokratie.de\/\" target=\"_blank\" rel=\"noopener noreferrer\">&#8222;Mehr Demokratie e.V.&#8220;<\/a><\/td><\/tr><tr><td><\/td><td><a href=\"https:\/\/www.mehr-demokratie.de\/\" target=\"_blank\" rel=\"noopener noreferrer\"><img decoding=\"async\" class=\"aligncenter wp-image-313\" title=\" \" src=\"https:\/\/www.sinn-schaffen.de\/buerger\/wp-content\/uploads\/sites\/18\/2019\/04\/logo_mehr-demokratie.gif\" alt=\"\" width=\"180\"><\/a><\/td><\/tr><\/tbody><\/table><\/figure>\n","protected":false},"excerpt":{"rendered":"<p>Die Empfehlungen der Deutschen Akademie der Naturforscher Leopoldina, einer Wissenschaftsgesellschaft, in der Debatte \u00fcber Ma\u00dfnahmen zur Bek\u00e4mpfung der Corona-Pandemie gehen laut der Initiative \u201cMehr Demokratie\u201d teilweise an den Lebensrealit\u00e4ten von Eltern, Kitas und Schulen vorbei. Daf\u00fcr mitverantwortlich sei die Zusammensetzung des Wissenschaftlergremiums: Es besteht nur aus Akademikern, von denen niemand j\u00fcnger als 50 ist, nur &hellip; <\/p>\n<p class=\"link-more\"><a href=\"https:\/\/www.sinn-schaffen.de\/buerger\/mehr-demokratie-fuer-buergerbeteiligung-an-entscheidungen-in-der-corona-debatte\/\" class=\"more-link\"><span class=\"screen-reader-text\">\u201e&#8222;Mehr Demokratie&#8220; f\u00fcr B\u00fcrgerbeteiligung an Entscheidungen in der Corona-Debatte\u201c<\/span> weiterlesen<\/a><\/p>\n","protected":false},"author":1,"featured_media":0,"parent":0,"menu_order":76,"comment_status":"closed","ping_status":"closed","template":"","meta":{"footnotes":""},"class_list":["post-409","page","type-page","status-publish","hentry"],"_links":{"self":[{"href":"https:\/\/www.sinn-schaffen.de\/buerger\/wp-json\/wp\/v2\/pages\/409","targetHints":{"allow":["GET"]}}],"collection":[{"href":"https:\/\/www.sinn-schaffen.de\/buerger\/wp-json\/wp\/v2\/pages"}],"about":[{"href":"https:\/\/www.sinn-schaffen.de\/buerger\/wp-json\/wp\/v2\/types\/page"}],"author":[{"embeddable":true,"href":"https:\/\/www.sinn-schaffen.de\/buerger\/wp-json\/wp\/v2\/users\/1"}],"replies":[{"embeddable":true,"href":"https:\/\/www.sinn-schaffen.de\/buerger\/wp-json\/wp\/v2\/comments?post=409"}],"version-history":[{"count":4,"href":"https:\/\/www.sinn-schaffen.de\/buerger\/wp-json\/wp\/v2\/pages\/409\/revisions"}],"predecessor-version":[{"id":468,"href":"https:\/\/www.sinn-schaffen.de\/buerger\/wp-json\/wp\/v2\/pages\/409\/revisions\/468"}],"wp:attachment":[{"href":"https:\/\/www.sinn-schaffen.de\/buerger\/wp-json\/wp\/v2\/media?parent=409"}],"curies":[{"name":"wp","href":"https:\/\/api.w.org\/{rel}","templated":true}]}}