{"id":596,"date":"2020-11-04T16:55:14","date_gmt":"2020-11-04T15:55:14","guid":{"rendered":"https:\/\/www.sinn-schaffen.de\/buerger\/?page_id=596"},"modified":"2020-11-04T16:55:15","modified_gmt":"2020-11-04T15:55:15","slug":"gemeinnuetzige-organisationen-und-vereine-buendnis-stellt-forderungskatalog-vor","status":"publish","type":"page","link":"https:\/\/www.sinn-schaffen.de\/buerger\/gemeinnuetzige-organisationen-und-vereine-buendnis-stellt-forderungskatalog-vor\/","title":{"rendered":"Gemeinn\u00fctzige Organisationen und Vereine: B\u00fcndnis stellt Forderungskatalog vor"},"content":{"rendered":"\n<p><em>Ein B\u00fcndnis aus 13 zivilgesellschaftlichen Akteuren von Amnesty International \u00fcber Campact und Attac bis zum Deutschen Tierschutzbund hat einen aktuellen Forderungskatalog zur Reform des Gemeinn\u00fctzigkeitsrechts vorgestellt. Die Kernforderungen sollten dringend in das Jahressteuergesetz einflie\u00dfen, das am 6. November im Plenum des Bundestages verabschiedet werden soll. Eine &#8222;Demokratie-Klausel&#8220; etwa sollte in Ausnahmef\u00e4llen erlauben, dass sich Organisationen auch zu anderen gemeinn\u00fctzigen Zwecken jenseits der eigenen Satzung bet\u00e4tigen: Ein Sportverein muss auch zu einer Anti-Rassismus-Demo aufrufen k\u00f6nnen, ohne damit gleich seine Gemeinn\u00fctzigkeit zu riskieren.<\/em><\/p>\n\n\n\n<hr>\n<img decoding=\"async\" class=\"alignleft wp-image-313\" title=\"Grafik: Nata Uchava, Michael Wildberger.\" src=\"https:\/\/www.sinn-schaffen.de\/buerger\/wp-content\/uploads\/sites\/18\/2020\/11\/NU-201104-attac-et-al.jpg\" alt=\"\" width=\"1024\">\n<hr>\n&nbsp;\n\n\n\n<p><strong>(Frankfurt am Main\/Berlin, 2. November 2020)<\/strong> In dieser Woche fallen wichtige Entscheidungen zur Zukunft gemeinn\u00fctziger Organisationen und Vereine. Aus diesem Anlass hat ein B\u00fcndnis aus 13 zivilgesellschaftlichen Akteuren von Amnesty International \u00fcber Campact und Attac bis zum Deutschen Tierschutzbund heute einen aktuellen Forderungskatalog zur Reform des Gemeinn\u00fctzigkeitsrechts vorgestellt. Die Kernforderungen sollen nach \u00dcberzeugung der Verfasser und Verfasserinnen dringend in das Jahressteuergesetz einflie\u00dfen, das der Finanzausschuss des Bundestages am 4. November ber\u00e4t und das am 6. November im Plenum des Bundestages verabschiedet werden soll. Das Gemeinn\u00fctzigkeitsrecht ist mit der dazu geh\u00f6ren Abgabenordnung Teil der Finanzgesetzgebung.<\/p>\n\n\n\n<p>\u201cUnsere Demokratie lebt von einer offenen und breiten Auseinandersetzung. Die darf nicht allein von der Politik gef\u00fchrt werden. Um die dr\u00e4ngenden Probleme zu l\u00f6sen, braucht es eine starke und selbstbewusste Zivilgesellschaft\u201d, erkl\u00e4rt Ralf-Uwe Beck, Vorstandssprecher von Mehr Demokratie.<\/p>\n\n\n\n<p>\u201cDeutsche Entwicklungszusammenarbeit f\u00f6rdert weltweit das politische Engagement von zivilgesellschaftlichen Organisationen f\u00fcr Menschenrechte und Demokratie. Daher sollte die Bundesregierung auch im Inland einen klaren Rechtsrahmen f\u00fcr die politische Bet\u00e4tigung gemeinn\u00fctziger Organisationen schaffen\u201d, sagt Markus Beeko, Generalsekret\u00e4r von Amnesty International in Deutschland.<\/p>\n\n\n\n<p>\u201cWie wichtig Rechtssicherheit ist, sieht man am Fall Attac\u201d, so Stephanie Handtmann, Gesch\u00e4ftsf\u00fchrerin von Attac. \u201cDas Verfahren um den Entzug der Gemeinn\u00fctzigkeit, das bei uns noch weiter l\u00e4uft, bindet viele Ressourcen, die wir f\u00fcr unsere inhaltliche Arbeit nutzen m\u00fcssten. F\u00fcr kleinere Vereine ist der Entzug der Gemeinn\u00fctzigkeit existenzbedrohend.\u201d<\/p>\n\n\n\n<p>\u201cEs fehlen schlicht ganz wichtige gemeinn\u00fctzige Zwecke in der Abgabenordnung wie etwa die F\u00f6rderung der sozialen Gerechtigkeit, des Klimaschutzes, des Friedens oder der Gleichstellung aller Geschlechter\u201d, erg\u00e4nzt Maritta Strasser, Gesch\u00e4ftsf\u00fchrerin der NaturFreunde Deutschlands. \u201cDabei ist auch dieses Engagement zweifelsfrei selbstlos und im Sinne der Allgemeinheit.\u201d<\/p>\n\n\n\n<p>Thomas Schr\u00f6der, Pr\u00e4sident des Deutschen Tierschutzbunds macht deutlich: \u201cIn der Abgabenordnung muss endlich klargestellt werden, dass gemeinn\u00fctzige Organisationen ihren eigenen Zweck auch \u00fcberwiegend politisch verfolgen d\u00fcrfen. Denn Fortschritte beim Tierschutz, Naturschutz oder Verbraucherschutz lassen sich eben gerade durch politische \u00c4nderungen erzielen.\u201d<\/p>\n\n\n\n<p>Felix Kolb, gesch\u00e4ftsf\u00fchrender Vorstand von Campact hebt hervor: \u201cF\u00fcr die Zukunft unserer Demokratie ist eine \u2018Demokratie-Klausel\u2019 wichtig, die in Ausnahmef\u00e4llen erlaubt, dass sich Organisationen auch zu anderen gemeinn\u00fctzigen Zwecken jenseits der eigenen Satzung bet\u00e4tigen: Ein Sportverein muss auch zu einer Anti-Rassismus-Demo aufrufen k\u00f6nnen, ohne damit gleich seine Gemeinn\u00fctzigkeit zu riskieren.\u201d<\/p>\n\n\n\n<p>Das Verb\u00e4ndepapier zur Gemeinn\u00fctzigkeit wird getragen von<\/p>\n\n\n\n<ul class=\"wp-block-list\"><li>Amnesty International,<\/li><li>Attac,<\/li><li>BUND,<\/li><li>Campact,<\/li><li>Deutscher Tierschutzbund,<\/li><li>foodwatch,<\/li><li>Gesellschaft f\u00fcr Freiheitsrechte,<\/li><li>Greenpeace,<\/li><li>Lobby Control,<\/li><li>Mehr Demokratie,<\/li><li>NaturFreunde Deutschlands,<\/li><li>Oxfam,<\/li><li>Transparency International.<\/li><\/ul>\n\n\n\n<figure class=\"wp-block-table\"><table class=\"has-subtle-light-gray-background-color has-background\"><tbody><tr><td width=\"25%\"><a rel=\"noopener noreferrer\" href=\"https:\/\/www.attac.de\/presse\/detailansicht\/news\/wechsel-in-der-geschaeftsfuehrung-von-attac-deutschland\/\" target=\"_blank\"><img decoding=\"async\" class=\"aligncenter wp-image-313\" title=\"Foto: Attac Deutschland.\" src=\"https:\/\/www.sinn-schaffen.de\/buerger\/wp-content\/uploads\/sites\/18\/2019\/03\/Stephanie-Handtmann.jpg\" alt=\"\" width=\"180\"><\/a><\/td><td width=\"75%\">Stephanie Handtmann ist Gesch\u00e4ftsf\u00fchrerin von <a href=\"https:\/\/www.attac.de\/startseite\/\" target=\"_blank\" rel=\"noopener noreferrer\">Attac Deutschland<\/a>.<\/td><\/tr><tr><td><\/td><td><a href=\"https:\/\/www.attac.de\/startseite\/\" target=\"_blank\" rel=\"noopener noreferrer\"><img decoding=\"async\" class=\"aligncenter wp-image-313\" title=\" \" src=\"https:\/\/www.sinn-schaffen.de\/buerger\/wp-content\/uploads\/sites\/18\/2018\/05\/Attac-Logo_rgb.jpg\" alt=\"\" width=\"180\"><\/a><\/td><\/tr><\/tbody><\/table><\/figure>\n\n\n\n<figure class=\"wp-block-table\"><table class=\"has-subtle-light-gray-background-color has-background\"><tbody><tr><td width=\"25%\"><a rel=\"noopener noreferrer\" href=\"https:\/\/www.attac.de\/fileadmin\/user_upload\/bundesebene\/Pressegruppe\/Verbaendepapier.pdf\" target=\"_blank\"><img decoding=\"async\" title=\" \" width=\"180\" class=\"aligncenter wp-image-313\" src=\"https:\/\/www.sinn-schaffen.de\/buerger\/wp-content\/uploads\/sites\/18\/2020\/11\/Unsere-Demokratie-braucht-eine-starke-Zivilgesellschaft-T.jpg\" alt=\"\"><\/a><\/td><td width=\"75%\">Der Forderungskatalog zur Reform des Gemeinn\u00fctzigkeitsrechts steht \u00fcber <a href=\"https:\/\/www.attac.de\/fileadmin\/user_upload\/bundesebene\/Pressegruppe\/Verbaendepapier.pdf\" target=\"_blank\" rel=\"noopener noreferrer\">diesen Link zum Download als PDF<\/a> bereit.<\/td><\/tr><\/tbody><\/table><\/figure>\n","protected":false},"excerpt":{"rendered":"<p>Ein B\u00fcndnis aus 13 zivilgesellschaftlichen Akteuren von Amnesty International \u00fcber Campact und Attac bis zum Deutschen Tierschutzbund hat einen aktuellen Forderungskatalog zur Reform des Gemeinn\u00fctzigkeitsrechts vorgestellt. Die Kernforderungen sollten dringend in das Jahressteuergesetz einflie\u00dfen, das am 6. November im Plenum des Bundestages verabschiedet werden soll. Eine &#8222;Demokratie-Klausel&#8220; etwa sollte in Ausnahmef\u00e4llen erlauben, dass sich Organisationen &hellip; <\/p>\n<p class=\"link-more\"><a href=\"https:\/\/www.sinn-schaffen.de\/buerger\/gemeinnuetzige-organisationen-und-vereine-buendnis-stellt-forderungskatalog-vor\/\" class=\"more-link\"><span class=\"screen-reader-text\">\u201eGemeinn\u00fctzige Organisationen und Vereine: B\u00fcndnis stellt Forderungskatalog vor\u201c<\/span> weiterlesen<\/a><\/p>\n","protected":false},"author":1,"featured_media":0,"parent":0,"menu_order":64,"comment_status":"closed","ping_status":"closed","template":"","meta":{"footnotes":""},"class_list":["post-596","page","type-page","status-publish","hentry"],"_links":{"self":[{"href":"https:\/\/www.sinn-schaffen.de\/buerger\/wp-json\/wp\/v2\/pages\/596","targetHints":{"allow":["GET"]}}],"collection":[{"href":"https:\/\/www.sinn-schaffen.de\/buerger\/wp-json\/wp\/v2\/pages"}],"about":[{"href":"https:\/\/www.sinn-schaffen.de\/buerger\/wp-json\/wp\/v2\/types\/page"}],"author":[{"embeddable":true,"href":"https:\/\/www.sinn-schaffen.de\/buerger\/wp-json\/wp\/v2\/users\/1"}],"replies":[{"embeddable":true,"href":"https:\/\/www.sinn-schaffen.de\/buerger\/wp-json\/wp\/v2\/comments?post=596"}],"version-history":[{"count":1,"href":"https:\/\/www.sinn-schaffen.de\/buerger\/wp-json\/wp\/v2\/pages\/596\/revisions"}],"predecessor-version":[{"id":597,"href":"https:\/\/www.sinn-schaffen.de\/buerger\/wp-json\/wp\/v2\/pages\/596\/revisions\/597"}],"wp:attachment":[{"href":"https:\/\/www.sinn-schaffen.de\/buerger\/wp-json\/wp\/v2\/media?parent=596"}],"curies":[{"name":"wp","href":"https:\/\/api.w.org\/{rel}","templated":true}]}}