{"id":615,"date":"2021-01-13T17:27:23","date_gmt":"2021-01-13T16:27:23","guid":{"rendered":"https:\/\/www.sinn-schaffen.de\/buerger\/?page_id=615"},"modified":"2021-01-13T18:07:20","modified_gmt":"2021-01-13T17:07:20","slug":"auftakt-fuer-den-buergerrat-deutschlands-rolle-in-der-welt","status":"publish","type":"page","link":"https:\/\/www.sinn-schaffen.de\/buerger\/auftakt-fuer-den-buergerrat-deutschlands-rolle-in-der-welt\/","title":{"rendered":"Auftakt f\u00fcr den B\u00fcrgerrat &#8222;Deutschlands Rolle in der Welt&#8220;"},"content":{"rendered":"\n<p><em>Am Abend des 13. Januar 2021 Abend beginnt der zweite bundesweite B\u00fcrgerrat mit aus ganz Deutschland ausgelosten Menschen: Auf zehn Online-Veranstaltungen bis zum 20. Februar 2021 werden die 160 Ausgelosten Empfehlungen dazu erarbeiten, wie die Bundesrepublik k\u00fcnftig auf der weltpolitischen B\u00fchne auftreten soll. Die gelosten Teilnehmenden beraten \u00fcber Detailfragen in den f\u00fcnf Themenbereiche Nachhaltige Entwicklung, Wirtschaft und Handeln, EU-Au\u00dfenpolitik, Frieden und Sicherheit, Demokratie und Rechtsstaatlichkeit. Fachleute informieren in Online-Vortr\u00e4gen \u00fcber verschiedene Perspektiven zu den Einzelthemen und stehen f\u00fcr Fragen zur Verf\u00fcgung; alle Beratungen werden professionell moderiert und dokumentiert.<\/em><\/p>\n\n\n\n<hr>\n<img decoding=\"async\" class=\"alignleft wp-image-313\" title=\"Foto: Nata Uchava, Freiburg.\" src=\"https:\/\/www.sinn-schaffen.de\/buerger\/wp-content\/uploads\/sites\/18\/2021\/01\/NU-210113-mehr-demokratie.jpg\" alt=\"\" width=\"1024\">\n<hr>\n&nbsp;\n\n\n\n<p><strong>(Berlin, 13. Januar 2021)<\/strong> Heute Abend beginnt der zweite bundesweite B\u00fcrgerrat mit aus ganz Deutschland ausgelosten Menschen: Auf zehn Online-Veranstaltungen bis zum 20. Februar werden die 160 Ausgelosten Empfehlungen dazu erarbeiten, wie die Bundesrepublik k\u00fcnftig auf der weltpolitischen B\u00fchne auftreten soll.<\/p>\n\n\n\n<p>Die Schirmherrschaft f\u00fcr das bundesweite B\u00fcrgerprojekt hat Bundestagspr\u00e4sident Dr. Wolfgang Sch\u00e4uble \u00fcbernommen. \u201eB\u00fcrgerr\u00e4te sind ein m\u00f6gliches Instrument f\u00fcr mehr Mitsprache und Dialog in der repr\u00e4sentativen Demokratie\u201c, sagt er. \u201eSie sind keine Konkurrenz zu den bew\u00e4hrten parlamentarischen Entscheidungsverfahren, sondern eine sinnvolle Erg\u00e4nzung, die auch dazu beitragen kann, das Verst\u00e4ndnis f\u00fcr die Komplexit\u00e4t politischer Fragen und demokratische Entscheidungsprozesse zu vertiefen.\u201c<\/p>\n\n\n\n<p>Marianne Birthler (B\u00fcndnis 90\/Die Gr\u00fcnen), die als Vorsitzende den B\u00fcrgerrat begleitet, erkl\u00e4rt: \u201eDemokratie und Freiheit leben davon, dass es m\u00f6glichst viele engagierte, kritische und gut informierte B\u00fcrgerinnen und B\u00fcrger gibt. Menschen, die auf der Grundlage unserer Verfassungswerte und in Augenh\u00f6he mit der Politik f\u00fcr einen lebendigen und steten \u00f6ffentlichen Diskurs sorgen, sind die besten Garanten einer offenen Gesellschaft. F\u00fcr einen solchen Diskurs und das wechselseitige Interesse braucht es nicht nur seri\u00f6se Medien, sondern auch R\u00e4ume und Gelegenheiten, die einen vertrauensvollen Austausch erm\u00f6glichen. Idealerweise verbindet dieser nicht nur Bev\u00f6lkerung und Politik, sondern auch Menschen unterschiedlicher Generationen, Herk\u00fcnfte, Berufe oder Lebensweisen, die miteinander sonst selten ins Gespr\u00e4ch kommen.\u201c<\/p>\n\n\n\n<p>&nbsp;\u201eEin geloster B\u00fcrgerrat bringt das ganze Land an einen Tisch. Bei diesem B\u00fcrgerrat geht es um Empfehlungen zu Deutschlands au\u00dfenpolitischer Rolle, aber auch darum ein neues Element politischer Beteiligung zu erproben. Nebenbei gewinnen wir Erkenntnisse \u00fcber B\u00fcrgerr\u00e4te im das Online-Format\u201c, erg\u00e4nzt Claudine Nierth, Vorstandssprecherin des <a href=\"https:\/\/www.mehr-demokratie.de\/\" target=\"_blank\" aria-label=\"Vereins Mehr Demokratie (opens in a new tab)\" rel=\"noreferrer noopener\" class=\"rank-math-link\">Vereins Mehr Demokratie<\/a>, der das Projekt in Kooperation mit der <a href=\"https:\/\/www.esgehtlos.org\/\" target=\"_blank\" aria-label=\"Initiative EsgehtLOS (opens in a new tab)\" rel=\"noreferrer noopener\" class=\"rank-math-link\">Initiative EsgehtLOS<\/a> als selbst verantwortetes und eigenfinanziertes Modellprojekt organisiert. \u201eGeloste B\u00fcrgerr\u00e4te k\u00f6nnen die Distanz zwischen B\u00fcrgerschaft und Parlament \u00fcberwinden und den Mitgliedern des Bundestages wichtige Entscheidungshilfen geben. Sie st\u00e4rken das Vertrauen in die Demokratie und k\u00f6nnen die Politik bereichern.\u201c<\/p>\n\n\n\n<p>Vonm 13. Januar 2021 an beraten die gelosten Teilnehmenden an sechs Mittwochabenden und an vier Samstagen \u00fcber Detailfragen in den f\u00fcnf Themenbereiche Nachhaltige Entwicklung, Wirtschaft und Handeln, EU-Au\u00dfenpolitik, Frieden und Sicherheit, Demokratie und Rechtsstaatlichkeit. Jede ausgeloste Person wird einem Themenbereich zugeordnet und dar\u00fcber in immer wieder neu zusammengesetzten Kleingruppen diskutieren. Fachleute informieren in Online-Vortr\u00e4gen \u00fcber verschiedene Perspektiven zu den Einzelthemen und stehen f\u00fcr Fragen zur Verf\u00fcgung. Alle Beratungen werden professionell moderiert und dokumentiert. Die Ausgelosten kommen immer wieder auch in gro\u00dfer Runde zusammen und stimmen am Schluss \u00fcber die Handlungsempfehlungen zur Au\u00dfenpolitik ab, die am 19. M\u00e4rz 2021 in Form eines B\u00fcrgergutachtens \u00f6ffentlich dem Bundestag \u00fcbergeben werden.<\/p>\n\n\n\n<p>Die Zusammensetzung des B\u00fcrgerrats entspricht von der Verteilung der Altersgruppen, Geschlechter, Bildungsabschl\u00fcsse, Wohnorte sowie von Wohnortgr\u00f6\u00dfe und Migrationshintergrund her ziemlich genau der Bev\u00f6lkerung in Deutschland. Zun\u00e4chst wurden daf\u00fcr Gemeinden ausgelost, dann aus deren Einwohnermelderegistern zuf\u00e4llig ermittelte Personen angeschrieben und aus den R\u00fcckmeldungen dann die Teilnehmenden am B\u00fcrgerrat zusammengestellt. Menschen mit niedrigeren Bildungsabschl\u00fcssen wurden gezielt angesprochen, um ihren Anteil beim B\u00fcrgerrat dem Anteil an der Gesamtbev\u00f6lkerung anzun\u00e4hern. Der Prozess wird durchgef\u00fchrt von den Beteiligungsinstituten ifok, IPG und nexus und finanziert mit Unterst\u00fctzung von Robert Bosch-Stiftung, Stiftung Mercator, Sch\u00f6pflin Stiftung, Zeit-Stiftung und Open Society Foundations.<\/p>\n\n\n\n<p>Die offiziellen Plenums-Teile des B\u00fcrgerrats (gro\u00dfe Runde) werden per Livestream \u00fcbertragen auf <a href=\"https:\/\/www.youtube.com\/user\/mehr0demokratie0de\" class=\"rank-math-link\" target=\"_blank\" rel=\"noopener\">https:\/\/www.youtube.com\/user\/mehr0demokratie0de<\/a>. Die offiziellen Teile der einzelnen Themengruppen werden aufgezeichnet und sind mit leichter Verz\u00f6gerung ebenfalls \u00fcber den youtube-Kanal von Mehr Demokratie abrufbar.<\/p>\n\n\n\n<figure class=\"wp-block-table\"><table class=\"has-subtle-light-gray-background-color has-background\"><tbody><tr><td width=\"25%\"><a rel=\"noopener noreferrer\" href=\"https:\/\/www.mehr-demokratie.de\/ueber-uns\/organisation\/vorstand\/\" target=\"_blank\"><img decoding=\"async\" class=\"aligncenter wp-image-313\" title=\"Foto: Mehr Demokratie e.V.\" src=\"https:\/\/www.sinn-schaffen.de\/buerger\/wp-content\/uploads\/sites\/18\/2020\/04\/Claudine-Nierth-q.jpg\" alt=\"\" width=\"180\"><\/a><\/td><td width=\"75%\">Claudine Nierth ist Bundesvorstandssprecherin von <a href=\"https:\/\/www.mehr-demokratie.de\/\" target=\"_blank\" rel=\"noopener noreferrer\">&#8222;Mehr Demokratie e.V.&#8220;<\/a><\/td><\/tr><tr><td><\/td><td><a href=\"https:\/\/www.mehr-demokratie.de\/\" target=\"_blank\" rel=\"noopener noreferrer\"><img decoding=\"async\" class=\"aligncenter wp-image-313\" title=\" \" src=\"https:\/\/www.sinn-schaffen.de\/buerger\/wp-content\/uploads\/sites\/18\/2019\/04\/logo_mehr-demokratie.gif\" alt=\"\" width=\"180\"><\/a><\/td><\/tr><\/tbody><\/table><\/figure>\n\n\n\n<figure class=\"wp-block-table\"><table class=\"has-subtle-light-gray-background-color has-background\"><tbody><tr><td width=\"25%\"><a rel=\"noopener noreferrer\" href=\"https:\/\/www.buergerrat.de\/fileadmin\/downloads\/expert_innen.pdf\" target=\"_blank\"><img decoding=\"async\" title=\" \" class=\"aligncenter wp-image-313\" src=\"https:\/\/www.sinn-schaffen.de\/buerger\/wp-content\/uploads\/sites\/18\/2021\/01\/expert_innen-T.jpg\" alt=\"\" width=\"180\"><\/a><\/td><td width=\"75%\">Die Expert*innen-Liste f\u00fcr den B\u00dcRGERRAT DEUTSCHLANDS ROLLE IN DER WELT steht <a href=\"https:\/\/www.buergerrat.de\/fileadmin\/downloads\/expert_innen.pdf\" target=\"_blank\" rel=\"noopener\">\u00fcber diesen Link zum Download als PDF<\/a> bereit.<\/td><\/tr><\/tbody><\/table><\/figure>\n\n\n\n<figure class=\"wp-block-table\"><table class=\"has-subtle-light-gray-background-color has-background\"><tbody><tr><td width=\"25%\"><a rel=\"noopener noreferrer\" href=\"https:\/\/www.buergerrat.de\/fileadmin\/downloads\/reisefuehrer.pdf\" target=\"_blank\"><img decoding=\"async\" title=\" \" class=\"aligncenter wp-image-313\" src=\"https:\/\/www.sinn-schaffen.de\/buerger\/wp-content\/uploads\/sites\/18\/2021\/01\/reisefuehrer-T.jpg\" alt=\"\" width=\"180\"><\/a><\/td><td width=\"75%\">Der REISEF\u00dcHRER B\u00dcRGERRAT DEUTSCHLANDS ROLLE IN DER WELT steht <a href=\"https:\/\/www.buergerrat.de\/fileadmin\/downloads\/reisefuehrer.pdf\" target=\"_blank\" rel=\"noopener\">\u00fcber diesen Link zum Download als PDF<\/a> bereit.<\/td><\/tr><\/tbody><\/table><\/figure>\n\n\n\n<figure class=\"wp-block-table\"><table class=\"has-subtle-light-gray-background-color has-background\"><tbody><tr><td width=\"25%\"><a rel=\"noopener noreferrer\" href=\"https:\/\/www.buergerrat.de\/fileadmin\/downloads\/broschuere-buergerrat-deutschlands-rolle.pdf\" target=\"_blank\"><img decoding=\"async\" title=\" \" class=\"aligncenter wp-image-313\" src=\"https:\/\/www.sinn-schaffen.de\/buerger\/wp-content\/uploads\/sites\/18\/2021\/01\/broschuere-buergerrat-deutschlands-rolle-T.jpg\" alt=\"\" width=\"180\"><\/a><\/td><td width=\"75%\">Eine kurze Brosch\u00fcre (20 Seiten) zum \u00dcberblick \u00fcber den B\u00dcRGERRAT DEUTSCHLANDS ROLLE IN DER WELT steht <a href=\"https:\/\/www.buergerrat.de\/fileadmin\/downloads\/broschuere-buergerrat-deutschlands-rolle.pdf\" target=\"_blank\" rel=\"noopener\">\u00fcber diesen Link zum Download als PDF<\/a> bereit.<\/td><\/tr><\/tbody><\/table><\/figure>\n","protected":false},"excerpt":{"rendered":"<p>Am Abend des 13. Januar 2021 Abend beginnt der zweite bundesweite B\u00fcrgerrat mit aus ganz Deutschland ausgelosten Menschen: Auf zehn Online-Veranstaltungen bis zum 20. Februar 2021 werden die 160 Ausgelosten Empfehlungen dazu erarbeiten, wie die Bundesrepublik k\u00fcnftig auf der weltpolitischen B\u00fchne auftreten soll. Die gelosten Teilnehmenden beraten \u00fcber Detailfragen in den f\u00fcnf Themenbereiche Nachhaltige Entwicklung, &hellip; <\/p>\n<p class=\"link-more\"><a href=\"https:\/\/www.sinn-schaffen.de\/buerger\/auftakt-fuer-den-buergerrat-deutschlands-rolle-in-der-welt\/\" class=\"more-link\"><span class=\"screen-reader-text\">\u201eAuftakt f\u00fcr den B\u00fcrgerrat &#8222;Deutschlands Rolle in der Welt&#8220;\u201c<\/span> weiterlesen<\/a><\/p>\n","protected":false},"author":1,"featured_media":0,"parent":0,"menu_order":61,"comment_status":"closed","ping_status":"closed","template":"","meta":{"footnotes":""},"class_list":["post-615","page","type-page","status-publish","hentry"],"_links":{"self":[{"href":"https:\/\/www.sinn-schaffen.de\/buerger\/wp-json\/wp\/v2\/pages\/615","targetHints":{"allow":["GET"]}}],"collection":[{"href":"https:\/\/www.sinn-schaffen.de\/buerger\/wp-json\/wp\/v2\/pages"}],"about":[{"href":"https:\/\/www.sinn-schaffen.de\/buerger\/wp-json\/wp\/v2\/types\/page"}],"author":[{"embeddable":true,"href":"https:\/\/www.sinn-schaffen.de\/buerger\/wp-json\/wp\/v2\/users\/1"}],"replies":[{"embeddable":true,"href":"https:\/\/www.sinn-schaffen.de\/buerger\/wp-json\/wp\/v2\/comments?post=615"}],"version-history":[{"count":3,"href":"https:\/\/www.sinn-schaffen.de\/buerger\/wp-json\/wp\/v2\/pages\/615\/revisions"}],"predecessor-version":[{"id":619,"href":"https:\/\/www.sinn-schaffen.de\/buerger\/wp-json\/wp\/v2\/pages\/615\/revisions\/619"}],"wp:attachment":[{"href":"https:\/\/www.sinn-schaffen.de\/buerger\/wp-json\/wp\/v2\/media?parent=615"}],"curies":[{"name":"wp","href":"https:\/\/api.w.org\/{rel}","templated":true}]}}