{"id":635,"date":"2021-02-22T17:16:40","date_gmt":"2021-02-22T16:16:40","guid":{"rendered":"https:\/\/www.sinn-schaffen.de\/buerger\/?page_id=635"},"modified":"2021-02-22T17:16:40","modified_gmt":"2021-02-22T16:16:40","slug":"buergerrat-deutschlands-rolle-in-der-welt-wuenscht-einsatz-fuer-nachhaltigkeit-klimaschutz-und-die-wahrung-der-menschenrechte","status":"publish","type":"page","link":"https:\/\/www.sinn-schaffen.de\/buerger\/buergerrat-deutschlands-rolle-in-der-welt-wuenscht-einsatz-fuer-nachhaltigkeit-klimaschutz-und-die-wahrung-der-menschenrechte\/","title":{"rendered":"B\u00fcrgerrat &#8222;Deutschlands Rolle in der Welt&#8220; w\u00fcnscht Einsatz f\u00fcr Nachhaltigkeit, Klimaschutz und die Wahrung der Menschenrechte"},"content":{"rendered":"\n<p><em>Nach intensiver Beratung in mehreren Sitzungen haben 154 ausgeloste Mitglieder des B\u00fcrgerrates &#8222;Deutschlands Rolle in der Welt&#8220; als Empfehlungen f\u00fcr die Au\u00dfenpolitik Leitlinien zum Auftreten Deutschlands in der Welt formuliert. Marianne Birthler, die Vorsitzende des B\u00fcrgerrats: &#8222;Das Wort Verantwortung hat eine wichtige Rolle gespielt. Niemand rief: \u201aGermany first.\u2018&#8220; &#8222;Wir sind \u00fcberzeugt, dass sich das Instrument B\u00fcrgerrat auf jeden Fall zum Ausbau und zur St\u00e4rkung der parlamentarischen Demokratie eignet&#8220;, fasst Claudine Nierth zusammen, Vorstandssprecherin des Vereins &#8222;Mehr Demokratie&#8220;, der gemeinsam mit der Initiative &#8222;Es geht LOS&#8220; den Prozess initiiert hat.<\/em><\/p>\n\n\n\n<hr>\n<img decoding=\"async\" class=\"alignleft wp-image-313\" title=\"Foto: Nata Uchava, Freiburg.\" src=\"https:\/\/www.sinn-schaffen.de\/buerger\/wp-content\/uploads\/sites\/18\/2021\/02\/NU-210222-mehr-demokratrie.jpg\" alt=\"\" width=\"1024\">\n<hr>\n&nbsp;\n\n\n\n<p><strong>(Berlin, 20. Januar 2021)<\/strong> Der <a href=\"https:\/\/www.sinn-schaffen.de\/buerger\/auftakt-fuer-den-buergerrat-deutschlands-rolle-in-der-welt\/\" target=\"_blank\" aria-label=\"B\u00fcrgerrat \u201eDeutschlands Rolle in der Welt\u201c (opens in a new tab)\" rel=\"noreferrer noopener\" class=\"rank-math-link\">B\u00fcrgerrat \u201eDeutschlands Rolle in der Welt\u201c<\/a> unter der Schirmherrschaft von Bundestagspr\u00e4sident Wolfgang Sch\u00e4uble hat am Samstag, den 20. Februar 2021 seine Empfehlungen zur Au\u00dfenpolitik beschlossen. Nach 50 Stunden Beratung in zehn Sitzungen haben die 154 Ausgelosten Leitlinien zum Auftreten Deutschlands in der Welt formuliert, die nun bis zum 19. M\u00e4rz 2021 in ein B\u00fcrgergutachten gefasst werden sollen.<\/p>\n\n\n\n<ol class=\"wp-block-list\" type=\"1\"><li>\u201eDeutschlands Rolle in der Welt sehen wir zuk\u00fcnftig als faire Partnerin und Vermittlerin, die gemeinschaftlich mit anderen, insbesondere mit der EU, eine Welt gestaltet, in der auch zuk\u00fcnftige Generationen selbstbestimmt und gut leben k\u00f6nnen.<\/li><li>Dazu setzen wir uns global f\u00fcr Nachhaltigkeit, Klimaschutz und die Wahrung der Menschenrechte, Rechtsstaatlichkeit, Frieden und Sicherheit ein.<\/li><li>Wir wollen uns unserer Verantwortung f\u00fcr das Erreichen dieser Ziele stellen, indem wir transparent und vorausschauend handeln und unseren eigenen Anspr\u00fcchen gerecht werden.<\/li><li>Wenn wir dabei innovativ und inspirierend im eigenen Land vorgehen, selbstkritisch voneinander lernen und konsequent handeln, k\u00f6nnen wir f\u00fcr andere zum Vorbild werden.\u201c<\/li><\/ol>\n\n\n\n<p>Zu diesen Kernaussagen kamen die Ausgelosten nach intensiver Debatte am Samstag. Marianne Birthler, die Vorsitzende des B\u00fcrgerrats, sagt r\u00fcckblickend: \u201eDas Wort Verantwortung hat eine wichtige Rolle gespielt. Niemand rief: \u201aGermany first.\u2018 Die Bedeutung der Vergangenheit war deutlich herauszuh\u00f6ren. Eine wichtige Botschaft, die im Verlauf des B\u00fcrgerrats allerdings auch immer wieder auftauchte, ist: Deutschland muss sich nicht verstecken und soll in der Welt selbstbewusster f\u00fcr seine Werte eintreten, gerade bei den Themen Menschenrechte, Nachhaltigkeit und Demokratie.\u201c<\/p>\n\n\n\n<p>\u201eDie B\u00fcrgerinnen und B\u00fcrger haben es gemeistert, aber schwieriger h\u00e4tte die Pr\u00fcfung nicht sein k\u00f6nnen\u201c, sagt Claudine Nierth, Vorstandssprecherin des Vereins Mehr Demokratie, der gemeinsam mit der Initiative <em>Es geht LOS<\/em> den Prozess initiiert hat. \u201eDas vom Bundestag gew\u00fcnschte Thema ist sehr breit und vielschichtig. Diese Herausforderung haben wir angenommen und die Ausgelosten haben heute eine beachtliche Sammlung von Empfehlungen zur Au\u00dfenpolitik beschlossen, mit denen der Bundestag nun weiterarbeiten kann.\u201c<\/p>\n\n\n\n<p>Im Verlauf des Online-B\u00fcrgerrats haben die Teilnehmenden in Kleingruppen und in der gro\u00dfen Runde immer wieder die Fragen bearbeitet, wie sich Deutschlands Rolle definieren l\u00e4sst und wie sich dies konkret auf die Politik auswirken kann. Von der Moderation, von einer Illustratorin und mit Hilfe einer eigenen Online-Plattform wurden verschiedene Rollenbilder herausgearbeitet.<\/p>\n\n\n\n<p>Beispielhaft diskutiert wurde die Rollen-Frage entlang der f\u00fcnf Themenfelder Nachhaltigkeit, Frieden und Sicherheit, Wirtschaft und Handeln, Demokratie und Rechtsstaat und Europ\u00e4ische Union. Die Ausgelosten haben diese Themenfelder in feststehenden \u201eReisegruppen\u201c bearbeitet: Jede ausgeloste Person besch\u00e4ftigte sich schwerpunktm\u00e4\u00dfig mit einem Thema, traf aber auch immer wieder mit der gesamten Gruppe zum Austausch zusammen. F\u00fcr die f\u00fcnf Themenfelder wurden insgesamt 32 Empfehlungen entwickelt, die ebenfalls in das B\u00fcrgergutachten einflie\u00dfen werden.<\/p>\n\n\n\n<p>\u201eWir sind \u00fcberzeugt, dass sich das Instrument B\u00fcrgerrat auf jeden Fall zum Ausbau und zur St\u00e4rkung der parlamentarischen Demokratie eignet\u201c, fasst Nierth zusammen. \u201eNach diesem zweiten B\u00fcrgerrat k\u00f6nnen wir das Fazit ziehen: Je konkreter die Fragestellung ist, desto tiefer kann ein B\u00fcrgerrat die damit verbundenen Zwickm\u00fchlen diskutieren und somit anwendungsbezogene und umsetzbarere Antworten liefern.\u201c Der Br\u00fcckenschlag zwischen Politik und Bev\u00f6lkerung sei mit diesem B\u00fcrgerrat auf jeden Fall gelungen. \u201eWir haben bereits R\u00fcckmeldungen aus allen Fraktionen, dass sie bereit sind, die Ergebnisse aufzugreifen.\u201c<\/p>\n\n\n\n<p>In den n\u00e4chsten Wochen werden die Durchf\u00fchrungsinstitute, unterst\u00fctzt von einem Redaktionsteam aus dem Kreis der Ausgelosten, die Ergebnisse zu einem B\u00fcrgergutachten zusammenfassen, das am 19. M\u00e4rz 2021 dem Bundestag \u00fcberreicht wird. Zeitgleich erarbeitet ein Team von IASS (Institute for Advanced Sustainability Studies) und IDPF (Institut f\u00fcr Partizipations- und Demokratieforschung der Bergischen Universit\u00e4t Wuppertal) einen Evaluationsbericht.<\/p>\n\n\n\n<p><strong>Hintergrund<\/strong><\/p>\n\n\n\n<p>Der B\u00fcrgerrat wurde initiiert vom Verein \u201eMehr Demokratie\u201c und der Initiative \u201eEs geht LOS\u201c. Er wird durchgef\u00fchrt von den Beteiligungsunternehmen IFOK, IPG und Nexus. Neben dem vom \u00c4ltestenrat des Bundestags vorgeschlagenen Thema Au\u00dfenpolitik geht es auch darum, das Instrument B\u00fcrgerrat zu erproben und ein f\u00fcr die Bundesebene geeignetes Format zu entwickeln. Von den urspr\u00fcnglich 169 Teilnehmenden mussten seit dem Start 15 den B\u00fcrgerrat aus zeitlichen, technischen oder gesundheitlichen Gr\u00fcnden verlassen, so dass aktuell 154 Ausgeloste dabei sind.<\/p>\n\n\n\n<p>Weitere Informationen zu den Ergebnissen des B\u00fcrgerrates vom 20. Februar 2021 <a aria-label=\"stehen \u00fcber diesen Link bereit (opens in a new tab)\" href=\"https:\/\/deutschlands-rolle.buergerrat.de\/buergerrat\/sitzungen\/tag-10\/\" target=\"_blank\" rel=\"noreferrer noopener\" class=\"rank-math-link\">stehen \u00fcber diesen Link bereit<\/a>.<\/p>\n\n\n\n<figure class=\"wp-block-table\"><table class=\"has-subtle-light-gray-background-color has-background\"><tbody><tr><td width=\"25%\"><a rel=\"noopener noreferrer\" href=\"https:\/\/www.mehr-demokratie.de\/ueber-uns\/organisation\/vorstand\/\" target=\"_blank\"><img decoding=\"async\" class=\"aligncenter wp-image-313\" title=\"Foto: Mehr Demokratie e.V.\" src=\"https:\/\/www.sinn-schaffen.de\/buerger\/wp-content\/uploads\/sites\/18\/2020\/04\/Claudine-Nierth-q.jpg\" alt=\"\" width=\"180\"><\/a><\/td><td width=\"75%\">Claudine Nierth ist Bundesvorstandssprecherin von <a href=\"https:\/\/www.mehr-demokratie.de\/\" target=\"_blank\" rel=\"noopener noreferrer\">&#8222;Mehr Demokratie e.V.&#8220;<\/a><\/td><\/tr><tr><td><\/td><td><a href=\"https:\/\/www.mehr-demokratie.de\/\" target=\"_blank\" rel=\"noopener noreferrer\"><img decoding=\"async\" class=\"aligncenter wp-image-313\" title=\" \" src=\"https:\/\/www.sinn-schaffen.de\/buerger\/wp-content\/uploads\/sites\/18\/2019\/04\/logo_mehr-demokratie.gif\" alt=\"\" width=\"180\"><\/a><\/td><\/tr><\/tbody><\/table><\/figure>\n\n\n\n<figure class=\"wp-block-table\"><table class=\"has-subtle-light-gray-background-color has-background\"><tbody><tr><td width=\"25%\"><a rel=\"noopener noreferrer\" href=\"https:\/\/buergerrat.de\/fileadmin\/downloads\/empfehlungen-deutschlands-rolle.pdf\" target=\"_blank\"><img decoding=\"async\" title=\" \" width=\"180\" class=\"aligncenter wp-image-313\" src=\"https:\/\/www.sinn-schaffen.de\/buerger\/wp-content\/uploads\/sites\/18\/2021\/02\/empfehlungen-deutschlands-rolle-T.jpg\" alt=\"\"><\/a><\/td><td width=\"75%\">Die Einzelergebnisse bei den Empfehlungen des B\u00fcrgerrats &#8222;Deutschlands Rolle in der Welt&#8220; stehen mit Abstimmungsergebnissen <a href=\"https:\/\/buergerrat.de\/fileadmin\/downloads\/empfehlungen-deutschlands-rolle.pdf\" target=\"_blank\" rel=\"noopener\">\u00fcber diesen Link zum Download als PDF<\/a> bereit.<\/td><\/tr><\/tbody><\/table><\/figure>\n\n\n\n<figure class=\"wp-block-table\"><table class=\"has-subtle-light-gray-background-color has-background\"><tbody><tr><td width=\"25%\"><a rel=\"noopener noreferrer\" href=\"https:\/\/www.buergerrat.de\/fileadmin\/downloads\/broschuere-buergerrat-deutschlands-rolle.pdf\" target=\"_blank\"><img decoding=\"async\" title=\" \" class=\"aligncenter wp-image-313\" src=\"https:\/\/www.sinn-schaffen.de\/buerger\/wp-content\/uploads\/sites\/18\/2021\/01\/broschuere-buergerrat-deutschlands-rolle-T.jpg\" alt=\"\" width=\"180\"><\/a><\/td><td width=\"75%\">Eine kurze Brosch\u00fcre (20 Seiten) zum \u00dcberblick \u00fcber den B\u00dcRGERRAT DEUTSCHLANDS ROLLE IN DER WELT steht <a href=\"https:\/\/www.buergerrat.de\/fileadmin\/downloads\/broschuere-buergerrat-deutschlands-rolle.pdf\" target=\"_blank\" rel=\"noopener\">\u00fcber diesen Link zum Download als PDF<\/a> bereit.<\/td><\/tr><\/tbody><\/table><\/figure>\n","protected":false},"excerpt":{"rendered":"<p>Nach intensiver Beratung in mehreren Sitzungen haben 154 ausgeloste Mitglieder des B\u00fcrgerrates &#8222;Deutschlands Rolle in der Welt&#8220; als Empfehlungen f\u00fcr die Au\u00dfenpolitik Leitlinien zum Auftreten Deutschlands in der Welt formuliert. Marianne Birthler, die Vorsitzende des B\u00fcrgerrats: &#8222;Das Wort Verantwortung hat eine wichtige Rolle gespielt. Niemand rief: \u201aGermany first.\u2018&#8220; &#8222;Wir sind \u00fcberzeugt, dass sich das Instrument &hellip; <\/p>\n<p class=\"link-more\"><a href=\"https:\/\/www.sinn-schaffen.de\/buerger\/buergerrat-deutschlands-rolle-in-der-welt-wuenscht-einsatz-fuer-nachhaltigkeit-klimaschutz-und-die-wahrung-der-menschenrechte\/\" class=\"more-link\"><span class=\"screen-reader-text\">\u201eB\u00fcrgerrat &#8222;Deutschlands Rolle in der Welt&#8220; w\u00fcnscht Einsatz f\u00fcr Nachhaltigkeit, Klimaschutz und die Wahrung der Menschenrechte\u201c<\/span> weiterlesen<\/a><\/p>\n","protected":false},"author":1,"featured_media":0,"parent":0,"menu_order":58,"comment_status":"closed","ping_status":"closed","template":"","meta":{"footnotes":""},"class_list":["post-635","page","type-page","status-publish","hentry"],"_links":{"self":[{"href":"https:\/\/www.sinn-schaffen.de\/buerger\/wp-json\/wp\/v2\/pages\/635","targetHints":{"allow":["GET"]}}],"collection":[{"href":"https:\/\/www.sinn-schaffen.de\/buerger\/wp-json\/wp\/v2\/pages"}],"about":[{"href":"https:\/\/www.sinn-schaffen.de\/buerger\/wp-json\/wp\/v2\/types\/page"}],"author":[{"embeddable":true,"href":"https:\/\/www.sinn-schaffen.de\/buerger\/wp-json\/wp\/v2\/users\/1"}],"replies":[{"embeddable":true,"href":"https:\/\/www.sinn-schaffen.de\/buerger\/wp-json\/wp\/v2\/comments?post=635"}],"version-history":[{"count":1,"href":"https:\/\/www.sinn-schaffen.de\/buerger\/wp-json\/wp\/v2\/pages\/635\/revisions"}],"predecessor-version":[{"id":636,"href":"https:\/\/www.sinn-schaffen.de\/buerger\/wp-json\/wp\/v2\/pages\/635\/revisions\/636"}],"wp:attachment":[{"href":"https:\/\/www.sinn-schaffen.de\/buerger\/wp-json\/wp\/v2\/media?parent=635"}],"curies":[{"name":"wp","href":"https:\/\/api.w.org\/{rel}","templated":true}]}}