{"id":771,"date":"2022-07-04T17:35:56","date_gmt":"2022-07-04T15:35:56","guid":{"rendered":"https:\/\/www.sinn-schaffen.de\/buerger\/?page_id=771"},"modified":"2022-07-04T17:35:57","modified_gmt":"2022-07-04T15:35:57","slug":"generalsekretaerin-des-deutschen-evangelischen-kirchentages-wirbt-fuer-neue-rollenverstaendnisse-in-der-evangelischen-kirche","status":"publish","type":"page","link":"https:\/\/www.sinn-schaffen.de\/buerger\/generalsekretaerin-des-deutschen-evangelischen-kirchentages-wirbt-fuer-neue-rollenverstaendnisse-in-der-evangelischen-kirche\/","title":{"rendered":"Generalsekret\u00e4rin des Deutschen Evangelischen Kirchentages wirbt f\u00fcr neue Rollenverst\u00e4ndnisse in der evangelischen Kirche"},"content":{"rendered":"\n<p><em>Die evangelische Kirche steht sich selbst im Weg mit ihrem Amtsverst\u00e4ndnis und Kirchenordnungen, die noch aus einer Zeit resultieren, in der man durch Sitte und Tradition Kirchenmitglied war. Durch Austritte transformiert sich die evangelische Kirche hin zu einer Kirche der Freiwilligkeit und des m\u00fcndigen Bekennens. Damit diese Transformation gelingt und sich das gro\u00dfe Potential einer solchen Gemeinschaft freiwillig Engagierter voll entfalten kann, braucht es schon jetzt eine &#8222;h\u00f6rende Kirche und ein dienendes Hauptamt&#8220;.<\/em><\/p>\n\n\n\n<hr class=\"wp-block-separator has-alpha-channel-opacity\"\/>\n\n\n\n<figure class=\"wp-block-image size-full\"><img loading=\"lazy\" decoding=\"async\" width=\"1024\" height=\"413\" src=\"https:\/\/www.sinn-schaffen.de\/buerger\/wp-content\/uploads\/sites\/18\/2022\/07\/NU-220704-jahn.jpg\" alt=\"\" class=\"wp-image-767\" title=\"Foto: Nata Uchava, Freiburg\"\/><\/figure>\n\n\n\n<hr class=\"wp-block-separator has-alpha-channel-opacity\"\/>\n\n\n\n<p><strong>(Fulda, 1. Juli 2022)<\/strong> Auf einem Podium mit dem Titel \u201eWohin steuern die christlichen Kirchen?\u201c stellte die Generalsekret\u00e4rin des Deutschen Evangelischen Kirchentages, Dr. Kristin Jahn, die Vielfalt der Gaben und das Engagement der Mitglieder als gr\u00f6\u00dftes Potential der Kirchen dar. Aufgabe der Kirchen sei es, einen Rahmen zu setzen, damit Menschen diese Gaben einbringen k\u00f6nnen, sie eine Sprache f\u00fcr ihr Leben finden zu lassen und im Dialog mit ihnen Dinge zu entwickeln, anstatt immer noch Sendemast-Kirche zu sein.<\/p>\n\n\n\n<p>Ziel des am 30. Juni 2022 von der Friedrich-Naumann-Stiftung und der Katholischen Akademie Fulda veranstalteten Abends in der Akademie des Bistums Fulda war eine Standortbestimmung \u00fcber aktuelle Herausforderungen und die Zukunftsf\u00e4higkeit der evangelischen und der katholischen Kirche. Eingeladen waren Verantwortliche der beiden gr\u00f6\u00dften christlichen Laienbewegungen Deutschlands, dem Deutschen Evangelischen Kirchentag und dem Zentralkomitee der deutschen Katholiken (ZdK), das durch Vizepr\u00e4sident Prof. Dr. Thomas S\u00f6ding vertreten wurde.<\/p>\n\n\n\n<p>Im Hinblick auf den in dieser Woche vermeldeten rasanten Anstieg der Austrittszahlen in beiden gro\u00dfen Konfessionen meinte Jahn: \u201eDie Systeme der Amtskirche sind oft nicht flexibel genug, um auf die neue Situation zu reagieren.\u201c Daf\u00fcr sei auch die Bereitschaft notwendig, Berufsbilder und Rollenverst\u00e4ndnisse innerhalb der Kirchen zu erneuern. Jahn: \u201eDie evangelische Kirche steht sich aus meiner Sicht oft selbst im Weg mit ihrem Amtsverst\u00e4ndnis und Kirchenordnungen, die noch aus einer Zeit resultieren, in der man durch Sitte und Tradition in Kirche war. Diese Zeiten sind vorbei. Heute erleben wir einen Erl\u00f6sungsprozess durch Austritte hin zu einer Kirche der Freiwilligkeit und des m\u00fcndigen Bekennens.\u201c Dies untermauerte auch Thomas S\u00f6ding f\u00fcr seine Konfession: \u201eWir werden eine Kirche der freiwilligen Entscheidung sein m\u00fcssen.\u201c<\/p>\n\n\n\n<p>Auf ihre pers\u00f6nliche Vorstellung von Kirche hin befragt, beschrieb Kristin Jahn diese als \u201eOrt, wo wir einander das zeigen, was wir lieben, was uns tr\u00e4gt und wo wir auf den hinweisen, der uns hineingeliebt hat in die Welt.\u201c Damit sich das gro\u00dfe Potential einer solchen Gemeinschaft freiwillig Engagierter voll entfalten k\u00f6nne, brauche es eine \u201eh\u00f6rende Kirche und ein dienendes Hauptamt\u201c. Der Kirchentag sei daf\u00fcr ein gutes Beispiel: \u201eEr schafft R\u00e4ume, damit Menschen ehrenamtlich Verantwortung \u00fcbernehmen und ihre Themen und Gaben einbringen k\u00f6nnen.\u201c<\/p>\n\n\n\n<p>Die Frage danach, ob die Kirchen eine Zukunftschance h\u00e4tten, bejahte Kristin Jahn sehr deutlich: \u201eFr\u00f6hlich Christ zu sein, das ist unsere Chance. Der Glaube ist so viel sch\u00f6ner, als die Probleme, die wir uns gemacht haben.\u201c<\/p>\n\n\n\n<div class=\"wp-block-columns is-layout-flex wp-container-core-columns-is-layout-9d6595d7 wp-block-columns-is-layout-flex\">\n<div class=\"wp-block-column is-layout-flow wp-block-column-is-layout-flow\" style=\"flex-basis:33.33%\">\n<figure class=\"wp-block-image size-full\"><a href=\"https:\/\/www.kirchentag.de\/service\/dezember-21\/pm-kristin-jahn\" target=\"_blank\" rel=\"noreferrer noopener\"><img loading=\"lazy\" decoding=\"async\" width=\"450\" height=\"292\" src=\"https:\/\/www.sinn-schaffen.de\/buerger\/wp-content\/uploads\/sites\/18\/2022\/07\/Kristin-Jahn-copyright-nancy-jesse.jpg\" alt=\"\" class=\"wp-image-768\" title=\"Foto: DEKT Nancy Jesse\"\/><\/a><\/figure>\n<\/div>\n\n\n\n<div class=\"wp-block-column is-layout-flow wp-block-column-is-layout-flow\" style=\"flex-basis:66.66%\">\n<p><a href=\"https:\/\/www.kirchentag.de\/service\/dezember-21\/pm-kristin-jahn\" target=\"_blank\" rel=\"noreferrer noopener\">Dr. Kristin Jahn<\/a> ist seit M\u00e4rz 2022 Generalsekret\u00e4rin des Deutschen Evangelischen Kirchentages.<\/p>\n\n\n\n<figure class=\"wp-block-image size-large\"><a href=\"https:\/\/www.kirchentag.de\/\" target=\"_blank\" rel=\"noreferrer noopener\"><img loading=\"lazy\" decoding=\"async\" width=\"1024\" height=\"581\" src=\"https:\/\/www.sinn-schaffen.de\/buerger\/wp-content\/uploads\/sites\/18\/2022\/07\/Kirchentag-2023-1024x581.jpg\" alt=\"\" class=\"wp-image-769\"\/><\/a><\/figure>\n\n\n\n<p>Der <a href=\"https:\/\/www.kirchentag.de\/\" target=\"_blank\" rel=\"noreferrer noopener\">Deutsche Evangelische Kirchentag<\/a> wurde 1949 als christliche Laienbewegung gegr\u00fcndet und besteht bis heute als unabh\u00e4ngiger Verein fort. Alle zwei Jahre bringt er als Dialog- und Kulturevent rund 100.000 Menschen in einer anderen deutschen Gro\u00dfstadt zusammen. Der 38. Deutsche Evangelische Kirchentag findet vom 7. bis 11. Juni 2023 in N\u00fcrnberg statt, auf Einladung der Evang.-Luth. Kirche in Bayern, der Stadt N\u00fcrnberg und dem Freistaat Bayern. Er steht unter der Losung &#8222;Jetzt ist die Zeit&#8220; (Mk 1,15).<\/p>\n<\/div>\n<\/div>\n\n\n\n<p><\/p>\n","protected":false},"excerpt":{"rendered":"<p>Die evangelische Kirche steht sich selbst im Weg mit ihrem Amtsverst\u00e4ndnis und Kirchenordnungen, die noch aus einer Zeit resultieren, in der man durch Sitte und Tradition Kirchenmitglied war. Durch Austritte transformiert sich die evangelische Kirche hin zu einer Kirche der Freiwilligkeit und des m\u00fcndigen Bekennens. Damit diese Transformation gelingt und sich das gro\u00dfe Potential einer &hellip; <\/p>\n<p class=\"link-more\"><a href=\"https:\/\/www.sinn-schaffen.de\/buerger\/generalsekretaerin-des-deutschen-evangelischen-kirchentages-wirbt-fuer-neue-rollenverstaendnisse-in-der-evangelischen-kirche\/\" class=\"more-link\"><span class=\"screen-reader-text\">\u201eGeneralsekret\u00e4rin des Deutschen Evangelischen Kirchentages wirbt f\u00fcr neue Rollenverst\u00e4ndnisse in der evangelischen Kirche\u201c<\/span> weiterlesen<\/a><\/p>\n","protected":false},"author":1,"featured_media":0,"parent":0,"menu_order":41,"comment_status":"closed","ping_status":"closed","template":"","meta":{"footnotes":""},"class_list":["post-771","page","type-page","status-publish","hentry"],"_links":{"self":[{"href":"https:\/\/www.sinn-schaffen.de\/buerger\/wp-json\/wp\/v2\/pages\/771","targetHints":{"allow":["GET"]}}],"collection":[{"href":"https:\/\/www.sinn-schaffen.de\/buerger\/wp-json\/wp\/v2\/pages"}],"about":[{"href":"https:\/\/www.sinn-schaffen.de\/buerger\/wp-json\/wp\/v2\/types\/page"}],"author":[{"embeddable":true,"href":"https:\/\/www.sinn-schaffen.de\/buerger\/wp-json\/wp\/v2\/users\/1"}],"replies":[{"embeddable":true,"href":"https:\/\/www.sinn-schaffen.de\/buerger\/wp-json\/wp\/v2\/comments?post=771"}],"version-history":[{"count":1,"href":"https:\/\/www.sinn-schaffen.de\/buerger\/wp-json\/wp\/v2\/pages\/771\/revisions"}],"predecessor-version":[{"id":772,"href":"https:\/\/www.sinn-schaffen.de\/buerger\/wp-json\/wp\/v2\/pages\/771\/revisions\/772"}],"wp:attachment":[{"href":"https:\/\/www.sinn-schaffen.de\/buerger\/wp-json\/wp\/v2\/media?parent=771"}],"curies":[{"name":"wp","href":"https:\/\/api.w.org\/{rel}","templated":true}]}}