{"id":798,"date":"2022-11-10T15:34:41","date_gmt":"2022-11-10T14:34:41","guid":{"rendered":"https:\/\/www.sinn-schaffen.de\/buerger\/?page_id=798"},"modified":"2022-11-10T15:34:42","modified_gmt":"2022-11-10T14:34:42","slug":"atlas-der-migration-2022-daten-und-fakten-ueber-menschen-in-bewegung","status":"publish","type":"page","link":"https:\/\/www.sinn-schaffen.de\/buerger\/atlas-der-migration-2022-daten-und-fakten-ueber-menschen-in-bewegung\/","title":{"rendered":"Atlas der Migration 2022: Daten und Fakten \u00fcber Menschen in Bewegung"},"content":{"rendered":"\n<p><em>Migration wird h\u00e4ufig als Bedrohung empfunden, \u00c4ngste werden von rechts gezielt gesch\u00fcrt. Der aktuelle Atlas der Migration bietet mit Zahlen und Fakten belegte Informationen zum Thema und tr\u00e4gt damit zu einer Versachlichung der Debatte bei. So kommt es in der Berichterstattung \u00fcber Migration h\u00e4ufig zu tendenzi\u00f6sen Bebilderungen oder Darstellungen: Riesige Pfeile, die Migrationsbewegungen darstellen, wirken bedrohlich; die Augenscheinlichkeit von Karten bewirkt, dass sie als real und wahr gelesen und nicht im selben Ma\u00dfe wie Texte hinterfragt werden.<\/em><\/p>\n\n\n\n<p><strong>(Berlin, 10. November 2022)<\/strong> An die 14,5 Millionen Menschen haben die Ukraine zeitweilig verlassen. Kein anderer Krieg der Neuzeit hat so schnell so viele Menschen zu Fl\u00fcchtlingen gemacht. Die heute von der Rosa-Luxemburg-Stiftung ver\u00f6ffentlichte aktualisierte und erweiterte Ausgabe des \u201eAtlas der Migration\u201c stellt die Fluchtwege und -ziele der ukrainischen Gefl\u00fcchteten in Europa dar und pr\u00e4sentiert auf insgesamt 25 Doppelseiten zahlreiche Grafiken, Zahlen und Fakten zu Menschen in Bewegung. Erg\u00e4nzt werden diese durch sieben Themenseiten. Schwerpunkt ist Migration in Europa.<\/p>\n\n\n\n<p>\u201eMigration wird h\u00e4ufig als Bedrohung empfunden, \u00c4ngste werden von rechts gezielt gesch\u00fcrt. Der vorliegende Atlas soll mit Zahlen und Fakten Informationen zum Thema bieten und damit zu einer Versachlichung der Debatte beitragen\u201c, sagt Daniela Trochowski, Gesch\u00e4ftsf\u00fchrerin der Rosa-Luxemburg-Stiftung. \u201eDie aufw\u00e4ndigen Karten und Grafiken zeigen, dass Migration \u2013 obwohl sie in allen Teilen der Welt stattfindet \u2013 weder ein Bedrohungspotenzial f\u00fcr die Ziell\u00e4nder noch f\u00fcr die Herkunftsl\u00e4nder birgt. Vielmehr ergeben sich Chancen und Vorteile.\u201c<\/p>\n\n\n\n<p>In der Berichterstattung \u00fcber Migration kommt es h\u00e4ufig zu tendenzi\u00f6sen Bebilderungen oder Darstellungen. Riesige Pfeile, die Migrationsbewegungen darstellen, wirken bedrohlich. Kartografische Darstellungen von Migration und Flucht sind von spezifischen Interessen geleitet. Im Gegensatz zu einem Flie\u00dftext oder einer Tabelle erm\u00f6glichen Karten, Grenz\u00fcbertritte und Migration r\u00e4umlich darzustellen. Mit Pfeilen, farblich kodierten Unterscheidungen von Herkunfts- und Ziell\u00e4ndern sowie Grenzverl\u00e4ufen verleihen Kartograf:innen ihren Darstellungen eine vermeintlich klare Aussage. Sie vermeiden gestrichelte Linien und schraffierte Fl\u00e4chen, die umstrittene, komplexe oder unbekannte Sachverhalte und Grauzonen visualisieren k\u00f6nnten. Die Augenscheinlichkeit von Karten bewirkt, dass sie als real und wahr gelesen und nicht im selben Ma\u00dfe wie Texte hinterfragt werden. Diese Suggestivkraft ist f\u00fcr die politische Kartografie verlockend. So ver\u00f6ffentlicht die europ\u00e4ische Grenzschutzagentur Frontex regelm\u00e4\u00dfige \u201eRisikoanalysen\u201c und stellt irregul\u00e4re Migration darin auch visuell-kartografisch dar, etwa mit riesigen, aus vielerlei L\u00e4ndern gespeisten Pfeilspitzen, die mitunter die Gr\u00f6\u00dfe ganzer EU-L\u00e4nder \u00fcbersteigen und sie gar bedecken.<\/p>\n\n\n\n<figure class=\"wp-block-image size-large\"><a href=\"https:\/\/www.sinn-schaffen.de\/buerger\/wp-content\/uploads\/sites\/18\/2022\/11\/atlasdermigration2022_grafik_27_neu.jpg\" target=\"_blank\" rel=\"noreferrer noopener\"><img loading=\"lazy\" decoding=\"async\" width=\"1024\" height=\"951\" src=\"https:\/\/www.sinn-schaffen.de\/buerger\/wp-content\/uploads\/sites\/18\/2022\/11\/atlasdermigration2022_grafik_27_neu-1024x951.jpg\" alt=\"\" class=\"wp-image-796\" title=\"Grafik: Bartz\/Stockmar, CC BY 4.0. Atlas der Migration.\"\/><\/a><\/figure>\n\n\n\n<p>Die durchschnittliche Lebenserwartung der Bev\u00f6lkerung vieler europ\u00e4ischer Staaten steigt. Daraus resultiert ein chronischer Mangel an Pflegekr\u00e4ften. Sch\u00e4tzungen gehen davon aus, dass etwa eine Million Arbeitsmigrant*innen \u00fcberwiegend aus den EU-L\u00e4ndern Mittel- und S\u00fcdosteuropas in der Pflege in anderen L\u00e4ndern arbeiten. Tschechischen Frauen, die als Pflegekr\u00e4fte nach Deutschland und \u00d6sterreich abwandern, folgen Frauen aus der Ukraine nach Tschechien. Es entstehen Pflegeketten. Ein Ph\u00e4nomen, das ebenfalls in der Landwirtschaft zu beobachten ist. Die Migrationsketten in der Pflege und in der Landwirtschaft sind Thema auf zwei neuen Doppelseiten.<\/p>\n\n\n\n<p>Ebenfalls neu sind drei L\u00e4nderstudien, \u00fcber die Bedeutung von Migration f\u00fcr die einzelnen L\u00e4nder und den Umgang der jeweiligen Regierungen damit. Exemplarisch werden Bosnien und Herzegowina, ein Land mit extrem gro\u00dfer Abwanderung, Polen, ein Land mit einer politischen Doppelmoral bez\u00fcglich seiner Einwanderungspolitik sowie Griechenland, ein Land mit einer brutalen Reglementierung der Einwanderung, beschrieben.<\/p>\n\n\n\n<p>Migration kann jede*n treffen. Immer neue Ereignisse f\u00fchren dazu, dass Menschen fliehen m\u00fcssen, um ihr Leben zu retten. J\u00fcngstes Beispiel ist der Krieg in der Ukraine. Verheerende Flutkatastrophen in Bangladesch, Waldbr\u00e4nde in Australien, die Wassermassen im Ahrtal und Feuer in Brandenburg und Sachsen machen Menschen obdachlos oder bringen Leben in Gefahr. Im Jahr 2020 waren 30,7 Millionen Menschen aufgrund von Naturkatastrophen auf der Flucht. Gleichzeitig waren es 9,8 Millionen, die durch Kriege und Konflikte vertrieben wurden. Trotz dieser hohen Zahl hat die UN bisher umweltbedingte Fluchtgr\u00fcnde nicht als eigenst\u00e4ndige Fluchtursache anerkannt.<\/p>\n\n\n\n<div class=\"wp-block-columns is-layout-flex wp-container-core-columns-is-layout-9d6595d7 wp-block-columns-is-layout-flex\">\n<div class=\"wp-block-column is-layout-flow wp-block-column-is-layout-flow\" style=\"flex-basis:33.33%\">\n<figure class=\"wp-block-image size-full\"><a href=\"https:\/\/www.rosalux.de\/profil\/es_detail\/PKDTQWQD9Y\/daniela-trochowski?cHash=71bbef983ef545b26cb75c8d035df833\" target=\"_blank\" rel=\"noreferrer noopener\"><img loading=\"lazy\" decoding=\"async\" width=\"300\" height=\"300\" src=\"https:\/\/www.sinn-schaffen.de\/buerger\/wp-content\/uploads\/sites\/18\/2020\/09\/Daniela-Trochowski-by-MdF-JBergmann.png\" alt=\"\" class=\"wp-image-564\" title=\"Foto: MdF\/JBergmann.\"\/><\/a><\/figure>\n<\/div>\n\n\n\n<div class=\"wp-block-column is-layout-flow wp-block-column-is-layout-flow\" style=\"flex-basis:66.66%\">\n<p><a href=\"https:\/\/www.rosalux.de\/profil\/es_detail\/PKDTQWQD9Y\/daniela-trochowski?cHash=71bbef983ef545b26cb75c8d035df833\" target=\"_blank\" rel=\"noreferrer noopener\">Daniela Trochowski<\/a> ist Gesch\u00e4ftsf\u00fchrerin der <a href=\"https:\/\/www.rosalux.de\/\" target=\"_blank\" rel=\"noreferrer noopener\">Rosa-Luxemburg-Stiftung<\/a>.<\/p>\n\n\n\n<figure class=\"wp-block-image size-full is-resized\"><a href=\"https:\/\/www.rosalux.de\/\" target=\"_blank\" rel=\"noreferrer noopener\"><img loading=\"lazy\" decoding=\"async\" src=\"https:\/\/www.sinn-schaffen.de\/buerger\/wp-content\/uploads\/sites\/18\/2020\/09\/RLS_Export-Logo_de.jpg\" alt=\"\" class=\"wp-image-565\" width=\"239\" height=\"169\"\/><\/a><\/figure>\n<\/div>\n<\/div>\n\n\n\n<div class=\"wp-block-columns is-layout-flex wp-container-core-columns-is-layout-9d6595d7 wp-block-columns-is-layout-flex\">\n<div class=\"wp-block-column is-layout-flow wp-block-column-is-layout-flow\" style=\"flex-basis:33.33%\">\n<figure class=\"wp-block-image size-full\"><a href=\"https:\/\/www.rosalux.de\/fileadmin\/rls_uploads\/pdfs\/sonst_publikationen\/atlasdermigration2022.pdf\" target=\"_blank\" rel=\"noreferrer noopener\"><img loading=\"lazy\" decoding=\"async\" width=\"599\" height=\"846\" src=\"https:\/\/www.sinn-schaffen.de\/buerger\/wp-content\/uploads\/sites\/18\/2022\/11\/atlasdermigration2022-T.jpg\" alt=\"\" class=\"wp-image-799\"\/><\/a><\/figure>\n<\/div>\n\n\n\n<div class=\"wp-block-column is-layout-flow wp-block-column-is-layout-flow\" style=\"flex-basis:66.66%\">\n<p>Der von der Rosa-Luxemburg-Stiftung herausgegebene &#8222;Atlas der Migration&#8220; steht <a href=\"https:\/\/www.rosalux.de\/fileadmin\/rls_uploads\/pdfs\/sonst_publikationen\/atlasdermigration2022.pdf\" target=\"_blank\" rel=\"noreferrer noopener\">\u00fcber diesen Link zum Download als PDF<\/a> bereit oder kann <a href=\"https:\/\/www.rosalux.de\/publikation\/id\/49454\" target=\"_blank\" rel=\"noreferrer noopener\">\u00fcber diesen Link als Brosch\u00fcre bestellt<\/a> werden.<\/p>\n<\/div>\n<\/div>\n","protected":false},"excerpt":{"rendered":"<p>Migration wird h\u00e4ufig als Bedrohung empfunden, \u00c4ngste werden von rechts gezielt gesch\u00fcrt. Der aktuelle Atlas der Migration bietet mit Zahlen und Fakten belegte Informationen zum Thema und tr\u00e4gt damit zu einer Versachlichung der Debatte bei. So kommt es in der Berichterstattung \u00fcber Migration h\u00e4ufig zu tendenzi\u00f6sen Bebilderungen oder Darstellungen: Riesige Pfeile, die Migrationsbewegungen darstellen, wirken &hellip; <\/p>\n<p class=\"link-more\"><a href=\"https:\/\/www.sinn-schaffen.de\/buerger\/atlas-der-migration-2022-daten-und-fakten-ueber-menschen-in-bewegung\/\" class=\"more-link\"><span class=\"screen-reader-text\">\u201eAtlas der Migration 2022: Daten und Fakten \u00fcber Menschen in Bewegung\u201c<\/span> weiterlesen<\/a><\/p>\n","protected":false},"author":1,"featured_media":0,"parent":0,"menu_order":36,"comment_status":"closed","ping_status":"closed","template":"","meta":{"footnotes":""},"class_list":["post-798","page","type-page","status-publish","hentry"],"_links":{"self":[{"href":"https:\/\/www.sinn-schaffen.de\/buerger\/wp-json\/wp\/v2\/pages\/798","targetHints":{"allow":["GET"]}}],"collection":[{"href":"https:\/\/www.sinn-schaffen.de\/buerger\/wp-json\/wp\/v2\/pages"}],"about":[{"href":"https:\/\/www.sinn-schaffen.de\/buerger\/wp-json\/wp\/v2\/types\/page"}],"author":[{"embeddable":true,"href":"https:\/\/www.sinn-schaffen.de\/buerger\/wp-json\/wp\/v2\/users\/1"}],"replies":[{"embeddable":true,"href":"https:\/\/www.sinn-schaffen.de\/buerger\/wp-json\/wp\/v2\/comments?post=798"}],"version-history":[{"count":1,"href":"https:\/\/www.sinn-schaffen.de\/buerger\/wp-json\/wp\/v2\/pages\/798\/revisions"}],"predecessor-version":[{"id":800,"href":"https:\/\/www.sinn-schaffen.de\/buerger\/wp-json\/wp\/v2\/pages\/798\/revisions\/800"}],"wp:attachment":[{"href":"https:\/\/www.sinn-schaffen.de\/buerger\/wp-json\/wp\/v2\/media?parent=798"}],"curies":[{"name":"wp","href":"https:\/\/api.w.org\/{rel}","templated":true}]}}