{"id":837,"date":"2023-03-09T18:47:26","date_gmt":"2023-03-09T17:47:26","guid":{"rendered":"https:\/\/www.sinn-schaffen.de\/buerger\/?page_id=837"},"modified":"2023-03-09T18:47:27","modified_gmt":"2023-03-09T17:47:27","slug":"30-000-vereine-scheuen-politisches-engagement-umfrage-zeigt-wie-angst-um-gemeinnuetzigkeit-ziviles-engagement-hemmt","status":"publish","type":"page","link":"https:\/\/www.sinn-schaffen.de\/buerger\/30-000-vereine-scheuen-politisches-engagement-umfrage-zeigt-wie-angst-um-gemeinnuetzigkeit-ziviles-engagement-hemmt\/","title":{"rendered":"30.000 Vereine scheuen politisches Engagement: Umfrage zeigt, wie Angst um Gemeinn\u00fctzigkeit ziviles Engagement hemmt"},"content":{"rendered":"\n<p><em>Das \u00fcberholte Gemeinn\u00fctzigkeitsrecht unterdr\u00fcckt wichtiges demokratisches Engagement von gemeinn\u00fctzigen Vereinen und Initiativen in Deutschland. Der Entzug der Gemeinn\u00fctzigkeit von Attac 2014 war bereits ein Angriff auf die kritische Zivilgesellschaft; zahlreichen anderen f\u00fcrs Gemeinwohl engagierten Vereinen wurde danach die Gemeinn\u00fctzigkeit abgesprochen. Der ZiviZ-Survey 2023 des &#8222;ZiviZ im Stifterverband&#8220; (Zivilgesellschaft in Zahlen) best\u00e4tigt: Wichtige Stimmen gehen im Diskurs verloren, weil Vereine es nicht mehr wagen, sich politisch einzumischen.<\/em><\/p>\n\n\n\n<figure class=\"wp-block-image size-full\"><img loading=\"lazy\" decoding=\"async\" width=\"1024\" height=\"413\" src=\"https:\/\/www.sinn-schaffen.de\/buerger\/wp-content\/uploads\/sites\/18\/2023\/03\/230309-NU-Vereine.jpg\" alt=\"\" class=\"wp-image-828\" title=\"Foto: Nata Uchava, Freiburg\"\/><\/figure>\n\n\n\n<p><strong>(Berlin, 7. M\u00e4rz 2023)<\/strong> F\u00fcnf Prozent der zivilgesellschaftlichen Akteur*innen haben Angst, sich politisch zu engagieren \u2013 aus Sorge, ihre Gemeinn\u00fctzigkeit zu verlieren. Zu diesem Ergebnis kommt \u201cZiviZ im Stifterverband\u201d (Zivilgesellschaft in Zahlen) in ihrer aktuellen Umfrage. Hochgerechnet verliert die politische Debatte in Deutschland damit mehr als 30.000 Organisationen und Vereine. Im Bereich Umweltschutz geben sogar elf Prozent der Befragten an, sich aus Vorsicht politisch zur\u00fcckzuhalten. Diese Zahlen untermauern die Erfahrungen vieler zivilgesellschaftlicher Organisationen: Das \u00fcberholte Gemeinn\u00fctzigkeitsrecht unterdr\u00fcckt wichtiges demokratisches Engagement von gemeinn\u00fctzigen Vereinen und Initiativen. 14 zivilgesellschaftliche Organisationen dr\u00e4ngen die Ampel-Regierung daher, dringend diesen Missstand zu beheben und die Reform des Gemeinn\u00fctzigkeitsrechts anzugehen \u2013 wie im Koalitionsvertrag versprochen.<\/p>\n\n\n\n<p>Die Abgabenordnung muss um gemeinn\u00fctzige Zwecke erweitert und vorhandene Zwecke m\u00fcssen konkretisiert werden. Nur auf diese Weise kann die wichtige Rolle zivilgesellschaftlicher Organisationen zur F\u00f6rderung von Demokratie, Grund- und Menschenrechten, Rechtsstaatlichkeit, politischer Bildung sowie sozialer Gerechtigkeit gew\u00fcrdigt und abgesichert werden. Gemeinn\u00fctzigen Organisationen muss es zudem erlaubt sein, sich an der politischen Willens- und \u00f6ffentlichen Meinungsbildung zu beteiligen \u2013 in dem Ma\u00df, in dem sie es f\u00fcr angemessen halten. Ferner fordert das B\u00fcndnis eine Demokratieklausel, mithilfe derer gemeinn\u00fctzige Organisationen aus aktuellem Anlass \u00fcber den eigenen Satzungszweck hinaus aktiv werden k\u00f6nnen.<\/p>\n\n\n\n<p>Frauke Distelrath, Gesch\u00e4ftsf\u00fchrerin von Attac Deutschland: \u201eDer Entzug der Gemeinn\u00fctzigkeit von Attac 2014 war ein Angriff auf die kritische Zivilgesellschaft. Zahlreichen anderen f\u00fcrs Gemeinwohl engagierten Vereinen wurde danach die Gemeinn\u00fctzigkeit abgesprochen. Fast noch demokratiesch\u00e4digender sind die weniger sichtbaren Folgen, die der ZiviZ Survey best\u00e4tigt: Wichtige Stimmen gehen im Diskurs verloren, weil Vereine es nicht mehr wagen, sich politisch einzumischen. Es ist h\u00f6chste Zeit f\u00fcr ein modernes Gemeinn\u00fctzigkeitsrecht, das die demokratische Zivilgesellschaft st\u00e4rkt, statt ihren Gegner*innen zu helfen. Wir brauchen Engagement statt Politikverdrossenheit!\u201d<\/p>\n\n\n\n<p><strong>Aus dem ZiviZ-Survey 2023<\/strong><\/p>\n\n\n\n<p>Mit dem ZiviZ-Survey erfasst ZiviZ im Stifterverband seit 2012 in regelm\u00e4\u00dfigen Abst\u00e4nden und repr\u00e4sentativ Strukturmerkmale und Entwicklungen in der organisierten Zivilgesellschaft. Am ZiviZ-Survey 2023 nahmen insgesamt 12.792 Organisationen teil. Die in diesem Bericht dargestellten Befunde geben erste Einblicke in Trends und Ver\u00e4nderungen in der Zivilgesellschaft \u00fcber die vergangenen zehn Jahre. Sie geben auch dar\u00fcber Aufschluss, inwiefern die Krisen der vergangenen Jahre, insbesondere die Corona-Pandemie, langfristige Entwicklungen im Engagement beeinflusst haben.<\/p>\n\n\n\n<p>Zivilgesellschaftliche Organisationen verstehen sich immer h\u00e4ufiger als Impulsgeber f\u00fcr sozialen Wandel, als Sozialunternehmen oder auch als Akteure der politischen Willensbildung, stellt der ZiviZ-Survey 2023 fest. Sie m\u00f6chten mit ihren Aktivit\u00e4ten und Angeboten nach au\u00dfen wirken und Gesellschaft sowie Politik mitgestalten. Hingegen schw\u00e4cht sich das Rollenverst\u00e4ndnis als Mitgliederorganisation ab. Das hei\u00dft, Vereinigungen sind seltener nach innen orientiert und f\u00fchlen sich seltener vordergr\u00fcndig den Interessen ihrer Mitglieder verpflichtet.<\/p>\n\n\n\n<p>Die Anspr\u00fcche an gesellschaftliche Mitgestaltung zeigen sich auch darin, dass die Organisationen im Zehnjahresvergleich immer h\u00e4ufiger in den Bereichen Bildung (plus 3,9 Prozentpunkte) und Umwelt (plus 1,3 Prozentpunkte) aktiv sind. In Teilen der Zivilgesellschaft herrscht Verunsicherung dar\u00fcber, inwiefern politische Mitgestaltung den Gemeinn\u00fctzigkeitsstatus gef\u00e4hrden k\u00f6nnte. 5 Prozent der Organisationen geben an, sich aus Sorge um ihren Gemeinn\u00fctzigkeitsstatus nicht intensiver politisch zu engagieren. \u00dcberdurchschnittlich ausgepr\u00e4gt ist diese Sorge insbesondere in den Engagementfeldern Umwelt (11 Prozent) und internationale Solidarit\u00e4t (10 Prozent).<\/p>\n\n\n\n<p>Mehr Organisationen berichten von r\u00fcckl\u00e4ufigen Zahlen im freiwilligen Engagement: Die eingeschr\u00e4nkten Handlungsm\u00f6glichkeiten w\u00e4hrend der Corona-Pandemie stellten Organisationen vor besondere Herausforderungen in der Gewinnung und Bindung von Mitgliedern und freiwillig Engagierten. Mehrheitlich waren die Zahlen an Mitgliedschaften und freiwillig Engagierten in den vergangenen f\u00fcnf Jahren stabil. W\u00e4hrend Sportorganisationen am h\u00e4ufigsten von sinkenden Engagiertenzahlen (27 Prozent) betroffen sind, berichten Umwelt- und Naturschutzorganisationen am h\u00e4ufigsten von steigenden Zahlen im Engagement (32 Prozent).<\/p>\n\n\n\n<p>Auch die Bew\u00e4ltigung der Klimakrise wird zunehmend als Querschnittsaufgabe in der Zivilgesellschaft erkannt. Jede vierte Organisation hat in den vergangenen Jahren angefangen, sich aktiv mit dem Thema zu befassen oder plant dies f\u00fcr die kommenden Jahre.<\/p>\n\n\n\n<p><strong>Weitere Ergebnisse im \u00dcberblick<\/strong><\/p>\n\n\n\n<p>Im Jahr 2022 gab es in Deutschland 656.888 zivilgesellschaftliche Organisationen. Das sind rund 18.000 Organisationen mehr als zum Zeitpunkt der letzten umfassenden Bestandsaufnahme von ZiviZ im Jahr 2016. Allerdings werden von Jahr zu Jahr weniger neue Vereine gegr\u00fcndet. Zeitgleich zeigt sich eine starke Gr\u00fcndungsdynamik von gemeinn\u00fctzigen Kapitalgesellschaften, deren Zahl zwischen 2016 und 2022 um 27 Prozent wuchs.<\/p>\n\n\n\n<p>Vereine werden immer h\u00e4ufiger als F\u00f6rdervereine gegr\u00fcndet. Gaben in 2016 noch 22 Prozent der Vereine an, F\u00f6rdervereine zu sein, waren es in 2022 bereits 25 Prozent. F\u00f6rdervereine werden nicht nur im Bildungsbereich (zum Beispiel als Schulf\u00f6rdervereine) gegr\u00fcndet, sondern inzwischen auch h\u00e4ufig in anderen Engagementfeldern (zum Beispiel in den Bereichen Bev\u00f6lkerungs- und Katastrophenschutz, Gesundheit und Wissenschaft).<\/p>\n\n\n\n<p>Das Besch\u00e4ftigungswachstum im gemeinn\u00fctzigen Sektor beschr\u00e4nkt sich auf gro\u00dfe Organisationen. W\u00e4hrend der Anteil zivilgesellschaftlicher Organisationen mit bezahlten Besch\u00e4ftigten zwischen 2012 und 2016 noch deutlich von 21 auf 28 Prozent stieg, verbleib der Wert in 2022 mit 27 Prozent auf \u00e4hnlichem Niveau wie 2016. Gleichzeitig berichten gerade Organisationen mit \u00fcberdurchschnittlich vielen bezahlten Besch\u00e4ftigten von weiteren Zuw\u00e4chsen.<\/p>\n\n\n\n<p>Die Finanzierungserwartung an den Staat nimmt zu. Zwar sind noch immer 54 Prozent der Organisationen der Ansicht, dass sie ihre Aktivit\u00e4ten selbst durchf\u00fchren und finanzieren sollten, dennoch zeigt sich: W\u00e4hrend im Jahr 2016 noch 31 Prozent der Organisationen angaben, dass ihre Arbeit vermehrt vom Staat finanziell unterst\u00fctzt werden sollte, stieg der Wert in 2022 auf 40 Prozent an.<\/p>\n\n\n\n<div class=\"wp-block-columns is-layout-flex wp-container-core-columns-is-layout-9d6595d7 wp-block-columns-is-layout-flex\">\n<div class=\"wp-block-column is-layout-flow wp-block-column-is-layout-flow\" style=\"flex-basis:33.33%\">\n<figure class=\"wp-block-image size-full\"><a href=\"https:\/\/www.attac.de\/das-ist-attac\/organisation\/buero\/mitarbeiterinnen\" target=\"_blank\" rel=\"noreferrer noopener\"><img loading=\"lazy\" decoding=\"async\" width=\"600\" height=\"300\" src=\"https:\/\/www.sinn-schaffen.de\/buerger\/wp-content\/uploads\/sites\/18\/2023\/03\/Frauke-Distelrath.jpg\" alt=\"\" class=\"wp-image-829\"\/><\/a><\/figure>\n<\/div>\n\n\n\n<div class=\"wp-block-column is-layout-flow wp-block-column-is-layout-flow\" style=\"flex-basis:66.66%\">\n<p><a href=\"https:\/\/www.attac.de\/das-ist-attac\/organisation\/buero\/mitarbeiterinnen\" target=\"_blank\" rel=\"noreferrer noopener\">Frauke Distelrath<\/a> ist Gesch\u00e4ftsf\u00fchrerin von <a href=\"https:\/\/www.attac.de\/\" target=\"_blank\" rel=\"noreferrer noopener\">Attac Deutschland<\/a>.<\/p>\n\n\n\n<figure class=\"wp-block-image size-full is-resized\"><a href=\"https:\/\/www.attac.de\/\" target=\"_blank\" rel=\"noreferrer noopener\"><img loading=\"lazy\" decoding=\"async\" src=\"https:\/\/www.sinn-schaffen.de\/buerger\/wp-content\/uploads\/sites\/18\/2018\/05\/Attac-Logo_rgb.jpg\" alt=\"\" class=\"wp-image-22\" width=\"244\" height=\"75\"\/><\/a><\/figure>\n<\/div>\n<\/div>\n\n\n\n<div class=\"wp-block-columns is-layout-flex wp-container-core-columns-is-layout-9d6595d7 wp-block-columns-is-layout-flex\">\n<div class=\"wp-block-column is-layout-flow wp-block-column-is-layout-flow\" style=\"flex-basis:33.33%\">\n<figure class=\"wp-block-image size-full\"><a href=\"https:\/\/www.ziviz.de\/sites\/ziv\/files\/ziviz-survey_2023_trendbericht.pdf\" target=\"_blank\" rel=\"noreferrer noopener\"><img loading=\"lazy\" decoding=\"async\" width=\"599\" height=\"846\" src=\"https:\/\/www.sinn-schaffen.de\/buerger\/wp-content\/uploads\/sites\/18\/2023\/03\/ziviz-survey_2023_trendbericht-T.jpg\" alt=\"\" class=\"wp-image-830\"\/><\/a><\/figure>\n<\/div>\n\n\n\n<div class=\"wp-block-column is-layout-flow wp-block-column-is-layout-flow\" style=\"flex-basis:66.66%\">\n<p>Die ersten Befunde des ZiviZ-Survey 2023 unter dem Titel &#8222;ZIVILGESELLSCHAFT IN KRISENZEITEN: POLITISCH AKTIV MIT GESCHW\u00c4CHTEN FUNDAMENTEN&#8220; stehen <a href=\"https:\/\/www.ziviz.de\/sites\/ziv\/files\/ziviz-survey_2023_trendbericht.pdf\" target=\"_blank\" rel=\"noreferrer noopener\">\u00fcber diesen Link zum Download als PDF<\/a> bereit.<\/p>\n<\/div>\n<\/div>\n\n\n\n<div class=\"wp-block-columns is-layout-flex wp-container-core-columns-is-layout-9d6595d7 wp-block-columns-is-layout-flex\">\n<div class=\"wp-block-column is-layout-flow wp-block-column-is-layout-flow\" style=\"flex-basis:33.33%\">\n<figure class=\"wp-block-image size-full\"><a href=\"https:\/\/www.ziviz.de\/sites\/ziv\/files\/ziviz-survey_2023_methodenbericht.pdf\" target=\"_blank\" rel=\"noreferrer noopener\"><img loading=\"lazy\" decoding=\"async\" width=\"599\" height=\"846\" src=\"https:\/\/www.sinn-schaffen.de\/buerger\/wp-content\/uploads\/sites\/18\/2023\/03\/ziviz-survey_2023_methodenbericht-T.jpg\" alt=\"\" class=\"wp-image-832\"\/><\/a><\/figure>\n<\/div>\n\n\n\n<div class=\"wp-block-column is-layout-flow wp-block-column-is-layout-flow\" style=\"flex-basis:66.66%\">\n<p>Der Methodenbericht zum ZiviZ-Survey 2023 steht <a href=\"https:\/\/www.ziviz.de\/sites\/ziv\/files\/ziviz-survey_2023_methodenbericht.pdf\" target=\"_blank\" rel=\"noreferrer noopener\">\u00fcber diesen Link zum Download als PDF<\/a> bereit.<\/p>\n<\/div>\n<\/div>\n\n\n\n<div class=\"wp-block-columns is-layout-flex wp-container-core-columns-is-layout-9d6595d7 wp-block-columns-is-layout-flex\">\n<div class=\"wp-block-column is-layout-flow wp-block-column-is-layout-flow\" style=\"flex-basis:33.33%\">\n<figure class=\"wp-block-image size-full\"><a href=\"https:\/\/www.ziviz.de\/sites\/ziv\/files\/ziviz-survey_2023_fragebogen.pdf\" target=\"_blank\" rel=\"noreferrer noopener\"><img loading=\"lazy\" decoding=\"async\" width=\"599\" height=\"846\" src=\"https:\/\/www.sinn-schaffen.de\/buerger\/wp-content\/uploads\/sites\/18\/2023\/03\/ziviz-survey_2023_fragebogen-T.jpg\" alt=\"\" class=\"wp-image-834\"\/><\/a><\/figure>\n<\/div>\n\n\n\n<div class=\"wp-block-column is-layout-flow wp-block-column-is-layout-flow\" style=\"flex-basis:66.66%\">\n<p>Der Fragebogen zum ZiviZ-Survey steht <a href=\"https:\/\/www.ziviz.de\/sites\/ziv\/files\/ziviz-survey_2023_fragebogen.pdf\" target=\"_blank\" rel=\"noreferrer noopener\">\u00fcber diesen Link zum Download als PDF<\/a> bereit.<\/p>\n<\/div>\n<\/div>\n","protected":false},"excerpt":{"rendered":"<p>Das \u00fcberholte Gemeinn\u00fctzigkeitsrecht unterdr\u00fcckt wichtiges demokratisches Engagement von gemeinn\u00fctzigen Vereinen und Initiativen in Deutschland. Der Entzug der Gemeinn\u00fctzigkeit von Attac 2014 war bereits ein Angriff auf die kritische Zivilgesellschaft; zahlreichen anderen f\u00fcrs Gemeinwohl engagierten Vereinen wurde danach die Gemeinn\u00fctzigkeit abgesprochen. Der ZiviZ-Survey 2023 des &#8222;ZiviZ im Stifterverband&#8220; (Zivilgesellschaft in Zahlen) best\u00e4tigt: Wichtige Stimmen gehen im &hellip; <\/p>\n<p class=\"link-more\"><a href=\"https:\/\/www.sinn-schaffen.de\/buerger\/30-000-vereine-scheuen-politisches-engagement-umfrage-zeigt-wie-angst-um-gemeinnuetzigkeit-ziviles-engagement-hemmt\/\" class=\"more-link\"><span class=\"screen-reader-text\">\u201e30.000 Vereine scheuen politisches Engagement: Umfrage zeigt, wie Angst um Gemeinn\u00fctzigkeit ziviles Engagement hemmt\u201c<\/span> weiterlesen<\/a><\/p>\n","protected":false},"author":1,"featured_media":0,"parent":0,"menu_order":31,"comment_status":"closed","ping_status":"closed","template":"","meta":{"footnotes":""},"class_list":["post-837","page","type-page","status-publish","hentry"],"_links":{"self":[{"href":"https:\/\/www.sinn-schaffen.de\/buerger\/wp-json\/wp\/v2\/pages\/837","targetHints":{"allow":["GET"]}}],"collection":[{"href":"https:\/\/www.sinn-schaffen.de\/buerger\/wp-json\/wp\/v2\/pages"}],"about":[{"href":"https:\/\/www.sinn-schaffen.de\/buerger\/wp-json\/wp\/v2\/types\/page"}],"author":[{"embeddable":true,"href":"https:\/\/www.sinn-schaffen.de\/buerger\/wp-json\/wp\/v2\/users\/1"}],"replies":[{"embeddable":true,"href":"https:\/\/www.sinn-schaffen.de\/buerger\/wp-json\/wp\/v2\/comments?post=837"}],"version-history":[{"count":1,"href":"https:\/\/www.sinn-schaffen.de\/buerger\/wp-json\/wp\/v2\/pages\/837\/revisions"}],"predecessor-version":[{"id":838,"href":"https:\/\/www.sinn-schaffen.de\/buerger\/wp-json\/wp\/v2\/pages\/837\/revisions\/838"}],"wp:attachment":[{"href":"https:\/\/www.sinn-schaffen.de\/buerger\/wp-json\/wp\/v2\/media?parent=837"}],"curies":[{"name":"wp","href":"https:\/\/api.w.org\/{rel}","templated":true}]}}