{"id":84,"date":"2018-09-18T13:37:10","date_gmt":"2018-09-18T11:37:10","guid":{"rendered":"https:\/\/www.sinn-schaffen.de\/buerger\/?page_id=84"},"modified":"2020-09-09T19:44:49","modified_gmt":"2020-09-09T17:44:49","slug":"ack-gemeinsamer-einsatz-fuer-die-vielfalt-der-schoepfung-dringend-noetig","status":"publish","type":"page","link":"https:\/\/www.sinn-schaffen.de\/buerger\/ack-gemeinsamer-einsatz-fuer-die-vielfalt-der-schoepfung-dringend-noetig\/","title":{"rendered":"Arbeitsgemeinschaft Christlicher Kirchen in Deutschland: Gemeinsamer Einsatz f\u00fcr die Vielfalt der Sch\u00f6pfung dringend n\u00f6tig!"},"content":{"rendered":"<p><em>Klare Worte, klare Positionierung und klare Haltung (auch im Alltag) seitens unserer Kirchen in Deutschland und in Europa und zwar als Einheit sind mehr denn je gefragt, rief die orthodoxe Theologin Rossitza Dikova-Osthus beim Tag der Sch\u00f6pfung 2018 der Arbeitsgemeinschaft Christlicher Kirchen in Deutschland in Erinnerung. \u201cSetzen Sie sich in dieser historischen Situation f\u00fcr Fl\u00fcchtlingsschutz und Humanit\u00e4t ein: Weisen Sie alle politische Vorschl\u00e4ge zur\u00fcck, denen nicht Liebe und Mitmenschlichkeit zugrunde liegen.\u201d<\/em><\/p>\n<p><strong>(Frankfurt a.M.\/Starkow 7. September 2018) <\/strong>Mit einem \u00f6kumenischen Gottesdienst unter freiem Himmel und einem Festakt beging die Arbeitsgemeinschaft Christlicher Kirchen in Deutschland (ACK) den diesj\u00e4hrigen Tag der Sch\u00f6pfung am 7. September 2018 in Starkow in Nordvorpommern.<\/p>\n<p>In ihrer Predigt \u00fcber das Motto: \u201eVon meinen Fr\u00fcchten k\u00f6nnt ihr leben\u201c aus dem Alten Testament erinnerte die orthodoxe Theologin Rossitza Dikova-Osthus an die besondere Stellung des Meschen in der Sch\u00f6pfung als \u201eVerwalter\u201c. Diese Stellung sei \u201enicht mit einer uneingeschr\u00e4nkten Freiheit gleichzusetzen\u201c. Die Sch\u00f6nheit und Vielfalt der Sch\u00f6pfung beinhalte auch die Verantwortung des Menschen f\u00fcr sie. Der Auftrag, die Natur zu erhalten und mit ihr zu teilen, umfasse auch das Gebot der Mitmenschlichkeit und der N\u00e4chstenliebe, welches Christen unterschiedlicher Konfessionen miteinander verbinde. <a href=\"https:\/\/www.sinn-schaffen.de\/buerger\/wp-content\/uploads\/sites\/18\/2018\/09\/ACK_TdS_2018_web_ES.pdf\" target=\"_blank\" rel=\"noopener noreferrer\"><img loading=\"lazy\" decoding=\"async\" class=\"alignright wp-image-87\" src=\"https:\/\/www.sinn-schaffen.de\/buerger\/wp-content\/uploads\/sites\/18\/2018\/09\/ACK_TdS_2018_web_ES-T.jpg\" alt=\"\" width=\"320\" height=\"452\"><\/a>Sie schloss ihre Predigt mit deutlichen Worten in Richtung kirchenleitenden Personals, sich in politischen Fragen klar zu positionieren und gegen\u00fcber rechtsextremen Tendenzen in der Gesellschaft eine klare Haltung zu zeigen:<\/p>\n<p><em>\u201eIn meinem Hauptamt bei der Diakonie als Leiterin eines Netzwerkes der Migrationsfachdienste zur Integration von Gefl\u00fcchteten begleitet das Thema &#8222;Flucht, Integration, Aufnahmegesellschaft&#8220; meinen beruflichen Alltag. Besorgt sind wir \u00fcber die inzwischen salonf\u00e4hig gewordene rassistischen und fremdenfeindlichen Stimmen. Es ist ja kein Zufall, dass Menschen mit Hass im Herzen und Hetze auf den Lippen, die in der Politik inzwischen offiziell t\u00e4tig sind, keine Ideen f\u00fcr die Umwelt- und Klimathemen haben. Wie soll denn jemand, der keinen Platz f\u00fcr die Liebe zu den Mitmenschen in seinem Herzen tr\u00e4gt, Gedanken an die anderen Gesch\u00f6pfe Gottes schenken?! Ich wei\u00df, dass inzwischen viele Projekte gestartet sind, um nach L\u00f6sungen zu finden, wie mit Rechtsextremismus in unserem Land umzugehen ist. Klare Worte, klare Positionierung und klare Haltung (auch im Alltag) seitens unserer Kirchen in Deutschland und in Europa und zwar als Einheit sind mehr denn je gefragt. Und wie es in der Petition zur Unterst\u00fctzung der Fl\u00fcchtlingspolitik in Europa, die an die Kirchenleitungen gerichtet ist, hei\u00dft &#8222;Setzen Sie sich in dieser historischen Situation f\u00fcr Fl\u00fcchtlingsschutz und Humanit\u00e4t ein: Weisen Sie alle politische Vorschl\u00e4ge zur\u00fcck, denen nicht Liebe und Mitmenschlichkeit zugrunde liegen&#8220;.\u201c<\/em><\/p>\n<p>In dem \u00f6kumenischen Gottesdienst wirkten aus dem Vorstand der Christlicher Kirchen in Deutschland der Vorsitzende Bischof Karl-Heinz Wiesemann (Speyer), Erzpriester Radu Constantin Miron (K\u00f6ln) und Christoph Stiba (Berlin) mit.<\/p>\n<p>Bessere Bedingungen f\u00fcr eine artenreiche und nachhaltige Landwirtschaft forderte Professor Michael Succow, Biologe und Tr\u00e4ger des alternativen Nobelpreises, in seiner Festrede. Eine \u00f6kologische Landwirtschaft, die auch den Zusammenhang von Kultur und Natur ber\u00fccksichtige, sei eine wesentliche Lebensgrundlage der Zukunft. Succow rief die Politik dazu auf, \u00f6kologische Agrarnutzung noch besser zu f\u00f6rdern und damit ausreichende Lebensgrundlagen f\u00fcr Landwirte zu schaffen. Gerade in den l\u00e4ndlichen R\u00e4umen des Ostens brauche man eine innovative Wirtschaft in \u00f6kologischer und sozialer Verantwortung, um dort die l\u00e4ndlichen R\u00e4ume nicht ausbluten zu lassen. So geh\u00f6rten Verantwortung f\u00fcr die Sch\u00f6pfung und f\u00fcr eine nachhaltige Gestaltung der Lebensr\u00e4ume zusammen. Dazu k\u00f6nnten mehreren Partner zusammenarbeiten, wie beispielsweise Tourismuswirtschaft, Gesundheitswirtschaft und stark wachsenden Wirtschaftszweigen. \u201eEs geht um den Fortbestand unserer historisch gewachsenen Kulturlandschaft, die auch in Zukunft unsere Lebensgrundlage sein muss.\u201c Der Erhalt der Kulturlandschaft sei angesichts des Klimawandels eine der \u201ewichtigsten Sozialleistungen f\u00fcr unsere Zukunft\u201c, betonte Succow. Nur mit einer ganzheitlich wahrgenommenen Verantwortung k\u00f6nne die f\u00fcr Mensch und Natur lebenswichtige Biodiversit\u00e4t erhalten und weiter gepflegt werden.<\/p>\n<p>Seit dem Jahr 2010 feiert die Arbeitsgemeinschaft Christlicher Kirchen (ACK) in Deutschland j\u00e4hrlich einen \u00f6kumenischen Tag der Sch\u00f6pfung. Er geht auf eine Anregung des damaligen \u00d6kumenischen Patriarchen Dimitrios I. zur\u00fcck, einmal im Jahr \u201egemeinsam zum Sch\u00f6pfer zu beten\u201c. Dieser Tag wird bundesweit begangen und regt dazu an, das Lob des Sch\u00f6pfers \u00f6kumenisch anzustimmen und gleichzeitig die eigenen Aufgaben f\u00fcr die Bewahrung der Sch\u00f6pfung in den Blick zu nehmen.<\/p>\n<figure class=\"wp-block-table\">\n<table class=\"has-subtle-light-gray-background-color has-background\">\n<tbody>\n<tr>\n<td width=\"25%\"><a rel=\"noopener noreferrer\" href=\"http:\/\/www.bleiberecht-aufbruch-portin.de\/acms\/hagen\/aktuelles-ha\/fluechtlingen-zugang-zum-arbeitsmarkt-ermoeglichen-diakonie-stellte-projekt-aufbruch-portin-plus-bei-klangrede-vor\/\" target=\"_blank\"><img decoding=\"async\" class=\"aligncenter wp-image-313\" title=\"Foto: Arbeitsgemeinschaft Christlicher Kirchen in Deutschland (ACK).\" src=\"https:\/\/www.sinn-schaffen.de\/buerger\/wp-content\/uploads\/sites\/18\/2018\/09\/Rossitza-Dikova-Osthus.jpg\" alt=\"\" width=\"180\"><\/a><\/td>\n<td width=\"75%\">Die orthodoxe Theologin Rossitza Dikova-Osthus von der Diakonie Mark-Ruhr predigte beim &#8222;Tag der Sch\u00f6pfung 2018&#8220; der <a href=\"https:\/\/www.oekumene-ack.de\/ueber-uns\/\" target=\"_blank\" rel=\"noopener noreferrer\">Arbeitsgemeinschaft Christlicher Kirchen in Deutschland<\/a>.<\/td>\n<\/tr>\n<tr>\n<td><\/td>\n<td><a href=\"https:\/\/www.oekumene-ack.de\/ueber-uns\/\" target=\"_blank\" rel=\"noopener noreferrer\"><img decoding=\"async\" class=\"aligncenter wp-image-313\" title=\" \" src=\"https:\/\/www.sinn-schaffen.de\/buerger\/wp-content\/uploads\/sites\/18\/2018\/09\/Logo-ACK.gif\" alt=\"\" width=\"180\"><\/a><\/td>\n<\/tr>\n<\/tbody>\n<\/table>\n<\/figure>\n","protected":false},"excerpt":{"rendered":"<p>Klare Worte, klare Positionierung und klare Haltung (auch im Alltag) seitens unserer Kirchen in Deutschland und in Europa und zwar als Einheit sind mehr denn je gefragt, rief die orthodoxe Theologin Rossitza Dikova-Osthus beim Tag der Sch\u00f6pfung 2018 der Arbeitsgemeinschaft Christlicher Kirchen in Deutschland in Erinnerung. \u201cSetzen Sie sich in dieser historischen Situation f\u00fcr Fl\u00fcchtlingsschutz &hellip; <\/p>\n<p class=\"link-more\"><a href=\"https:\/\/www.sinn-schaffen.de\/buerger\/ack-gemeinsamer-einsatz-fuer-die-vielfalt-der-schoepfung-dringend-noetig\/\" class=\"more-link\"><span class=\"screen-reader-text\">\u201eArbeitsgemeinschaft Christlicher Kirchen in Deutschland: Gemeinsamer Einsatz f\u00fcr die Vielfalt der Sch\u00f6pfung dringend n\u00f6tig!\u201c<\/span> weiterlesen<\/a><\/p>\n","protected":false},"author":1,"featured_media":0,"parent":0,"menu_order":116,"comment_status":"closed","ping_status":"closed","template":"","meta":{"footnotes":""},"class_list":["post-84","page","type-page","status-publish","hentry"],"_links":{"self":[{"href":"https:\/\/www.sinn-schaffen.de\/buerger\/wp-json\/wp\/v2\/pages\/84","targetHints":{"allow":["GET"]}}],"collection":[{"href":"https:\/\/www.sinn-schaffen.de\/buerger\/wp-json\/wp\/v2\/pages"}],"about":[{"href":"https:\/\/www.sinn-schaffen.de\/buerger\/wp-json\/wp\/v2\/types\/page"}],"author":[{"embeddable":true,"href":"https:\/\/www.sinn-schaffen.de\/buerger\/wp-json\/wp\/v2\/users\/1"}],"replies":[{"embeddable":true,"href":"https:\/\/www.sinn-schaffen.de\/buerger\/wp-json\/wp\/v2\/comments?post=84"}],"version-history":[{"count":4,"href":"https:\/\/www.sinn-schaffen.de\/buerger\/wp-json\/wp\/v2\/pages\/84\/revisions"}],"predecessor-version":[{"id":550,"href":"https:\/\/www.sinn-schaffen.de\/buerger\/wp-json\/wp\/v2\/pages\/84\/revisions\/550"}],"wp:attachment":[{"href":"https:\/\/www.sinn-schaffen.de\/buerger\/wp-json\/wp\/v2\/media?parent=84"}],"curies":[{"name":"wp","href":"https:\/\/api.w.org\/{rel}","templated":true}]}}