{"id":861,"date":"2023-05-03T16:25:13","date_gmt":"2023-05-03T14:25:13","guid":{"rendered":"https:\/\/www.sinn-schaffen.de\/buerger\/?page_id=861"},"modified":"2023-05-03T16:25:14","modified_gmt":"2023-05-03T14:25:14","slug":"brot-fuer-die-welt-veroeffentlicht-sechsten-atlas-der-zivilgesellschaft-unterdrueckung-der-zivilgesellschaft-nimmt-weltweit-zu","status":"publish","type":"page","link":"https:\/\/www.sinn-schaffen.de\/buerger\/brot-fuer-die-welt-veroeffentlicht-sechsten-atlas-der-zivilgesellschaft-unterdrueckung-der-zivilgesellschaft-nimmt-weltweit-zu\/","title":{"rendered":"Brot f\u00fcr die Welt ver\u00f6ffentlicht sechsten &#8222;Atlas der Zivilgesellschaft&#8220;: Unterdr\u00fcckung der Zivilgesellschaft nimmt weltweit zu"},"content":{"rendered":"\n<p><em>2022 war ein Jahr des Protests: Im Iran gingen Frauen auf die Stra\u00dfe, in Brasilien protestierten Indigene gegen die Abholzung ihrer W\u00e4lder, in vielen L\u00e4ndern demonstrierten Menschen gegen Misswirtschaft. Um das Engagement der Zivilgesellschaft zu verhindern, bedienen sich Regierungen unterschiedlicher Instrumente \u2013 von Einsch\u00fcchterungen, Gewalt und Festnahmen bis zu Zensur, Desinformationen und restriktiven Gesetzen. Wer sich f\u00fcr Menschen einsetzt, die Schutz und Unterst\u00fctzung am dringendsten brauchen, wird kriminalisiert, an der Arbeit gehindert oder bedroht; in der EU blockieren die Regierungen die Seenotrettung im Mittelmeer massiv.<\/em><\/p>\n\n\n\n<figure class=\"wp-block-image size-full\"><img loading=\"lazy\" decoding=\"async\" width=\"1024\" height=\"413\" src=\"https:\/\/www.sinn-schaffen.de\/buerger\/wp-content\/uploads\/sites\/18\/2023\/05\/NU-AtlasderZivilgesellschaft_2023.jpg\" alt=\"\" class=\"wp-image-857\" title=\"Foto: Nata Uchava, Freiburg\"\/><\/figure>\n\n\n\n<p><strong>(Berlin, 3. Mai 2023)<\/strong> Mehr als ein Viertel der Menschen weltweit lebt in L\u00e4ndern mit geschlossenen zivilgesellschaftlichen Handlungsr\u00e4umen. Das bedeutet: Regierungskritik wird schwer bestraft, Pressefreiheit existiert nicht. Zu diesem Ergebnis kommt der sechste Atlas der Zivilgesellschaft, den Brot f\u00fcr die Welt heute in Berlin vorgestellt hat. Zu diesen L\u00e4ndern geh\u00f6rt nun auch Russland, wo sich die Lage seit Beginn des Krieges gegen die Ukraine weiter verschlechtert hat. Kritische Berichterstattung ist nicht mehr m\u00f6glich, unabh\u00e4ngige Medien wurden zu \u201eunerw\u00fcnschten Organisationen\u201c erkl\u00e4rt. Der Atlas der Zivilgesellschaft st\u00fctzt sich auf Erhebungen des weltweiten Netzwerks CIVICUS und stuft die weltweiten Freiheitsrechte in f\u00fcnf Kategorien von \u201eoffen\u201c bis \u201egeschlossen\u201c ein. Nur drei Prozent der Weltbev\u00f6lkerung leben demnach in Staaten, die zivilgesellschaftliche Grundfreiheiten wie Meinungs- und Versammlungsfreiheit garantieren.<\/p>\n\n\n\n<p>\u201eDas vergangene Jahr war ein Jahr des Protests. Im Iran gingen Frauen auf die Stra\u00dfe, in Brasilien protestierten Indigene gegen die Abholzung ihrer W\u00e4lder. In vielen L\u00e4ndern demonstrierten Menschen gegen Misswirtschaft\u201c, sagt Dagmar Pruin, Pr\u00e4sidentin von Brot f\u00fcr die Welt. \u201eDie Reaktion des Staates war in vielen F\u00e4llen gleich: Polizei und Milit\u00e4r schlugen auf Demonstranten und Journalistinnen ein. Menschen wurden verhaftet und sogar get\u00f6tet.\u201c Um das Engagement der Zivilgesellschaft zu verhindern, bedienen sich Regierungen unterschiedlicher Instrumente \u2013 von Einsch\u00fcchterungen, Gewalt und Festnahmen bis zu Zensur, Desinformationen und restriktiven Gesetzen. Ziel ist es, Organisationen in ihrer Arbeit zu behindern oder sie finanziell auszutrocknen. Der Atlas der Zivilgesellschaft zeigt, welchen konkreten Repressionen die Menschen ausgesetzt sind.<\/p>\n\n\n\n<p>Der Fokus liegt dieses Jahr auf migrant defenders \u2013 Menschen, die sich f\u00fcr die Rechte von Gefl\u00fcchteten und Migrant:innen einsetzen. \u201eWer sich f\u00fcr Menschen einsetzt, die Schutz und Unterst\u00fctzung am dringendsten brauchen, wird kriminalisiert, an der Arbeit gehindert oder bedroht\u201c, sagt Dagmar Pruin. Mit Blick auf die EU erg\u00e4nzt sie: \u201eDie Regierungen blockieren die Seenotrettung im Mittelmeer massiv. Der Tod dient als Abschreckung. Das ist ein zynisches Spiel mit Menschenleben.\u201c Nach Recherchen von Brot f\u00fcr die Welt wurden seit 2016 Rettungsschiffe insgesamt \u00fcber 1.000 Wochen blockiert \u2013 das entspricht fast einem Drittel der m\u00f6glichen Einsatzwochen.<\/p>\n\n\n\n<p>In Griechenland schr\u00e4nkt der Staat die Arbeit von migrant defenders immer weiter ein\u2013 etwa durch willk\u00fcrliche und unverh\u00e4ltnism\u00e4\u00dfige Auflagen bei der Registrierung von NGO-Mitarbeitenden. Mit Blick auf Repressionen gegen Gefl\u00fcchtete und ihre Rechtsbeist\u00e4nde sagt Alexandros Chrysomallos, Rechtsanwalt bei Equal Rights Beyond Borders und Partner von Brot f\u00fcr die Welt: \u201eDer Staat verletzt die Grundrechte von Gefl\u00fcchteten massiv \u2013 und das kann uns, ihren Anw\u00e4lt:innen, ebenso passieren.\u201c<\/p>\n\n\n\n<p><strong>Hintergrund<\/strong><\/p>\n\n\n\n<p>Die Daten f\u00fcr den Atlas der Zivilgesellschaft basieren auf Erhebungen von CIVICUS, einem weltweiten Netzwerk f\u00fcr b\u00fcrgerschaftliches Engagement, und der Auswertung verschiedener Quellen und Indizes, etwa zur Rede- oder Versammlungsfreiheit.<\/p>\n\n\n\n<p>CIVICUS unterteilt die Freiheitsgrade einer Gesellschaft in <a href=\"https:\/\/www.brot-fuer-die-welt.de\/themen\/atlas-der-zivilgesellschaft\/\" target=\"_blank\" rel=\"noreferrer noopener\">f\u00fcnf Kategorien: offen, beeintr\u00e4chtigt, beschr\u00e4nkt, unterdr\u00fcckt und geschlossen<\/a>:<\/p>\n\n\n\n<ul class=\"wp-block-list\">\n<li>Die Daten belegen, dass der Handlungsraum der Zivilgesellschaft nur in 38 Staaten \u201eoffen\u201c ist (Atlas 2022: 39), darunter Deutschland.<\/li>\n\n\n\n<li>In 42 Staaten (Atlas 2022: 41) ist der Handlungsraum \u201ebeeintr\u00e4chtigt\u201c \u2013 das gilt etwa f\u00fcr Frankreich und die USA.<\/li>\n\n\n\n<li>40 L\u00e4nder (2022: 43) \u201ebeschr\u00e4nken\u201c den zivilgesellschaftlichen Handlungsraum, darunter seit diesem Jahr auch Gro\u00dfbritannien und Griechenland.<\/li>\n\n\n\n<li>50 Staaten \u201eunterdr\u00fccken\u201c die Zivilgesellschaft (2022: 48).<\/li>\n\n\n\n<li>\u201eGeschlossen\u201c ist der Raum f\u00fcr zivilgesellschaftliche Akteure in 26 Staaten (2022: 25), darunter nun auch Russland, Afghanistan und Myanmar.<\/li>\n<\/ul>\n\n\n\n<p>Insgesamt gibt es 10 Aufsteiger und 15 Absteiger. Zu den L\u00e4ndern, die sich nun in einer schlechteren Kategorie wiederfinden, z\u00e4hlen neben Gro\u00dfbritannien und Griechenland auch Russland und Myanmar. Verbessert haben sich etwa die USA und Chile. In den USA wurden die Gewerkschaften gest\u00e4rkt, in Chile arbeitet Pr\u00e4sident Gabriel Boric unter Beteiligung der Zivilgesellschaft an einer neuen Verfassung.<\/p>\n\n\n\n<div class=\"wp-block-columns is-layout-flex wp-container-core-columns-is-layout-9d6595d7 wp-block-columns-is-layout-flex\">\n<div class=\"wp-block-column is-layout-flow wp-block-column-is-layout-flow\" style=\"flex-basis:33.33%\">\n<figure class=\"wp-block-image size-full\"><a href=\"https:\/\/www.brot-fuer-die-welt.de\/ueber-uns\/\" target=\"_blank\" rel=\"noreferrer noopener\"><img loading=\"lazy\" decoding=\"async\" width=\"800\" height=\"602\" src=\"https:\/\/www.sinn-schaffen.de\/buerger\/wp-content\/uploads\/sites\/18\/2023\/05\/Dagmar-Pruin-copyright-Hermann-Bredehorst-Brot-fuer-die-Welt-800.jpg\" alt=\"\" class=\"wp-image-862\" title=\"Foto: -Hermann Bredehorst, Brot fuer die Welt\"\/><\/a><\/figure>\n<\/div>\n\n\n\n<div class=\"wp-block-column is-layout-flow wp-block-column-is-layout-flow\" style=\"flex-basis:66.66%\">\n<p>Dagmar Pruin ist Pr\u00e4sidentin von <a href=\"https:\/\/www.brot-fuer-die-welt.de\/\" target=\"_blank\" rel=\"noreferrer noopener\">Brot f\u00fcr die Welt<\/a>.<\/p>\n\n\n\n<figure class=\"wp-block-image size-full is-resized\"><a href=\"https:\/\/www.brot-fuer-die-welt.de\/\" target=\"_blank\" rel=\"noreferrer noopener\"><img loading=\"lazy\" decoding=\"async\" src=\"https:\/\/www.sinn-schaffen.de\/buerger\/wp-content\/uploads\/sites\/18\/2019\/02\/BrotFuerDieWeltLogo.gif\" alt=\"\" class=\"wp-image-123\" width=\"211\" height=\"108\"\/><\/a><\/figure>\n<\/div>\n<\/div>\n\n\n\n<div class=\"wp-block-columns is-layout-flex wp-container-core-columns-is-layout-9d6595d7 wp-block-columns-is-layout-flex\">\n<div class=\"wp-block-column is-layout-flow wp-block-column-is-layout-flow\" style=\"flex-basis:33.33%\">\n<figure class=\"wp-block-image size-full\"><a href=\"https:\/\/www.brot-fuer-die-welt.de\/fileadmin\/mediapool\/Atlas_der_Zivilgesellschaft\/2023\/AtlasderZivilgesellschaft_2023.pdf\" target=\"_blank\" rel=\"noreferrer noopener\"><img loading=\"lazy\" decoding=\"async\" width=\"599\" height=\"846\" src=\"https:\/\/www.sinn-schaffen.de\/buerger\/wp-content\/uploads\/sites\/18\/2023\/05\/AtlasderZivilgesellschaft_2023-T.jpg\" alt=\"\" class=\"wp-image-858\"\/><\/a><\/figure>\n<\/div>\n\n\n\n<div class=\"wp-block-column is-layout-flow wp-block-column-is-layout-flow\" style=\"flex-basis:66.66%\">\n<p>Der sechste &#8222;Atlas der Zivilgesellschaft&#8220; steht <a href=\"https:\/\/www.brot-fuer-die-welt.de\/fileadmin\/mediapool\/Atlas_der_Zivilgesellschaft\/2023\/AtlasderZivilgesellschaft_2023.pdf\" target=\"_blank\" rel=\"noreferrer noopener\">\u00fcber diesen Link zum Download als PDF<\/a> bereit.<\/p>\n<\/div>\n<\/div>\n","protected":false},"excerpt":{"rendered":"<p>2022 war ein Jahr des Protests: Im Iran gingen Frauen auf die Stra\u00dfe, in Brasilien protestierten Indigene gegen die Abholzung ihrer W\u00e4lder, in vielen L\u00e4ndern demonstrierten Menschen gegen Misswirtschaft. Um das Engagement der Zivilgesellschaft zu verhindern, bedienen sich Regierungen unterschiedlicher Instrumente \u2013 von Einsch\u00fcchterungen, Gewalt und Festnahmen bis zu Zensur, Desinformationen und restriktiven Gesetzen. Wer &hellip; <\/p>\n<p class=\"link-more\"><a href=\"https:\/\/www.sinn-schaffen.de\/buerger\/brot-fuer-die-welt-veroeffentlicht-sechsten-atlas-der-zivilgesellschaft-unterdrueckung-der-zivilgesellschaft-nimmt-weltweit-zu\/\" class=\"more-link\"><span class=\"screen-reader-text\">\u201eBrot f\u00fcr die Welt ver\u00f6ffentlicht sechsten &#8222;Atlas der Zivilgesellschaft&#8220;: Unterdr\u00fcckung der Zivilgesellschaft nimmt weltweit zu\u201c<\/span> weiterlesen<\/a><\/p>\n","protected":false},"author":1,"featured_media":0,"parent":0,"menu_order":27,"comment_status":"closed","ping_status":"closed","template":"","meta":{"footnotes":""},"class_list":["post-861","page","type-page","status-publish","hentry"],"_links":{"self":[{"href":"https:\/\/www.sinn-schaffen.de\/buerger\/wp-json\/wp\/v2\/pages\/861","targetHints":{"allow":["GET"]}}],"collection":[{"href":"https:\/\/www.sinn-schaffen.de\/buerger\/wp-json\/wp\/v2\/pages"}],"about":[{"href":"https:\/\/www.sinn-schaffen.de\/buerger\/wp-json\/wp\/v2\/types\/page"}],"author":[{"embeddable":true,"href":"https:\/\/www.sinn-schaffen.de\/buerger\/wp-json\/wp\/v2\/users\/1"}],"replies":[{"embeddable":true,"href":"https:\/\/www.sinn-schaffen.de\/buerger\/wp-json\/wp\/v2\/comments?post=861"}],"version-history":[{"count":1,"href":"https:\/\/www.sinn-schaffen.de\/buerger\/wp-json\/wp\/v2\/pages\/861\/revisions"}],"predecessor-version":[{"id":863,"href":"https:\/\/www.sinn-schaffen.de\/buerger\/wp-json\/wp\/v2\/pages\/861\/revisions\/863"}],"wp:attachment":[{"href":"https:\/\/www.sinn-schaffen.de\/buerger\/wp-json\/wp\/v2\/media?parent=861"}],"curies":[{"name":"wp","href":"https:\/\/api.w.org\/{rel}","templated":true}]}}