{"id":876,"date":"2023-06-03T17:06:15","date_gmt":"2023-06-03T15:06:15","guid":{"rendered":"https:\/\/www.sinn-schaffen.de\/buerger\/?page_id=876"},"modified":"2023-06-03T17:06:15","modified_gmt":"2023-06-03T15:06:15","slug":"buergerbegehrensbericht-2023","status":"publish","type":"page","link":"https:\/\/www.sinn-schaffen.de\/buerger\/buergerbegehrensbericht-2023\/","title":{"rendered":"B\u00fcrgerbegehrensbericht 2023: Direkte Demokratie in den Kommunen wirkt"},"content":{"rendered":"\n<p><em>Seit 1956 gab es insgesamt 8.958 B\u00fcrgerbegehren und Ratsreferenden in den Kommunen. Der B\u00fcrgerbegehrensbericht 2023 best\u00e4tigt, dass die B\u00fcrger ihr unmittelbares Lebensumfeld mitgestalten m\u00f6chten und sich einmischen. Immer h\u00e4ufiger nimmt die Bev\u00f6lkerung den Klimaschutz in die eigene Hand: In den vergangenen f\u00fcnf Jahren setzten sich mehr als drei Viertel aller Begehren mit Klimaschutzbezug f\u00fcr mehr Klimagerechtigkeit ein.<\/em><\/p>\n\n\n\n<figure class=\"wp-block-image size-full\"><img loading=\"lazy\" decoding=\"async\" width=\"1024\" height=\"413\" src=\"https:\/\/www.sinn-schaffen.de\/buerger\/wp-content\/uploads\/sites\/18\/2023\/06\/230603-NU-mehr-demokratie.jpg\" alt=\"\" class=\"wp-image-872\" title=\"Foto: Nata Uchava, Freiburg\"\/><\/figure>\n\n\n\n<p><strong>(Berlin, 1. Juni 2023) <\/strong>Mit dem B\u00fcrgerbegehrensbericht 2023, den der Verein Mehr Demokratie heute ver\u00f6ffentlicht, wird die direkte Demokratie auf kommunaler Ebene analysiert. Seit 1956 gab es insgesamt 8.958 B\u00fcrgerbegehren und Ratsreferenden in den Kommunen. 245 neu gestartete Verfahren auf kommunaler Ebene verzeichnet der B\u00fcrgerbegehrensbericht f\u00fcr das Jahr 2022.<\/p>\n\n\n\n<p>Der Vergleich mit den Vorjahren zeigt, dass sich die Zahl neuer Verfahren bei rund 300 pro Jahr eingependelt hat. 2021 waren es 307, 2020 immerhin 289 Verfahren und 2019 wurden 369 neue Verfahren initiiert. Zudem wirft der Bericht einen detaillierten Blick auf B\u00fcrgerbegehren und Ratsreferenden mit einem Bezug zum Klimaschutz. \u201eDer Bericht best\u00e4tigt: Die B\u00fcrger m\u00f6chten ihr unmittelbares Lebensumfeld mitgestalten und mischen sich ein\u201c, sagt Ralf-Uwe Beck, Vorstandssprecher von Mehr Demokratie. \u201eImmer h\u00e4ufiger nimmt die Bev\u00f6lkerung den Klimaschutz in die eigene Hand.\u201d Der Bericht z\u00e4hlt f\u00fcr die vergangenen zehn Jahre insgesamt 387 Verfahren mit einem Klimafokus.<\/p>\n\n\n\n<ul class=\"wp-block-list\">\n<li>In 63 Prozent dieser F\u00e4lle zielten die Verfahren in eine f\u00fcr den Klimaschutz f\u00f6rdernde Richtung,<\/li>\n\n\n\n<li>36 Prozent hatten eine bremsende Zielsetzung.<\/li>\n<\/ul>\n\n\n\n<p>\u201cIn den vergangenen f\u00fcnf Jahren hat sich der Trend noch verst\u00e4rkt\u201d, erkl\u00e4rt Beck. \u201eMehr als drei Viertel aller Begehren mit Klimaschutzbezug setzen sich f\u00fcr mehr Klimagerechtigkeit ein.\u201d<\/p>\n\n\n\n<p>Die H\u00e4lfte aller Verfahren von 1956 bis 2022 konzentriert sich auf zwei Bundesl\u00e4nder: 40 Prozent aller Verfahren (3.485) wurden in Bayern und etwa zw\u00f6lf Prozent (1.105) in Baden-W\u00fcrttemberg ausgel\u00f6st. Die Pl\u00e4tze dahinter belegen Nordrhein-Westfalen mit 943, Schleswig-Holstein mit 591 und Hessen mit 524 Verfahren. Schlusslichter sind das Saarland und Bremen mit 17 beziehungsweise elf Verfahren. Das Gef\u00e4lle zwischen den L\u00e4ndern f\u00fchrt Mehr Demokratie auf die unterschiedlichen Regelwerke zur\u00fcck, die b\u00fcrgerschaftliches Engagement erleichtern oder erschweren.<\/p>\n\n\n\n<p>Mit Sorge beobachtet der Verein die j\u00fcngste Entwicklung in Schleswig-Holstein: Hier schr\u00e4nken neue, von der schwarz-gr\u00fcnen Koalition beschlossene Regeln, seit April dieses Jahres B\u00fcrgerbegehren ein. \u201eHier werden unliebsame B\u00fcrgerbegehren einfach unterbunden. Das ist ein demokratischer Deichbruch. Das Demokratieverst\u00e4ndnis der Regierung hat regressive Z\u00fcge\u201c. Gegen den Abbau von B\u00fcrgerrechten hat ein breites B\u00fcndnis eine Volksinitiative gestartet.<\/p>\n\n\n\n<p>Erarbeitet wird der alle zwei Jahre erscheinende Bericht in Zusammenarbeit mit dem Institut f\u00fcr Demokratie- und Partizipationsforschung an der Bergischen Universit\u00e4t Wuppertal.<\/p>\n\n\n\n<div class=\"wp-block-columns is-layout-flex wp-container-core-columns-is-layout-9d6595d7 wp-block-columns-is-layout-flex\">\n<div class=\"wp-block-column is-layout-flow wp-block-column-is-layout-flow\" style=\"flex-basis:33.33%\">\n<figure class=\"wp-block-image size-large\"><a href=\"https:\/\/www.mehr-demokratie.de\/mehr-demokratie\/organisation\/vorstand\" target=\"_blank\" rel=\"noreferrer noopener\"><img loading=\"lazy\" decoding=\"async\" width=\"899\" height=\"1024\" src=\"https:\/\/www.sinn-schaffen.de\/buerger\/wp-content\/uploads\/sites\/18\/2019\/08\/RalfUweBeckK-T-899x1024.jpg\" alt=\"\" class=\"wp-image-292\" title=\"Foto: Sascha Willms, mehr demokratie e.V.\"\/><\/a><\/figure>\n<\/div>\n\n\n\n<div class=\"wp-block-column is-layout-flow wp-block-column-is-layout-flow\" style=\"flex-basis:66.66%\">\n<p><a href=\"https:\/\/www.mehr-demokratie.de\/mehr-demokratie\/organisation\/vorstand\" target=\"_blank\" rel=\"noreferrer noopener\">Ralf-Uwe Beck<\/a> ist Bundesvorstandssprecher von <a href=\"https:\/\/www.mehr-demokratie.de\/\" target=\"_blank\" rel=\"noreferrer noopener\">Mehr Demokratie e.V.<\/a><\/p>\n\n\n\n<figure class=\"wp-block-image size-full\"><a href=\"https:\/\/www.mehr-demokratie.de\/\" target=\"_blank\" rel=\"noreferrer noopener\"><img loading=\"lazy\" decoding=\"async\" width=\"273\" height=\"27\" src=\"https:\/\/www.sinn-schaffen.de\/buerger\/wp-content\/uploads\/sites\/18\/2019\/04\/logo_mehr-demokratie.gif\" alt=\"\" class=\"wp-image-186\"\/><\/a><\/figure>\n<\/div>\n<\/div>\n\n\n\n<div class=\"wp-block-columns is-layout-flex wp-container-core-columns-is-layout-9d6595d7 wp-block-columns-is-layout-flex\">\n<div class=\"wp-block-column is-layout-flow wp-block-column-is-layout-flow\" style=\"flex-basis:33.33%\">\n<figure class=\"wp-block-image size-full\"><a href=\"https:\/\/www.mehr-demokratie.de\/fileadmin\/pdf\/2023\/Berichte\/230531_MD_Buergerbegehrensbericht_2023_web.pdf\" target=\"_blank\" rel=\"noreferrer noopener\"><img loading=\"lazy\" decoding=\"async\" width=\"599\" height=\"846\" src=\"https:\/\/www.sinn-schaffen.de\/buerger\/wp-content\/uploads\/sites\/18\/2023\/06\/Buergerbegehrensbericht_2023-T.jpg\" alt=\"\" class=\"wp-image-873\"\/><\/a><\/figure>\n<\/div>\n\n\n\n<div class=\"wp-block-column is-layout-flow wp-block-column-is-layout-flow\" style=\"flex-basis:66.66%\">\n<p>Der &#8222;B\u00fcrgerbegehrensbericht 2023&#8220; steht <a href=\"https:\/\/www.mehr-demokratie.de\/fileadmin\/pdf\/2023\/Berichte\/230531_MD_Buergerbegehrensbericht_2023_web.pdf\" target=\"_blank\" rel=\"noreferrer noopener\">\u00fcber diesen Link zum Download als PDF<\/a> bereit.<\/p>\n<\/div>\n<\/div>\n","protected":false},"excerpt":{"rendered":"<p>Seit 1956 gab es insgesamt 8.958 B\u00fcrgerbegehren und Ratsreferenden in den Kommunen. Der B\u00fcrgerbegehrensbericht 2023 best\u00e4tigt, dass die B\u00fcrger ihr unmittelbares Lebensumfeld mitgestalten m\u00f6chten und sich einmischen. Immer h\u00e4ufiger nimmt die Bev\u00f6lkerung den Klimaschutz in die eigene Hand: In den vergangenen f\u00fcnf Jahren setzten sich mehr als drei Viertel aller Begehren mit Klimaschutzbezug f\u00fcr mehr &hellip; <\/p>\n<p class=\"link-more\"><a href=\"https:\/\/www.sinn-schaffen.de\/buerger\/buergerbegehrensbericht-2023\/\" class=\"more-link\"><span class=\"screen-reader-text\">\u201eB\u00fcrgerbegehrensbericht 2023: Direkte Demokratie in den Kommunen wirkt\u201c<\/span> weiterlesen<\/a><\/p>\n","protected":false},"author":1,"featured_media":0,"parent":0,"menu_order":25,"comment_status":"closed","ping_status":"closed","template":"","meta":{"footnotes":""},"class_list":["post-876","page","type-page","status-publish","hentry"],"_links":{"self":[{"href":"https:\/\/www.sinn-schaffen.de\/buerger\/wp-json\/wp\/v2\/pages\/876","targetHints":{"allow":["GET"]}}],"collection":[{"href":"https:\/\/www.sinn-schaffen.de\/buerger\/wp-json\/wp\/v2\/pages"}],"about":[{"href":"https:\/\/www.sinn-schaffen.de\/buerger\/wp-json\/wp\/v2\/types\/page"}],"author":[{"embeddable":true,"href":"https:\/\/www.sinn-schaffen.de\/buerger\/wp-json\/wp\/v2\/users\/1"}],"replies":[{"embeddable":true,"href":"https:\/\/www.sinn-schaffen.de\/buerger\/wp-json\/wp\/v2\/comments?post=876"}],"version-history":[{"count":1,"href":"https:\/\/www.sinn-schaffen.de\/buerger\/wp-json\/wp\/v2\/pages\/876\/revisions"}],"predecessor-version":[{"id":877,"href":"https:\/\/www.sinn-schaffen.de\/buerger\/wp-json\/wp\/v2\/pages\/876\/revisions\/877"}],"wp:attachment":[{"href":"https:\/\/www.sinn-schaffen.de\/buerger\/wp-json\/wp\/v2\/media?parent=876"}],"curies":[{"name":"wp","href":"https:\/\/api.w.org\/{rel}","templated":true}]}}