{"id":901,"date":"2023-08-02T18:04:36","date_gmt":"2023-08-02T16:04:36","guid":{"rendered":"https:\/\/www.sinn-schaffen.de\/buerger\/?page_id=901"},"modified":"2023-08-02T18:04:37","modified_gmt":"2023-08-02T16:04:37","slug":"kaum-aussicht-auf-asyl-fuer-unbegleitete-kinder-in-griechenland","status":"publish","type":"page","link":"https:\/\/www.sinn-schaffen.de\/buerger\/kaum-aussicht-auf-asyl-fuer-unbegleitete-kinder-in-griechenland\/","title":{"rendered":"Kaum Aussicht auf Asyl f\u00fcr unbegleitete Kinder in Griechenland"},"content":{"rendered":"\n<p><em>Die Situation unbegleiteter Kinder auf der Flucht entspricht in Griechenland nicht der in vielen anderen Staaten der EU, wo fast die H\u00e4lfte der Mitgliedstaaten unbegleiteten Kindern eine Aufenthaltserlaubnis erteilt, die ihrem Kindeswohl dient. In Griechenland k\u00f6nnen unbegleitete Kinder ohne g\u00fcltige Papiere, deren Asylantrag abgelehnt wurde, zwar aus humanit\u00e4ren Gr\u00fcnden das Recht auf Aufenthalt beantragen, jedoch f\u00fchren eine Vielzahl rechtlicher H\u00fcrden dazu, dass Hunderte von ihnen inoffiziell im Land leben. Diese minderj\u00e4hrigen Antragsteller*innen bleiben ohne Perspektive zur\u00fcck und sind ohne g\u00fcltige Papiere hohen Risiken von Missbrauch und Ausbeutung ausgesetzt.<\/em><\/p>\n\n\n\n<figure class=\"wp-block-image size-full\"><img loading=\"lazy\" decoding=\"async\" width=\"1024\" height=\"413\" src=\"https:\/\/www.sinn-schaffen.de\/buerger\/wp-content\/uploads\/sites\/18\/2023\/08\/230802-NU-save-the-children.jpg\" alt=\"\" class=\"wp-image-896\" title=\"Foto: Nata Uchava, Freiburg\"\/><\/figure>\n\n\n\n<p><strong>(Berlin\/Athen, 27. Juli 2023)<\/strong> Unbegleitete minderj\u00e4hrige Gefl\u00fcchtete haben in Griechenland nur wenig Aussicht auf Asyl. Nach einem neuen Bericht von Save the Children und dem Griechischen Fl\u00fcchtlingsrat haben weniger als ein Drittel der Asylantr\u00e4ge von Kindern und Jugendlichen Erfolg. Die \u00fcbrigen minderj\u00e4hrigen Antragsteller*innen bleiben ohne Perspektive zur\u00fcck. Ohne g\u00fcltige Papiere sind sie zudem hohen Risiken von Missbrauch und Ausbeutung ausgesetzt.<\/p>\n\n\n\n<p>Laut dem Report \u201eWithout Papers, There is No Life\u201c wurden in Griechenland im Jahr 2022 nur 981 von 3175 Asylantr\u00e4gen von unbegleiteten Kindern bewilligt. Die \u00fcbrigen Antr\u00e4ge wurden entweder abgelehnt oder befinden sich in einem langwierigen Asylverfahren. Diese Zahlen lassen darauf schlie\u00dfen, dass vielen unbegleiteten Kindern das Recht auf Schutz verweigert wird und sie ohne die f\u00fcr ihren legalen Verbleib im Land erforderlichen Dokumente zur\u00fcckgelassen werden.<\/p>\n\n\n\n<p>Der Bericht basiert auf einer Analyse des griechischen Asylsystems sowie ausf\u00fchrlichen Interviews mit einigen unbegleiteten Kindern und Jugendlichen. Er beschreibt die juristischen Hindernisse, die Kinder bei der Erlangung von Dokumenten erfahren und die Auswirkungen dieser Schwierigkeiten auf ihr Leben. Unbegleitete Kinder ohne g\u00fcltige Papiere, deren Asylantrag abgelehnt wurde, k\u00f6nnen aus humanit\u00e4ren Gr\u00fcnden das Recht auf Aufenthalt in Griechenland beantragen. Jedoch f\u00fchren eine Vielzahl rechtlicher H\u00fcrden, darunter unrealistische Anforderungen und der Mangel an kostenlosem, altersgerechtem Rechtsbeistand dazu, dass Hunderte von ihnen inoffiziell in Griechenland leben.<\/p>\n\n\n\n<p>\u201eF\u00fcr die Kinder ist das Scheitern ihres Asylantrags nicht nur eine Formalie. Es bedeutet, dass diese jungen Menschen in Unsicherheit und Angst leben, dass sie der Gefahr von Ausbeutung und Missbrauch ausgesetzt sind \u2013 und dass sie keine Perspektive haben. Unbegleitete Kinder sind darauf angewiesen, dass der griechische Rechtsrahmen ihnen Schutz und Sicherheit bietet. Die Regierung muss sicherstellen, dass alle diese Kinder eine Aufenthaltsgenehmigung erhalten\u201c, fordert Daniel Gorevan, Senior Advocacy Advisor bei Save the Children.<\/p>\n\n\n\n<p>Die Situation in Griechenland entspricht nicht der in vielen Staaten der EU, wo fast die H\u00e4lfte der Mitgliedstaaten unbegleiteten Kindern eine Aufenthaltserlaubnis erteilt, die ihrem Kindeswohl dient. In Deutschland zum Beispiel lag die Schutzquote von unbegleiteten minderj\u00e4hrigen Gefl\u00fcchteten aus den zehn Haupt-Herkunftsl\u00e4ndern im Jahr 2022 bei 91,7 Prozent. Jedoch erschweren b\u00fcrokratische H\u00fcrden einigen gefl\u00fcchteten Kindern und Jugendlichen in Deutschland die Aussichten auf eine Ausbildung und einen Arbeitsplatz. Diese H\u00fcrden m\u00fcssen abgebaut werden, um Gefl\u00fcchteten Zukunftsperspektiven zu geben, fordert Save the Children.<\/p>\n\n\n\n<p>\u201eDie Alarmzeichen stehen auf Rot, doch Europa und Deutschland schweigen und lassen unbegleitete Kinder in dieser unw\u00fcrdigen Situation im Stich\u201c, sagt Marvin Mc Neil, Advocacy Manager f\u00fcr Flucht und Migration bei Save the Children Deutschland. \u201eDiese Kinder beschreiben Unterk\u00fcnfte wie die in Griechenland zu Recht als Gef\u00e4ngnis \u2013 das muss uns gro\u00dfen Anlass zur Sorge geben. Die Bundesregierung muss endlich politisch handeln, um Kinder in dieser Zwangslage im Rahmen eines fairen Verteilungsmechanismus in Deutschland aufzunehmen.\u201c<\/p>\n\n\n\n<p>Kinder ohne Papiere leben in Griechenland in einer prek\u00e4ren Situation. Viele trauen sich nicht, ihre Unterkunft zu verlassen, weil sie ins Visier der Beh\u00f6rden geraten k\u00f6nnten, w\u00e4hrend unbegleitete Kinder, die als Erwachsene registriert sind, besonderen Risiken ausgesetzt sind, wie der Inhaftierung oder Abschiebung. Die Situation wird dadurch versch\u00e4rft, dass nach griechischem Recht Asylbewerber*innen, die durch ein \u201esicheres Drittland\u201c gereist sind, dorthin zur\u00fcckgeschickt werden k\u00f6nnen und sich viele Kinder daher gezwungen f\u00fchlen, ihre gef\u00e4hrliche Reise in andere EU-L\u00e4nder fortzusetzen. Da sie keine Papiere haben, sind viele von ihnen Risiken wie Gewalt, Missbrauch und Ausbeutung durch Menschenschmuggler ausgesetzt.<\/p>\n\n\n\n<div class=\"wp-block-columns is-layout-flex wp-container-core-columns-is-layout-9d6595d7 wp-block-columns-is-layout-flex\">\n<div class=\"wp-block-column is-layout-flow wp-block-column-is-layout-flow\" style=\"flex-basis:33.33%\">\n<figure class=\"wp-block-image size-full\"><a href=\"https:\/\/www.savethechildren.de\/informieren\/ueber-uns\/unsere-struktur\/vorstand\/\" target=\"_blank\" rel=\"noreferrer noopener\"><img loading=\"lazy\" decoding=\"async\" width=\"400\" height=\"500\" src=\"https:\/\/www.sinn-schaffen.de\/buerger\/wp-content\/uploads\/sites\/18\/2023\/08\/florian-westphal-save-the-children-vorstand-500x400-1.jpg\" alt=\"\" class=\"wp-image-897\" title=\"Foto: Save the Children\"\/><\/a><\/figure>\n<\/div>\n\n\n\n<div class=\"wp-block-column is-layout-flow wp-block-column-is-layout-flow\" style=\"flex-basis:66.66%\">\n<p>Florian Westphal ist Gesch\u00e4ftsf\u00fchrer und Vorstandsvorsitzender von <a href=\"https:\/\/www.savethechildren.de\/\" target=\"_blank\" rel=\"noreferrer noopener\">Save the Children Deutschland<\/a>. Save\u00a0the\u00a0Children setzt sich ein f\u00fcr Kinder in Kriegen, Konflikten und Katastrophen. Im Nachkriegsjahr 1919 gr\u00fcndete die britische Sozialreformerin und\u00a0Kinderrechtlerin\u00a0Eglantyne\u00a0Jebb\u00a0Save\u00a0the\u00a0Children, um Kinder in Deutschland und \u00d6sterreich vor dem Hungertod zu retten. Heute ist die inzwischen gr\u00f6\u00dfte unabh\u00e4ngige Kinderrechtsorganisation der Welt in rund 120 L\u00e4ndern t\u00e4tig.<\/p>\n\n\n\n<figure class=\"wp-block-image size-full is-resized\"><a href=\"https:\/\/www.savethechildren.de\/\" target=\"_blank\" rel=\"noreferrer noopener\"><img loading=\"lazy\" decoding=\"async\" src=\"https:\/\/www.sinn-schaffen.de\/buerger\/wp-content\/uploads\/sites\/18\/2020\/03\/crop_original_bp1548085617_logo-100-jahre-vert600x60.jpg\" alt=\"\" class=\"wp-image-396\" width=\"215\" height=\"215\"\/><\/a><\/figure>\n<\/div>\n<\/div>\n\n\n\n<div class=\"wp-block-columns is-layout-flex wp-container-core-columns-is-layout-9d6595d7 wp-block-columns-is-layout-flex\">\n<div class=\"wp-block-column is-layout-flow wp-block-column-is-layout-flow\" style=\"flex-basis:33.33%\">\n<figure class=\"wp-block-image size-full\"><a href=\"https:\/\/www.savethechildren.de\/fileadmin\/user_upload\/Downloads_Dokumente\/Berichte_Studien\/2023\/save-the-children-report-without-papers-there-is-no-life.pdf\" target=\"_blank\" rel=\"noreferrer noopener\"><img loading=\"lazy\" decoding=\"async\" width=\"599\" height=\"846\" src=\"https:\/\/www.sinn-schaffen.de\/buerger\/wp-content\/uploads\/sites\/18\/2023\/08\/save-the-children-report-without-papers-there-is-no-life-T.jpg\" alt=\"\" class=\"wp-image-898\"\/><\/a><\/figure>\n<\/div>\n\n\n\n<div class=\"wp-block-column is-layout-flow wp-block-column-is-layout-flow\" style=\"flex-basis:66.66%\">\n<p>Der Bericht &#8222;Without Papers, There is No Life&#8220; von Save the Children und dem Griechischen Fl\u00fcchtlingsrat steht <a href=\"https:\/\/www.savethechildren.de\/fileadmin\/user_upload\/Downloads_Dokumente\/Berichte_Studien\/2023\/save-the-children-report-without-papers-there-is-no-life.pdf\" target=\"_blank\" rel=\"noreferrer noopener\">\u00fcber diesen Link zum Download als PDF<\/a> bereit.<\/p>\n<\/div>\n<\/div>\n","protected":false},"excerpt":{"rendered":"<p>Die Situation unbegleiteter Kinder auf der Flucht entspricht in Griechenland nicht der in vielen anderen Staaten der EU, wo fast die H\u00e4lfte der Mitgliedstaaten unbegleiteten Kindern eine Aufenthaltserlaubnis erteilt, die ihrem Kindeswohl dient. In Griechenland k\u00f6nnen unbegleitete Kinder ohne g\u00fcltige Papiere, deren Asylantrag abgelehnt wurde, zwar aus humanit\u00e4ren Gr\u00fcnden das Recht auf Aufenthalt beantragen, jedoch &hellip; <\/p>\n<p class=\"link-more\"><a href=\"https:\/\/www.sinn-schaffen.de\/buerger\/kaum-aussicht-auf-asyl-fuer-unbegleitete-kinder-in-griechenland\/\" class=\"more-link\"><span class=\"screen-reader-text\">\u201eKaum Aussicht auf Asyl f\u00fcr unbegleitete Kinder in Griechenland\u201c<\/span> weiterlesen<\/a><\/p>\n","protected":false},"author":1,"featured_media":0,"parent":0,"menu_order":21,"comment_status":"closed","ping_status":"closed","template":"","meta":{"footnotes":""},"class_list":["post-901","page","type-page","status-publish","hentry"],"_links":{"self":[{"href":"https:\/\/www.sinn-schaffen.de\/buerger\/wp-json\/wp\/v2\/pages\/901","targetHints":{"allow":["GET"]}}],"collection":[{"href":"https:\/\/www.sinn-schaffen.de\/buerger\/wp-json\/wp\/v2\/pages"}],"about":[{"href":"https:\/\/www.sinn-schaffen.de\/buerger\/wp-json\/wp\/v2\/types\/page"}],"author":[{"embeddable":true,"href":"https:\/\/www.sinn-schaffen.de\/buerger\/wp-json\/wp\/v2\/users\/1"}],"replies":[{"embeddable":true,"href":"https:\/\/www.sinn-schaffen.de\/buerger\/wp-json\/wp\/v2\/comments?post=901"}],"version-history":[{"count":1,"href":"https:\/\/www.sinn-schaffen.de\/buerger\/wp-json\/wp\/v2\/pages\/901\/revisions"}],"predecessor-version":[{"id":902,"href":"https:\/\/www.sinn-schaffen.de\/buerger\/wp-json\/wp\/v2\/pages\/901\/revisions\/902"}],"wp:attachment":[{"href":"https:\/\/www.sinn-schaffen.de\/buerger\/wp-json\/wp\/v2\/media?parent=901"}],"curies":[{"name":"wp","href":"https:\/\/api.w.org\/{rel}","templated":true}]}}