{"id":929,"date":"2023-11-22T13:52:41","date_gmt":"2023-11-22T12:52:41","guid":{"rendered":"https:\/\/www.sinn-schaffen.de\/buerger\/?page_id=929"},"modified":"2023-11-22T13:53:48","modified_gmt":"2023-11-22T12:53:48","slug":"hetze-und-morddrohungen-bei-facebook-deutsche-umwelthilfe-fordert-gesetzliche-regelung-zum-opfer-statt-taeterschutz","status":"publish","type":"page","link":"https:\/\/www.sinn-schaffen.de\/buerger\/hetze-und-morddrohungen-bei-facebook-deutsche-umwelthilfe-fordert-gesetzliche-regelung-zum-opfer-statt-taeterschutz\/","title":{"rendered":"Hetze und Morddrohungen bei Facebook: Deutsche Umwelthilfe fordert gesetzliche Regelung zum Opfer- statt T\u00e4terschutz"},"content":{"rendered":"\n<p><em>Der Meta-Konzern verlangt, dass Opfer jede einzelne Hass- und Bedrohungsnachricht selbst aufsp\u00fcren und einzeln den Strafverfolgungsbeh\u00f6rden oder Meta melden. Erst dann erfolgt eine Pr\u00fcfung durch die Staatsanwaltschaften beziehungsweise k\u00f6nne das Unternehmen aktiv werden. Richter des Berliner Landgerichts haben nach einer erfolglosen Grundsatzklage der Deutschen Umwelthilfe auf die Schlie\u00dfung von Hetz-Gruppen deutlich gemacht, dass nach ihrer Auffassung eine gesetzliche Regelung notwendig w\u00e4re.<\/em><\/p>\n\n\n\n<figure class=\"wp-block-image size-full\"><img loading=\"lazy\" decoding=\"async\" width=\"1024\" height=\"413\" src=\"https:\/\/www.sinn-schaffen.de\/buerger\/wp-content\/uploads\/sites\/18\/2023\/11\/231122-NU-DUH.jpg\" alt=\"\" class=\"wp-image-928\" title=\"Foto: Nata Uchava, Freiburg\"\/><\/figure>\n\n\n\n<p><strong>(Berlin, 21. November 2023)<\/strong> Der Bundesgesch\u00e4ftsf\u00fchrer der Deutschen Umwelthilfe, J\u00fcrgen Resch, geht mit der Grundsatzklage auf die Schlie\u00dfung von Hetz-Gruppen gegen den Facebook-Mutterkonzern \u201eMeta Platforms\u201c in die n\u00e4chste Instanz und zieht vor das Kammergericht Berlin. Zuvor hat heute, am 21. November 2023, das Landgericht Berlin entschieden, die Klage der Deutschen Umwelthilfe in erster Instanz abzuweisen. Die Richter machten in der Verhandlung zwar deutlich, dass in den beiden beanstandeten Gruppen in der Tat hundertfach erschreckende und strafbare Hass- und Gewaltkommentare erfolgten. Pers\u00f6nlichkeitsrechtsverletzungen durch Einzelne reichten aber nicht aus, um ganze Facebook-Gruppen zu schlie\u00dfen.<\/p>\n\n\n\n<p>J\u00fcrgen Resch: \u201eEs ist bedauerlich, dass das Berliner Landgericht zwar die massiven Hass- und Gewaltkommentare verurteilt, aber keinen rechtlichen Weg sah, solche Foren auf Facebook zu verbieten und so all die Opfer von Hetz-Gruppen zu sch\u00fctzen, f\u00fcr die ich hier stellvertretend klage. Ich werde die st\u00e4ndigen und systematischen Gewalt- und Todesdrohungen gegen meine Person und andere Aktivistinnen und Aktivisten nicht hinnehmen. Deshalb wende ich mich nun an das Berliner Kammergericht und hoffe hier auf eine mutigere Entscheidung. Ich fordere den bisher unt\u00e4tigen Bundesjustizminister Buschmann auf, endlich eine gesetzliche Regelung gegen Facebook beziehungsweise andere Soziale Medien zu erlassen und Opfer statt T\u00e4ter zu sch\u00fctzen. Die Richter haben in der Verhandlung deutlich gemacht, dass nach ihrer Auffassung eine gesetzliche Regelung notwendig w\u00e4re.\u201c<\/p>\n\n\n\n<p>Der Meta-Konzern verlangt, dass Opfer jede einzelne Hass- und Bedrohungsnachricht selbst aufsp\u00fcren und einzeln den Strafverfolgungsbeh\u00f6rden oder Meta melden. Erst dann erfolgt eine Pr\u00fcfung durch die Staatsanwaltschaften beziehungsweise k\u00f6nne das Unternehmen aktiv werden. Versuche, mit dem Unternehmen in einen Dialog \u00fcber die Schlie\u00dfung der Gruppen zu treten, waren zuvor trotz aufw\u00e4ndiger Dokumentationen vieler Einzelbeispiele von Droh- und Gewaltaufrufen gescheitert. Genauso wirkungslos blieb der Gro\u00dfteil von fast 300 Strafanzeigen, die der Bundesgesch\u00e4ftsf\u00fchrer der Deutschen Umwelthilfe gestellt hatte.<\/p>\n\n\n\n<p>Rechtsanw\u00e4ltin Juliane Sch\u00fctt, die das Verfahren f\u00fchrt: \u201eDas Landgericht ist der Auffassung, dass die derzeit geltende Rechtslage die vom Kl\u00e4ger begehrte Gruppenschlie\u00dfung nicht hergebe. Es h\u00e4lt es f\u00fcr hinzunehmen, dass Betroffene von Hate Speech selbst jede \u00c4u\u00dferung dokumentieren und sich um ihre L\u00f6schung k\u00fcmmern m\u00fcssen. Die vom Kl\u00e4ger bezweckte Verlagerung der Pflicht zu aktivem Handeln \u2013 weg von den Betroffenen, hin zu den Anbietern von Internetforen \u2013 haben wir heute leider nicht erreicht. Wir sind zuversichtlich, dass das Kammergericht dies anders bewertet.\u201c<\/p>\n\n\n\n<p>Die Grundsatzklage wird von einem breiten B\u00fcndnis und zahlreichen Prominenten unterst\u00fctzt, darunter:<\/p>\n\n\n\n<ul class=\"wp-block-list\">\n<li>Katja Diehl, Autorin und Aktivistin<\/li>\n\n\n\n<li>Sawsan Chebli, Politikerin und Autorin<\/li>\n\n\n\n<li>Natascha Strobl, Politikwissenschaftlerin<\/li>\n\n\n\n<li>Carola Rackete, Aktivistin<\/li>\n\n\n\n<li>Ali Can, Aktivist<\/li>\n\n\n\n<li>Carla Reemtsma, Fridays for Future Aktivistin<\/li>\n\n\n\n<li>Charlotte Sch\u00fcler, Creatorin und Autorin<\/li>\n\n\n\n<li>Charlotte Weise, Creatorin und Model<\/li>\n\n\n\n<li>Lijana Kaggwa, Creatorin<\/li>\n<\/ul>\n\n\n\n<p>Als Teil des Kompetenznetzwerks gegen Hass im Netz wird die Deutsche Umwelthilfe unterst\u00fctzt von<\/p>\n\n\n\n<ul class=\"wp-block-list\">\n<li><a href=\"https:\/\/www.das-nettz.de\/\" target=\"_blank\" data-type=\"link\" data-id=\"https:\/\/www.das-nettz.de\/\" rel=\"noreferrer noopener\">Das NETTZ<\/a>,<\/li>\n\n\n\n<li>die <a href=\"https:\/\/www.gmk-net.de\/\" target=\"_blank\" data-type=\"link\" data-id=\"https:\/\/www.gmk-net.de\/\" rel=\"noreferrer noopener\">Gesellschaft f\u00fcr Medienp\u00e4dagogik und Kommunikationskultur<\/a>,<\/li>\n\n\n\n<li><a href=\"https:\/\/hateaid.org\/\" target=\"_blank\" data-type=\"link\" data-id=\"https:\/\/hateaid.org\/\" rel=\"noreferrer noopener\">HateAid<\/a> und<\/li>\n\n\n\n<li>die <a href=\"https:\/\/neuemedienmacher.de\/\" target=\"_blank\" data-type=\"link\" data-id=\"https:\/\/neuemedienmacher.de\/\" rel=\"noreferrer noopener\">Neuen deutschen Medienmacher*innen<\/a>.<\/li>\n<\/ul>\n\n\n\n<p>Weitere B\u00fcndnispartner sind<\/p>\n\n\n\n<ul class=\"wp-block-list\">\n<li><a href=\"https:\/\/goodbye-hatespeech.de\/\" target=\"_blank\" data-type=\"link\" data-id=\"https:\/\/goodbye-hatespeech.de\/\" rel=\"noreferrer noopener\">Goodbye Hate Speech<\/a>,<\/li>\n\n\n\n<li><a href=\"https:\/\/weisser-ring.de\/\" target=\"_blank\" data-type=\"link\" data-id=\"https:\/\/weisser-ring.de\/\" rel=\"noreferrer noopener\">WEISSER RING e. V.<\/a>,<\/li>\n\n\n\n<li><a href=\"https:\/\/love-storm.de\/\" target=\"_blank\" data-type=\"link\" data-id=\"https:\/\/love-storm.de\/\" rel=\"noreferrer noopener\">Love Storm<\/a>,<\/li>\n\n\n\n<li><a href=\"https:\/\/sos-humanity.org\/\" target=\"_blank\" data-type=\"link\" data-id=\"https:\/\/sos-humanity.org\/\" rel=\"noreferrer noopener\">SOS Humanity<\/a>,<\/li>\n\n\n\n<li><a href=\"https:\/\/www.foodwatch.org\/de\/startseite\" target=\"_blank\" data-type=\"link\" data-id=\"https:\/\/www.foodwatch.org\/de\/startseite\" rel=\"noreferrer noopener\">Foodwatch<\/a> und<\/li>\n\n\n\n<li><a href=\"https:\/\/www.ichbinhier.eu\/\" target=\"_blank\" data-type=\"link\" data-id=\"https:\/\/www.ichbinhier.eu\/\" rel=\"noreferrer noopener\">Ichbinhier<\/a>.<\/li>\n<\/ul>\n\n\n\n<div class=\"wp-block-columns is-layout-flex wp-container-core-columns-is-layout-9d6595d7 wp-block-columns-is-layout-flex\">\n<div class=\"wp-block-column is-layout-flow wp-block-column-is-layout-flow\" style=\"flex-basis:33.33%\">\n<figure class=\"wp-block-image size-full\"><img loading=\"lazy\" decoding=\"async\" width=\"450\" height=\"267\" src=\"https:\/\/www.sinn-schaffen.de\/buerger\/wp-content\/uploads\/sites\/18\/2019\/09\/Juergen-Resch-c-Steffen-Holzmann.jpg\" alt=\"\" class=\"wp-image-323\" title=\"Foto: Deutsche Umwelthilfe\"\/><\/figure>\n<\/div>\n\n\n\n<div class=\"wp-block-column is-layout-flow wp-block-column-is-layout-flow\" style=\"flex-basis:66.66%\">\n<p><\/p>\n\n\n\n<p>J\u00fcrgen Resch ist Bundesgesch\u00e4ftsf\u00fchrer der <a href=\"https:\/\/www.duh.de\/home\/\" data-type=\"link\" data-id=\"https:\/\/www.duh.de\/home\/\" target=\"_blank\" rel=\"noreferrer noopener\">Deutschen Umwelthilfe<\/a>.<\/p>\n\n\n\n<figure class=\"wp-block-image size-large is-resized\"><a href=\"https:\/\/www.duh.de\/home\/\" target=\"_blank\" rel=\"noreferrer noopener\"><img loading=\"lazy\" decoding=\"async\" width=\"1024\" height=\"125\" src=\"https:\/\/www.sinn-schaffen.de\/buerger\/wp-content\/uploads\/sites\/18\/2018\/07\/DUHLogo-1024x125.png\" alt=\"\" class=\"wp-image-51\" style=\"width:445px;height:auto\"\/><\/a><\/figure>\n<\/div>\n<\/div>\n\n\n\n<p><\/p>\n\n\n\n<p><\/p>\n","protected":false},"excerpt":{"rendered":"<p>Der Meta-Konzern verlangt, dass Opfer jede einzelne Hass- und Bedrohungsnachricht selbst aufsp\u00fcren und einzeln den Strafverfolgungsbeh\u00f6rden oder Meta melden. Erst dann erfolgt eine Pr\u00fcfung durch die Staatsanwaltschaften beziehungsweise k\u00f6nne das Unternehmen aktiv werden. Richter des Berliner Landgerichts haben nach einer erfolglosen Grundsatzklage der Deutschen Umwelthilfe auf die Schlie\u00dfung von Hetz-Gruppen deutlich gemacht, dass nach ihrer &hellip; <\/p>\n<p class=\"link-more\"><a href=\"https:\/\/www.sinn-schaffen.de\/buerger\/hetze-und-morddrohungen-bei-facebook-deutsche-umwelthilfe-fordert-gesetzliche-regelung-zum-opfer-statt-taeterschutz\/\" class=\"more-link\"><span class=\"screen-reader-text\">\u201eHetze und Morddrohungen bei Facebook: Deutsche Umwelthilfe fordert gesetzliche Regelung zum Opfer- statt T\u00e4terschutz\u201c<\/span> weiterlesen<\/a><\/p>\n","protected":false},"author":1,"featured_media":0,"parent":0,"menu_order":16,"comment_status":"closed","ping_status":"closed","template":"","meta":{"footnotes":""},"class_list":["post-929","page","type-page","status-publish","hentry"],"_links":{"self":[{"href":"https:\/\/www.sinn-schaffen.de\/buerger\/wp-json\/wp\/v2\/pages\/929","targetHints":{"allow":["GET"]}}],"collection":[{"href":"https:\/\/www.sinn-schaffen.de\/buerger\/wp-json\/wp\/v2\/pages"}],"about":[{"href":"https:\/\/www.sinn-schaffen.de\/buerger\/wp-json\/wp\/v2\/types\/page"}],"author":[{"embeddable":true,"href":"https:\/\/www.sinn-schaffen.de\/buerger\/wp-json\/wp\/v2\/users\/1"}],"replies":[{"embeddable":true,"href":"https:\/\/www.sinn-schaffen.de\/buerger\/wp-json\/wp\/v2\/comments?post=929"}],"version-history":[{"count":2,"href":"https:\/\/www.sinn-schaffen.de\/buerger\/wp-json\/wp\/v2\/pages\/929\/revisions"}],"predecessor-version":[{"id":932,"href":"https:\/\/www.sinn-schaffen.de\/buerger\/wp-json\/wp\/v2\/pages\/929\/revisions\/932"}],"wp:attachment":[{"href":"https:\/\/www.sinn-schaffen.de\/buerger\/wp-json\/wp\/v2\/media?parent=929"}],"curies":[{"name":"wp","href":"https:\/\/api.w.org\/{rel}","templated":true}]}}