{"id":94,"date":"2018-09-26T15:47:08","date_gmt":"2018-09-26T13:47:08","guid":{"rendered":"https:\/\/www.sinn-schaffen.de\/buerger\/?page_id=94"},"modified":"2020-09-09T19:43:52","modified_gmt":"2020-09-09T17:43:52","slug":"deutscher-evangelischer-kirchentag-bekraeftigt-afd-repraesentanten-werden-2019-nicht-eingeladen","status":"publish","type":"page","link":"https:\/\/www.sinn-schaffen.de\/buerger\/deutscher-evangelischer-kirchentag-bekraeftigt-afd-repraesentanten-werden-2019-nicht-eingeladen\/","title":{"rendered":"Deutscher Evangelischer Kirchentag bekr\u00e4ftigt: AfD-Repr\u00e4sentanten werden 2019 nicht eingeladen"},"content":{"rendered":"<p><em>Repr\u00e4sentant*innen der Alternative f\u00fcr Deutschland (AfD) sind auf Podien und Diskussionsveranstaltungen des Kirchentages in Dortmund vom 19. bis 23. Juni 2019 nicht eingeladen. Gleichzeitig will der Kirchentag den Dialog mit all denjenigen f\u00fchren, die sich gegenw\u00e4rtig in den gesellschaftlichen und politischen Debatten nicht wiederfinden und l\u00e4dt diese ausdr\u00fccklich nach Dortmund ein. Mit Blick auf die Gr\u00fcndungsidee des Kirchentages ist in der Frage der AfD Deutlichkeit geboten: Es gibt mittlerweile in der AfD einen flie\u00dfenden \u00dcbergang zum Rechtsextremismus und Verbindungen zu verfassungsfeindlichen Netzwerken.<\/em><\/p>\n<p><strong>(Fulda, 26. September 2018)<\/strong> Das Kirchentagspr\u00e4sidium hat in seiner Sitzung am 21. September 2018 seinen Beschluss vom 17. September 2016 zur Haltung im Umgang mit Rechtpopulismus best\u00e4tigt und aktualisiert. Rassismus und gruppenbezogene Menschenfeindlichkeit hatten nie einen Platz auf dem Deutschen Evangelischen Kirchentag und werden auch in Zukunft keinen haben.<\/p>\n<p>Das h\u00f6chste Kirchentagsgremium f\u00fcgte jedoch einen doppelten Beschluss hinzu: Repr\u00e4sentant*innen der Alternative f\u00fcr Deutschland (AfD) sind auf Podien und Diskussionsveranstaltungen des Kirchentages in Dortmund vom 19. bis 23. Juni 2019 nicht eingeladen. Gleichzeitig will der Kirchentag den Dialog mit all denjenigen f\u00fchren, die sich gegenw\u00e4rtig in den gesellschaftlichen und politischen Debatten nicht wiederfinden und l\u00e4dt diese ausdr\u00fccklich nach Dortmund ein.<\/p>\n<p><strong>Der Beschluss im Wortlaut:<\/strong><\/p>\n<p>Der Deutsche Evangelische Kirchentag versteht sich als ein offenes Forum f\u00fcr faire Debatten \u00fcber aktuelle Themen in Kirche und Gesellschaft. Angesichts der gegenw\u00e4rtigen Diskussion \u00fcber den Umgang mit Rechtspopulismus bekr\u00e4ftigt der Kirchentag seine Haltung: Es wird niemand wegen seines Parteibuches ein- oder ausgeladen.<\/p>\n<ol>\n<li>Vortragende auf Kirchentagspodien werden aufgrund ihrer fachlichen Kompetenz eingeladen.<\/li>\n<li>Nicht eingeladen wird, wer sich rassistisch \u00e4u\u00dfert.<\/li>\n<li>Gleicherma\u00dfen nicht eingeladen werden Personen, die \u00c4u\u00dferungen gruppenbezogener Men-schenfeindlichkeit verbreiten, unabh\u00e4ngig davon, ob dies in offiziellen Statements oder in so-zialen Medien und Netzwerken geschieht.<\/li>\n<li>Auf dieser Grundlage werden Repr\u00e4sentant*innen der Alternative f\u00fcr Deutschland (AfD) nicht zur Mitwirkung auf Podien und zu Diskussionsveranstaltungen des 37. Deutschen Evangelischen Kirchentages in Dortmund eingeladen. Eingeladen bleiben diejenigen, die sich in den gegenw\u00e4rtigen gesellschaftlichen und politischen Themen und Debatten nicht wiederzufinden meinen und deshalb AfD w\u00e4hlen oder mit der Partei sympathisieren.<\/li>\n<\/ol>\n<p><strong>Begr\u00fcndung:<\/strong><\/p>\n<p>Der Kirchentag ist 1949 gegr\u00fcndet worden, um Menschen zu versammeln, zu bilden und zu st\u00e4rken, die aus ihrem christlichen Glauben heraus Verantwortung f\u00fcr Gesellschaft und Kirche \u00fcbernehmen. Er ist gegr\u00fcndet worden, um aus dem Unheil der nationalsozialistischen Herrschaft und dem weitgehenden Versagen der Kirchen zu lernen und ein Forum der Widerstandskraft zu entwickeln, die in der biblischen Botschaft begr\u00fcndet liegt. Mit Blick auf die Gr\u00fcndungsidee des Kirchentages ist in der Frage der AfD Deutlichkeit geboten. Es gibt mittlerweile in der AfD einen flie\u00dfenden \u00dcbergang zum Rechtsextremismus und Verbindungen zu verfassungsfeindlichen Netzwerken.<\/p>\n<p>Respekt und Klarheit sind Kernbestandteile des Kirchentages. Stets wurde in gegenseitiger Toleranz und Respekt \u00fcber unterschiedliche Meinungen gestritten. Der Kirchentag will all diejenigen st\u00e4rken, die sich f\u00fcr respektvolle Toleranz und Zusammenhalt der Gesellschaft einsetzen. Das meint aber auch: Keine Toleranz der Intoleranz!<\/p>\n<p><strong>\u00dcber den Kirchentag<\/strong><\/p>\n<p>Der Deutsche Evangelische Kirchentag ist eine Gro\u00dfveranstaltung, besteht seit 1949 und ist alle zwei Jahre in einer Stadt zu Gast. Der n\u00e4chste Deutsche Evangelische Kirchentag findet vom 19. bis 23. Juni 2019 in Dortmund statt.<\/p>\n<figure class=\"wp-block-table\">\n<table class=\"has-subtle-light-gray-background-color has-background\">\n<tbody>\n<tr>\n<td width=\"25%\"><a rel=\"noopener noreferrer\" href=\"https:\/\/www.kirchentag.de\/ueber_uns\/organisation\/praesidium.html\" target=\"_blank\"><img decoding=\"async\" class=\"aligncenter wp-image-313\" title=\"Foto:Catherina Hess.\" src=\"https:\/\/www.sinn-schaffen.de\/buerger\/wp-content\/uploads\/sites\/18\/2018\/09\/leyendecker_T.jpg\" alt=\"\" width=\"180\"><\/a><\/td>\n<td width=\"75%\">Der Journalist Hans Leyendecker ist Pr\u00e4sident des <a href=\"https:\/\/www.kirchentag.de\/\" target=\"_blank\" rel=\"noopener noreferrer\">Deutschen Evangelischen Kirchentages<\/a>.<\/td>\n<\/tr>\n<tr>\n<td><\/td>\n<td><a href=\"https:\/\/www.kirchentag.de\/\" target=\"_blank\" rel=\"noopener noreferrer\"><img decoding=\"async\" class=\"aligncenter wp-image-313\" title=\" \" src=\"https:\/\/www.sinn-schaffen.de\/buerger\/wp-content\/uploads\/sites\/18\/2018\/09\/DEKT_logoblock_dreizeilig_blau.jpg\" alt=\"\" width=\"180\"><\/a><\/td>\n<\/tr>\n<\/tbody>\n<\/table>\n<\/figure>\n","protected":false},"excerpt":{"rendered":"<p>Repr\u00e4sentant*innen der Alternative f\u00fcr Deutschland (AfD) sind auf Podien und Diskussionsveranstaltungen des Kirchentages in Dortmund vom 19. bis 23. Juni 2019 nicht eingeladen. Gleichzeitig will der Kirchentag den Dialog mit all denjenigen f\u00fchren, die sich gegenw\u00e4rtig in den gesellschaftlichen und politischen Debatten nicht wiederfinden und l\u00e4dt diese ausdr\u00fccklich nach Dortmund ein. Mit Blick auf die &hellip; <\/p>\n<p class=\"link-more\"><a href=\"https:\/\/www.sinn-schaffen.de\/buerger\/deutscher-evangelischer-kirchentag-bekraeftigt-afd-repraesentanten-werden-2019-nicht-eingeladen\/\" class=\"more-link\"><span class=\"screen-reader-text\">\u201eDeutscher Evangelischer Kirchentag bekr\u00e4ftigt: AfD-Repr\u00e4sentanten werden 2019 nicht eingeladen\u201c<\/span> weiterlesen<\/a><\/p>\n","protected":false},"author":1,"featured_media":0,"parent":0,"menu_order":115,"comment_status":"closed","ping_status":"closed","template":"","meta":{"footnotes":""},"class_list":["post-94","page","type-page","status-publish","hentry"],"_links":{"self":[{"href":"https:\/\/www.sinn-schaffen.de\/buerger\/wp-json\/wp\/v2\/pages\/94","targetHints":{"allow":["GET"]}}],"collection":[{"href":"https:\/\/www.sinn-schaffen.de\/buerger\/wp-json\/wp\/v2\/pages"}],"about":[{"href":"https:\/\/www.sinn-schaffen.de\/buerger\/wp-json\/wp\/v2\/types\/page"}],"author":[{"embeddable":true,"href":"https:\/\/www.sinn-schaffen.de\/buerger\/wp-json\/wp\/v2\/users\/1"}],"replies":[{"embeddable":true,"href":"https:\/\/www.sinn-schaffen.de\/buerger\/wp-json\/wp\/v2\/comments?post=94"}],"version-history":[{"count":3,"href":"https:\/\/www.sinn-schaffen.de\/buerger\/wp-json\/wp\/v2\/pages\/94\/revisions"}],"predecessor-version":[{"id":548,"href":"https:\/\/www.sinn-schaffen.de\/buerger\/wp-json\/wp\/v2\/pages\/94\/revisions\/548"}],"wp:attachment":[{"href":"https:\/\/www.sinn-schaffen.de\/buerger\/wp-json\/wp\/v2\/media?parent=94"}],"curies":[{"name":"wp","href":"https:\/\/api.w.org\/{rel}","templated":true}]}}