{"id":947,"date":"2024-02-28T17:37:46","date_gmt":"2024-02-28T16:37:46","guid":{"rendered":"https:\/\/www.sinn-schaffen.de\/buerger\/?page_id=947"},"modified":"2024-02-28T17:38:43","modified_gmt":"2024-02-28T16:38:43","slug":"mehr-teilhabegerechtigkeit-fuer-junge-menschen-zur-digitalen-infrastruktur","status":"publish","type":"page","link":"https:\/\/www.sinn-schaffen.de\/buerger\/mehr-teilhabegerechtigkeit-fuer-junge-menschen-zur-digitalen-infrastruktur\/","title":{"rendered":"Mehr Teilhabegerechtigkeit f\u00fcr junge Menschen zur digitalen Infrastruktur"},"content":{"rendered":"\n<p><em>Der Bund der Deutschen Katholischen Jugend (BDKJ) fordert eine bessere Begleitung junger Menschen im digitalen Raum, besseren Schutz vor digitaler Gewalt und die Gew\u00e4hrleistung des Zugangs junger Menschen zur digitalen Infrastruktur. Eine gerechte digitale Teilhabe sei ein entscheidender Baustein f\u00fcr eine zukunftsgewandte und diversit\u00e4tskompetente digitalisierte Gesellschaft.<\/em><\/p>\n\n\n\n<figure class=\"wp-block-image size-full\"><img loading=\"lazy\" decoding=\"async\" width=\"1024\" height=\"413\" src=\"https:\/\/www.sinn-schaffen.de\/buerger\/wp-content\/uploads\/sites\/18\/2024\/02\/240228-NU-BDKJ-digitale-teilhabe.jpg\" alt=\"\" class=\"wp-image-943\" title=\"Foto: Nata Uchava, Freiburg\"\/><\/figure>\n\n\n\n<p><strong>(D\u00fcsseldorf, 26. Februar 2024) <\/strong>Der Bund der Deutschen Katholischen Jugend (BDKJ) fordert eine bessere Begleitung junger Menschen im digitalen Raum, besseren Schutz vor digitaler Gewalt und die Gew\u00e4hrleistung des Zugangs junger Menschen zur digitalen Infrastruktur. \u201eAls Jugendverb\u00e4nde machen wir uns f\u00fcr die Umsetzung der Kinderrechte stark und treten vehement daf\u00fcr ein, sie im Grundgesetz zu verankern. Daher ist f\u00fcr uns selbstverst\u00e4ndlich, dass wir uns auch digitalpolitisch f\u00fcr die Rechte junger Menschen einsetzen\u201d, sagt BDKJ-Bundesvorsitzende Lena Bloemacher.<\/p>\n\n\n\n<p>Der BDKJ-Hauptausschuss hat einen Beschluss zur St\u00e4rkung digitaler Teilhabegerechtigkeit junger Menschen gefasst. In einer immer digitalisierteren Welt zielt das Engagement des BDKJ darauf ab, Rahmenbedingungen zu schaffen, die sicherstellen, dass junge Menschen in, an und durch digitale R\u00e4ume selbstbestimmt und sicher teilhaben k\u00f6nnen.<\/p>\n\n\n\n<p>\u201eTeilhabe bedeutet f\u00fcr uns: dabei sein, mitmachen und mitgestalten. Wir setzen uns als katholische Jugend gerade daf\u00fcr ein, dass alle jungen Menschen in ihrer Vielfalt an dieser digitalen Welt gleichberechtigt teilhaben k\u00f6nnen\u201c, erkl\u00e4rt Sarah Sophie Pohl, Co-Vorsitzende des Digitalpolitischen Ausschusses des BDKJ. \u201eDazu braucht es sowohl technische und materielle als auch soziale, politische und rechtliche Voraussetzungen, die im Beschluss des BDKJ gefordert werden.\u201c<\/p>\n\n\n\n<p>\u201eWir sind \u00fcberzeugt, dass eine gerechte digitale Teilhabe ein entscheidender Baustein f\u00fcr eine zukunftsgewandte und diversit\u00e4tskompetente digitalisierte Gesellschaft ist. Wir werden die Umsetzung des Beschlusses nun begleiten und freuen uns, uns dazu mit Akteur*innen innerhalb und au\u00dferhalb der Jugendarbeit zu vernetzen\u201c, betont Sebastian Dietz, Co-Vorsitzender des Digitalpolitischen Ausschusses des BDKJ.<\/p>\n\n\n\n<p>Der Beschluss, der auf den Grunds\u00e4tzen der UN-Kinderrechtskonvention basiert, beleuchtet verschiedene Dimensionen der digitalen Teilhabe und formuliert konkrete Handlungsbedarfe und Forderungen. Dazu geh\u00f6rt unter anderem die Gew\u00e4hrleistung des Zugangs zu geeigneten digitalen Endger\u00e4ten und Infrastruktur unabh\u00e4ngig von der finanziellen Situation der Eltern sowie jugendgerechte Rahmenbedingungen, sich in digitalen R\u00e4umen frei zu entfalten \u2013 ohne digitaler Gewalt, Hasskriminalit\u00e4t und Beleidigungen ausgesetzt zu sein. Ebenso wird die Notwendigkeit betont, \u00f6ffentlich zug\u00e4ngliche Orte mit kostenfreiem und sicheren Internetzugang zu schaffen und den Einsatz freier Software zu f\u00f6rdern. Dabei sieht der BDKJ auch die Einrichtungen der katholischen Kirche in der Verantwortung, offene WLAN-Zug\u00e4nge sowie Endger\u00e4te zur Verf\u00fcgung zu stellen.<\/p>\n\n\n\n<p>Die M\u00f6glichkeiten zur politischen Beteiligung durch digitale Technologien sollen auf allen Ebenen weiter ausgebaut und insbesondere in Inhalt und Form auch auf junge Menschen ausgerichtet werden. Der BDKJ fordert zudem eine umfassende Qualifizierung von Akteur*innen der schulischen und au\u00dferschulischen Bildung, um junge Menschen in ihrer digitalen M\u00fcndigkeit zu begleiten und zu unterst\u00fctzen.<\/p>\n\n\n\n<div class=\"wp-block-columns is-layout-flex wp-container-core-columns-is-layout-9d6595d7 wp-block-columns-is-layout-flex\">\n<div class=\"wp-block-column is-layout-flow wp-block-column-is-layout-flow\" style=\"flex-basis:33.33%\">\n<figure class=\"wp-block-image size-full\"><a href=\"https:\/\/www.bdkj.de\/lena-bloemacher\" target=\"_blank\" rel=\"noreferrer noopener\"><img loading=\"lazy\" decoding=\"async\" width=\"1024\" height=\"815\" src=\"https:\/\/www.sinn-schaffen.de\/buerger\/wp-content\/uploads\/sites\/18\/2024\/02\/Lena-Bloemacher-Foto-Christian-Schnaubelt-BDKJ-KK.jpg\" alt=\"\" class=\"wp-image-944\" title=\"Foto: Christian Schnaubelt BDKJ\"\/><\/a><\/figure>\n<\/div>\n\n\n\n<div class=\"wp-block-column is-layout-flow wp-block-column-is-layout-flow\" style=\"flex-basis:66.66%\">\n<p><\/p>\n\n\n\n<p>Lena Bloemacher ist Bundesvorsitzende des <a href=\"https:\/\/www.bdkj.de\/der-bdkj\/ueber-uns\" target=\"_blank\" data-type=\"link\" data-id=\"https:\/\/www.bdkj.de\/der-bdkj\/ueber-uns\" rel=\"noreferrer noopener\">Bund der Deutschen Katholischen Jugend (BDKJ)<\/a>. Der BDKJ ist Dachverband von 17 katholischen Jugendverb\u00e4nden mit rund 660.000 Mitgliedern. Er vertritt die Interessen von Kindern, Jugendlichen und jungen Erwachsenen in der r\u00f6misch-katholischen Kirche, in Staat und Gesellschaft.<\/p>\n\n\n\n<figure class=\"wp-block-image size-full is-resized\"><a href=\"https:\/\/www.bdkj.de\/der-bdkj\/ueber-uns\" target=\"_blank\" rel=\"noreferrer noopener\"><img loading=\"lazy\" decoding=\"async\" width=\"590\" height=\"514\" src=\"https:\/\/www.sinn-schaffen.de\/buerger\/wp-content\/uploads\/sites\/18\/2019\/08\/bdkj_logo.jpg\" alt=\"\" class=\"wp-image-285\" style=\"width:238px;height:auto\"\/><\/a><\/figure>\n<\/div>\n<\/div>\n\n\n\n<div class=\"wp-block-columns is-layout-flex wp-container-core-columns-is-layout-9d6595d7 wp-block-columns-is-layout-flex\">\n<div class=\"wp-block-column is-layout-flow wp-block-column-is-layout-flow\" style=\"flex-basis:33.33%\">\n<figure class=\"wp-block-image size-full\"><a href=\"https:\/\/www.bdkj.de\/fileadmin\/bdkj\/Dokumente\/Beschluesse\/3\/3.97_Digitale_Teilhabegerechtigkeit_fuer_jugen_Menschen.pdf\" target=\"_blank\" rel=\"noreferrer noopener\"><img loading=\"lazy\" decoding=\"async\" width=\"599\" height=\"846\" src=\"https:\/\/www.sinn-schaffen.de\/buerger\/wp-content\/uploads\/sites\/18\/2024\/02\/Digitale_Teilhabegerechtigkeit_fuer_jugen_Menschen-T.jpg\" alt=\"\" class=\"wp-image-945\"\/><\/a><\/figure>\n<\/div>\n\n\n\n<div class=\"wp-block-column is-layout-flow wp-block-column-is-layout-flow\" style=\"flex-basis:66.66%\">\n<p><\/p>\n\n\n\n<p>Der Beschluss des BDKJ: &#8222;Digitale Teilhabegerechtigkeit f\u00fcr junge Menschen&#8220; steht <a href=\"https:\/\/www.bdkj.de\/fileadmin\/bdkj\/Dokumente\/Beschluesse\/3\/3.97_Digitale_Teilhabegerechtigkeit_fuer_jugen_Menschen.pdf\" target=\"_blank\" data-type=\"link\" data-id=\"https:\/\/www.bdkj.de\/fileadmin\/bdkj\/Dokumente\/Beschluesse\/3\/3.97_Digitale_Teilhabegerechtigkeit_fuer_jugen_Menschen.pdf\" rel=\"noreferrer noopener\">\u00fcber diesen Link zum Download als PDF-Datei<\/a> bereit.<\/p>\n<\/div>\n<\/div>\n","protected":false},"excerpt":{"rendered":"<p>Der Bund der Deutschen Katholischen Jugend (BDKJ) fordert eine bessere Begleitung junger Menschen im digitalen Raum, besseren Schutz vor digitaler Gewalt und die Gew\u00e4hrleistung des Zugangs junger Menschen zur digitalen Infrastruktur. Eine gerechte digitale Teilhabe sei ein entscheidender Baustein f\u00fcr eine zukunftsgewandte und diversit\u00e4tskompetente digitalisierte Gesellschaft.<\/p>\n","protected":false},"author":1,"featured_media":0,"parent":0,"menu_order":13,"comment_status":"closed","ping_status":"closed","template":"","meta":{"footnotes":""},"class_list":["post-947","page","type-page","status-publish","hentry"],"_links":{"self":[{"href":"https:\/\/www.sinn-schaffen.de\/buerger\/wp-json\/wp\/v2\/pages\/947","targetHints":{"allow":["GET"]}}],"collection":[{"href":"https:\/\/www.sinn-schaffen.de\/buerger\/wp-json\/wp\/v2\/pages"}],"about":[{"href":"https:\/\/www.sinn-schaffen.de\/buerger\/wp-json\/wp\/v2\/types\/page"}],"author":[{"embeddable":true,"href":"https:\/\/www.sinn-schaffen.de\/buerger\/wp-json\/wp\/v2\/users\/1"}],"replies":[{"embeddable":true,"href":"https:\/\/www.sinn-schaffen.de\/buerger\/wp-json\/wp\/v2\/comments?post=947"}],"version-history":[{"count":2,"href":"https:\/\/www.sinn-schaffen.de\/buerger\/wp-json\/wp\/v2\/pages\/947\/revisions"}],"predecessor-version":[{"id":949,"href":"https:\/\/www.sinn-schaffen.de\/buerger\/wp-json\/wp\/v2\/pages\/947\/revisions\/949"}],"wp:attachment":[{"href":"https:\/\/www.sinn-schaffen.de\/buerger\/wp-json\/wp\/v2\/media?parent=947"}],"curies":[{"name":"wp","href":"https:\/\/api.w.org\/{rel}","templated":true}]}}