{"id":954,"date":"2024-03-14T17:00:42","date_gmt":"2024-03-14T16:00:42","guid":{"rendered":"https:\/\/www.sinn-schaffen.de\/buerger\/?page_id=954"},"modified":"2024-03-14T17:00:43","modified_gmt":"2024-03-14T16:00:43","slug":"siebter-atlas-der-zivilgesellschaft-nur-noch-zwei-prozent-der-menschen-weltweit-haben-uneingeschraenkte-zivilgesellschaftliche-freiheiten","status":"publish","type":"page","link":"https:\/\/www.sinn-schaffen.de\/buerger\/siebter-atlas-der-zivilgesellschaft-nur-noch-zwei-prozent-der-menschen-weltweit-haben-uneingeschraenkte-zivilgesellschaftliche-freiheiten\/","title":{"rendered":"Siebter &#8222;Atlas der Zivilgesellschaft&#8220;: Nur noch zwei Prozent der Menschen weltweit haben uneingeschr\u00e4nkte zivilgesellschaftliche Freiheiten"},"content":{"rendered":"\n<p><em>Im Fokus des aktuellen Atlas der Zivilgesellschaft stehen Menschen, die sich f\u00fcr Klima und Umwelt einsetzen und \u00fcberlebenswichtige Ressourcen wie Wasser und Land sch\u00fctzen wollen. Immer mehr Regierungen und Unternehmen bedrohen und behindern die Aktivist:innen. Deutschland ist in der Bewertung von CIVICUS erstmals von der besten Kategorie &#8222;offen&#8220; nach &#8222;beeintr\u00e4chtigt&#8220; abgestiegen: Medienschaffende wurden etwa nicht ausreichend vor Gewalt auf Demonstrationen gesch\u00fctzt; ebenso kritisiert der Atlas der Zivilgesellschaft, dass Mitglieder der &#8222;Letzten Generation&#8220; teils mit langer, menschenrechtlich umstrittener Pr\u00e4ventivhaft belegt wurden und Gerichte Gef\u00e4ngnisstrafen ohne Bew\u00e4hrung verh\u00e4ngt haben.<\/em><\/p>\n\n\n\n<figure class=\"wp-block-image size-full\"><img loading=\"lazy\" decoding=\"async\" width=\"1024\" height=\"413\" src=\"https:\/\/www.sinn-schaffen.de\/buerger\/wp-content\/uploads\/sites\/18\/2024\/03\/240314-NU-Atlas-Zivilgesellschaft.jpg\" alt=\"\" class=\"wp-image-950\" title=\"Foto: Nata Uchava, Freiburg\"\/><\/figure>\n\n\n\n<p><strong>(Berlin, 13. M\u00e4rz 2024)<\/strong> Die Unterdr\u00fcckung der Zivilgesellschaft nimmt weiter zu. 2023 lebten nur noch zwei Prozent der Weltbev\u00f6lkerung in Staaten mit uneingeschr\u00e4nkten zivilgesellschaftlichen Freiheiten. Das zeigt der 7. Atlas der Zivilgesellschaft, den Brot f\u00fcr die Welt heute ver\u00f6ffentlicht. 71 Prozent der Weltbev\u00f6lkerung, das sind rund 5,6 Milliarden Menschen, leben demnach in L\u00e4ndern, in denen die Machthabenden die Zivilgesellschaft stark oder sogar komplett unterdr\u00fccken. Im Fokus des aktuellen Atlas der Zivilgesellschaft stehen Menschen, die sich f\u00fcr Klima und Umwelt einsetzen und \u00fcberlebenswichtige Ressourcen wie Wasser und Land sch\u00fctzen wollen. Immer mehr Regierungen und Unternehmen bedrohen und behindern die Aktivist:innen. Deutschland ist \u2011 vor allem wegen des Umgangs mit Klimaaktivist:innen \u2011 erstmals von der Kategorie \u201eoffen\u201c nach \u201ebeeintr\u00e4chtigt\u201c abgestiegen. Der Atlas der Zivilgesellschaft st\u00fctzt sich auf Bewertungen des weltweiten Netzwerks CIVICUS, das die Freiheitsrechte in f\u00fcnf Kategorien von \u201eoffen\u201c bis \u201egeschlossen\u201c einstuft.<\/p>\n\n\n\n<p>\u201eMenschen, die sich f\u00fcr Umwelt- und Klimaschutz einsetzen, sind in vielen L\u00e4ndern sp\u00fcrbar mehr Repressionen ausgesetzt als noch vor einigen Jahren. Sie geh\u00f6ren h\u00e4ufig zu indigenen Gemeinschaften und setzen sich gegen Landraub, \u00d6lpipelines oder Fracking ein\u201c, sagt Dagmar Pruin, Pr\u00e4sidentin von Brot f\u00fcr die Welt. \u201eWer f\u00fcr st\u00e4rkeren Schutz von W\u00e4ldern und Lebensr\u00e4umen oder f\u00fcr mehr Klimagerechtigkeit k\u00e4mpft, wird immer \u00f6fter drangsaliert, verfolgt, diffamiert oder gar ermordet.\u201c Allein 2022 wurden weltweit 177 Land-, Umwelt- und Klimasch\u00fctzer:innen get\u00f6tet, die meisten von ihnen in Lateinamerika. Ein Drittel waren Indigene.<\/p>\n\n\n\n<p>Beispiel S\u00fcdafrika: Dort gab es in den vergangenen Jahren dutzende Morde im Umfeld von Kohlebergwerken \u2013 etwa, weil sich Aktivist:innen f\u00fcr bessere Arbeitsbedingungen eingesetzt hatten. Weitere Kapitel des Atlas beleuchten die Lage in Kirgisistan und Bangladesch. Der Atlas der Zivilgesellschaft zeigt auch die wichtige Rolle der Zivilgesellschaft bei den internationalen Klimaverhandlungen und mit welchen Methoden dieses Engagement diskreditiert wird. Lobby-Verb\u00e4nde der fossilen Industrie versuchen, immer st\u00e4rker Einfluss auf die Klimapolitik zu nehmen und arbeiten dabei mit unseri\u00f6sen Erhebungen und Fake-News, um Zweifel am menschengemachten Klimawandel zu streuen.<\/p>\n\n\n\n<p>Auch hierzulande hat sich die Lage f\u00fcr die Zivilgesellschaft verschlechtert. Deutschland ist in der Bewertung von CIVICUS erstmals von der besten Kategorie \u201eoffen\u201c nach \u201ebeeintr\u00e4chtigt\u201c abgestiegen. Medienschaffende wurden etwa nicht ausreichend vor Gewalt auf Demonstrationen gesch\u00fctzt. Ebenso kritisiert der Atlas der Zivilgesellschaft, dass Mitglieder der \u201eLetzten Generation\u201c teils mit langer, menschenrechtlich umstrittener Pr\u00e4ventivhaft belegt wurden und Gerichte Gef\u00e4ngnisstrafen ohne Bew\u00e4hrung verh\u00e4ngt haben. Brot f\u00fcr die Welt fordert von Bundesregierung und Bundesl\u00e4ndern, das Versammlungsrecht umfassend zu sch\u00fctzen und keine pauschalen Versammlungsverbote zu erlassen. Die Pr\u00e4ventivhaft \u2013 gedacht zur Verhinderung terroristischer Gewaltdelikte \u2013 sollte nicht zur Abschreckung eingesetzt werden. \u201eDass Deutschland erstmals seit Beginn der Untersuchungen vor sieben Jahren herabgestuft wurde, sollte ein Weckruf sein\u201c, sagt Pruin. \u201eAuch in Deutschland m\u00fcssen wir Demokratie, Rechtstaatlichkeit und Freiheitsrechte verteidigen und uns Hass und Hetze im Internet, auf der Stra\u00dfe und an jedem anderen Ort entgegenstellen.\u201c<\/p>\n\n\n\n<p><strong>Hintergrund<\/strong><\/p>\n\n\n\n<p>Die Daten f\u00fcr den Atlas der Zivilgesellschaft basieren auf Erhebungen von CIVICUS, einem weltweiten Netzwerk f\u00fcr b\u00fcrgerschaftliches Engagement, und der Auswertung verschiedener Quellen und Indizes, etwa zur Rede- oder Versammlungsfreiheit.<\/p>\n\n\n\n<p>CIVICUS unterteilt die Freiheitsgrade einer Gesellschaft in f\u00fcnf Kategorien: offen, beeintr\u00e4chtigt, beschr\u00e4nkt, unterdr\u00fcckt und geschlossen.<\/p>\n\n\n\n<ul class=\"wp-block-list\">\n<li>Die Daten belegen, dass der Handlungsraum der Zivilgesellschaft nur in 37 Staaten \u201eoffen\u201c ist (Atlas 2023: 38).<\/li>\n\n\n\n<li>In 43 Staaten (Atlas 2023: 42) ist der Handlungsraum \u201ebeeintr\u00e4chtigt\u201c \u2013 neben Deutschland auch Italien und Japan.<\/li>\n\n\n\n<li>40 L\u00e4nder (2023: 40) \u201ebeschr\u00e4nken\u201c den zivilgesellschaftlichen Handlungsraum, darunter die Ukraine und Gro\u00dfbritannien.<\/li>\n\n\n\n<li>50 Staaten \u201eunterdr\u00fccken\u201c die Zivilgesellschaft (2023: 50), wie etwa die T\u00fcrkei und Tunesien.<\/li>\n\n\n\n<li>\u201eGeschlossen\u201c ist der Raum f\u00fcr zivilgesellschaftliche Akteure in 27 Staaten (2023: 26), darunter Venezuela und China.<\/li>\n<\/ul>\n\n\n\n<p>Insgesamt gibt es sieben Absteiger (Deutschland, Bosnien und Herzegowina, Kirgisistan, Senegal, Sri Lanka, Bangladesch und Venezuela). F\u00fcnf L\u00e4nder haben sich im Ranking verbessert: Osttimor, Benin, Lesotho, Libyen und Madagaskar.<\/p>\n\n\n\n<div class=\"wp-block-columns is-layout-flex wp-container-core-columns-is-layout-9d6595d7 wp-block-columns-is-layout-flex\">\n<div class=\"wp-block-column is-layout-flow wp-block-column-is-layout-flow\" style=\"flex-basis:33.33%\">\n<figure class=\"wp-block-image size-full\"><a href=\"https:\/\/www.brot-fuer-die-welt.de\/ueber-uns\/personen\/dagmar-pruin\/\" target=\"_blank\" rel=\"noreferrer noopener\"><img loading=\"lazy\" decoding=\"async\" width=\"800\" height=\"602\" src=\"https:\/\/www.sinn-schaffen.de\/buerger\/wp-content\/uploads\/sites\/18\/2023\/05\/Dagmar-Pruin-copyright-Hermann-Bredehorst-Brot-fuer-die-Welt-800.jpg\" alt=\"\" class=\"wp-image-862\" title=\"Foto: Hermann Bredehorst-Brot f\u00fcr die Welt\"\/><\/a><\/figure>\n<\/div>\n\n\n\n<div class=\"wp-block-column is-layout-flow wp-block-column-is-layout-flow\" style=\"flex-basis:66.66%\">\n<p><\/p>\n\n\n\n<p><a href=\"https:\/\/www.brot-fuer-die-welt.de\/ueber-uns\/personen\/dagmar-pruin\/\" target=\"_blank\" data-type=\"link\" data-id=\"https:\/\/www.brot-fuer-die-welt.de\/ueber-uns\/personen\/dagmar-pruin\/\" rel=\"noreferrer noopener\">Dr. Dagmar Pruin<\/a> ist Pr\u00e4sidentin von <a href=\"https:\/\/www.brot-fuer-die-welt.de\/\" target=\"_blank\" data-type=\"link\" data-id=\"https:\/\/www.brot-fuer-die-welt.de\/\" rel=\"noreferrer noopener\">Brot f\u00fcr die Welt<\/a>.<\/p>\n\n\n\n<figure class=\"wp-block-image size-full is-resized\"><a href=\"https:\/\/www.brot-fuer-die-welt.de\/\" target=\"_blank\" rel=\"noreferrer noopener\"><img loading=\"lazy\" decoding=\"async\" width=\"258\" height=\"132\" src=\"https:\/\/www.sinn-schaffen.de\/buerger\/wp-content\/uploads\/sites\/18\/2019\/02\/BrotFuerDieWeltLogo.gif\" alt=\"\" class=\"wp-image-123\" style=\"width:263px;height:auto\"\/><\/a><\/figure>\n<\/div>\n<\/div>\n\n\n\n<div class=\"wp-block-columns is-layout-flex wp-container-core-columns-is-layout-9d6595d7 wp-block-columns-is-layout-flex\">\n<div class=\"wp-block-column is-layout-flow wp-block-column-is-layout-flow\" style=\"flex-basis:33.33%\">\n<figure class=\"wp-block-image size-full\"><a href=\"https:\/\/www.brot-fuer-die-welt.de\/themen\/atlas-der-zivilgesellschaft\/\" target=\"_blank\" rel=\"noreferrer noopener\"><img loading=\"lazy\" decoding=\"async\" width=\"599\" height=\"846\" src=\"https:\/\/www.sinn-schaffen.de\/buerger\/wp-content\/uploads\/sites\/18\/2024\/03\/Atlas_der_Zivilgesellschaft_2024-T.jpg\" alt=\"\" class=\"wp-image-951\"\/><\/a><\/figure>\n<\/div>\n\n\n\n<div class=\"wp-block-column is-layout-flow wp-block-column-is-layout-flow\" style=\"flex-basis:66.66%\">\n<p><\/p>\n\n\n\n<p>N\u00e4here Informationen zu einzelnen Themen aus dem &#8222;Atlas der Zivilgesellschaft 2024&#8220; finden sie <a href=\"https:\/\/www.brot-fuer-die-welt.de\/themen\/atlas-der-zivilgesellschaft\/\" target=\"_blank\" data-type=\"link\" data-id=\"https:\/\/www.brot-fuer-die-welt.de\/themen\/atlas-der-zivilgesellschaft\/\" rel=\"noreferrer noopener\">\u00fcber diesen Link. Hier steht auch der &#8222;Atlas der Zivilgesellschaft 2024&#8220; zum Download als PDF-Datei bereit<\/a>.<\/p>\n<\/div>\n<\/div>\n","protected":false},"excerpt":{"rendered":"<p>Im Fokus des aktuellen Atlas der Zivilgesellschaft stehen Menschen, die sich f\u00fcr Klima und Umwelt einsetzen und \u00fcberlebenswichtige Ressourcen wie Wasser und Land sch\u00fctzen wollen. Immer mehr Regierungen und Unternehmen bedrohen und behindern die Aktivist:innen. Deutschland ist in der Bewertung von CIVICUS erstmals von der besten Kategorie &#8222;offen&#8220; nach &#8222;beeintr\u00e4chtigt&#8220; abgestiegen: Medienschaffende wurden etwa nicht ausreichend vor Gewalt auf Demonstrationen gesch\u00fctzt; ebenso kritisiert der Atlas der Zivilgesellschaft, dass Mitglieder der &#8222;Letzten Generation&#8220; teils mit langer, menschenrechtlich umstrittener Pr\u00e4ventivhaft belegt wurden und Gerichte Gef\u00e4ngnisstrafen ohne Bew\u00e4hrung verh\u00e4ngt haben.<\/p>\n","protected":false},"author":1,"featured_media":0,"parent":0,"menu_order":12,"comment_status":"closed","ping_status":"closed","template":"","meta":{"footnotes":""},"class_list":["post-954","page","type-page","status-publish","hentry"],"_links":{"self":[{"href":"https:\/\/www.sinn-schaffen.de\/buerger\/wp-json\/wp\/v2\/pages\/954","targetHints":{"allow":["GET"]}}],"collection":[{"href":"https:\/\/www.sinn-schaffen.de\/buerger\/wp-json\/wp\/v2\/pages"}],"about":[{"href":"https:\/\/www.sinn-schaffen.de\/buerger\/wp-json\/wp\/v2\/types\/page"}],"author":[{"embeddable":true,"href":"https:\/\/www.sinn-schaffen.de\/buerger\/wp-json\/wp\/v2\/users\/1"}],"replies":[{"embeddable":true,"href":"https:\/\/www.sinn-schaffen.de\/buerger\/wp-json\/wp\/v2\/comments?post=954"}],"version-history":[{"count":1,"href":"https:\/\/www.sinn-schaffen.de\/buerger\/wp-json\/wp\/v2\/pages\/954\/revisions"}],"predecessor-version":[{"id":955,"href":"https:\/\/www.sinn-schaffen.de\/buerger\/wp-json\/wp\/v2\/pages\/954\/revisions\/955"}],"wp:attachment":[{"href":"https:\/\/www.sinn-schaffen.de\/buerger\/wp-json\/wp\/v2\/media?parent=954"}],"curies":[{"name":"wp","href":"https:\/\/api.w.org\/{rel}","templated":true}]}}