{"id":106,"date":"2018-10-11T15:49:53","date_gmt":"2018-10-11T13:49:53","guid":{"rendered":"https:\/\/www.sinn-schaffen.de\/entwicklung\/?page_id=106"},"modified":"2020-09-05T19:01:13","modified_gmt":"2020-09-05T17:01:13","slug":"urgewald-analyse-weltbank-vertreibt-weiterhin-menschen-von-ihrem-land","status":"publish","type":"page","link":"https:\/\/www.sinn-schaffen.de\/entwicklung\/urgewald-analyse-weltbank-vertreibt-weiterhin-menschen-von-ihrem-land\/","title":{"rendered":"urgewald-Analyse: Weltbank vertreibt weiterhin Menschen von ihrem Land"},"content":{"rendered":"<p><em>Eine aktuelle Analyse der NGO urgewald zeigt, dass die Weltbank immer noch in vielen ihrer Entwicklungsprojekte Menschen umsiedelt. urgewald hat 1.920 Projekte \u00fcberpr\u00fcft, die von der Weltbank in den letzten vier Gesch\u00e4ftsjahren genehmigt wurden. Zwischen 37,2 Prozent und 40,1 Prozent der Projekte standen im Zusammenhang mit m\u00f6glichen Umsiedlungen.<\/em><\/p>\n<p><strong>(Bali Nusa Dua, 11. Oktober 2018)<\/strong> <a href=\"https:\/\/urgewald.org\/sites\/default\/files\/WB%20Projects%20Linked%20to%20Resettlement%20-%202015-2018.pdf\" target=\"_blank\" rel=\"noopener noreferrer\">Eine neue Analyse der NGO urgewald<\/a> zeigt, dass die Weltbank immer noch in vielen ihrer Entwicklungsprojekte Menschen umsiedelt. urgewald hat 1.920 Projekte \u00fcberpr\u00fcft, die von der Weltbank in den letzten vier Gesch\u00e4ftsjahren genehmigt wurden. Zwischen 37,2 Prozent und 40,1 Prozent der Projekte standen im Zusammenhang mit m\u00f6glichen Umsiedlungen:<\/p>\n<ul>\n<li>37,2 Prozent im Gesch\u00e4ftsjahr 2015,<\/li>\n<li>39,7 Prozent in 2016,<\/li>\n<li>37,7 Prozent in 2017 und<\/li>\n<li>40,1 Prozent in 2018.<\/li>\n<\/ul>\n<p>Dazu z\u00e4hlen Stra\u00dfenbau-, Bergbau- oder Agrarprojekte. Die Jahrestagung der Weltbank findet vom 12. bis 14. Oktober 2018 in Nusa Dua auf der indonesischen Insel Bali statt. Die Studienergebnisse erh\u00f6hen den Druck auf die Vorst\u00e4nde der Weltbank und ihren Pr\u00e4sidenten Jim Yong Kim, mehr zu tun, um den Schutz betroffener Menschen sicherzustellen.<\/p>\n<p>Im Jahr 2015 musste Kim M\u00e4ngel bei Umsiedlungsprojekten der Bank eingestehen, nachdem das International Consortium of Investigative Journalists (ICIJ) einen ausf\u00fchrlichen Bericht dazu ver\u00f6ffentlicht hatte. Die Journalisten hatten herausgefunden, dass zwischen 20 und 30 Prozent aller Projekte von 2004 bis 2013 wahrscheinlich zur Umsiedlung von Menschen gef\u00fchrt haben. Sch\u00e4tzungsweise 3,4 Millionen Menschen seien aus ihren H\u00e4usern beziehungsweise von ihrem Land vertrieben worden oder h\u00e4tten anderweitige Verletzungen ihrer Existenzgrundlagen erlitten.<\/p>\n<p>Um zu \u00fcberpr\u00fcfen, wie die Bank auf diese dramatischen Ergebnisse reagiert hat, hat urgewald die j\u00fcngeren Projekte analysiert. Knud V\u00f6cking, urgewald-Campaigner zur Weltbank, sagt: \u201eUnsere Analyse liefert Hinweise darauf, dass die Weltbank die Menschen in ihren Projekten immer noch nicht genug sch\u00fctzt. Umsiedlung ist nach wie vor g\u00e4ngige Praxis, insbesondere bei Projekten in Afrika, Ostasien und im Pazifikraum. Die Bank muss endlich aufh\u00f6ren, die Vertreibung von Menschen als Kollateralschaden zu betrachten.\u201c<\/p>\n<p><a href=\"https:\/\/urgewald.org\/sites\/default\/files\/WB%20Projects%20Linked%20to%20Resettlement%20-%202015-2018.pdf\" target=\"_blank\" rel=\"noopener noreferrer\">Die Analyse von urgewald<\/a> umfasst alle genehmigten Projekte im \u00f6ffentlichen Sektor von Juli 2014 bis Juni 2018, die auf den Webseiten der Weltbank ver\u00f6ffentlicht wurden. In vielen F\u00e4llen fehlten grundlegende Angaben zu den Umsiedlungsprojekten. Beispiel Gesch\u00e4ftsjahr 2018: Die Bank gab nur in 26,9 Prozent der 175 Projekte im Zusammenhang mit Umsiedlung die Zahl betroffener Menschen an.<\/p>\n<p>V\u00f6cking sagt: \u201eEs ist schockierend zu sehen, dass in so vielen F\u00e4llen grundlegende Informationen zu den Projekten fehlen. Uns macht es fassungslos, dass die m\u00e4chtigste Entwicklungsbank der Welt so nachl\u00e4ssig ist, wenn es um Projekte geht, die die Lebensgrundlagen von Millionen Menschen zerst\u00f6ren k\u00f6nnen.\u201c<\/p>\n<p>In Bali werden die Weltbank-Gouverneure \u00fcber eine Erh\u00f6hung der j\u00e4hrlichen Darlehenssumme von 60 Milliarden auf 100 Milliarden US-Dollar entscheiden. V\u00f6cking: \u201eDies wird den Druck erh\u00f6hen, das Geld schneller auszugeben. Nach unserer Erfahrung bedeutet dies einen Verlust von Kontrolle und weniger Schutz f\u00fcr Mensch und Umwelt.\u201c<\/p>\n<figure class=\"wp-block-table\">\n<table class=\"has-subtle-light-gray-background-color has-background\">\n<tbody>\n<tr>\n<td width=\"25%\"><a rel=\"noopener noreferrer\" href=\"https:\/\/urgewald.org\/team\/knud-voecking\" target=\"_blank\"><img decoding=\"async\" class=\"aligncenter wp-image-313\" title=\" \" src=\"https:\/\/www.sinn-schaffen.de\/entwicklung\/wp-content\/uploads\/sites\/14\/2018\/10\/Knud-V\u00f6cking-urgewald.png\" alt=\"\" width=\"180\"><\/a><\/td>\n<td width=\"75%\">Knud V\u00f6cking ist Campaigner zur Weltbank bei <a href=\"https:\/\/urgewald.org\" target=\"_blank\" rel=\"noopener noreferrer\">urgewald<\/a>.<\/td>\n<\/tr>\n<tr>\n<td><\/td>\n<td><a href=\"https:\/\/urgewald.org\" target=\"_blank\" rel=\"noopener noreferrer\"><img decoding=\"async\" class=\"aligncenter wp-image-313\" title=\" \" src=\"https:\/\/www.sinn-schaffen.de\/entwicklung\/wp-content\/uploads\/sites\/14\/2018\/10\/urgewaldLogo.jpg\" alt=\"\" width=\"180\"><\/a><\/td>\n<\/tr>\n<\/tbody>\n<\/table>\n<\/figure>\n","protected":false},"excerpt":{"rendered":"<p>Eine aktuelle Analyse der NGO urgewald zeigt, dass die Weltbank immer noch in vielen ihrer Entwicklungsprojekte Menschen umsiedelt. urgewald hat 1.920 Projekte \u00fcberpr\u00fcft, die von der Weltbank in den letzten vier Gesch\u00e4ftsjahren genehmigt wurden. Zwischen 37,2 Prozent und 40,1 Prozent der Projekte standen im Zusammenhang mit m\u00f6glichen Umsiedlungen. (Bali Nusa Dua, 11. Oktober 2018) Eine <a href='https:\/\/www.sinn-schaffen.de\/entwicklung\/urgewald-analyse-weltbank-vertreibt-weiterhin-menschen-von-ihrem-land\/' class='excerpt-more'>[&#8230;]<\/a><\/p>\n","protected":false},"author":1,"featured_media":0,"parent":0,"menu_order":46,"comment_status":"closed","ping_status":"closed","template":"","meta":{"footnotes":""},"class_list":["post-106","page","type-page","status-publish","hentry","post-seq-1","post-parity-odd","meta-position-left-pullout","fix"],"_links":{"self":[{"href":"https:\/\/www.sinn-schaffen.de\/entwicklung\/wp-json\/wp\/v2\/pages\/106","targetHints":{"allow":["GET"]}}],"collection":[{"href":"https:\/\/www.sinn-schaffen.de\/entwicklung\/wp-json\/wp\/v2\/pages"}],"about":[{"href":"https:\/\/www.sinn-schaffen.de\/entwicklung\/wp-json\/wp\/v2\/types\/page"}],"author":[{"embeddable":true,"href":"https:\/\/www.sinn-schaffen.de\/entwicklung\/wp-json\/wp\/v2\/users\/1"}],"replies":[{"embeddable":true,"href":"https:\/\/www.sinn-schaffen.de\/entwicklung\/wp-json\/wp\/v2\/comments?post=106"}],"version-history":[{"count":4,"href":"https:\/\/www.sinn-schaffen.de\/entwicklung\/wp-json\/wp\/v2\/pages\/106\/revisions"}],"predecessor-version":[{"id":394,"href":"https:\/\/www.sinn-schaffen.de\/entwicklung\/wp-json\/wp\/v2\/pages\/106\/revisions\/394"}],"wp:attachment":[{"href":"https:\/\/www.sinn-schaffen.de\/entwicklung\/wp-json\/wp\/v2\/media?parent=106"}],"curies":[{"name":"wp","href":"https:\/\/api.w.org\/{rel}","templated":true}]}}