{"id":150,"date":"2019-04-08T17:58:51","date_gmt":"2019-04-08T15:58:51","guid":{"rendered":"https:\/\/www.sinn-schaffen.de\/entwicklung\/?page_id=150"},"modified":"2020-09-05T18:21:22","modified_gmt":"2020-09-05T16:21:22","slug":"schuldenreport-2019","status":"publish","type":"page","link":"https:\/\/www.sinn-schaffen.de\/entwicklung\/schuldenreport-2019\/","title":{"rendered":"Schuldenreport 2019: Fortschreitende \u00dcberschuldung von Staaten gef\u00e4hrdet die Umsetzung international vereinbarter Entwicklungs- und Klimaziele"},"content":{"rendered":"\n<p><em>Hauptausl\u00f6ser der Schuldenkrise im globalen S\u00fcden ist der weltweite Trend aus niedrigen Zinsen im Norden und einem hohen Finanzierungsbedarf f\u00fcr Infrastruktur in vielen \u00e4rmeren L\u00e4ndern im S\u00fcden. Dort k\u00f6nnen Gl\u00e4ubigerl\u00e4nder die Zinsen erzielen, die Anleger brauchen, um beispielsweise in Deutschland Riesterrenten auszahlen zu k\u00f6nnen. Derzeit sind 122 von 154 im Schuldenreport 2019 untersuchten L\u00e4ndern kritisch verschuldet &#8211; das sind fast 80 Prozent.<\/em><\/p>\n\n\n\n<hr>\n<img decoding=\"async\" class=\"alignleft wp-image-313\" title=\"Grafik: Schuldenreport 2019.\" src=\"https:\/\/www.sinn-schaffen.de\/entwicklung\/wp-content\/uploads\/sites\/14\/2019\/04\/publikation-schuldenreport-2019-3Q1024.jpg\" alt=\"\" width=\"1024\">\n<hr>\n&nbsp;\n\n\n\n<p><strong>(Berlin, 3. April 2019) <\/strong>Angesichts der akuten Schuldenkrise im Globalen S\u00fcden fordern erlassjahr.de und MISEREOR die Bundesregierung auf, sich f\u00fcr die rasche Schaffung eines effizienten und rechtsstaatlichen Insolvenzverfahrens f\u00fcr verschuldete Staaten einzusetzen \u2013 bei der bevorstehenden Jahrestagung von IWF und Weltbank in Washington sowie innerhalb der G20.<\/p>\n\n\n\n<div class=\"wp-block-image\"><figure class=\"alignright is-resized\"><a href=\"https:\/\/www.sinn-schaffen.de\/entwicklung\/wp-content\/uploads\/sites\/14\/2019\/04\/publikation-schuldenreport-2019.pdf\" target=\"_blank\" rel=\"noreferrer noopener\"><img decoding=\"async\" src=\"https:\/\/www.sinn-schaffen.de\/entwicklung\/wp-content\/uploads\/sites\/14\/2019\/04\/publikation-schuldenreport-2019-T.jpg\" alt=\"\" class=\"wp-image-147\" width=\"320\" srcset=\"https:\/\/www.sinn-schaffen.de\/entwicklung\/wp-content\/uploads\/sites\/14\/2019\/04\/publikation-schuldenreport-2019-T.jpg 599w, https:\/\/www.sinn-schaffen.de\/entwicklung\/wp-content\/uploads\/sites\/14\/2019\/04\/publikation-schuldenreport-2019-T-212x300.jpg 212w\" sizes=\"(max-width: 599px) 100vw, 599px\" \/><\/a><\/figure><\/div>\n\n\n\n<p>Wie der heute von erlassjahr.de und MISEREOR vorgestellte\nSchuldenreport 2019 zeigt, hat sich weitgehend unbemerkt von der politischen\nAufmerksamkeit in Deutschland die Schuldenkrise im Globalen S\u00fcden weiter\nzugespitzt. J\u00fcrgen Kaiser, Politischer Koordinator von erlassjahr.de erkl\u00e4rt\ndie Gr\u00fcnde: \u201eHauptausl\u00f6ser der Schuldenkrise ist der weltweite Trend aus\nniedrigen Zinsen im Norden und einem hohen Finanzierungsbedarf f\u00fcr\nInfrastruktur in vielen \u00e4rmeren L\u00e4ndern im S\u00fcden. Im Globalen S\u00fcden k\u00f6nnen\nGl\u00e4ubigerl\u00e4nder die Zinsen erzielen, die Anleger brauchen, um beispielsweise in\nDeutschland Riesterrenten auszahlen zu k\u00f6nnen.\u201c<\/p>\n\n\n\n<p>\u201eDie fortschreitende \u00dcberschuldung von Staaten bedroht Millionen Menschen in ihrer Existenz, gef\u00e4hrdet die Umsetzung international vereinbarter Entwicklungs- und Klimaziele und schw\u00e4cht die globale Finanzstabilit\u00e4t\u201c, mahnt Klaus Schilder, MISEREOR-Experte f\u00fcr Entwicklungsfinanzierung. \u201ePolitische Fragilit\u00e4t, die Abh\u00e4ngigkeit vom Rohstoffexport und die Folgen von Naturkatastrophen verst\u00e4rken die \u00dcberschuldungsgefahr weiter. Nach Tropensturm \u201aIdai\u2018 mit seinen verheerenden Folgen laufen aktuell Mosambik, Simbabwe und Malawi Gefahr, in die Schuldenfalle zu geraten.\u201c<\/p>\n\n\n\n<figure class=\"wp-block-table\"><table class=\"has-subtle-light-gray-background-color has-background\"><tbody><tr><td width=\"25%\"><a rel=\"noopener noreferrer\" href=\"http:\/\/erlassjahr.de\/mitarbeiter\/juergen-kaiser\/\" target=\"_blank\"><img decoding=\"async\" width=\"180\" class=\"aligncenter wp-image-313\" title=\" \" src=\"https:\/\/www.sinn-schaffen.de\/entwicklung\/wp-content\/uploads\/sites\/14\/2018\/05\/JuergenKaiser-3-300x208.jpg\" alt=\"\"><\/a><\/td><td width=\"75%\">J\u00fcrgen Kaiser ist Politischer Koordinator von <a href=\"http:\/\/erlassjahr.de\/\" target=\"_blank\" rel=\"noopener noreferrer\">erlassjahr.de.<\/a><\/td><\/tr><tr><td><\/td><td><a href=\"http:\/\/erlassjahr.de\/\" target=\"_blank\" rel=\"noopener noreferrer\"><img decoding=\"async\" class=\"aligncenter wp-image-313\" title=\" \" src=\"https:\/\/www.sinn-schaffen.de\/entwicklung\/wp-content\/uploads\/sites\/14\/2018\/05\/erlassjahr-Logo-300x152.png\" alt=\"\" width=\"180\"><\/a><\/td><\/tr><\/tbody><\/table><\/figure>\n\n\n\n<p><strong>122 L\u00e4nder kritisch\nverschuldet, 17 L\u00e4nder zahlungsunf\u00e4hig<\/strong><\/p>\n\n\n\n<p>Derzeit sind 122 von 154 im Schuldenreport 2019 untersuchten L\u00e4ndern kritisch verschuldet. Das sind fast 80 Prozent. Besonders bedrohlich ist die Situation in Bhutan, der Mongolei, Gambia, Kap Verde, Jamaika, Bahrain und im Libanon. Wie dramatisch die Situation ist, zeigt auch der im Report analysierte Verschuldungstrend: In drei Viertel der L\u00e4nder hat sich die Situation zwischen 2014 und 2017 verschlechtert. 17 L\u00e4nder sind aktuell zahlungsunf\u00e4hig. Staaten wie Mosambik und die Republik Kongo sind durch die Vergabe von unverantwortlichen und bisher geheim gehaltenen Krediten in Zahlungsschwierigkeiten geraten.<\/p>\n\n\n\n<figure class=\"wp-block-table\"><table class=\"has-subtle-light-gray-background-color has-background\"><tbody><tr><td width=\"25%\"><a rel=\"noopener noreferrer\" href=\"https:\/\/www.misereor.de\/ueber-uns\/geschaeftsfuehrung\" target=\"_blank\"><img decoding=\"async\" width=\"180\" class=\"aligncenter wp-image-313\" title=\"Foto: MISEREOR.\" src=\"https:\/\/www.sinn-schaffen.de\/entwicklung\/wp-content\/uploads\/sites\/14\/2018\/05\/KlausSchilder-300x169.jpg\" alt=\"\"><\/a><\/td><td width=\"75%\">Dr. Klaus Schilder ist Referent f\u00fcr Entwicklungspolitik und arbeitet im Berliner B\u00fcro des <a href=\"https:\/\/www.misereor.de\/\" target=\"_blank\" rel=\"noopener noreferrer\">Bisch\u00f6flichen Hilfswerkes MISEREOR<\/a>.<\/td><\/tr><tr><td><\/td><td><a href=\"https:\/\/www.misereor.de\/\" target=\"_blank\" rel=\"noopener noreferrer\"><img decoding=\"async\" class=\"aligncenter wp-image-313\" title=\" \" src=\"https:\/\/www.sinn-schaffen.de\/entwicklung\/wp-content\/uploads\/sites\/14\/2018\/05\/misereor_logo.png\" alt=\"\" width=\"180\"><\/a><\/td><\/tr><\/tbody><\/table><\/figure>\n\n\n\n<p><strong>Globale\nFinanzstabilit\u00e4t nachhaltig st\u00e4rken<\/strong><\/p>\n\n\n\n<p>Klaus Schilder fordert deshalb mehr Transparenz: \u201eDamit\nLicht in das undurchsichtige internationale Geflecht unverantwortlicher Kreditvergaben\nkommt, sollte die Bundesregierung sich f\u00fcr eine Initiative zur Schaffung eines\nweltweiten, \u00f6ffentlich zug\u00e4nglichen Schulden-Registers stark machen, das alle\nstaatlichen Verbindlichkeiten offenlegt. Dies ist wesentlich, um alle\nGl\u00e4ubiger, darunter Banken, Unternehmen und \u00f6ffentliche Gl\u00e4ubiger, die\nunverantwortliche Kredite vergeben, zur Rechenschaft zu ziehen und damit die\nVoraussetzung f\u00fcr ein nachhaltiges Schuldenmanagement schaffen zu k\u00f6nnen.\u201c<\/p>\n\n\n\n<p>\u201eStatt ausschlie\u00dflich \u00fcber die Pr\u00e4vention von Krisen zu diskutieren, sollte die Bundesregierung auch Ma\u00dfnahmen zur Krisenbew\u00e4ltigung schaffen, die die globale Finanzstabilit\u00e4t st\u00e4rken\u201c, erg\u00e4nzt J\u00fcrgen Kaiser. Dazu geh\u00f6rt auch, sich f\u00fcr die Schaffung eines rechtsstaatlichen und effizienten Staateninsolvenzverfahren einzusetzen sowie die sogenannte Schuldenumwandlungsfazilit\u00e4t in Deutschland konsequent zu nutzen. Denn sie erm\u00f6glicht es, Forderungen aus Deutschland an kritisch verschuldete L\u00e4nder in Investitionen f\u00fcr nachhaltige Entwicklung umzuwandeln.<\/p>\n\n\n\n<figure class=\"wp-block-table\"><table class=\"has-subtle-light-gray-background-color has-background\"><tbody><tr><td width=\"25%\"><a rel=\"noopener noreferrer\" href=\"https:\/\/www.sinn-schaffen.de\/entwicklung\/wp-content\/uploads\/sites\/14\/2019\/04\/publikation-schuldenreport-2019.pdf\" target=\"_blank\"><img loading=\"lazy\" decoding=\"async\" title=\" \" width=\"180\" class=\"aligncenter wp-image-313\" src=\"https:\/\/www.sinn-schaffen.de\/entwicklung\/wp-content\/uploads\/sites\/14\/2018\/05\/Schuldenreport-2018-T-212x300.jpg\" alt=\"\" width=\"180\" height=\"254\" \/><\" alt=\"\"><\/a><\/td><td width=\"75%\">Der &#8222;Schuldenreport 2019&#8220; steht <a href=\"https:\/\/www.sinn-schaffen.de\/entwicklung\/wp-content\/uploads\/sites\/14\/2019\/04\/publikation-schuldenreport-2019.pdf\" target=\"_blank\" rel=\"noopener noreferrer\">\u00fcber diesen Link<\/a> zum Download als PDF bereit.<\/td><\/tr><\/tbody><\/table><\/figure>\n","protected":false},"excerpt":{"rendered":"<p>Hauptausl\u00f6ser der Schuldenkrise im globalen S\u00fcden ist der weltweite Trend aus niedrigen Zinsen im Norden und einem hohen Finanzierungsbedarf f\u00fcr Infrastruktur in vielen \u00e4rmeren L\u00e4ndern im S\u00fcden. Dort k\u00f6nnen Gl\u00e4ubigerl\u00e4nder die Zinsen erzielen, die Anleger brauchen, um beispielsweise in Deutschland Riesterrenten auszahlen zu k\u00f6nnen. Derzeit sind 122 von 154 im Schuldenreport 2019 untersuchten L\u00e4ndern kritisch <a href='https:\/\/www.sinn-schaffen.de\/entwicklung\/schuldenreport-2019\/' class='excerpt-more'>[&#8230;]<\/a><\/p>\n","protected":false},"author":1,"featured_media":0,"parent":0,"menu_order":40,"comment_status":"closed","ping_status":"closed","template":"","meta":{"footnotes":""},"class_list":["post-150","page","type-page","status-publish","hentry","post-seq-1","post-parity-odd","meta-position-left-pullout","fix"],"_links":{"self":[{"href":"https:\/\/www.sinn-schaffen.de\/entwicklung\/wp-json\/wp\/v2\/pages\/150","targetHints":{"allow":["GET"]}}],"collection":[{"href":"https:\/\/www.sinn-schaffen.de\/entwicklung\/wp-json\/wp\/v2\/pages"}],"about":[{"href":"https:\/\/www.sinn-schaffen.de\/entwicklung\/wp-json\/wp\/v2\/types\/page"}],"author":[{"embeddable":true,"href":"https:\/\/www.sinn-schaffen.de\/entwicklung\/wp-json\/wp\/v2\/users\/1"}],"replies":[{"embeddable":true,"href":"https:\/\/www.sinn-schaffen.de\/entwicklung\/wp-json\/wp\/v2\/comments?post=150"}],"version-history":[{"count":4,"href":"https:\/\/www.sinn-schaffen.de\/entwicklung\/wp-json\/wp\/v2\/pages\/150\/revisions"}],"predecessor-version":[{"id":374,"href":"https:\/\/www.sinn-schaffen.de\/entwicklung\/wp-json\/wp\/v2\/pages\/150\/revisions\/374"}],"wp:attachment":[{"href":"https:\/\/www.sinn-schaffen.de\/entwicklung\/wp-json\/wp\/v2\/media?parent=150"}],"curies":[{"name":"wp","href":"https:\/\/api.w.org\/{rel}","templated":true}]}}