{"id":242,"date":"2020-01-27T18:38:58","date_gmt":"2020-01-27T17:38:58","guid":{"rendered":"https:\/\/www.sinn-schaffen.de\/entwicklung\/?page_id=242"},"modified":"2020-09-05T16:43:28","modified_gmt":"2020-09-05T14:43:28","slug":"schuldenreport-2020-2","status":"publish","type":"page","link":"https:\/\/www.sinn-schaffen.de\/entwicklung\/schuldenreport-2020-2\/","title":{"rendered":"Klimawandel: erlassjahr.de und MISEREOR fordern Entschuldung f\u00fcr von Katastrophen betroffene Staaten"},"content":{"rendered":"\n<p><strong>Schuldenreport 2020\nzeigt weitere Versch\u00e4rfung der Schuldenkrise<\/strong><\/p>\n\n\n\n<p><em>Durch den Klimawandel immer h\u00e4ufiger und heftiger auftretende Wetterextreme wie Wirbelst\u00fcrme, Starkregen und D\u00fcrren stellen eine besondere Gef\u00e4hrdung f\u00fcr die Menschen in hoch verschuldeten L\u00e4ndern dar. Durch den erdr\u00fcckenden Schuldendienst fehlt Geld, um im Katastrophenfall schnelle und effektive Hilfe leisten zu k\u00f6nnen. Bisher gibt es keine Entsch\u00e4digung f\u00fcr Entwicklungsl\u00e4nder, die die Klimakrise ausbaden, aber am wenigsten zu ihrer Entstehung beigetragen haben.<\/em><\/p>\n\n\n\n<hr>\n<img decoding=\"async\" class=\"alignleft wp-image-313\" title=\"Foto: erlassjahr.de\" src=\"https:\/\/www.sinn-schaffen.de\/entwicklung\/wp-content\/uploads\/sites\/14\/2020\/01\/SR20-Karte-quer.jpg\" alt=\"\" width=\"1024\">\n<hr>\n&nbsp;\n\n\n\n<p><strong>(Berlin, 27. Januar 2020)<\/strong> Der Klimawandel und seine dramatischen Folgen verst\u00e4rken die Schuldenkrise in vielen L\u00e4ndern. Kleine Inselstaaten im Pazifik und in der Karibik sowie die Staaten der Sahelzone sind besonders betroffen.<\/p>\n\n\n\n<div class=\"wp-block-image\"><figure class=\"alignright is-resized\"><a href=\"https:\/\/erlassjahr.de\/wordpress\/wp-content\/uploads\/2020\/01\/SR20-online-.pdf\" target=\"_blank\" rel=\"noreferrer noopener\"><img decoding=\"async\" src=\"https:\/\/www.sinn-schaffen.de\/entwicklung\/wp-content\/uploads\/sites\/14\/2020\/01\/Schuldenreport-2020-T.jpg\" alt=\"\" class=\"wp-image-235\" width=\"320\" srcset=\"https:\/\/www.sinn-schaffen.de\/entwicklung\/wp-content\/uploads\/sites\/14\/2020\/01\/Schuldenreport-2020-T.jpg 599w, https:\/\/www.sinn-schaffen.de\/entwicklung\/wp-content\/uploads\/sites\/14\/2020\/01\/Schuldenreport-2020-T-212x300.jpg 212w\" sizes=\"(max-width: 599px) 100vw, 599px\" \/><\/a><\/figure><\/div>\n\n\n\n<p>Das deutsche Entschuldungsb\u00fcndnis erlassjahr.de und\nMISEREOR, das Werk f\u00fcr Entwicklungszusammenarbeit, haben heute in Berlin die\naktuellen Zahlen zur Verschuldungssituation von Entwicklungs- und\nSchwellenl\u00e4ndern pr\u00e4sentiert. J\u00fcrgen Kaiser, Politischer Koordinator von\nerlassjahr.de analysiert: \u201e124 von 154 der von uns untersuchten L\u00e4nder sind\nkritisch verschuldet. In \u00fcber 60 Prozent dieser L\u00e4nder hat sich die Situation\nseit 2014 immer weiter verschlechtert.\u201c Aktuell haben 19 Staaten die Zahlungen\nan ihre ausl\u00e4ndischen Gl\u00e4ubiger ganz oder teilweise eingestellt. \u201eIn den\nvergangenen Jahren waren kleine Staaten wie Somalia, Eritrea oder der Sudan\nzahlungsunf\u00e4hig. Es ist ein weiteres Warnzeichen, dass sich mit Argentinien nun\nauch das erste wirtschaftliche Schwergewicht im teilweisen Zahlungsausfall\nbefindet\u201c, erkl\u00e4rt Kaiser.<\/p>\n\n\n\n<p><strong>Klimakrise versch\u00e4rft\nSchuldenkrise<\/strong><\/p>\n\n\n\n<p>Besonderes Augenmerk richtet der Schuldenreport 2020 auf die\ndoppelte Verwundbarkeit verschuldeter L\u00e4nder, die zudem unter den Folgen des\nKlimawandels leiden. Aktuell warnen die UN vor einer Hungerkrise im s\u00fcdlichen\nAfrika, die auch hoch verschuldete L\u00e4nder wie Mosambik, Sambia und Simbabwe\nbedroht. \u201eDie durch den Klimawandel immer h\u00e4ufiger und heftiger auftretenden\nWetterextreme wie Wirbelst\u00fcrme, Starkregen und D\u00fcrren stellen eine besondere\nGef\u00e4hrdung f\u00fcr die Menschen in hoch verschuldeten L\u00e4ndern dar\u201c, warnt Anika\nSchroeder, Expertin f\u00fcr Internationale Klimapolitik bei MISEREOR. \u201eDurch den\nerdr\u00fcckenden Schuldendienst fehlt Geld, um im Katastrophenfall schnelle und\neffektive Hilfe leisten zu k\u00f6nnen.\u201c Manches Land \u2013 wie etwa Mosambik \u2013 sah sich\nnach Katastrophen gar gezwungen, erneut Kredite aufzunehmen, um die\nKatastrophenhilfe und den Wiederaufbau stemmen zu k\u00f6nnen. \u201eDie Finanzierung von\nWiederaufbau auf Pump birgt aber die gro\u00dfe Gefahr einer Schuldenfalle\u201c, so\nSchroeder weiter.<\/p>\n\n\n\n<div class=\"wp-block-image\"><figure class=\"alignleft is-resized\"><a href=\"https:\/\/www.sinn-schaffen.de\/entwicklung\/wp-content\/uploads\/sites\/14\/2020\/01\/SR20-Auf-einen-Blick.pdf\" target=\"_blank\" rel=\"noreferrer noopener\"><img decoding=\"async\" src=\"https:\/\/www.sinn-schaffen.de\/entwicklung\/wp-content\/uploads\/sites\/14\/2020\/01\/SR20-Auf-einen-Blick.jpg\" alt=\"\" class=\"wp-image-237\" width=\"320\" srcset=\"https:\/\/www.sinn-schaffen.de\/entwicklung\/wp-content\/uploads\/sites\/14\/2020\/01\/SR20-Auf-einen-Blick.jpg 599w, https:\/\/www.sinn-schaffen.de\/entwicklung\/wp-content\/uploads\/sites\/14\/2020\/01\/SR20-Auf-einen-Blick-212x300.jpg 212w\" sizes=\"(max-width: 599px) 100vw, 599px\" \/><\/a><\/figure><\/div>\n\n\n\n<p><strong>Entschuldung nach\nKatastrophen gefordert<\/strong><\/p>\n\n\n\n<p>erlassjahr.de und MISEREOR fordern deshalb eine\nEntschuldungsinitiative f\u00fcr L\u00e4nder, die aufgrund des Klimawandels immer st\u00e4rker\nvon Naturkatastrophen betroffen sind. \u201eEine solche Entschuldungsoption sollte\naus zwei Teilen bestehen\u201c, erkl\u00e4rt J\u00fcrgen Kaiser. \u201eDirekt nach der Katastrophe\nbraucht es einen automatischen Zahlungsstopp der laufenden Schuldenzahlungen.\nIm Anschluss m\u00fcssen umfassende Verhandlungen \u00fcber die Forderungen m\u00f6glichst\naller Gl\u00e4ubiger eingeleitet werden, mit dem Ziel, die Verschuldung auf ein\ntragf\u00e4higes Ma\u00df zu senken. Die Bundesregierung sollte sich im Financing for\nDevelopment-Prozess der Vereinten Nationen und im Internationalen W\u00e4hrungsfonds\nf\u00fcr die Schaffung einer solchen Option einsetzen.\u201c<\/p>\n\n\n\n<figure class=\"wp-block-table\"><table class=\"has-subtle-light-gray-background-color has-background\"><tbody><tr><td width=\"25%\"><a rel=\"noopener noreferrer\" href=\"http:\/\/erlassjahr.de\/mitarbeiter\/juergen-kaiser\/\" target=\"_blank\"><img decoding=\"async\" width=\"180\" class=\"aligncenter wp-image-313\" title=\" \" src=\"https:\/\/www.sinn-schaffen.de\/entwicklung\/wp-content\/uploads\/sites\/14\/2018\/05\/JuergenKaiser-3-300x208.jpg\" alt=\"\"><\/a><\/td><td width=\"75%\">J\u00fcrgen Kaiser ist Politischer Koordinator von <a href=\"http:\/\/erlassjahr.de\/\" target=\"_blank\" rel=\"noopener noreferrer\">erlassjahr.de.<\/a><\/td><\/tr><tr><td><\/td><td><a href=\"http:\/\/erlassjahr.de\/\" target=\"_blank\" rel=\"noopener noreferrer\"><img decoding=\"async\" class=\"aligncenter wp-image-313\" title=\" \" src=\"https:\/\/www.sinn-schaffen.de\/entwicklung\/wp-content\/uploads\/sites\/14\/2018\/05\/erlassjahr-Logo-300x152.png\" alt=\"\" width=\"180\"><\/a><\/td><\/tr><\/tbody><\/table><\/figure>\n\n\n\n<p>Eine Entschuldungsinitiative sei dringend notwendig, da es\ntrotz seit Jahren steigender Verschuldung noch immer kein international\nkoordiniertes Verfahren zur Bew\u00e4ltigung neuerlicher Schuldenkrisen gibt. Und\ndas, obwohl dies von der Zivilgesellschaft und von regionalen Initiativen wie\nder Gruppe der Niedrigeinkommensl\u00e4nder und der Karibischen Staatengemeinschaft\nin der UNO immer wieder gefordert wird.<\/p>\n\n\n\n<figure class=\"wp-block-table\"><table class=\"has-subtle-light-gray-background-color has-background\"><tbody><tr><td width=\"25%\"><a rel=\"noopener noreferrer\" href=\"https:\/\/blog.misereor.de\/author\/schroeder\/\" target=\"_blank\"><img decoding=\"async\" width=\"180\" class=\"aligncenter wp-image-313\" title=\"Foto: MISEREOR.\" src=\"https:\/\/www.sinn-schaffen.de\/entwicklung\/wp-content\/uploads\/sites\/14\/2020\/01\/Anika-Schroeder.jpg\" alt=\"\"><\/a><\/td><td width=\"75%\">JAnika Schroeder ist Expertin f\u00fcr Internationale Klimapolitik beim <a href=\"https:\/\/www.misereor.de\/\" target=\"_blank\" rel=\"noopener noreferrer\">Bisch\u00f6flichen Hilfswerk MISEREOR<\/a>.<\/a><\/td><\/tr><tr><td><\/td><td><a href=\"https:\/\/www.misereor.de\/\" target=\"_blank\" rel=\"noopener noreferrer\"><img decoding=\"async\" class=\"aligncenter wp-image-313\" title=\" \" src=\"https:\/\/www.sinn-schaffen.de\/entwicklung\/wp-content\/uploads\/sites\/14\/2018\/05\/misereor_logo.png\" alt=\"\" width=\"180\"><\/a><\/td><\/tr><\/tbody><\/table><\/figure>\n\n\n\n<p>Anika Schroeder erkl\u00e4rt: \u201eBisher gibt es keine Entsch\u00e4digung\nf\u00fcr Entwicklungsl\u00e4nder, die die Klimakrise ausbaden, aber am wenigsten zu ihrer\nEntstehung beigetragen haben.\u201c Stattdessen scheiterten die Verhandlungen unter\ndem Pariser Abkommen zum sogenannten \u201aWarschau Mechanismus\u2018, der bei\nkurzfristigen Sch\u00e4den und langfristigen Verlusten infolge der Klimakrise\nunterst\u00fctzend wirken soll. \u201eEine Entschuldungsinitiative f\u00fcr besonders von der\nKlimakrise betroffene Staaten ist ein \u00fcberf\u00e4lliger, konkreter Schritt und\nk\u00f6nnte verh\u00e4rtete Verhandlungsfronten aufweichen und Mut machen, um weitere\nneue, kreative Wege abseits ausgetretener Pfade zu beschreiten.\u201c<\/p>\n\n\n\n<p><strong>Der Schuldenreport\n2020 enth\u00e4lt folgende Artikel:<\/strong><\/p>\n\n\n\n<ul class=\"wp-block-list\"><li>Die globale Schuldenkrise in Zeiten des\nKlimawandels, <em>von Pirmin Spiegel und Eva-Maria\nHartmann.<\/em><\/li><li>Verschuldete Staaten weltweit, <em>von J\u00fcrgen Kaiser.<\/em><\/li><li>Deutschland als Gl\u00e4ubiger des Globalen S\u00fcdens, <em>von J\u00fcrgen Kaiser.<\/em><\/li><li>Zwischen Weltschmerz und Schlafwandeln: wie\nStaaten weltweit unvorbereitet in die n\u00e4chste Schuldenkrise geraten, <em>von Kristina Rehbein.<\/em><\/li><li>Wenn der Klimawandel zur Schuldenfalle wird: mit\nSchuldenerlass Sch\u00e4den und Verluste bew\u00e4ltigen, <em>von J\u00fcrgen Kaiser.<\/em><\/li><\/ul>\n\n\n\n<figure class=\"wp-block-table\"><table class=\"has-subtle-light-gray-background-color has-background\"><tbody><tr><td width=\"25%\"><a rel=\"noopener noreferrer\" href=\"https:\/\/erlassjahr.de\/wordpress\/wp-content\/uploads\/2020\/01\/SR20-online-.pdf\" target=\"_blank\"><img decoding=\"async\" title=\" \" width=\"180\" class=\"aligncenter wp-image-313\" src=\"https:\/\/www.sinn-schaffen.de\/entwicklung\/wp-content\/uploads\/sites\/14\/2020\/01\/Schuldenreport-2020-T.jpg\" alt=\"\"><\/a><\/td><td width=\"75%\">Der &#8222;Schuldenreport 2020&#8220; steht <a href=\"https:\/\/erlassjahr.de\/wordpress\/wp-content\/uploads\/2020\/01\/SR20-online-.pdf\" target=\"_blank\" rel=\"noopener noreferrer\">\u00fcber diesen Link<\/a> zum Download als PDF bereit.<\/td><\/tr><\/tbody><\/table><\/figure>\n","protected":false},"excerpt":{"rendered":"<p>Schuldenreport 2020 zeigt weitere Versch\u00e4rfung der Schuldenkrise Durch den Klimawandel immer h\u00e4ufiger und heftiger auftretende Wetterextreme wie Wirbelst\u00fcrme, Starkregen und D\u00fcrren stellen eine besondere Gef\u00e4hrdung f\u00fcr die Menschen in hoch verschuldeten L\u00e4ndern dar. Durch den erdr\u00fcckenden Schuldendienst fehlt Geld, um im Katastrophenfall schnelle und effektive Hilfe leisten zu k\u00f6nnen. Bisher gibt es keine Entsch\u00e4digung f\u00fcr <a href='https:\/\/www.sinn-schaffen.de\/entwicklung\/schuldenreport-2020-2\/' class='excerpt-more'>[&#8230;]<\/a><\/p>\n","protected":false},"author":1,"featured_media":0,"parent":0,"menu_order":29,"comment_status":"closed","ping_status":"closed","template":"","meta":{"footnotes":""},"class_list":["post-242","page","type-page","status-publish","hentry","post-seq-1","post-parity-odd","meta-position-left-pullout","fix"],"_links":{"self":[{"href":"https:\/\/www.sinn-schaffen.de\/entwicklung\/wp-json\/wp\/v2\/pages\/242","targetHints":{"allow":["GET"]}}],"collection":[{"href":"https:\/\/www.sinn-schaffen.de\/entwicklung\/wp-json\/wp\/v2\/pages"}],"about":[{"href":"https:\/\/www.sinn-schaffen.de\/entwicklung\/wp-json\/wp\/v2\/types\/page"}],"author":[{"embeddable":true,"href":"https:\/\/www.sinn-schaffen.de\/entwicklung\/wp-json\/wp\/v2\/users\/1"}],"replies":[{"embeddable":true,"href":"https:\/\/www.sinn-schaffen.de\/entwicklung\/wp-json\/wp\/v2\/comments?post=242"}],"version-history":[{"count":4,"href":"https:\/\/www.sinn-schaffen.de\/entwicklung\/wp-json\/wp\/v2\/pages\/242\/revisions"}],"predecessor-version":[{"id":351,"href":"https:\/\/www.sinn-schaffen.de\/entwicklung\/wp-json\/wp\/v2\/pages\/242\/revisions\/351"}],"wp:attachment":[{"href":"https:\/\/www.sinn-schaffen.de\/entwicklung\/wp-json\/wp\/v2\/media?parent=242"}],"curies":[{"name":"wp","href":"https:\/\/api.w.org\/{rel}","templated":true}]}}