{"id":424,"date":"2020-10-08T18:26:18","date_gmt":"2020-10-08T16:26:18","guid":{"rendered":"https:\/\/www.sinn-schaffen.de\/entwicklung\/?page_id=424"},"modified":"2020-10-08T18:28:35","modified_gmt":"2020-10-08T16:28:35","slug":"atlas-der-staatenlosen-daten-und-fakten-ueber-ausgrenzung-und-vertreibung","status":"publish","type":"page","link":"https:\/\/www.sinn-schaffen.de\/entwicklung\/atlas-der-staatenlosen-daten-und-fakten-ueber-ausgrenzung-und-vertreibung\/","title":{"rendered":"Atlas der Staatenlosen: Daten und Fakten \u00fcber Ausgrenzung und Vertreibung"},"content":{"rendered":"\n<p><em>Staatenlose sind Menschen, die besonders verletzlich sind, weil kein Staat sie sch\u00fctzt und sie keinen Zugang zu grundlegenden Rechten haben. Sie existieren nicht auf dem Papier, erscheinen kaum in Statistiken und leben meist am Rande der Gesellschaft ohne Zugang zu grundlegenden staatlichen Leistungen, wie zum Beispiel Gesundheitsversorgung. Staatenlosigkeit ist eine extreme Form der Ausgrenzung, der mit relativ einfachen rechtlichen Mitteln abgeholfen werden k\u00f6nnte.<\/em><\/p>\n\n\n\n<p><strong>(Berlin, 8. Oktober 2020)<\/strong> Heute hat die Rosa-Luxemburg-Stiftung den aktuellen \u201eAtlas der Staatenlosen\u201c vorgestellt. Anhand von L\u00e4nderbeispielen wird das Thema Staatenlosigkeit in all seinen Facetten sichtbar gemacht. 53 Grafiken visualisieren die vielf\u00e4ltigen Ursachen und Konsequenzen von Staatenlosigkeit und geben einen Einblick in die Situation von Staatenlosen in 19 L\u00e4ndern. Sechs Themenartikel erg\u00e4nzen das umfangreiche Grafikmaterial.<\/p>\n\n\n\n<p>\u201eStaatenlose sind Menschen, die besonders verletzlich sind, weil kein Staat sie sch\u00fctzt und sie keinen Zugang zu grundlegenden Rechten haben. Sie existieren nicht auf dem Papier, erscheinen kaum in Statistiken und leben meist am Rande der Gesellschaft ohne Zugang zu grundlegenden staatlichen Leistungen, wie zum Beispiel Gesundheitsversorgung\u201c, sagt Daniela Trochowski, Gesch\u00e4ftsf\u00fchrerin der Rosa-Luxemburg-Stiftung. Zudem seien sie aufgrund ihres Status oftmals von Inhaftierung oder Abschiebung bedroht, was f\u00fcr viele ein Leben in st\u00e4ndiger Angst bedeute. \u201eEin Ansatz, um Staatenlosigkeit zu beenden kann das Konzept der \u201aGlobalen Sozialen Rechte\u2018 sein, das unabh\u00e4ngig von Herkunft, Wohnort, Geschlecht, Hautfarbe oder kultureller Pr\u00e4gung gleiche Rechte f\u00fcr alle Menschen fordert.\u201c<\/p>\n\n\n\n<figure class=\"wp-block-table\"><table class=\"has-subtle-light-gray-background-color has-background\"><tbody><tr><td width=\"25%\"><a rel=\"noopener noreferrer\" href=\"https:\/\/www.rosalux.de\/profil\/es_detail\/PKDTQWQD9Y\/daniela-trochowski?cHash=71bbef983ef545b26cb75c8d035df833\" target=\"_blank\"><img decoding=\"async\" class=\"aligncenter wp-image-313\" title=\"Foto: MdF \/ J.Bergmann.\" src=\"https:\/\/www.sinn-schaffen.de\/entwicklung\/wp-content\/uploads\/sites\/14\/2020\/10\/Daniela-Trochowski-by-MdF-JBergmann.png\" alt=\"\" width=\"180\"><\/a><\/td><td width=\"75%\">Daniela Trochowski ist Gesch\u00e4ftsf\u00fchrendes Vorstandsmitglied der <a href=\"https:\/\/www.rosalux.de\/\" target=\"_blank\" rel=\"noopener noreferrer\">Rosa-Luxemburg-Stiftung<\/a>.<\/td><\/tr><tr><td><\/td><td><a href=\"https:\/\/www.rosalux.de\/\" target=\"_blank\" rel=\"noopener noreferrer\"><img decoding=\"async\" class=\"aligncenter wp-image-313\" title=\" \" src=\"https:\/\/www.sinn-schaffen.de\/entwicklung\/wp-content\/uploads\/sites\/14\/2020\/10\/RLS_Export-Logo_de.jpg\" alt=\"\" width=\"180\"><\/a><\/td><\/tr><\/tbody><\/table><\/figure>\n\n\n\n<p>Zu Beginn des Projekts \u201eAtlas der Staatenlosen\u201c schien es kaum vorstellbar, dass sich die Situation f\u00fcr die Betroffenen noch weiter verschlechtern k\u00f6nnte \u2013 dann kam die weltweite Corona-Pandemie. Ohne Zugang zu Unterst\u00fctzungsangeboten und zu Angeboten der Grundversorgung sind insbesondere Staatenlose bedroht, in noch gr\u00f6\u00dfere Not zu geraten.<\/p>\n\n\n\n<p>4,2 Millionen Staatenlose sind beim UN-Fl\u00fcchtlingshilfswerk UNHCR aufgrund der Berichterstattung aus den UN-Mitgliedsl\u00e4ndern registriert. Die tats\u00e4chlichen Zahlen d\u00fcrften jedoch weitaus gr\u00f6\u00dfer sein. Wie viele Menschen weltweit staatenlos sind, l\u00e4sst sich nur schwer sch\u00e4tzen, denn die Datengrundlage ist l\u00fcckenhaft. Auch in Deutschland gibt es kein spezielles Verfahren, um das Ausma\u00df von Staatenlosigkeit festzustellen.<\/p>\n\n\n\n<p>\u201eStaatenlosigkeit ist eine extreme Form der Ausgrenzung, der mit relativ einfachen rechtlichen Mitteln abgeholfen werden kann. Der vorliegende Atlas steigert das Bewusstsein f\u00fcr die Thematik und ist eine willkommene Unterst\u00fctzung der UNHCR-Kampagne zur Beendigung der Staatenlosigkeit\u201c, sagt Matthias Reu\u00df, Senior Statelessness Officer des UNHCR-Regionalb\u00fcros f\u00fcr Asien und den Pazifik.<\/p>\n\n\n\n<figure class=\"wp-block-table\"><table class=\"has-subtle-light-gray-background-color has-background\"><tbody><tr><td width=\"25%\"><a rel=\"noopener noreferrer\" href=\"https:\/\/www.rosalux.de\/fileadmin\/rls_uploads\/pdfs\/sonst_publikationen\/atlasderstaatenlosen2020_web_200919.pdf\" target=\"_blank\"><img decoding=\"async\" title=\" \" width=\"180\" class=\"aligncenter wp-image-313\" src=\"https:\/\/www.sinn-schaffen.de\/entwicklung\/wp-content\/uploads\/sites\/14\/2020\/10\/atlasderstaatenlosen2020_web_200919-T.jpg\" alt=\"\"><\/a><\/td><td width=\"75%\">Der &#8222;Atlas der Staatenlosen&#8220; steht \u00fcber <a href=\"https:\/\/www.rosalux.de\/fileadmin\/rls_uploads\/pdfs\/sonst_publikationen\/atlasderstaatenlosen2020_web_200919.pdf\" target=\"_blank\" rel=\"noopener noreferrer\">diesen Link zum Download als PDF<\/a> bereit.<\/td><\/tr><\/tbody><\/table><\/figure>\n\n\n\n<figure class=\"wp-block-image size-large\"><a href=\"https:\/\/www.sinn-schaffen.de\/entwicklung\/wp-content\/uploads\/sites\/14\/2020\/10\/atlasderstaatenlosen2020-Inhalt.pdf\" target=\"_blank\" rel=\"noopener noreferrer\"><img loading=\"lazy\" decoding=\"async\" width=\"599\" height=\"846\" src=\"https:\/\/www.sinn-schaffen.de\/entwicklung\/wp-content\/uploads\/sites\/14\/2020\/10\/atlasderstaatenlosen2020-Inhalt-1.jpg\" alt=\"\" class=\"wp-image-421\" srcset=\"https:\/\/www.sinn-schaffen.de\/entwicklung\/wp-content\/uploads\/sites\/14\/2020\/10\/atlasderstaatenlosen2020-Inhalt-1.jpg 599w, https:\/\/www.sinn-schaffen.de\/entwicklung\/wp-content\/uploads\/sites\/14\/2020\/10\/atlasderstaatenlosen2020-Inhalt-1-212x300.jpg 212w\" sizes=\"auto, (max-width: 599px) 100vw, 599px\" \/><\/a><\/figure>\n","protected":false},"excerpt":{"rendered":"<p>Staatenlose sind Menschen, die besonders verletzlich sind, weil kein Staat sie sch\u00fctzt und sie keinen Zugang zu grundlegenden Rechten haben. Sie existieren nicht auf dem Papier, erscheinen kaum in Statistiken und leben meist am Rande der Gesellschaft ohne Zugang zu grundlegenden staatlichen Leistungen, wie zum Beispiel Gesundheitsversorgung. Staatenlosigkeit ist eine extreme Form der Ausgrenzung, der <a href='https:\/\/www.sinn-schaffen.de\/entwicklung\/atlas-der-staatenlosen-daten-und-fakten-ueber-ausgrenzung-und-vertreibung\/' class='excerpt-more'>[&#8230;]<\/a><\/p>\n","protected":false},"author":1,"featured_media":0,"parent":0,"menu_order":16,"comment_status":"closed","ping_status":"closed","template":"","meta":{"footnotes":""},"class_list":["post-424","page","type-page","status-publish","hentry","post-seq-1","post-parity-odd","meta-position-left-pullout","fix"],"_links":{"self":[{"href":"https:\/\/www.sinn-schaffen.de\/entwicklung\/wp-json\/wp\/v2\/pages\/424","targetHints":{"allow":["GET"]}}],"collection":[{"href":"https:\/\/www.sinn-schaffen.de\/entwicklung\/wp-json\/wp\/v2\/pages"}],"about":[{"href":"https:\/\/www.sinn-schaffen.de\/entwicklung\/wp-json\/wp\/v2\/types\/page"}],"author":[{"embeddable":true,"href":"https:\/\/www.sinn-schaffen.de\/entwicklung\/wp-json\/wp\/v2\/users\/1"}],"replies":[{"embeddable":true,"href":"https:\/\/www.sinn-schaffen.de\/entwicklung\/wp-json\/wp\/v2\/comments?post=424"}],"version-history":[{"count":1,"href":"https:\/\/www.sinn-schaffen.de\/entwicklung\/wp-json\/wp\/v2\/pages\/424\/revisions"}],"predecessor-version":[{"id":425,"href":"https:\/\/www.sinn-schaffen.de\/entwicklung\/wp-json\/wp\/v2\/pages\/424\/revisions\/425"}],"wp:attachment":[{"href":"https:\/\/www.sinn-schaffen.de\/entwicklung\/wp-json\/wp\/v2\/media?parent=424"}],"curies":[{"name":"wp","href":"https:\/\/api.w.org\/{rel}","templated":true}]}}