{"id":484,"date":"2021-06-05T15:58:13","date_gmt":"2021-06-05T13:58:13","guid":{"rendered":"https:\/\/www.sinn-schaffen.de\/entwicklung\/?page_id=484"},"modified":"2021-06-05T15:58:14","modified_gmt":"2021-06-05T13:58:14","slug":"diakonie-deutschland-brot-fuer-die-welt-und-diakonie-hessen-geben-studie-zu-abgeschobenen-afghanen-heraus-und-fordern-sofortigen-abschiebestopp","status":"publish","type":"page","link":"https:\/\/www.sinn-schaffen.de\/entwicklung\/diakonie-deutschland-brot-fuer-die-welt-und-diakonie-hessen-geben-studie-zu-abgeschobenen-afghanen-heraus-und-fordern-sofortigen-abschiebestopp\/","title":{"rendered":"Diakonie Deutschland, Brot f\u00fcr die Welt und Diakonie Hessen geben Studie zu abgeschobenen Afghanen heraus und fordern sofortigen Abschiebestopp"},"content":{"rendered":"\n<p><em>Abgeschobenen afghanischen Menschen drohen Gefahr f\u00fcr Leib und Leben, Verelendung und Verfolgung. Unter anderem wird ihnen wegen der Flucht nach Europa Verrat, Verwestlichung, unmoralisches Verhalten oder die Abkehr vom Islam vorgeworfen. Auch die Familien von Europa-R\u00fcckkehrern sind gef\u00e4hrdet; vor diesem Hintergrund fehlt den R\u00fcckkehrern vielfach das \u00fcberlebenswichtige famili\u00e4re Netz.<\/em><\/p>\n\n\n\n<hr>\n<img decoding=\"async\" class=\"alignleft wp-image-313\" title=\"Grafik: Nata Uchava, Michael Wildberger.\" src=\"https:\/\/www.sinn-schaffen.de\/entwicklung\/wp-content\/uploads\/sites\/14\/2021\/06\/NU-Diakonie-Afghanistan.jpg\" alt=\"\" width=\"1024\">\n<hr>\n&nbsp;\n\n\n\n<p><strong>(Berlin, 4. Juni 2021)<\/strong> Die Diakonie Deutschland, Brot f\u00fcr die Welt und die Diakonie Hessen fordern einen sofortigen Abschiebestopp nach Afghanistan. Einer am Freitag, den 4. Juni 2021 ver\u00f6ffentlichten Studie der Sozialwissenschaftlerin und Afghanistan-Expertin Friederike Stahlmann zufolge drohen abgeschobenen Afghanen Gefahr f\u00fcr Leib und Leben, Verelendung und Verfolgung. Unter anderem werde ihnen wegen der Flucht nach Europa Verrat, Verwestlichung, unmoralisches Verhalten oder die Abkehr vom Islam vorgeworfen. Auch die Familien von Europa-R\u00fcckkehrern sind der Studie zufolge gef\u00e4hrdet. Vor diesem Hintergrund fehlt den R\u00fcckkehrern vielfach das \u00fcberlebenswichtige famili\u00e4re Netz. Bis auf einen Betroffenen haben alle bekannten Abgeschobenen das Land wieder verlassen oder planen dies. Zwei von ihnen haben Suizid begangen.<\/p>\n\n\n\n<p>Die Studie \u201eErfahrungen und Perspektiven abgeschobener Afghanen im Kontext aktueller politischer und wirtschaftlicher Entwicklungen Afghanistans\u201c ist im Auftrag der Diakonie Deutschland, Brot f\u00fcr die Welt und der Diakonie Hessen entstanden. Die Untersuchung basiert auf einer mehrj\u00e4hrigen Forschung und dokumentiert die Erfahrungen von 113 der 908 zwischen Dezember 2016 und M\u00e4rz 2020 aus Deutschland abgeschobenen Afghanen.<\/p>\n\n\n\n<p>Diakonie-Pr\u00e4sident Ulrich Lilie: \u201eWir gef\u00e4hrden sehenden Auges das Leben dieser Menschen durch Abschiebungen nach Afghanistan und setzen sie der Gefahr lebensbedrohlicher Verletzungen und Verelendung aus. Dies ist mit der Europ\u00e4ischen Menschenrechtskonvention unvereinbar. Wir fordern die Bundesregierung auf, gemeinsam mit den Bundesl\u00e4ndern einen generellen, bundesweiten Abschiebestopp nach Afghanistan zu beschlie\u00dfen. Der geplante Abschiebeflug am 8. Juni muss unterbleiben, die bereits inhaftierten Betroffenen m\u00fcssen aus der Abschiebehaft freigelassen werden. Menschen dorthin abzuschieben, ist grob fahrl\u00e4ssig und bringt auch die dortigen sozialen und famili\u00e4ren Netzwerke der Betroffenen in Gefahr.\u201c<\/p>\n\n\n\n<p>Die Pr\u00e4sidentin von Brot f\u00fcr die Welt, Dagmar Pruin, mahnt an: \u201eDie Lage im kriegs- und krisengebeutelten Afghanistan ist seit Jahren dramatisch und hat sich pandemiebedingt noch weiter verschlechtert. Die eskalierende Dynamik der massiven Verelendung der Bev\u00f6lkerung und die Sicherheitslage m\u00fcssen zu einer Neubewertung auch des Ausw\u00e4rtigen Amts f\u00fchren. Es ist nun erstmals in umfangreicher Recherche belegt: Die meisten der Abgeschobenen sind erneut geflohen und befinden sich derzeit in verzweifelter Lage in L\u00e4ndern wie Iran, Pakistan, T\u00fcrkei und Indien \u2013keineswegs sichere Aufenthaltsorte f\u00fcr afghanische Staatsangeh\u00f6rige. Der derzeitige NATO-Truppenabzug droht die Sicherheitslage weiter zu versch\u00e4rfen.\u201c<\/p>\n\n\n\n<p>Carsten Tag, Vorstandsvorsitzender der Diakonie Hessen: \u201eDie Ergebnisse unserer Studie m\u00fcssen nun auch Konsequenzen f\u00fcr die rund 30.000 Ausreisepflichtigen aus Afghanistan haben. Sie sind zum Teil trotz einer Duldung hierzulande gut integriert und gehen einer Besch\u00e4ftigung oder einer Ausbildung nach. Das BAMF muss jetzt seine Entscheidungspraxis zu Afghanistan \u00fcberdenken und es nicht den Gerichten \u00fcberlassen, Menschen vor der Abschiebung zu bewahren. Vielmehr sollte ihnen von Anfang an die Bleibeperspektive auch rechtlich zugesichert sein. Allein im Jahr 2020 wurde in \u00fcber 21.000 F\u00e4llen ein Widerruf der Fl\u00fcchtlingseigenschaft f\u00fcr afghanische Gefl\u00fcchtete gepr\u00fcft. Das ist angesichts der derzeitigen Lage in Afghanistan absurd und verhindert das Ankommen in der Gesellschaft.\u201c<\/p>\n\n\n\n<p>Der Verwaltungsgerichtshof Baden-W\u00fcrttemberg hat in einer am 3. Februar 2021 ver\u00f6ffentlichten Grundsatzentscheidung festgestellt, dass alleinstehende gesunde M\u00e4nner im arbeitsf\u00e4higen Alter nicht abgeschoben werden d\u00fcrfen, wenn weder ein soziales oder famili\u00e4res Netzwerk noch sonstige beg\u00fcnstigende Umst\u00e4nde vorliegen. Die neue Studie belegt nun, dass die Wahrscheinlichkeit f\u00fcr ein aufnahmewilliges soziales oder famili\u00e4res Netzwerk sehr gering ist, denn die Unterst\u00fctzung Abgeschobener stellt aufgrund der weitverbreiteten Kollektivhaftung auch f\u00fcr ihre Familien eine erhebliche Gefahr dar. \u201eBetroffene Familien versuchen entweder, sich zu sch\u00fctzen, indem sie den Kontakt verweigern, oder Abgeschobene m\u00fcssen versteckt bleiben. Dieser soziale Ausschluss aufgrund der spezifischen Sicherheitsrisiken macht eine Reintegration oder eine Existenzgr\u00fcndung f\u00fcr Abgeschobene auch unabh\u00e4ngig von der derzeitigen Eskalation der Not nahezu unm\u00f6glich. Der Schutz des Lebens ist nicht garantiert, Abschiebungen nach Afghanistan m\u00fcssen gestoppt werden\u201c, so die Herausgeber.<\/p>\n\n\n\n<figure class=\"wp-block-table\"><table class=\"has-subtle-light-gray-background-color has-background\"><tbody><tr><td width=\"25%\"><a rel=\"noopener noreferrer\" href=\"https:\/\/www.brot-fuer-die-welt.de\/ueber-uns\/personen\/dagmar-pruin\/\" target=\"_blank\"><img decoding=\"async\" class=\"aligncenter wp-image-313\" title=\"Foto: Brot f\u00fcr die Welt.\" src=\"https:\/\/www.sinn-schaffen.de\/entwicklung\/wp-content\/uploads\/sites\/14\/2021\/05\/Dagmar-Pruin-A.jpg\" alt=\"\" width=\"180\"><\/a><\/td><td width=\"75%\">Dagmar Pruin leitet seit M\u00e4rz 2021 das evangelische Hilfswerk <a href=\"https:\/\/www.brot-fuer-die-welt.de\/\" target=\"_blank\" rel=\"noopener noreferrer\">Brot f\u00fcr die Welt<\/a>.<\/td><\/tr><tr><td><\/td><td><a href=\"https:\/\/www.brot-fuer-die-welt.de\/\" target=\"_blank\" rel=\"noopener noreferrer\"><img decoding=\"async\" class=\"aligncenter wp-image-313\" title=\" \" src=\"https:\/\/www.sinn-schaffen.de\/entwicklung\/wp-content\/uploads\/sites\/14\/2018\/05\/BrotFuerDieWeltLogo.gif\" alt=\"\" width=\"150\"><\/a><\/td><\/tr><\/tbody><\/table><\/figure>\n\n\n\n<figure class=\"wp-block-table\"><table class=\"has-subtle-light-gray-background-color has-background\"><tbody><tr><td width=\"25%\"><a href=\"https:\/\/www.brot-fuer-die-welt.de\/fileadmin\/mediapool\/downloads\/fachpublikationen\/sonstige\/AFG_Monitoring-Studie.pdf\" target=\"_blank\" rel=\"noopener noreferrer\"><img decoding=\"async\" class=\"aligncenter wp-image-313\" title=\" \" src=\"https:\/\/www.sinn-schaffen.de\/entwicklung\/wp-content\/uploads\/sites\/14\/2021\/06\/AFG_Monitoring-Studie-T.jpg\" alt=\"\" width=\"180\"><\/a><\/td><td width=\"75%\">Die Studie &#8222;Erfahrungen und Perspektiven abgeschobener Afghanen im Kontext aktueller politischer und wirtschaftlicher Entwicklungen Afghanistans&#8220; steht <a href=\"https:\/\/www.brot-fuer-die-welt.de\/fileadmin\/mediapool\/downloads\/fachpublikationen\/sonstige\/AFG_Monitoring-Studie.pdf\" target=\"_blank\" rel=\"noopener noreferrer\">\u00fcber diesen Link zum Download als PDF<\/a> bereit.<\/td><\/tr><\/tbody><\/table><\/figure>\n","protected":false},"excerpt":{"rendered":"<p>Abgeschobenen afghanischen Menschen drohen Gefahr f\u00fcr Leib und Leben, Verelendung und Verfolgung. Unter anderem wird ihnen wegen der Flucht nach Europa Verrat, Verwestlichung, unmoralisches Verhalten oder die Abkehr vom Islam vorgeworfen. Auch die Familien von Europa-R\u00fcckkehrern sind gef\u00e4hrdet; vor diesem Hintergrund fehlt den R\u00fcckkehrern vielfach das \u00fcberlebenswichtige famili\u00e4re Netz. &nbsp; (Berlin, 4. Juni 2021) Die <a href='https:\/\/www.sinn-schaffen.de\/entwicklung\/diakonie-deutschland-brot-fuer-die-welt-und-diakonie-hessen-geben-studie-zu-abgeschobenen-afghanen-heraus-und-fordern-sofortigen-abschiebestopp\/' class='excerpt-more'>[&#8230;]<\/a><\/p>\n","protected":false},"author":1,"featured_media":0,"parent":0,"menu_order":7,"comment_status":"closed","ping_status":"closed","template":"","meta":{"footnotes":""},"class_list":["post-484","page","type-page","status-publish","hentry","post-seq-1","post-parity-odd","meta-position-left-pullout","fix"],"_links":{"self":[{"href":"https:\/\/www.sinn-schaffen.de\/entwicklung\/wp-json\/wp\/v2\/pages\/484","targetHints":{"allow":["GET"]}}],"collection":[{"href":"https:\/\/www.sinn-schaffen.de\/entwicklung\/wp-json\/wp\/v2\/pages"}],"about":[{"href":"https:\/\/www.sinn-schaffen.de\/entwicklung\/wp-json\/wp\/v2\/types\/page"}],"author":[{"embeddable":true,"href":"https:\/\/www.sinn-schaffen.de\/entwicklung\/wp-json\/wp\/v2\/users\/1"}],"replies":[{"embeddable":true,"href":"https:\/\/www.sinn-schaffen.de\/entwicklung\/wp-json\/wp\/v2\/comments?post=484"}],"version-history":[{"count":1,"href":"https:\/\/www.sinn-schaffen.de\/entwicklung\/wp-json\/wp\/v2\/pages\/484\/revisions"}],"predecessor-version":[{"id":485,"href":"https:\/\/www.sinn-schaffen.de\/entwicklung\/wp-json\/wp\/v2\/pages\/484\/revisions\/485"}],"wp:attachment":[{"href":"https:\/\/www.sinn-schaffen.de\/entwicklung\/wp-json\/wp\/v2\/media?parent=484"}],"curies":[{"name":"wp","href":"https:\/\/api.w.org\/{rel}","templated":true}]}}