{"id":520,"date":"2021-10-28T18:17:52","date_gmt":"2021-10-28T16:17:52","guid":{"rendered":"https:\/\/www.sinn-schaffen.de\/entwicklung\/?page_id=520"},"modified":"2021-10-28T18:18:32","modified_gmt":"2021-10-28T16:18:32","slug":"tipps-und-orientierung-fuer-faires-reisen-brot-fuer-die-welt-stellt-one-planet-guide-vor","status":"publish","type":"page","link":"https:\/\/www.sinn-schaffen.de\/entwicklung\/tipps-und-orientierung-fuer-faires-reisen-brot-fuer-die-welt-stellt-one-planet-guide-vor\/","title":{"rendered":"Tipps und Orientierung f\u00fcr faires Reisen: Brot f\u00fcr die Welt stellt One Planet Guide vor"},"content":{"rendered":"\n<p><em>Tourism Watch, eine Arbeitsstelle von Brot f\u00fcr die Welt, setzt sich seit Jahren konsequent f\u00fcr einen nachhaltigen, sozial verantwortlichen und begegnungsorientierten Tourismus ein. Der One Planet Guide leistet einen Beitrag zur dringend notwendigen Transformation des Tourismus. Aus entwicklungspolitischer Sicht wird es n\u00f6tig sein, bei in Zukunft selteneren Reisen mehr positive Impulse vor Ort zu setzen.<\/em><\/p>\n\n\n\n<p><strong>(Berlin, 14. Oktober 2021)<\/strong> Fast zehn Millionen Deutsche reisten vor Corona j\u00e4hrlich in ein Entwicklungs- oder Schwellenland. Gerade die Fernreisen nach Asien, Afrika und Lateinamerika sind pandemiebedingt 2020 und 2021 nahezu vollst\u00e4ndig ausgefallen. Vor der f\u00fcr diese L\u00e4nder wirtschaftlich wichtigen Wintersaison steigt in Deutschland die Reiselust merklich an. Gleichzeitig ist aber auch das Interesse an Nachhaltigkeit und das Bewusstsein f\u00fcr den Klimawandel gewachsen.<\/p>\n\n\n\n<p>Mit dem <a href=\"https:\/\/www.brot-fuer-die-welt.de\/fair-reisen\/\" target=\"_blank\" rel=\"noreferrer noopener\">One Planet Guide, einem neuen interaktiven Online-Angebot<\/a>, bietet Brot f\u00fcr die Welt einen praktischen Begleiter von der Urlaubsplanung \u00fcber das Reiseerlebnis vor Ort bis zum In-Kontakt-Bleiben nach den Ferien. \u201eDer One Planet Guide leistet einen Beitrag zur dringend notwendigen Transformation des Tourismus\u201c, sagt Antje Monshausen, Tourismusexpertin bei Brot f\u00fcr die Welt. \u201eMit Blick auf den Klimawandel ist klar: Wir sollten wesentlich seltener reisen und Fl\u00fcge drastisch reduzieren. Aus entwicklungspolitischer Sicht wird es aber n\u00f6tig sein, dass diese selteneren Reisen dann mehr positive Impulse vor Ort setzen.\u201c Der One Planet Guide zeigt, dass R\u00fccksicht auf Umwelt und Soziales nicht Komfortverzicht bedeutet, sondern zum Beispiel durch die Nutzung lokaler Buchungsplattformen eine neue Qualit\u00e4t des Reisens erm\u00f6glicht. \u201eMit der Art unseres Reisens k\u00f6nnen wir einen Unterschied machen \u2013 damit wir eine sch\u00f6ne Reise und unsere Gastgeberinnen und Gastgeber die Chance auf ein besseres Leben haben.\u201c<\/p>\n\n\n\n<p>Mit ansprechenden Illustrationen, inspirierenden Reisetipps und gut recherchiertem Wissen mit Aha-Effekt hilft der One Planet Guide, die Auswirkungen des eigenen Reiseverhaltens unterhaltsam einzuordnen. Er zeigt, wie man Greenwashing von nachhaltigem Unternehmensengagement unterscheidet, gibt Tipps zum Ressourcensparen bei Anreise und vor Ort sowie Orientierung zum Umgang mit fliegenden H\u00e4ndlerinnen und H\u00e4ndlern oder beim Besuch spiritueller Orte. Sharepics mit witzigen Spr\u00fcchen und eine intuitive Bedienbarkeit am Schreibtisch und unterwegs laden dazu ein, die gesammelten Tipps in den sozialen Netzwerken zu teilen.<\/p>\n\n\n\n<p>In Zeiten von Corona bedeutet verantwortungsvolles Reisen auch, sich und andere zu sch\u00fctzen, zumal fast alle Reisel\u00e4nder im globalen S\u00fcden eine deutlich niedrigere Impfquote als Deutschland haben. \u201eReisende sollten sich so verhalten, als ob sie eine Freundin oder einen Verwandten ohne Impfschutz besuchen\u201c, r\u00e4t Monshausen. Um nicht unwissentlich eine Infektion mit ins Reiseland zu bringen, sollten sie doppelt geimpft sein und sich vor der Reise einige Tage isolieren. Auch regelm\u00e4\u00dfige Selbsttests im Urlaub durchzuf\u00fchren und auf Abstand und Hygieneregeln zu achten, leistet einen wichtigen Beitrag gegen die Ausbreitung des Corona-Virus durch den wieder startenden Tourismus.<\/p>\n\n\n\n<p><a href=\"https:\/\/www.tourism-watch.de\/de\" target=\"_blank\" rel=\"noreferrer noopener\">Tourism Watch<\/a>, eine Arbeitsstelle von Brot f\u00fcr die Welt, setzt sich seit Jahren konsequent f\u00fcr einen nachhaltigen, sozial verantwortlichen und begegnungsorientierten Tourismus ein. Der Informationsdienst TourismWatch liefert viertelj\u00e4hrlich Berichte und Hintergr\u00fcnde aus den touristischen Zielgebieten und zu aktuellen entwicklungspolitischen Debatten im Tourismus, zuletzt mit Ausgaben zu Impfgerechtigkeit und zum Klimawandel.<\/p>\n\n\n\n<figure class=\"wp-block-table is-style-regular\"><table><tbody><tr><td><a rel=\"noopener noreferrer\" href=\"https:\/\/www.brot-fuer-die-welt.de\/ueber-uns\/personen\/antje-monshausen\/\" target=\"_blank\"><img decoding=\"async\" class=\"aligncenter wp-image-313\" title=\"Foto: Brot f\u00fcr die Welt.\" src=\"https:\/\/www.sinn-schaffen.de\/entwicklung\/wp-content\/uploads\/sites\/14\/2021\/10\/Monshausen_Antje.jpg\" alt=\"\" width=\"180\"><\/a><\/td><td>Antje Monshausen ist Referentin Tourismus und Entwicklung, Tourism Watch bei <a href=\"https:\/\/www.brot-fuer-die-welt.de\" target=\"_blank\" rel=\"noopener noreferrer\">Brot f\u00fcr die Welt<\/a>.<\/td><\/tr><tr><td><\/td><td><a href=\"https:\/\/www.brot-fuer-die-welt.de\" target=\"_blank\" rel=\"noopener noreferrer\"><img decoding=\"async\" class=\"aligncenter wp-image-313\" title=\" \" src=\"https:\/\/www.sinn-schaffen.de\/entwicklung\/wp-content\/uploads\/sites\/14\/2018\/05\/BrotFuerDieWeltLogo.gif\" alt=\"\" width=\"180\"><\/a><\/td><\/tr><\/tbody><\/table><\/figure>\n","protected":false},"excerpt":{"rendered":"<p>Tourism Watch, eine Arbeitsstelle von Brot f\u00fcr die Welt, setzt sich seit Jahren konsequent f\u00fcr einen nachhaltigen, sozial verantwortlichen und begegnungsorientierten Tourismus ein. Der One Planet Guide leistet einen Beitrag zur dringend notwendigen Transformation des Tourismus. Aus entwicklungspolitischer Sicht wird es n\u00f6tig sein, bei in Zukunft selteneren Reisen mehr positive Impulse vor Ort zu setzen. <a href='https:\/\/www.sinn-schaffen.de\/entwicklung\/tipps-und-orientierung-fuer-faires-reisen-brot-fuer-die-welt-stellt-one-planet-guide-vor\/' class='excerpt-more'>[&#8230;]<\/a><\/p>\n","protected":false},"author":1,"featured_media":0,"parent":0,"menu_order":2,"comment_status":"closed","ping_status":"closed","template":"","meta":{"footnotes":""},"class_list":["post-520","page","type-page","status-publish","hentry","post-seq-1","post-parity-odd","meta-position-left-pullout","fix"],"_links":{"self":[{"href":"https:\/\/www.sinn-schaffen.de\/entwicklung\/wp-json\/wp\/v2\/pages\/520","targetHints":{"allow":["GET"]}}],"collection":[{"href":"https:\/\/www.sinn-schaffen.de\/entwicklung\/wp-json\/wp\/v2\/pages"}],"about":[{"href":"https:\/\/www.sinn-schaffen.de\/entwicklung\/wp-json\/wp\/v2\/types\/page"}],"author":[{"embeddable":true,"href":"https:\/\/www.sinn-schaffen.de\/entwicklung\/wp-json\/wp\/v2\/users\/1"}],"replies":[{"embeddable":true,"href":"https:\/\/www.sinn-schaffen.de\/entwicklung\/wp-json\/wp\/v2\/comments?post=520"}],"version-history":[{"count":2,"href":"https:\/\/www.sinn-schaffen.de\/entwicklung\/wp-json\/wp\/v2\/pages\/520\/revisions"}],"predecessor-version":[{"id":522,"href":"https:\/\/www.sinn-schaffen.de\/entwicklung\/wp-json\/wp\/v2\/pages\/520\/revisions\/522"}],"wp:attachment":[{"href":"https:\/\/www.sinn-schaffen.de\/entwicklung\/wp-json\/wp\/v2\/media?parent=520"}],"curies":[{"name":"wp","href":"https:\/\/api.w.org\/{rel}","templated":true}]}}