{"id":563,"date":"2022-06-10T16:54:54","date_gmt":"2022-06-10T14:54:54","guid":{"rendered":"https:\/\/www.sinn-schaffen.de\/entwicklung\/?page_id=563"},"modified":"2022-06-10T16:54:54","modified_gmt":"2022-06-10T14:54:54","slug":"nach-kohle-und-oelembargo-ansturm-auf-neue-rohstoffquellen-bedroht-menschenrechte-und-umwelt","status":"publish","type":"page","link":"https:\/\/www.sinn-schaffen.de\/entwicklung\/nach-kohle-und-oelembargo-ansturm-auf-neue-rohstoffquellen-bedroht-menschenrechte-und-umwelt\/","title":{"rendered":"Nach Kohle- und \u00d6lembargo: Ansturm auf neue Rohstoffquellen bedroht Menschenrechte und Umwelt"},"content":{"rendered":"\n<p><em>Bei der Suche nach alternativen Quellen f\u00fcr Steinkohle, metallische Rohstoffe und Erd\u00f6l aus Russland geraten zunehmend Regionen in den Fokus, in denen die Rohstoffindustrie zu massiven Menschenrechtsverletzungen und Umweltzerst\u00f6rungen beitr\u00e4gt. Wenn Unternehmen sich jetzt neue Lieferketten aufbauen, muss die EU mit einem Lieferkettengesetz sicherstellen, dass Umwelt und Menschenrechte wirksam gesch\u00fctzt werden, fordert etwa Misereor. Die EU-Kommission hat im Februar 2022 zwar einen Entwurf f\u00fcr ein EU-Lieferkettengesetz vorgelegt, der jedoch noch viele Schlupfl\u00f6cher enth\u00e4lt, wie zahlreiche zivilgesellschaftliche Organisationen aus Deutschland und Europa kritisieren.<\/em><\/p>\n\n\n\n<hr class=\"wp-block-separator has-alpha-channel-opacity\"\/>\n\n\n\n<figure class=\"wp-block-image size-full\"><img loading=\"lazy\" decoding=\"async\" width=\"1024\" height=\"413\" src=\"https:\/\/www.sinn-schaffen.de\/entwicklung\/wp-content\/uploads\/sites\/14\/2022\/06\/NU-220610-lieferketten.jpg\" alt=\"\" class=\"wp-image-559\" title=\"Grafik: Nata Uchava, Michael Wildberger\" srcset=\"https:\/\/www.sinn-schaffen.de\/entwicklung\/wp-content\/uploads\/sites\/14\/2022\/06\/NU-220610-lieferketten.jpg 1024w, https:\/\/www.sinn-schaffen.de\/entwicklung\/wp-content\/uploads\/sites\/14\/2022\/06\/NU-220610-lieferketten-300x121.jpg 300w, https:\/\/www.sinn-schaffen.de\/entwicklung\/wp-content\/uploads\/sites\/14\/2022\/06\/NU-220610-lieferketten-768x310.jpg 768w\" sizes=\"auto, (max-width: 1024px) 100vw, 1024px\" \/><\/figure>\n\n\n\n<hr class=\"wp-block-separator has-alpha-channel-opacity\"\/>\n\n\n\n<p><strong>(Berlin, 9. Juni 2022)<\/strong> Der Angriffskrieg gegen die Ukraine droht, weit \u00fcber die Region hinaus Menschenrechtsverletzungen und Umweltzerst\u00f6rung in Rohstofflieferketten zu bef\u00f6rdern. Davor warnt die <a href=\"https:\/\/lieferkettengesetz.de\/\" target=\"_blank\" rel=\"noreferrer noopener\">\u201eInitiative Lieferkettengesetz\u201c<\/a>, ein Zusammenschluss aus mehr als 130 zivilgesellschaftlichen Organisationen. In einer heute ver\u00f6ffentlichten Analyse zeigt das B\u00fcndnis, wie Bundesregierung und Unternehmen nach alternativen Quellen f\u00fcr Steinkohle, metallische Rohstoffe und Erd\u00f6l aus Russland suchen. Dabei geraten zunehmend Regionen wie Kolumbien oder Indonesien in den Fokus, in denen die Rohstoffindustrie zu massiven Menschenrechtsverletzungen und Umweltzerst\u00f6rungen beitr\u00e4gt. Das letzte Woche beschlossene \u00d6lembargo der EU versch\u00e4rfe diese Entwicklung zus\u00e4tzlich. Wichtig seien daher verbindliche Regeln zum Schutz von Menschenrechten und Umwelt in den Lieferketten, so die Initiative.<\/p>\n\n\n\n<p>\u201eIndigene in Kolumbien d\u00fcrfen nicht zu den Leidtragenden der Sanktionen gegen Putin werden. Wir unterst\u00fctzen die beschlossenen Importstopps von Rohstoffen aus Russland. Wir sind aber besorgt, dass dies auf Kosten von Menschen und Umwelt in den Abbaugebieten geschieht. Ein wirksames EU-Lieferkettengesetz ist dringlicher denn je\u201c, kommentiert Johannes Heeg, Sprecher der Initiative Lieferkettengesetz.<\/p>\n\n\n\n<p>Seit dem EU-Beschluss \u00fcber ein Kohleembargo gegen Russland setzt die Bundesregierung verst\u00e4rkt auf Steinkohle aus Kolumbien. Der dortige Tagebau bedroht das Recht auf Wasser der umliegenden indigenen Gemeinden, Zwangsumsiedlungen und Mordanschl\u00e4ge sind keine Seltenheit. Auch um russisches Erd\u00f6l zu ersetzen, will Deutschland Importe aus anderen L\u00e4ndern steigern. Potenzielle Herkunftsl\u00e4nder wie Nigeria, Kasachstan oder die Vereinigten Arabischen Emirate sind f\u00fcr schwere Umweltsch\u00e4den und Menschenrechtsverletzungen ber\u00fcchtigt. Der franz\u00f6sische Konzern TotalEnergies plant zudem Erd\u00f6lbohrungen und Pipelines in \u00f6kologisch hochsensiblen Regionen in Uganda und Tansania. Um Nickelimporte zu ersetzen, suchen Unternehmen Ersatz aus Indonesien und den Philippinen. In beiden L\u00e4ndern sind Umweltzerst\u00f6rung und Menschenrechtsverletzungen beim Abbau von Nickel weithin bekannt.<\/p>\n\n\n\n<p>\u201eOb Gas aus Katar, Kohle aus Kolumbien oder \u00d6l aus Uganda: Der Krieg in der Ukraine f\u00fchrt zu einem regelrechten Ansturm auf Rohstoffe aus anderen Weltregionen und bedroht dort Menschenrechte und Umwelt. Wenn Unternehmen sich jetzt neue Lieferketten aufbauen, muss die EU mit einem Lieferkettengesetz sicherstellen, dass Umwelt und Menschenrechte wirksam gesch\u00fctzt werden\u201c, betont Pirmin Spiegel, Hauptgesch\u00e4ftsf\u00fchrer von Misereor.<\/p>\n\n\n\n<p>\u201eDer franz\u00f6sische \u00d6lkonzern Total will in Uganda Erd\u00f6l f\u00f6rdern \u2013 mit erheblichen negativen Folgen f\u00fcr \u00d6kosystem und Menschen vor Ort, von denen viele noch auf Entsch\u00e4digung f\u00fcr enteignete Grundst\u00fccke warten. Ein Embargo f\u00fcr russisches \u00d6l darf nicht dazu f\u00fchren, dass wir im Jahr 2022 fossile Megaprojekte wie dieses weiter vorantreiben und f\u00fcr Jahrzehnte unsere Abh\u00e4ngigkeit zementieren. Stattdessen brauchen wir endlich ein EU-Lieferkettengesetz, das Erd\u00f6lunternehmen dazu verpflichtet, Risiken f\u00fcr Mensch und Umwelt zu minimieren und ihr Gesch\u00e4ftsmodell in Einklang mit dem 1,5-Grad-Ziel des Pariser \u00dcbereinkommens zu bringen. Hierzu geh\u00f6rt auch, dass Unternehmen ihren Energie- und Rohstoffverbrauch drastisch senken und einen Beitrag zur Rohstoffwende leisten\u201c, fordert Antje von Broock, Gesch\u00e4ftsf\u00fchrerin des BUND-Bundesverbandes.<\/p>\n\n\n\n<p>Bislang sind deutsche und europ\u00e4ische Unternehmen nicht dazu verpflichtet, in ihren Lieferketten auf die Einhaltung von Menschenrechten und Umweltstandards zu achten: Das deutsche Lieferkettensorgfaltpflichtengesetz tritt erst 2023 in Kraft, eine europaweite Regelung gibt es bislang noch nicht. Die EU-Kommission hatte im Februar 2022 zwar einen Entwurf f\u00fcr ein EU-Lieferkettengesetz vorgelegt. Dieser enth\u00e4lt jedoch noch viele Schlupfl\u00f6cher, wie zahlreiche zivilgesellschaftliche Organisationen aus Deutschland und Europa kritisierten. In ihrem Koalitionsvertrag haben sich SPD, Gr\u00fcne und FDP zu einem \u201ewirksamen EU-Lieferkettengesetz\u201c bekannt.<\/p>\n\n\n\n<p>Misereor und der BUND-Bundesverband geh\u00f6ren zu den mehr 130 Menschenrechts-, Entwicklungs- und Umweltorganisationen, Gewerkschaften und kirchlichen Akteuren, die sich zur <a href=\"https:\/\/lieferkettengesetz.de\/\" target=\"_blank\" rel=\"noreferrer noopener\">Initiative Lieferkettengesetz<\/a> zusammengeschlossen haben.<\/p>\n\n\n\n<div class=\"wp-block-columns is-layout-flex wp-container-core-columns-is-layout-9d6595d7 wp-block-columns-is-layout-flex\">\n<div class=\"wp-block-column is-layout-flow wp-block-column-is-layout-flow\" style=\"flex-basis:33.33%\">\n<figure class=\"wp-block-image size-full\"><a href=\"https:\/\/www.misereor.de\/ueber-uns\/geschaeftsfuehrung\" target=\"_blank\" rel=\"noreferrer noopener\"><img loading=\"lazy\" decoding=\"async\" width=\"431\" height=\"504\" src=\"https:\/\/www.sinn-schaffen.de\/entwicklung\/wp-content\/uploads\/sites\/14\/2020\/12\/Spiegel_Pirmin-von-Olaf-Rohl-MISEREOR-T.jpg\" alt=\"\" class=\"wp-image-447\" srcset=\"https:\/\/www.sinn-schaffen.de\/entwicklung\/wp-content\/uploads\/sites\/14\/2020\/12\/Spiegel_Pirmin-von-Olaf-Rohl-MISEREOR-T.jpg 431w, https:\/\/www.sinn-schaffen.de\/entwicklung\/wp-content\/uploads\/sites\/14\/2020\/12\/Spiegel_Pirmin-von-Olaf-Rohl-MISEREOR-T-257x300.jpg 257w\" sizes=\"auto, (max-width: 431px) 100vw, 431px\" \/><\/a><\/figure>\n<\/div>\n\n\n\n<div class=\"wp-block-column is-layout-flow wp-block-column-is-layout-flow\" style=\"flex-basis:66.66%\">\n<p>Pirmin Spiegel ist Hauptgesch\u00e4ftsf\u00fchrer des <a href=\"https:\/\/www.misereor.de\/\" target=\"_blank\" rel=\"noreferrer noopener\">Bisch\u00f6flichen Hilfswerkes MISEREOR<\/a>.<\/p>\n\n\n\n<figure class=\"wp-block-image size-large is-resized\"><a href=\"https:\/\/www.misereor.de\/\" target=\"_blank\" rel=\"noreferrer noopener\"><img loading=\"lazy\" decoding=\"async\" src=\"https:\/\/www.sinn-schaffen.de\/entwicklung\/wp-content\/uploads\/sites\/14\/2022\/06\/misereor-logo-1024x576.jpg\" alt=\"\" class=\"wp-image-564\" width=\"280\" height=\"157\" srcset=\"https:\/\/www.sinn-schaffen.de\/entwicklung\/wp-content\/uploads\/sites\/14\/2022\/06\/misereor-logo-1024x576.jpg 1024w, https:\/\/www.sinn-schaffen.de\/entwicklung\/wp-content\/uploads\/sites\/14\/2022\/06\/misereor-logo-300x169.jpg 300w, https:\/\/www.sinn-schaffen.de\/entwicklung\/wp-content\/uploads\/sites\/14\/2022\/06\/misereor-logo-768x432.jpg 768w, https:\/\/www.sinn-schaffen.de\/entwicklung\/wp-content\/uploads\/sites\/14\/2022\/06\/misereor-logo.jpg 1200w\" sizes=\"auto, (max-width: 280px) 100vw, 280px\" \/><\/a><\/figure>\n<\/div>\n<\/div>\n\n\n\n<div class=\"wp-block-columns is-layout-flex wp-container-core-columns-is-layout-9d6595d7 wp-block-columns-is-layout-flex\">\n<div class=\"wp-block-column is-layout-flow wp-block-column-is-layout-flow\" style=\"flex-basis:33.33%\">\n<figure class=\"wp-block-image size-full\"><a href=\"https:\/\/lieferkettengesetz.de\/wp-content\/uploads\/2022\/06\/Initiative-Lieferkettengesetz_Briefing-Ukraine-Rohstoffe_final.pdf\" target=\"_blank\" rel=\"noreferrer noopener\"><img loading=\"lazy\" decoding=\"async\" width=\"599\" height=\"846\" src=\"https:\/\/www.sinn-schaffen.de\/entwicklung\/wp-content\/uploads\/sites\/14\/2022\/06\/Initiative-Lieferkettengesetz_Briefing-Ukraine-Rohstoffe_final-T.jpg\" alt=\"\" class=\"wp-image-560\" srcset=\"https:\/\/www.sinn-schaffen.de\/entwicklung\/wp-content\/uploads\/sites\/14\/2022\/06\/Initiative-Lieferkettengesetz_Briefing-Ukraine-Rohstoffe_final-T.jpg 599w, https:\/\/www.sinn-schaffen.de\/entwicklung\/wp-content\/uploads\/sites\/14\/2022\/06\/Initiative-Lieferkettengesetz_Briefing-Ukraine-Rohstoffe_final-T-212x300.jpg 212w\" sizes=\"auto, (max-width: 599px) 100vw, 599px\" \/><\/a><\/figure>\n<\/div>\n\n\n\n<div class=\"wp-block-column is-layout-flow wp-block-column-is-layout-flow\" style=\"flex-basis:66.66%\">\n<p>Ein Briefing der Initiative Lieferkettengesetz, &#8222;Der Ukrainekrieg und die Rohstoffe: Warum wir jetzt erst recht ein wirksames EU-Lieferkettengesetz brauchen&#8220;, steht <a href=\"https:\/\/lieferkettengesetz.de\/wp-content\/uploads\/2022\/06\/Initiative-Lieferkettengesetz_Briefing-Ukraine-Rohstoffe_final.pdf\" target=\"_blank\" rel=\"noreferrer noopener\">\u00fcber diesen Link zum Download als PDF<\/a> bereit.<\/p>\n<\/div>\n<\/div>\n","protected":false},"excerpt":{"rendered":"<p>Bei der Suche nach alternativen Quellen f\u00fcr Steinkohle, metallische Rohstoffe und Erd\u00f6l aus Russland geraten zunehmend Regionen in den Fokus, in denen die Rohstoffindustrie zu massiven Menschenrechtsverletzungen und Umweltzerst\u00f6rungen beitr\u00e4gt. Wenn Unternehmen sich jetzt neue Lieferketten aufbauen, muss die EU mit einem Lieferkettengesetz sicherstellen, dass Umwelt und Menschenrechte wirksam gesch\u00fctzt werden, fordert etwa Misereor. Die <a href='https:\/\/www.sinn-schaffen.de\/entwicklung\/nach-kohle-und-oelembargo-ansturm-auf-neue-rohstoffquellen-bedroht-menschenrechte-und-umwelt\/' class='excerpt-more'>[&#8230;]<\/a><\/p>\n","protected":false},"author":1,"featured_media":0,"parent":0,"menu_order":0,"comment_status":"closed","ping_status":"closed","template":"","meta":{"footnotes":""},"class_list":["post-563","page","type-page","status-publish","hentry","post-seq-1","post-parity-odd","meta-position-left-pullout","fix"],"_links":{"self":[{"href":"https:\/\/www.sinn-schaffen.de\/entwicklung\/wp-json\/wp\/v2\/pages\/563","targetHints":{"allow":["GET"]}}],"collection":[{"href":"https:\/\/www.sinn-schaffen.de\/entwicklung\/wp-json\/wp\/v2\/pages"}],"about":[{"href":"https:\/\/www.sinn-schaffen.de\/entwicklung\/wp-json\/wp\/v2\/types\/page"}],"author":[{"embeddable":true,"href":"https:\/\/www.sinn-schaffen.de\/entwicklung\/wp-json\/wp\/v2\/users\/1"}],"replies":[{"embeddable":true,"href":"https:\/\/www.sinn-schaffen.de\/entwicklung\/wp-json\/wp\/v2\/comments?post=563"}],"version-history":[{"count":1,"href":"https:\/\/www.sinn-schaffen.de\/entwicklung\/wp-json\/wp\/v2\/pages\/563\/revisions"}],"predecessor-version":[{"id":565,"href":"https:\/\/www.sinn-schaffen.de\/entwicklung\/wp-json\/wp\/v2\/pages\/563\/revisions\/565"}],"wp:attachment":[{"href":"https:\/\/www.sinn-schaffen.de\/entwicklung\/wp-json\/wp\/v2\/media?parent=563"}],"curies":[{"name":"wp","href":"https:\/\/api.w.org\/{rel}","templated":true}]}}