{"id":93,"date":"2021-02-12T14:05:53","date_gmt":"2021-02-12T13:05:53","guid":{"rendered":"https:\/\/www.sinn-schaffen.de\/essay-hg\/?page_id=93"},"modified":"2021-02-12T14:05:54","modified_gmt":"2021-02-12T13:05:54","slug":"was-der-welt-noch-gefehlt-hat","status":"publish","type":"page","link":"https:\/\/www.sinn-schaffen.de\/essay-hg\/was-der-welt-noch-gefehlt-hat\/","title":{"rendered":"Was der Welt noch gefehlt hat\u2026"},"content":{"rendered":"\n<p>ist das \u201eMund-abwisch-Tuch. Servietten mit ihrem Zweck zu bedrucken, ich glaube diese Aufschrift mit Benutzungsart ist wirklich eine gute Idee. Ist es Ihnen auch schon aufgefallen, dass so mancher Gast die Serviette neben dem Teller bemerkte, versch\u00e4mt wegschaute und sie nach dem Essen unber\u00fchrt liegen lie\u00df?<\/p>\n\n\n\n<p><em>Ein Essay von Heiderose G\u00e4rtner-Schultz, 5. Januar 2021<\/em><\/p>\n\n\n\n<p>In meinem Leben gibt es eine ganze Reihe Selbstverst\u00e4ndlichkeiten, die eben, weil sie solche sind, nicht erkl\u00e4rt werden m\u00fcssen. Aber zunehmend berichten Menschen, die im Bildungswesen besch\u00e4ftigt sind, das nichts mehr selbstverst\u00e4ndlich ist. Auch die elementarsten Dinge m\u00fcssen vermittelt werden, oft in den Schulen, weil das Elternhaus versagt. Ob diese Wahrnehmung an mir, an meiner Generation liegt, dieser Frage will ich nachgehen.<\/p>\n\n\n\n<p>Masken, Mund- und Nasenschutz oder wie auch immer man dazu sagt, ist f\u00fcr mich nicht selbstverst\u00e4ndlich. Die Kinder unserer Nachbarn sind im Grundschulalter, sie tragen diese Dinger, ohne dass es ihnen etwas ausmacht, ohne dass es sie st\u00f6rt \u2013 es ist etwas Selbstverst\u00e4ndliches.<\/p>\n\n\n\n<figure class=\"wp-block-table\"><table class=\"has-subtle-light-gray-background-color has-background\"><tbody><tr><td width=\"25%\"><img decoding=\"async\" title=\"Foto: Heiderose G\u00e4rtner-Schultz\" class=\"aligncenter wp-image-313\" src=\"https:\/\/www.sinn-schaffen.de\/essay-hg\/wp-content\/uploads\/sites\/25\/2020\/10\/HG-T-K.jpg\" alt=\"\" width=\"180\"><\/td><td width=\"75%\">Dr. Heiderose G\u00e4rtner-Schultz ist Mitglied im Redaktionsteam von <strong>proprium | sinn schaffen \u2013 horizonte \u00f6ffnen<\/strong>.<\/td><\/tr><\/tbody><\/table><\/figure>\n\n\n\n<p>Was man kennt und was man gewohnt ist, wird zur Selbstverst\u00e4ndlichkeit, und das hat mit den Weltbedingungen zu tun, mit denen man aufw\u00e4chst. Die l\u00e4ngerfristig pr\u00e4genden Ereignisse und die sozialen und umweltbedingten Einfl\u00fcsse von Jahrg\u00e4ngen erforscht die Soziologie in sogenannten Kohorten. Na ja, so theoretisch ist das nicht so witzig wie in der Praxis.<\/p>\n\n\n\n<p>Bei einer netten Einladung in ein gutes Hotel freuten sich alle auf das hervorragende Essen. Zuerst musste bestellt werden, die Getr\u00e4nke waren an der Reihe. Da fiel im gesamten Lokal der Strom aus. Also funktionierten die elektronischen Erfassungsger\u00e4te des Servicepersonals nicht. Sie entschuldigen sich vielmals und richteten aus, dass man noch nicht wisse, wie das mit dem Essen gelingen k\u00f6nnte, da ein Ende des Stromausfalls nicht abzusehen sei.<\/p>\n\n\n\n<p>Der uns in das Restaurant eingeladen hatte, schmunzelte und antwortete, dass er sich aber \u00fcber die Getr\u00e4nke freuen w\u00fcrde. Konsterniert und verdutzt wurde er angesehen. \u201eGeht nicht, wie sollen wir die Getr\u00e4nke aufnehmen?\u201c, lautete die Antwort. Alle G\u00e4ste, die eher der \u00e4lteren Generation angeh\u00f6rten, gerieten ins Lachen. Der Gastgeber meinte, dass es doch wohl irgendwo im Restaurant noch einen Stift und Papier g\u00e4be, auf das man die W\u00fcnsche notieren k\u00f6nne.<\/p>\n\n\n\n<p>Solange nicht auf dem Clopapier stehen muss, wof\u00fcr es verwendet werden soll, ist f\u00fcr mich die Welt noch in Ordnung.<\/p>\n\n\n\n<hr>\n<img decoding=\"async\" class=\"alignleft wp-image-313\" title=\"Foto: Heiderose G\u00e4rtner-Schultz.\" src=\"https:\/\/www.sinn-schaffen.de\/essay-hg\/wp-content\/uploads\/sites\/25\/2021\/02\/210205-Was-der-Welt-noch-gefehlt-hat.jpg\" alt=\"\" width=\"1024\">\n<hr>\n&nbsp;\n","protected":false},"excerpt":{"rendered":"<p>ist das \u201eMund-abwisch-Tuch. Servietten mit ihrem Zweck zu bedrucken, ich glaube diese Aufschrift mit Benutzungsart ist wirklich eine gute Idee. Ist es Ihnen auch schon aufgefallen, dass so mancher Gast die Serviette neben dem Teller bemerkte, versch\u00e4mt wegschaute und sie nach dem Essen unber\u00fchrt liegen lie\u00df? Ein Essay von Heiderose G\u00e4rtner-Schultz, 5. Januar 2021 In <a href='https:\/\/www.sinn-schaffen.de\/essay-hg\/was-der-welt-noch-gefehlt-hat\/' class='excerpt-more'>[&#8230;]<\/a><\/p>\n","protected":false},"author":1,"featured_media":0,"parent":0,"menu_order":5,"comment_status":"closed","ping_status":"closed","template":"","meta":{"footnotes":""},"class_list":["post-93","page","type-page","status-publish","hentry","post-seq-1","post-parity-odd","meta-position-left-pullout","fix"],"_links":{"self":[{"href":"https:\/\/www.sinn-schaffen.de\/essay-hg\/wp-json\/wp\/v2\/pages\/93","targetHints":{"allow":["GET"]}}],"collection":[{"href":"https:\/\/www.sinn-schaffen.de\/essay-hg\/wp-json\/wp\/v2\/pages"}],"about":[{"href":"https:\/\/www.sinn-schaffen.de\/essay-hg\/wp-json\/wp\/v2\/types\/page"}],"author":[{"embeddable":true,"href":"https:\/\/www.sinn-schaffen.de\/essay-hg\/wp-json\/wp\/v2\/users\/1"}],"replies":[{"embeddable":true,"href":"https:\/\/www.sinn-schaffen.de\/essay-hg\/wp-json\/wp\/v2\/comments?post=93"}],"version-history":[{"count":1,"href":"https:\/\/www.sinn-schaffen.de\/essay-hg\/wp-json\/wp\/v2\/pages\/93\/revisions"}],"predecessor-version":[{"id":94,"href":"https:\/\/www.sinn-schaffen.de\/essay-hg\/wp-json\/wp\/v2\/pages\/93\/revisions\/94"}],"wp:attachment":[{"href":"https:\/\/www.sinn-schaffen.de\/essay-hg\/wp-json\/wp\/v2\/media?parent=93"}],"curies":[{"name":"wp","href":"https:\/\/api.w.org\/{rel}","templated":true}]}}