{"id":1030,"date":"2022-08-27T14:25:11","date_gmt":"2022-08-27T12:25:11","guid":{"rendered":"https:\/\/www.sinn-schaffen.de\/finanz\/?page_id=1030"},"modified":"2022-08-27T14:27:20","modified_gmt":"2022-08-27T12:27:20","slug":"gasumlage-wenn-schon-dann-aber-richtig","status":"publish","type":"page","link":"https:\/\/www.sinn-schaffen.de\/finanz\/gasumlage-wenn-schon-dann-aber-richtig\/","title":{"rendered":"Gasumlage: wenn schon, dann aber richtig!"},"content":{"rendered":"\n<figure class=\"wp-block-image size-full\"><img loading=\"lazy\" decoding=\"async\" width=\"1024\" height=\"412\" src=\"https:\/\/www.sinn-schaffen.de\/finanz\/wp-content\/uploads\/sites\/13\/2022\/08\/NU-220827-Gasumlage.jpg\" alt=\"\" class=\"wp-image-1029\" title=\"Grafik: Nata Uchava, Michael Wildberger\"\/><\/figure>\n\n\n\n<p><em>Von Gerd Gr\u00f6zinger<\/em><\/p>\n\n\n\n<p>Da hat sich das Wirtschaftsministerium aber in einen echten Schlamassel geritten. Es wollte <a href=\"https:\/\/www.bmwk.de\/Redaktion\/DE\/Pressemitteilungen\/2022\/08\/20220804-bundeskabinett-verabschiedet-zeitlich-befristete-gas-umlage-fur-sichere-warmeversorgung-im-herbst-und-winter.html\" target=\"_blank\" rel=\"noreferrer noopener\">mit einer Umlage gasimportierende Unternehmen retten, aber bitte nicht auf Staatskosten<\/a>. Dazu sollten Verbraucher:innen pers\u00f6nlich klargemacht werden, Energie ist teuer und muss sparsam genutzt werden. Dumm nur, dass der Kreis der Berechtigten auch einige hochprofitable Firmen umfasst. Dies kann man beim gegenw\u00e4rtigen, mit sehr hei\u00dfer Nadel gestrickten, Text gar nicht ausschlie\u00dfen. <a href=\"https:\/\/www.zeit.de\/politik\/deutschland\/2022-08\/gasumlage-energiepreise-saskia-esken-robert-habeck\" target=\"_blank\" rel=\"noreferrer noopener\">Es herrscht in den Worten von Robert Habeck schlie\u00dflich \u201aRechtsgleichheit\u2018<\/a>. Stattdessen schl\u00e4gt er vor, dass profitable Firmen einfach von sich aus verzichten, Antr\u00e4ge auf Zahlungen aus der Umlage zu stellen. Das ist f\u00fcr einen Wirtschaftsminister eine etwas skurrile Auffassung, wie kapitalistische Unternehmen in der Realit\u00e4t funktionieren. Denn die, wenn Publikumsgesellschaften wie im \u00fcblichen Fall, sind geradezu verpflichtet, eine zu freigiebig verteilte Subvention mitzunehmen. Sonst k\u00f6nnten ihre Aktion\u00e4r:innen den Vorstand auf Pflichtverletzung und Schadensersatz verklagen. Alles schon passiert.<\/p>\n\n\n\n<p>Will man an der Umlage festhalten, gibt es wohl nur einen nachhaltigen Weg der Korrektur, n\u00e4mlich durch \u00c4nderung der Bedingungen. Wer als gasimportierendes Unternehmen hier einen Antrag auf Mittel aus der Umlage stellt, sollte gleichzeitig ansagen m\u00fcssen, dass \u00fcber einen ausreichend langen Zeitraum von der Gegenwart bis in die erweiterte Zukunft, zum Beispiel zehn Jahre, tats\u00e4chlich eine wirtschaftliche Notlage anzunehmen ist und die Firma heftig in den Roten ist und weiter sein wird. Werden in dieser Periode gegen die Erwartung aber doch Gewinne erwirtschaftet, die dann in Dividenden, R\u00fccklagen, Gewinnvortr\u00e4ge flie\u00dfen sollen, soll zuvor zun\u00e4chst die erhaltene Umlage samt Zinsen zur\u00fcckgezahlt werden m\u00fcssen. Das sollte die wirklich aktuell in der Substanz gef\u00e4hrdeten Firmen von den reinen Subventionsj\u00e4gern ausreichend sicher trennen k\u00f6nnen. Und ein solches Vorgehen h\u00e4tte noch den Vorteil, dass bei einer \u00c4nderung der Marktlage f\u00fcr Gas in vielleicht zwei, drei Jahren \u2013 zum Beispiel durch einen Waffenstillstand in der Ukraine \u2011 dann wieder original profitable Unternehmen vielleicht lieber die kurzfristig abgegriffene Umlage zur\u00fcckzahlen als f\u00fcr eine doch recht lange Frist gar keine Aussicht auf Gewinne ihren Aktion\u00e4r:innen bieten zu k\u00f6nnen.<\/p>\n\n\n\n<div class=\"wp-block-columns is-layout-flex wp-container-core-columns-is-layout-9d6595d7 wp-block-columns-is-layout-flex\">\n<div class=\"wp-block-column is-layout-flow wp-block-column-is-layout-flow\" style=\"flex-basis:33.33%\">\n<figure class=\"wp-block-image size-full\"><img loading=\"lazy\" decoding=\"async\" width=\"600\" height=\"600\" src=\"https:\/\/www.sinn-schaffen.de\/finanz\/wp-content\/uploads\/sites\/13\/2022\/04\/Gerd-Groezinger.jpg\" alt=\"\" class=\"wp-image-988\"\/><\/figure>\n<\/div>\n\n\n\n<div class=\"wp-block-column is-layout-flow wp-block-column-is-layout-flow\" style=\"flex-basis:66.66%\">\n<p>Prof. Dr. Gerd Gr\u00f6zinger (i.R.), Sozial- und Bildungs\u00f6konomik, <a href=\"https:\/\/www.uni-flensburg.de\/\" target=\"_blank\" rel=\"noreferrer noopener\">Europa-Universit\u00e4t Flensburg<\/a>.<\/p>\n<\/div>\n<\/div>\n\n\n\n<hr class=\"wp-block-separator has-alpha-channel-opacity\"\/>\n","protected":false},"excerpt":{"rendered":"<p>Von Gerd Gr\u00f6zinger Da hat sich das Wirtschaftsministerium aber in einen echten Schlamassel geritten. Es wollte mit einer Umlage gasimportierende Unternehmen retten, aber bitte nicht auf Staatskosten. Dazu sollten Verbraucher:innen pers\u00f6nlich klargemacht werden, Energie ist teuer und muss sparsam genutzt werden. Dumm nur, dass der Kreis der Berechtigten auch einige hochprofitable Firmen umfasst. Dies kann &hellip; <\/p>\n<p class=\"link-more\"><a href=\"https:\/\/www.sinn-schaffen.de\/finanz\/gasumlage-wenn-schon-dann-aber-richtig\/\" class=\"more-link\"><span class=\"screen-reader-text\">\u201eGasumlage: wenn schon, dann aber richtig!\u201c<\/span> weiterlesen<\/a><\/p>\n","protected":false},"author":1,"featured_media":0,"parent":0,"menu_order":64,"comment_status":"closed","ping_status":"closed","template":"","meta":{"footnotes":""},"class_list":["post-1030","page","type-page","status-publish","hentry"],"_links":{"self":[{"href":"https:\/\/www.sinn-schaffen.de\/finanz\/wp-json\/wp\/v2\/pages\/1030","targetHints":{"allow":["GET"]}}],"collection":[{"href":"https:\/\/www.sinn-schaffen.de\/finanz\/wp-json\/wp\/v2\/pages"}],"about":[{"href":"https:\/\/www.sinn-schaffen.de\/finanz\/wp-json\/wp\/v2\/types\/page"}],"author":[{"embeddable":true,"href":"https:\/\/www.sinn-schaffen.de\/finanz\/wp-json\/wp\/v2\/users\/1"}],"replies":[{"embeddable":true,"href":"https:\/\/www.sinn-schaffen.de\/finanz\/wp-json\/wp\/v2\/comments?post=1030"}],"version-history":[{"count":2,"href":"https:\/\/www.sinn-schaffen.de\/finanz\/wp-json\/wp\/v2\/pages\/1030\/revisions"}],"predecessor-version":[{"id":1033,"href":"https:\/\/www.sinn-schaffen.de\/finanz\/wp-json\/wp\/v2\/pages\/1030\/revisions\/1033"}],"wp:attachment":[{"href":"https:\/\/www.sinn-schaffen.de\/finanz\/wp-json\/wp\/v2\/media?parent=1030"}],"curies":[{"name":"wp","href":"https:\/\/api.w.org\/{rel}","templated":true}]}}