{"id":1047,"date":"2022-09-13T17:28:34","date_gmt":"2022-09-13T15:28:34","guid":{"rendered":"https:\/\/www.sinn-schaffen.de\/finanz\/?page_id=1047"},"modified":"2022-09-13T17:28:35","modified_gmt":"2022-09-13T15:28:35","slug":"mehrheit-fuer-energiepreisdeckel-und-uebergewinnsteuer","status":"publish","type":"page","link":"https:\/\/www.sinn-schaffen.de\/finanz\/mehrheit-fuer-energiepreisdeckel-und-uebergewinnsteuer\/","title":{"rendered":"Mehrheit f\u00fcr Energiepreisdeckel und \u00dcbergewinnsteuer"},"content":{"rendered":"\n<p><em>Selbst FDP-Anh\u00e4ngerinnen k\u00f6nnen sich mit der Einf\u00fchrung eines Energiepreisdeckels und einer \u00dcbergewinnsteuer anfreunden, wie eine bundesweite repr\u00e4sentative Umfrage im Auftrag der Rosa-Luxemburg-Stiftung ergab. Mehr als die H\u00e4lfte der Befragten (56 Prozent) spricht sich f\u00fcr die Deckelung der Energiepreise und deutlich g\u00fcnstigere Kosten f\u00fcr den Grundverbrauch der Privathaushalte an Strom und Gas aus. Bef\u00fcrworter eines derartigen Energiepreisdeckels finden sich dabei unter Anh\u00e4ngerinnen fast aller Parteien mit Ausnahme der AfD.<\/em><\/p>\n\n\n\n<hr class=\"wp-block-separator has-alpha-channel-opacity\"\/>\n\n\n\n<figure class=\"wp-block-image size-full\"><img loading=\"lazy\" decoding=\"async\" width=\"1024\" height=\"413\" src=\"https:\/\/www.sinn-schaffen.de\/finanz\/wp-content\/uploads\/sites\/13\/2022\/09\/NU-220913-Energiepreisbremse.jpg\" alt=\"\" class=\"wp-image-1044\" title=\"Foto: Nata Uchava, Freiburg\"\/><\/figure>\n\n\n\n<hr class=\"wp-block-separator has-alpha-channel-opacity\"\/>\n\n\n\n<p><strong>(Berlin, 5. September 2022) <\/strong>Die Mehrheit der Bev\u00f6lkerung ist f\u00fcr die Einf\u00fchrung eines Energiepreisdeckels und einer \u00dcbergewinnsteuer. Das ist das Ergebnis einer bundesweiten repr\u00e4sentativen Umfrage (1048 Befragte), die das Meinungsforschungsinstitut Kantar im Auftrag der Rosa-Luxemburg-Stiftung durchgef\u00fchrt hat.<\/p>\n\n\n\n<p>Mehr als die H\u00e4lfte der Befragten (56 Prozent) spricht sich f\u00fcr die Deckelung der Energiepreise und deutlich g\u00fcnstigere Kosten f\u00fcr den Grundverbrauch der Privathaushalte an Strom und Gas aus. Nur 39 Prozent sind dagegen. Bef\u00fcrworter eines derartigen Energiepreisdeckels finden sich dabei unter Anh\u00e4nger*innen fast aller Parteien mit Ausnahme der AfD. Am st\u00e4rksten sprechen sich daf\u00fcr die Anh\u00e4nger*innen der LINKEN (85 Prozent) aus. Doch selbst unter den FDP-Anh\u00e4nger*innen favorisieren mehr als 60 Prozent ein solches Modell.<\/p>\n\n\n\n<p>Noch h\u00f6her sind die Zustimmungswerte f\u00fcr eine sogenannte \u00dcbergewinnsteuer. Damit sollen Unternehmen, die von der gegenw\u00e4rtigen Krise stark profitieren, st\u00e4rker besteuert werden. Knapp drei Viertel (72 Prozent) aller Befragten sind daf\u00fcr, nur 21 Prozent dagegen. Auch hier ist die Zustimmung am st\u00e4rksten bei Anh\u00e4nger*innen der LINKEN (96 Prozent). Aber auch Anh\u00e4nger*innen der FDP k\u00f6nnen sich mehrheitlich damit anfreunden (53 Prozent).<\/p>\n\n\n\n<p>\u201eDie Erwartung in der Bev\u00f6lkerung f\u00fcr die Einf\u00fchrung eines Energiepreisdeckels und einer \u00dcbergewinnsteuer spiegelt sich nicht in der Politik der Ampelregierung wieder\u201c, sagt Daniela Trochowski, Gesch\u00e4ftsf\u00fchrerin der Rosa-Luxemburg-Stiftung. Das jetzige Ma\u00dfnahmenpaket sei halbherzig. \u201eStatt endlich die Krisengewinner zur Kasse zu bitte, werden neue Schulden aufgenommen. SPD und GR\u00dcNE ducken sich bei diesem Thema weg und verstecken sich hinter der FDP.\u201c<\/p>\n\n\n\n<p>Punktuelle Ma\u00dfnahmen wie eine \u201eStrompreisbremse\u201c oder die Absch\u00f6pfung von \u201eZufallsgewinnen\u201c bei Unternehmen aufgrund der hohen Energiepreise blieben eher vage. Offenbar wolle die Regierungskoalition die Worte \u201eDeckel\u201c und \u201eSteuer\u201c vermeiden.<\/p>\n\n\n\n<div class=\"wp-block-columns is-layout-flex wp-container-core-columns-is-layout-9d6595d7 wp-block-columns-is-layout-flex\">\n<div class=\"wp-block-column is-layout-flow wp-block-column-is-layout-flow\" style=\"flex-basis:33.33%\">\n<figure class=\"wp-block-image size-full\"><a href=\"https:\/\/www.rosalux.de\/profil\/es_detail\/PKDTQWQD9Y\/daniela-trochowski?cHash=71bbef983ef545b26cb75c8d035df833\" target=\"_blank\" rel=\"noreferrer noopener\"><img loading=\"lazy\" decoding=\"async\" width=\"300\" height=\"300\" src=\"https:\/\/www.sinn-schaffen.de\/finanz\/wp-content\/uploads\/sites\/13\/2021\/11\/Daniela-Trochowski-by-MdF-JBergmann.png\" alt=\"\" class=\"wp-image-887\" title=\"Foto: Rosa-Luxemburg-Stiftung\"\/><\/a><\/figure>\n<\/div>\n\n\n\n<div class=\"wp-block-column is-layout-flow wp-block-column-is-layout-flow\" style=\"flex-basis:66.66%\">\n<p><a href=\"https:\/\/www.rosalux.de\/profil\/es_detail\/PKDTQWQD9Y\/daniela-trochowski?cHash=71bbef983ef545b26cb75c8d035df833\" target=\"_blank\" rel=\"noreferrer noopener\">Daniela Trochowski<\/a> ist Gesch\u00e4ftsf\u00fchrerin der <a href=\"https:\/\/www.rosalux.de\/\" target=\"_blank\" rel=\"noreferrer noopener\">Rosa-Luxemburg-Stiftung<\/a>.<\/p>\n\n\n\n<figure class=\"wp-block-image size-full is-resized\"><a href=\"https:\/\/www.rosalux.de\/\" target=\"_blank\" rel=\"noreferrer noopener\"><img loading=\"lazy\" decoding=\"async\" src=\"https:\/\/www.sinn-schaffen.de\/finanz\/wp-content\/uploads\/sites\/13\/2021\/11\/RLS_Export-Logo_de.jpg\" alt=\"\" class=\"wp-image-888\" width=\"253\" height=\"179\"\/><\/a><\/figure>\n<\/div>\n<\/div>\n\n\n\n<div class=\"wp-block-columns is-layout-flex wp-container-core-columns-is-layout-9d6595d7 wp-block-columns-is-layout-flex\">\n<div class=\"wp-block-column is-layout-flow wp-block-column-is-layout-flow\" style=\"flex-basis:33.33%\">\n<figure class=\"wp-block-image size-full\"><a href=\"https:\/\/www.rosalux.de\/fileadmin\/user_upload\/pdf\/Online-Publikation_Energiepreis_U%CC%88bergewinnsteuer.pdf\" target=\"_blank\" rel=\"noreferrer noopener\"><img loading=\"lazy\" decoding=\"async\" width=\"387\" height=\"599\" src=\"https:\/\/www.sinn-schaffen.de\/finanz\/wp-content\/uploads\/sites\/13\/2022\/09\/Energiepreis_U\u0308bergewinnsteuer-T.jpg\" alt=\"\" class=\"wp-image-1048\"\/><\/a><\/figure>\n<\/div>\n\n\n\n<div class=\"wp-block-column is-layout-flow wp-block-column-is-layout-flow\" style=\"flex-basis:66.66%\">\n<p>Die Ergebnisse der Umfrage stehen <a href=\"https:\/\/www.rosalux.de\/fileadmin\/user_upload\/pdf\/Online-Publikation_Energiepreis_U%CC%88bergewinnsteuer.pdf\" target=\"_blank\" rel=\"noreferrer noopener\">\u00fcber diesen Link zum Download als PDF<\/a> bereit.<\/p>\n<\/div>\n<\/div>\n","protected":false},"excerpt":{"rendered":"<p>Selbst FDP-Anh\u00e4ngerinnen k\u00f6nnen sich mit der Einf\u00fchrung eines Energiepreisdeckels und einer \u00dcbergewinnsteuer anfreunden, wie eine bundesweite repr\u00e4sentative Umfrage im Auftrag der Rosa-Luxemburg-Stiftung ergab. Mehr als die H\u00e4lfte der Befragten (56 Prozent) spricht sich f\u00fcr die Deckelung der Energiepreise und deutlich g\u00fcnstigere Kosten f\u00fcr den Grundverbrauch der Privathaushalte an Strom und Gas aus. Bef\u00fcrworter eines derartigen &hellip; <\/p>\n<p class=\"link-more\"><a href=\"https:\/\/www.sinn-schaffen.de\/finanz\/mehrheit-fuer-energiepreisdeckel-und-uebergewinnsteuer\/\" class=\"more-link\"><span class=\"screen-reader-text\">\u201eMehrheit f\u00fcr Energiepreisdeckel und \u00dcbergewinnsteuer\u201c<\/span> weiterlesen<\/a><\/p>\n","protected":false},"author":1,"featured_media":0,"parent":0,"menu_order":62,"comment_status":"closed","ping_status":"closed","template":"","meta":{"footnotes":""},"class_list":["post-1047","page","type-page","status-publish","hentry"],"_links":{"self":[{"href":"https:\/\/www.sinn-schaffen.de\/finanz\/wp-json\/wp\/v2\/pages\/1047","targetHints":{"allow":["GET"]}}],"collection":[{"href":"https:\/\/www.sinn-schaffen.de\/finanz\/wp-json\/wp\/v2\/pages"}],"about":[{"href":"https:\/\/www.sinn-schaffen.de\/finanz\/wp-json\/wp\/v2\/types\/page"}],"author":[{"embeddable":true,"href":"https:\/\/www.sinn-schaffen.de\/finanz\/wp-json\/wp\/v2\/users\/1"}],"replies":[{"embeddable":true,"href":"https:\/\/www.sinn-schaffen.de\/finanz\/wp-json\/wp\/v2\/comments?post=1047"}],"version-history":[{"count":1,"href":"https:\/\/www.sinn-schaffen.de\/finanz\/wp-json\/wp\/v2\/pages\/1047\/revisions"}],"predecessor-version":[{"id":1049,"href":"https:\/\/www.sinn-schaffen.de\/finanz\/wp-json\/wp\/v2\/pages\/1047\/revisions\/1049"}],"wp:attachment":[{"href":"https:\/\/www.sinn-schaffen.de\/finanz\/wp-json\/wp\/v2\/media?parent=1047"}],"curies":[{"name":"wp","href":"https:\/\/api.w.org\/{rel}","templated":true}]}}